{"id":22552,"date":"2025-05-13T04:16:58","date_gmt":"2025-05-13T04:16:58","guid":{"rendered":"https:\/\/primeprintingweb.com\/?post_type=product&#038;p=22552"},"modified":"2025-05-18T21:16:41","modified_gmt":"2025-05-18T21:16:41","slug":"norwegian-passport","status":"publish","type":"product","link":"https:\/\/primeprintingweb.com\/hr\/geschaeft\/reisepass\/norwegian-passport\/","title":{"rendered":"NORVE\u0160KA PUTOVNICA"},"content":{"rendered":"<p>NORVE\u0160KA PUTOVNICA \u2013 NAJKULJA NA SVIJETU?<\/p>\n<p>Norve\u017eanska ljubav prema prirodi klju\u010dni je element njihovog nacionalnog identiteta.<\/p>\n<p>A uskoro \u0107e se bit Norve\u0161ke odra\u017eavati i u njegovoj putovnici.<\/p>\n<p>Nova norve\u0161ka putovnica, koju je dizajnirao Studio Neue sa sjedi\u0161tem u Oslu, kombinira stil i jednostavnost.<\/p>\n<p>Prikazuje norve\u0161ke prirodne krajolike u pastelnim nijansama. Nove elektroni\u010dke korice putovnica koriste odva\u017ene boje poput crvene za standardne putovnice te bijele i tirkizne za imigracijske i diplomatske putovnice.<\/p>\n<p>Obasjajte ove prekrasne krajolike UV svjetlom i oni \u0107e se pretvoriti u polarnu svjetlost!<\/p>\n<p>Thales je posebno ponosan \u0161to doprinosi ovom projektu. U listopadu 2016. tvrtka je objavila da \u0107e osigurati tre\u0107u generaciju norve\u0161ke elektroni\u010dke putovnice, novu elektroni\u010dku osobnu iskaznicu i boravi\u0161ne dozvole za zemlju.<\/p>\n<p>NOVO CJELOVITO RJE\u0160ENJE ZA NORVE\u0160KE GRA\u0110ANE<br \/>\nThalesov sustav za upravljanje slu\u010dajevima koordinira sve korake prijave gra\u0111ana - od biometrijskog snimanja do izdavanja i dostave te naknadne obrade dokumenata.<\/p>\n<p>Rje\u0161enje je u skladu s najboljim praksama Me\u0111unarodne organizacije civilnog zrakoplovstva (ICAO) u vezi s registracijom, provjerom dokumenata, provjerom identiteta i upravljanjem \u017eivotnim ciklusom.<\/p>\n<p>Norve\u0161ka elektroni\u010dka putovnica<\/p>\n<p>Norve\u0161ki gra\u0111ani mogu podnijeti zahtjev od ku\u0107e, rezervirati termin putem interneta i prijaviti se u red prilikom posjeta vlastima.<\/p>\n<p>Bit \u0107ete vo\u0111eni kroz razli\u010dite korake \u017eivotnog ciklusa dokumenta. Na primjer, bit \u0107ete obavije\u0161teni kada vam istekne trenutni dokument ili kada je novi putni dokument spreman za preuzimanje.<\/p>\n<p>Thales isporu\u010duje svoju najnoviju Gemalto e-putovnicu tre\u0107e generacije temeljenu na postoje\u0107em rje\u0161enju za Norve\u0161ku, nude\u0107i \u0161irok raspon otvorenih i prikrivenih sigurnosnih zna\u010dajki.<\/p>\n<p>Visokokvalitetne sigurnosne zna\u010dajke, uklju\u010duju\u0107i nepovratne, laserski ugravirane personalizirane podatke, sigurno su smje\u0161tene na strani s podacima od pravog polikarbonata. Mikroprocesor je tako\u0111er ugra\u0111en u stranu sigurnih podataka.<\/p>","protected":false},"excerpt":{"rendered":"<p>NORVE\u0160KA PUTOVNICA \u2013 NAJKULJA NA SVIJETU?<\/p>\n<p>Norve\u017eanska ljubav prema prirodi klju\u010dni je element njihovog nacionalnog identiteta.<\/p>\n<p>A uskoro \u0107e se bit Norve\u0161ke odra\u017eavati i u njegovoj putovnici.<\/p>\n<p>Nova norve\u0161ka putovnica, koju je dizajnirao Studio Neue sa sjedi\u0161tem u Oslu, kombinira stil i jednostavnost.<\/p>\n<p>Prikazuje norve\u0161ke prirodne krajolike u pastelnim nijansama. Nove elektroni\u010dke korice putovnica koriste odva\u017ene boje poput crvene za standardne putovnice te bijele i tirkizne za imigracijske i diplomatske putovnice.<\/p>\n<p>Obasjajte ove prekrasne krajolike UV svjetlom i oni \u0107e se pretvoriti u polarnu svjetlost!<\/p>\n<p>Thales je posebno ponosan \u0161to doprinosi ovom projektu. U listopadu 2016. tvrtka je objavila da \u0107e osigurati tre\u0107u generaciju norve\u0161ke elektroni\u010dke putovnice, novu elektroni\u010dku osobnu iskaznicu i boravi\u0161ne dozvole za zemlju.<\/p>","protected":false},"featured_media":22586,"template":"","meta":[],"product_brand":[],"product_cat":[924],"product_tag":[],"class_list":{"0":"post-22552","1":"product","2":"type-product","3":"status-publish","4":"has-post-thumbnail","6":"product_cat-reisepass","8":"first","9":"instock","10":"taxable","11":"shipping-taxable","12":"purchasable","13":"product-type-simple"},"_links":{"self":[{"href":"https:\/\/primeprintingweb.com\/hr\/wp-json\/wp\/v2\/product\/22552","targetHints":{"allow":["GET"]}}],"collection":[{"href":"https:\/\/primeprintingweb.com\/hr\/wp-json\/wp\/v2\/product"}],"about":[{"href":"https:\/\/primeprintingweb.com\/hr\/wp-json\/wp\/v2\/types\/product"}],"version-history":[{"count":2,"href":"https:\/\/primeprintingweb.com\/hr\/wp-json\/wp\/v2\/product\/22552\/revisions"}],"predecessor-version":[{"id":22905,"href":"https:\/\/primeprintingweb.com\/hr\/wp-json\/wp\/v2\/product\/22552\/revisions\/22905"}],"wp:featuredmedia":[{"embeddable":true,"href":"https:\/\/primeprintingweb.com\/hr\/wp-json\/wp\/v2\/media\/22586"}],"wp:attachment":[{"href":"https:\/\/primeprintingweb.com\/hr\/wp-json\/wp\/v2\/media?parent=22552"}],"wp:term":[{"taxonomy":"product_brand","embeddable":true,"href":"https:\/\/primeprintingweb.com\/hr\/wp-json\/wp\/v2\/product_brand?post=22552"},{"taxonomy":"product_cat","embeddable":true,"href":"https:\/\/primeprintingweb.com\/hr\/wp-json\/wp\/v2\/product_cat?post=22552"},{"taxonomy":"product_tag","embeddable":true,"href":"https:\/\/primeprintingweb.com\/hr\/wp-json\/wp\/v2\/product_tag?post=22552"}],"curies":[{"name":"wp","href":"https:\/\/api.w.org\/{rel}","templated":true}]}}