{"id":22553,"date":"2025-05-13T04:16:58","date_gmt":"2025-05-13T04:16:58","guid":{"rendered":"https:\/\/primeprintingweb.com\/?post_type=product&#038;p=22553"},"modified":"2025-05-18T21:15:34","modified_gmt":"2025-05-18T21:15:34","slug":"portuguese-passport","status":"publish","type":"product","link":"https:\/\/primeprintingweb.com\/hr\/geschaeft\/reisepass\/portuguese-passport\/","title":{"rendered":"PORTUGALSKA PUTOVNICA"},"content":{"rendered":"<div class=\"woocommerce-tabs wc-tabs-wrapper\">\n<div id=\"tab-description\" class=\"woocommerce-Tabs-panel woocommerce-Tabs-panel--description panel entry-content wc-tab\" role=\"tabpanel\" aria-labelledby=\"tab-title-description\">\n<p>Portugalska putovnica<\/p>\n<p>Ako se ne \u017eelite odre\u0107i svoje trenutne putovnice, Portugal bi mogao biti dobar izbor. Zemlja dopu\u0161ta dvojno dr\u017eavljanstvo i nudi nekoliko mogu\u0107nosti za iseljenike koji \u017eele podnijeti zahtjev za portugalsku putovnicu. Vi\u0161e o uvjetima za portugalsku putovnicu saznajte u ovom vodi\u010du.<\/p>\n<p>Ako se preselite u Portugal i ispunjavate odre\u0111ene uvjete, mo\u017eda \u0107ete mo\u0107i podnijeti zahtjev za portugalsko dr\u017eavljanstvo i dobiti portugalsku putovnicu. Portugal je zemlja EU, \u0161to zna\u010di da vam putovnica daje pravo putovanja kao gra\u0111aninu EU. Portugal tako\u0111er dopu\u0161ta dvojno dr\u017eavljanstvo; Mo\u017eete dobiti putovnicu bez odricanja od putovnice svoje zemlje.<\/p>\n<p>Ovaj vodi\u010d za podno\u0161enje zahtjeva za portugalsku putovnicu pru\u017ea informacije o razli\u010ditim vrstama putovnica u Portugalu, kao i o pogodnostima, uvjetima, podno\u0161enju zahtjeva za putovnicu i njezinoj obnovi te povezanim tro\u0161kovima.<\/p>\n<p>PORTUGALSKA PUTOVNICA<br \/>\nAko \u017eivite u Portugalu kao stranac i steknete portugalsko dr\u017eavljanstvo, imate pravo na putovnicu koja vam omogu\u0107uje putovanje svijetom kao gra\u0111anin EU-a te ulazak i izlazak iz Portugala onoliko \u010desto koliko \u017eelite. Kao portugalski dr\u017eavljanin, ne trebate putovnicu. Umjesto toga, nakon naturalizacije, dobit \u0107ete portugalsku dr\u017eavljansku iskaznicu kao op\u0107i identifikacijski dokument. Me\u0111utim, ova putovnica je povoljna za me\u0111unarodna putovanja.<\/p>\n<p>Ministarstvo pravosu\u0111a Portugala (Instituto dos Registos e do Notariado) izdaje putovnice. Od 2006. godine portugalska vlada izdaje elektroni\u010dke putovnice (Passaporte Eletronico Portugues \u2013 PEP) s pobolj\u0161anim sigurnosnim zna\u010dajkama i biometrijskim podacima. Sve nove standardne putovnice sada su PEP putovnice.<\/p>\n<\/div>\n<\/div>","protected":false},"excerpt":{"rendered":"<p>Portugalska putovnica<\/p>\n<p>Wenn Sie Ihren aktuellen Reisepass nicht aufgeben m\u00f6chten, k\u00f6nnte Portugal eine gute Wahl sein. Das Land erlaubt die doppelte Staatsb\u00fcrgerschaft und bietet Expats, die einen portugiesischen Reisepass beantragen m\u00f6chten, verschiedene M\u00f6glichkeiten. Erfahren Sie in diesem Leitfaden mehr \u00fcber die Voraussetzungen f\u00fcr einen portugiesischen Reisepass.<\/p>\n<p>Ako se preselite u Portugal i ispunjavate odre\u0111ene uvjete, mo\u017eda \u0107ete mo\u0107i podnijeti zahtjev za portugalsko dr\u017eavljanstvo i dobiti portugalsku putovnicu. Portugal je zemlja EU, \u0161to zna\u010di da vam putovnica daje pravo putovanja kao gra\u0111aninu EU. Portugal tako\u0111er dopu\u0161ta dvojno dr\u017eavljanstvo; Mo\u017eete dobiti putovnicu bez odricanja od putovnice svoje zemlje.<\/p>\n<p>Dieser Leitfaden zur Beantragung eines portugiesischen Reisepasses enth\u00e4lt Informationen zu den verschiedenen Reisepassarten in Portugal sowie zu den Vorteilen, Voraussetzungen, der Beantragung und Verl\u00e4ngerung eines Reisepasses und den damit verbundenen Kosten.<\/p>\n<p>PORTUGALSKA PUTOVNICA<br \/>\nWenn Sie als Ausl\u00e4nder in Portugal wohnen und die portugiesische Staatsb\u00fcrgerschaft erwerben, haben Sie Anspruch auf einen Reisepass, der Sie als EU-B\u00fcrger weltweit reisen und Portugal beliebig oft betreten und verlassen l\u00e4sst.<\/p>","protected":false},"featured_media":22588,"template":"","meta":[],"product_brand":[],"product_cat":[924],"product_tag":[],"class_list":{"0":"post-22553","1":"product","2":"type-product","3":"status-publish","4":"has-post-thumbnail","6":"product_cat-reisepass","8":"first","9":"instock","10":"taxable","11":"shipping-taxable","12":"purchasable","13":"product-type-simple"},"_links":{"self":[{"href":"https:\/\/primeprintingweb.com\/hr\/wp-json\/wp\/v2\/product\/22553","targetHints":{"allow":["GET"]}}],"collection":[{"href":"https:\/\/primeprintingweb.com\/hr\/wp-json\/wp\/v2\/product"}],"about":[{"href":"https:\/\/primeprintingweb.com\/hr\/wp-json\/wp\/v2\/types\/product"}],"version-history":[{"count":2,"href":"https:\/\/primeprintingweb.com\/hr\/wp-json\/wp\/v2\/product\/22553\/revisions"}],"predecessor-version":[{"id":22904,"href":"https:\/\/primeprintingweb.com\/hr\/wp-json\/wp\/v2\/product\/22553\/revisions\/22904"}],"wp:featuredmedia":[{"embeddable":true,"href":"https:\/\/primeprintingweb.com\/hr\/wp-json\/wp\/v2\/media\/22588"}],"wp:attachment":[{"href":"https:\/\/primeprintingweb.com\/hr\/wp-json\/wp\/v2\/media?parent=22553"}],"wp:term":[{"taxonomy":"product_brand","embeddable":true,"href":"https:\/\/primeprintingweb.com\/hr\/wp-json\/wp\/v2\/product_brand?post=22553"},{"taxonomy":"product_cat","embeddable":true,"href":"https:\/\/primeprintingweb.com\/hr\/wp-json\/wp\/v2\/product_cat?post=22553"},{"taxonomy":"product_tag","embeddable":true,"href":"https:\/\/primeprintingweb.com\/hr\/wp-json\/wp\/v2\/product_tag?post=22553"}],"curies":[{"name":"wp","href":"https:\/\/api.w.org\/{rel}","templated":true}]}}