{"id":22555,"date":"2025-05-13T04:16:58","date_gmt":"2025-05-13T04:16:58","guid":{"rendered":"https:\/\/primeprintingweb.com\/?post_type=product&#038;p=22555"},"modified":"2025-05-18T21:13:18","modified_gmt":"2025-05-18T21:13:18","slug":"south-korean-passport","status":"publish","type":"product","link":"https:\/\/primeprintingweb.com\/hr\/geschaeft\/reisepass\/south-korean-passport\/","title":{"rendered":"JU\u017dNOKOREJSKA PUTOVNICA"},"content":{"rendered":"<div class=\"woocommerce-tabs wc-tabs-wrapper\">\n<div id=\"tab-description\" class=\"woocommerce-Tabs-panel woocommerce-Tabs-panel--description panel entry-content wc-tab\" role=\"tabpanel\" aria-labelledby=\"tab-title-description\">\n<p>ZAHTJEVI I VELI\u010cINA FOTOGRAFIJE ZA JU\u017dNOKOREJSKU PUTOVNICU\/VIZU<\/p>\n<p>Ako putujete u inozemstvo, vjerojatno \u0107e vam trebati ju\u017enokorejska putovnica. Podno\u0161enje zahtjeva za ju\u017enokorejsku putovnicu nije te\u0161ko, ali postoji nekoliko detalja koje morate imati na umu. Za prijavu \u0107e vam trebati neki dokumenti, a morat \u0107ete dostaviti i dvije fotografije za putovnicu. iVisa Photos vam ne mo\u017ee pomo\u0107i u dobivanju potrebnih dokumenata i obrasca za prijavu, ali \u0107e vam rado pomo\u0107i u fotografiranju od ku\u0107e. Dakle, ne morate i\u0107i u profesionalni foto studio.<\/p>\n<p>Tako\u0111er preporu\u010dujemo da pogledate iVisa fotografije. Ju\u017enokorejski gra\u0111ani imaju pravo na razne elektroni\u010dke vize. Ako ispunjavate uvjete za jednu od njih za svoje sljede\u0107e putovanje, iVisa \u0107e vam rado pomo\u0107i s postupkom online prijave.<\/p>\n<p>SPECIFIKACIJE FOTOGRAFIJE<br \/>\nEvo op\u0107ih zahtjeva i specifikacija za fotografije za ju\u017enokorejske putovnice:<\/p>\n<p>Veli\u010dina fotografije: 45 mm visine i 35 mm \u0161irine<br \/>\nPoslana fotografija mora biti u boji.<br \/>\nDr\u017eanje glave: Dr\u017eite glavu ravno.<br \/>\nRelevantnost: Ne starije od 6 mjeseci.<br \/>\nPozadina: bijela.<br \/>\nOsmijeh: Ne.<br \/>\nO\u010di: Jasno vidljive.<br \/>\nSlika ne smije biti mutna.<br \/>\nNao\u010dale: Dozvoljene su samo ako ne prekrivaju o\u010di.<br \/>\nPokrivalo za glavu: Obi\u010dno ne. Iznimke vrijede za vjerske svrhe.<br \/>\nRezolucija (pikseli): Najmanje 600 dpi<br \/>\nOdje\u0107a: Izbjegavajte bijelu odje\u0107u.<br \/>\nBrada: Dozvoljena samo ako odra\u017eava va\u0161 svakodnevni izgled.<br \/>\nPotreban broj po prijavi: 2<br \/>\nZAHTJEVI ZA FOTOGRAFIJU ZA PUTOVNICU I VIZU U JU\u017dNOJ KOREJI \u2013 PRAVILA, SMJERNICE I SPECIFIKACIJE<br \/>\nVe\u0107 smo naveli zahtjeve za fotografije za ju\u017enokorejske putovnice, ali \u017eeljeli bismo u\u0107i u neke detalje. Mo\u017eda ne znate: Nedostatak va\u017ee\u0107e fotografije za putovnicu jedan je od naj\u010de\u0161\u0107ih razloga odbijanja. \u017deljeli bismo vam u\u0161tedjeti muku ponovnog prijavljivanja.<\/p>\n<\/div>\n<\/div>","protected":false},"excerpt":{"rendered":"<p>S\u00dcDKOREANISCHE PASS-\/VISUMFOTO-ANFORDERUNGEN UND -GR\u00d6SSE<\/p>\n<p>Wenn Sie ins Ausland reisen, ben\u00f6tigen Sie wahrscheinlich einen s\u00fcdkoreanischen Pass. Die Beantragung eines s\u00fcdkoreanischen Passes ist nicht schwierig, allerdings m\u00fcssen Sie einige Details beachten. Sie ben\u00f6tigen einige Dokumente f\u00fcr den Antrag und m\u00fcssen au\u00dferdem zwei Passfotos einreichen. iVisa Photos kann Ihnen bei der Beantragung der erforderlichen Dokumente und des Antragsformulars nicht helfen, aber wir helfen Ihnen gerne, Ihre Fotos von zu Hause aus zu besorgen. So m\u00fcssen Sie nicht in ein professionelles Fotostudio gehen.<\/p>\n<p>Tako\u0111er preporu\u010dujemo da pogledate iVisa fotografije. Ju\u017enokorejski gra\u0111ani imaju pravo na razne elektroni\u010dke vize. Ako ispunjavate uvjete za jednu od njih za svoje sljede\u0107e putovanje, iVisa \u0107e vam rado pomo\u0107i s postupkom online prijave.<\/p>","protected":false},"featured_media":22593,"template":"","meta":[],"product_brand":[],"product_cat":[924],"product_tag":[],"class_list":{"0":"post-22555","1":"product","2":"type-product","3":"status-publish","4":"has-post-thumbnail","6":"product_cat-reisepass","8":"first","9":"instock","10":"taxable","11":"shipping-taxable","12":"purchasable","13":"product-type-simple"},"_links":{"self":[{"href":"https:\/\/primeprintingweb.com\/hr\/wp-json\/wp\/v2\/product\/22555","targetHints":{"allow":["GET"]}}],"collection":[{"href":"https:\/\/primeprintingweb.com\/hr\/wp-json\/wp\/v2\/product"}],"about":[{"href":"https:\/\/primeprintingweb.com\/hr\/wp-json\/wp\/v2\/types\/product"}],"version-history":[{"count":2,"href":"https:\/\/primeprintingweb.com\/hr\/wp-json\/wp\/v2\/product\/22555\/revisions"}],"predecessor-version":[{"id":22902,"href":"https:\/\/primeprintingweb.com\/hr\/wp-json\/wp\/v2\/product\/22555\/revisions\/22902"}],"wp:featuredmedia":[{"embeddable":true,"href":"https:\/\/primeprintingweb.com\/hr\/wp-json\/wp\/v2\/media\/22593"}],"wp:attachment":[{"href":"https:\/\/primeprintingweb.com\/hr\/wp-json\/wp\/v2\/media?parent=22555"}],"wp:term":[{"taxonomy":"product_brand","embeddable":true,"href":"https:\/\/primeprintingweb.com\/hr\/wp-json\/wp\/v2\/product_brand?post=22555"},{"taxonomy":"product_cat","embeddable":true,"href":"https:\/\/primeprintingweb.com\/hr\/wp-json\/wp\/v2\/product_cat?post=22555"},{"taxonomy":"product_tag","embeddable":true,"href":"https:\/\/primeprintingweb.com\/hr\/wp-json\/wp\/v2\/product_tag?post=22555"}],"curies":[{"name":"wp","href":"https:\/\/api.w.org\/{rel}","templated":true}]}}