{"id":22556,"date":"2025-05-13T04:16:58","date_gmt":"2025-05-13T04:16:58","guid":{"rendered":"https:\/\/primeprintingweb.com\/?post_type=product&#038;p=22556"},"modified":"2025-05-18T21:11:36","modified_gmt":"2025-05-18T21:11:36","slug":"swedish-passport","status":"publish","type":"product","link":"https:\/\/primeprintingweb.com\/hr\/geschaeft\/reisepass\/swedish-passport\/","title":{"rendered":"\u0160VEDSKA PUTOVNICA"},"content":{"rendered":"<div class=\"woocommerce-tabs wc-tabs-wrapper\">\n<div id=\"tab-description\" class=\"woocommerce-Tabs-panel woocommerce-Tabs-panel--description panel entry-content wc-tab\" role=\"tabpanel\" aria-labelledby=\"tab-title-description\">\n<p>\u0160VEDSKA PUTOVNICA<\/p>\n<p>PUTOVNICA I OSOBNA ISKAZNICA<\/p>\n<p>Policijski uredi za putovnice izdaju putovnice i osobne iskaznice \u0161vedskim dr\u017eavljanima. Zahtjev za novu putovnicu ili osobnu iskaznicu mo\u017eete podnijeti i dobiti u bilo kojem uredu za putovnice u zemlji.<\/p>\n<p>Putovnica i osobna iskaznica \u2013 Kako se prijaviti (engleski titlovi)<br \/>\nPRIJAVA<br \/>\nAko ste \u0161vedski dr\u017eavljanin stariji od 18 godina i \u017eivite u \u0160vedskoj, morate ponijeti sljede\u0107e:<\/p>\n<p>Va\u017ee\u0107a osobna iskaznica (va\u017ee\u0107a putovnica je jedan od nekoliko va\u017ee\u0107ih identifikacijskih dokumenata)<br \/>\nVa\u0161a stara putovnica, ako je jo\u0161 uvijek va\u017ee\u0107a<br \/>\nFotografije se snimaju u uredu za putovnice. Svatko tko podnosi zahtjev za putovnicu ili osobnu iskaznicu mora osobno do\u0107i u policijski ured za putovnice, uklju\u010duju\u0107i djecu i mlade.<\/p>\n<p>PISANA SUGLASNOST RODITELJA I SKRBNIKA<br \/>\nOsobe mla\u0111e od 18 godina trebaju pismenu suglasnost svih roditelja ili skrbnika.<\/p>\n<p>Dodatak zahtjevu za putovnicu\/osobnu iskaznicu (za maloljetnike)<\/p>\n<p>CIJENA<br \/>\nPutovnica: 350 SEK<br \/>\nOsobna iskaznica: 400 SEK<br \/>\nPrivremena putovnica: 980 SEK<br \/>\nPla\u0107anje se vr\u0161i po prijavi. Ve\u0107ina ureda za putovnice prihva\u0107a kreditne kartice.<\/p>\n<p>ZAKA\u017dITE TERMIN ZA PUTOVNICU\/OSOBNU ISKAZNICU<br \/>\nZa podno\u0161enje zahtjeva za putovnicu ili osobnu iskaznicu morate unaprijed rezervirati termin. Novi datumi se objavljuju kontinuirano.<\/p>\n<p>Rezervirajte termin za podno\u0161enje zahtjeva za putovnicu\/osobnu iskaznicu (web stranica na \u0161vedskom)<\/p>\n<p>VRIJEME DOSTAVE<br \/>\nPutovnica ili osobna iskaznica obi\u010dno se dostavlja nadle\u017enom uredu za putovnice u roku od pet radnih dana. Molimo vas da prilikom preuzimanja putovnice ili osobne iskaznice predo\u010dite ra\u010dun.<\/p>\n<p>VA\u017dE\u0106A IDENTIFIKACIJA PRI PRIJAVI<br \/>\nPrilikom podno\u0161enja zahtjeva za novu putovnicu ili osobnu iskaznicu morate biti u mogu\u0107nosti predo\u010diti identifikacijski dokument. Sljede\u0107i se dokumenti smatraju identifikacijskim dokumentima:<\/p>\n<p>Va\u017ee\u0107a \u0161vedska putovnica (privremena putovnica nije va\u017ee\u0107i identifikacijski dokument)<br \/>\n\u0160vedska osobna iskaznica<br \/>\nVa\u017ee\u0107a \u0161vedska voza\u010dka dozvola<br \/>\n\u0160vedska SIS osobna iskaznica ili ona koju je izdalo nadle\u017eno tijelo, npr. B. \u0160vedska porezna agencija, izdala osobnu iskaznicu<br \/>\nAko nemate osobnu iskaznicu, va\u0161 identitet mogu potvrditi va\u0161 supru\u017enik, roditelji, bake i djedovi, odrasla bra\u0107a i sestre (s vlastitom osobnom iskaznicom) ili skrbnik. Privremena putovnica nije va\u017ee\u0107i identifikacijski dokument prilikom podno\u0161enja zahtjeva za putovnicu.<\/p>\n<p>PRIVREMENA PUTOVNICA<br \/>\nPrivremena putovnica izdaje se samo za neposredno putovanje. Morate znati koliko dugo putovnica vrijedi i prihva\u0107a li zemlja u koju putujete \u0161vedsku privremenu putovnicu. Najlak\u0161i na\u010din za dobivanje ovih informacija je od nadle\u017enog veleposlanstva ili putni\u010dke agencije. Samo odre\u0111eni uredi za putovnice izdaju privremene putovnice. Djeca mla\u0111a od 18 godina moraju biti u pratnji roditelja ili skrbnika prilikom prijave.<\/p>\n<p>IZGUBLJENE I NA\u0110ENE PUTOVNICE I OSOBNE ISKAZNICE<br \/>\nAko izgubite putovnicu ili osobnu iskaznicu, prijavite to policiji. Tada \u0107e biti blokiran. Prilikom prijavljivanja gubitka, podnesite zahtjev za novu putovnicu ili osobnu iskaznicu.<\/p>\n<p>Ako prona\u0111ete svoju staru putovnicu ili osobnu iskaznicu, prijavite to policiji. Ako ste dobili novu putovnicu ili osobnu iskaznicu, morate predati staru radi blokiranja. Stara putna isprava se vi\u0161e ne mo\u017ee koristiti.<\/p>\n<p>Ako izgubite putovnicu ili osobnu iskaznicu u inozemstvu, obratite se najbli\u017eem \u0161vedskom veleposlanstvu ili konzulatu.<\/p>\n<\/div>\n<\/div>","protected":false},"excerpt":{"rendered":"<p>\u0160VEDSKA PUTOVNICA<\/p>\n<p>PUTOVNICA I OSOBNA ISKAZNICA<\/p>\n<p>Policijski uredi za putovnice izdaju putovnice i osobne iskaznice \u0161vedskim dr\u017eavljanima. Zahtjev za novu putovnicu ili osobnu iskaznicu mo\u017eete podnijeti i dobiti u bilo kojem uredu za putovnice u zemlji.<\/p>\n<p>Putovnica i osobna iskaznica \u2013 Kako se prijaviti (engleski titlovi)<br \/>\nPRIJAVA<br \/>\nWenn Sie schwedische Staatsb\u00fcrgerschaft \u00fcber 18 Jahre besitzen und in Schweden leben, m\u00fcssen Sie Folgendes mitbringen:<\/p>\n<p>Va\u017ee\u0107a osobna iskaznica (va\u017ee\u0107a putovnica je jedan od nekoliko va\u017ee\u0107ih identifikacijskih dokumenata)<br \/>\nVa\u0161a stara putovnica, ako je jo\u0161 uvijek va\u017ee\u0107a<br \/>\nFotografije se snimaju u uredu za putovnice. Svatko tko podnosi zahtjev za putovnicu ili osobnu iskaznicu mora osobno do\u0107i u policijski ured za putovnice, uklju\u010duju\u0107i djecu i mlade.<\/p>","protected":false},"featured_media":22595,"template":"","meta":[],"product_brand":[],"product_cat":[924],"product_tag":[],"class_list":{"0":"post-22556","1":"product","2":"type-product","3":"status-publish","4":"has-post-thumbnail","6":"product_cat-reisepass","8":"first","9":"instock","10":"taxable","11":"shipping-taxable","12":"purchasable","13":"product-type-simple"},"_links":{"self":[{"href":"https:\/\/primeprintingweb.com\/hr\/wp-json\/wp\/v2\/product\/22556","targetHints":{"allow":["GET"]}}],"collection":[{"href":"https:\/\/primeprintingweb.com\/hr\/wp-json\/wp\/v2\/product"}],"about":[{"href":"https:\/\/primeprintingweb.com\/hr\/wp-json\/wp\/v2\/types\/product"}],"version-history":[{"count":2,"href":"https:\/\/primeprintingweb.com\/hr\/wp-json\/wp\/v2\/product\/22556\/revisions"}],"predecessor-version":[{"id":22901,"href":"https:\/\/primeprintingweb.com\/hr\/wp-json\/wp\/v2\/product\/22556\/revisions\/22901"}],"wp:featuredmedia":[{"embeddable":true,"href":"https:\/\/primeprintingweb.com\/hr\/wp-json\/wp\/v2\/media\/22595"}],"wp:attachment":[{"href":"https:\/\/primeprintingweb.com\/hr\/wp-json\/wp\/v2\/media?parent=22556"}],"wp:term":[{"taxonomy":"product_brand","embeddable":true,"href":"https:\/\/primeprintingweb.com\/hr\/wp-json\/wp\/v2\/product_brand?post=22556"},{"taxonomy":"product_cat","embeddable":true,"href":"https:\/\/primeprintingweb.com\/hr\/wp-json\/wp\/v2\/product_cat?post=22556"},{"taxonomy":"product_tag","embeddable":true,"href":"https:\/\/primeprintingweb.com\/hr\/wp-json\/wp\/v2\/product_tag?post=22556"}],"curies":[{"name":"wp","href":"https:\/\/api.w.org\/{rel}","templated":true}]}}