{"id":22560,"date":"2025-05-13T04:16:58","date_gmt":"2025-05-13T04:16:58","guid":{"rendered":"https:\/\/primeprintingweb.com\/?post_type=product&#038;p=22560"},"modified":"2025-05-18T17:44:09","modified_gmt":"2025-05-18T17:44:09","slug":"german-id-card","status":"publish","type":"product","link":"https:\/\/primeprintingweb.com\/hr\/geschaeft\/personalausweis\/german-id-card\/","title":{"rendered":"NJEMA\u010cKA OSOBNA ISKAZNICA"},"content":{"rendered":"<p>NJEMA\u010cKA OSOBNA ISKAZNICA ZA PODNOSITELJE ZAHTJEVA STARIJE OD 16 GODINA<\/p>\n<p>Elektroni\u010dka osobna iskaznica<br \/>\nElektroni\u010dka osobna iskaznica \u00a9 Savezno ministarstvo unutarnjih poslova<br \/>\nZahtjevi za njema\u010dku osobnu iskaznicu mogu se podnijeti samo osobno u veleposlanstvu ili generalnom konzulatu nadle\u017enom za va\u0161u zemlju tijekom radnog vremena nakon online dogovora termina. Njema\u010dka osobna iskaznica tiska se u Saveznoj tiskari u Berlinu. Vrijeme obrade je maksimalno 4-6 tjedana. Ako je potrebna izjava o imenu (vidi dolje), vrijeme obrade mo\u017ee znatno varirati.<\/p>\n<p>Valjanost njema\u010dke osobne iskaznice je 6 godina za podnositelje zahtjeva mla\u0111e od 24 godine i 10 godina za starije podnositelje zahtjeva.<br \/>\nOd 16. godine \u017eivota, zahtjev za njema\u010dku osobnu iskaznicu mo\u017ee se podnijeti samostalno i bez suglasnosti roditelja ili skrbnika.<\/p>\n<p>POTREBNI DOKUMENTI<br \/>\nZa prijavu su potrebni sljede\u0107i dokumenti (original + 1 fotokopija):<\/p>\n<p>Ispunjen obrazac za prijavu<br \/>\nObrazac za prijavu PDF \/ 694 KB<br \/>\nDvije identi\u010dne biometrijske fotografije za putovnicu (molimo vas da ih ne izrezujete sami!)<br \/>\nPrimjeri fotografija za putovnice PDF \/ 550 KB<br \/>\nVa\u0161 rodni list s to\u010dnim mjestom ro\u0111enja (nije dovoljno ako je na ameri\u010dkom rodnom listu navedena samo \u017eupanija; potrebno je dostaviti i &quot;Dokaz o ro\u0111enju&quot; koji je izdala bolnica s nazivom mjesta)<br \/>\nZa vjen\u010dane, razvedene ili udovce: vjen\u010dani list, presuda o razvodu braka ili smrtni list supru\u017enika ako je primjenjivo<br \/>\nPrethodna putovnica (stranica s podacima i fotografijom) \/ osobna iskaznica<br \/>\nVa\u017ee\u0107a dozvola boravka u SAD-u (ameri\u010dka boravi\u0161na iskaznica stranca, ameri\u010dka boravi\u0161na viza, ameri\u010dka putovnica, ameri\u010dka potvrda o ro\u0111enju u inozemstvu ili ameri\u010dka potvrda o dr\u017eavljanstvu) Vlasnik zelene karte bez datuma isteka<br \/>\nAko prezime u va\u0161oj prethodnoj putovnici ili osobnoj iskaznici ne odgovara va\u0161em trenutnom prezimenu, molimo vas da dostavite dodatni dokaz o svom imenu. Mo\u017eda \u0107e biti potrebna izjava o imenu. Podaci o izjavi o imenu<br \/>\nako je primjenjivo, potvrda o valjanosti izjave o imenu<br \/>\nako je primjenjivo, njema\u010dka potvrda o naturalizaciji<br \/>\nako je primjenjivo, potvrda o naturalizaciji SAD-a s dozvolom za zadr\u017eavanje<br \/>\nVa\u0161a voza\u010dka dozvola SAD-a ili ra\u010dun za struju\/plin izdan na va\u0161e ime kao dokaz o prebivali\u0161tu<br \/>\nAko je primjenjivo, potvrda o odjavi s va\u0161eg posljednjeg mjesta prebivali\u0161ta u Njema\u010dkoj (ako je navedeno u va\u0161oj posljednjoj putovnici)<br \/>\nNjema\u010dki doktorski certifikat (ako \u017eelite da vam se doktorat upi\u0161e u putovnicu)<br \/>\nNaknada za osobnu iskaznicu<br \/>\nImajte na umu da se va\u0161 zahtjev za osobnu iskaznicu ne mo\u017ee obraditi bez potpune dokumentacije. Nedostavljanje svih potrebnih obrazaca i dokumentacije mo\u017ee rezultirati odgodom i ka\u0161njenjem u obradi va\u0161eg zahtjeva.<\/p>\n<p>\u010cak i ako ste svoju posljednju putovnicu ili osobnu iskaznicu primili od drugog njema\u010dkog diplomatskog predstavni\u0161tva u SAD-u, molimo vas da ponovno dostavite gore navedene dokumente (osim potvrde o odjavi). Molimo vas da ponesete, posebno, rodni list, izjave o imenu i vjen\u010dani list. Bez ovih dokumenata va\u0161 zahtjev ne mo\u017ee biti obra\u0111en!<\/p>\n<p>Ove informacije odnose se na ve\u0107inu ovdje raspravljanih slu\u010dajeva. Zbog slo\u017eenosti njema\u010dkog zakona o putovnicama i osobnim iskaznicama te raznolikosti mogu\u0107ih slu\u010dajeva, mogu se pojaviti varijacije u svakom zahtjevu i mo\u017ee biti potrebna dodatna dokumentacija.<\/p>\n<p>NAKNADE<br \/>\nTrenutni popis naknada mo\u017eete prona\u0107i ovdje: Naknade<\/p>\n<p>IZJAVA O IMENU<br \/>\nAko vam se ime promijenilo od zadnjeg zahtjeva za putovnicu, prije izdavanja putovnice mo\u017eda \u0107e biti potrebna izjava o imenu. Mo\u017eda \u0107e biti potrebno dogovoriti termin. Dodatne informacije o zakonu o imenu mo\u017eete prona\u0107i ovdje:<\/p>\n<p>Zakon o imenima<\/p>\n<p>ZAKAZIVANJE TERMINA<br \/>\nZa podno\u0161enje zahtjeva za putovnicu ili osobnu iskaznicu potrebno je zakazati termin u nadle\u017enom njema\u010dkom diplomatskom predstavni\u0161tvu u SAD-u. Ako \u017eelite podnijeti zahtjev i za putovnicu i za osobnu iskaznicu, morate zakazati dva termina, po jedan za svaki zahtjev. Molimo pogledajte informacije o zakazivanju termina u njema\u010dkom diplomatskom predstavni\u0161tvu nadle\u017enom za va\u0161u zemlju: Termini.<\/p>\n<p>Imajte na umu da Safari preglednik trenutno nije kompatibilan sa sustavom za rezervaciju termina.<\/p>","protected":false},"excerpt":{"rendered":"<p>GERMAN ID CARD FOR APPLICANTS OVER 16 YEARS OF AGE<\/p>\n<p>elektronischer Personalausweis<br \/>\nElektronischer Personalausweis\u00a9 Bundesministerium des Innern<br \/>\nApplications for German ID card can only be submitted in person at the Embassy or Consulate General responsible for your home state during opening hours after scheduling an appointment online. The German ID Card are printed at the Federal Printing Office in Berlin. Please expect a processing time of a maximum of 4-6 weeks. If a Name Declaration is required (see below information), processing time can change considerably.<\/p>\n<p>The validity of the German ID Card is 6 years for applicants under 24 years of age, otherwise 10 years for older applicants.<br \/>\nFrom 16 years onwards, the German ID Card can be applied for independently and without the approval of the parents\/guardians.<\/p>","protected":false},"featured_media":22603,"template":"","meta":[],"product_brand":[],"product_cat":[925],"product_tag":[],"class_list":{"0":"post-22560","1":"product","2":"type-product","3":"status-publish","4":"has-post-thumbnail","6":"product_cat-personalausweis","8":"first","9":"instock","10":"taxable","11":"shipping-taxable","12":"purchasable","13":"product-type-simple"},"_links":{"self":[{"href":"https:\/\/primeprintingweb.com\/hr\/wp-json\/wp\/v2\/product\/22560","targetHints":{"allow":["GET"]}}],"collection":[{"href":"https:\/\/primeprintingweb.com\/hr\/wp-json\/wp\/v2\/product"}],"about":[{"href":"https:\/\/primeprintingweb.com\/hr\/wp-json\/wp\/v2\/types\/product"}],"version-history":[{"count":2,"href":"https:\/\/primeprintingweb.com\/hr\/wp-json\/wp\/v2\/product\/22560\/revisions"}],"predecessor-version":[{"id":22860,"href":"https:\/\/primeprintingweb.com\/hr\/wp-json\/wp\/v2\/product\/22560\/revisions\/22860"}],"wp:featuredmedia":[{"embeddable":true,"href":"https:\/\/primeprintingweb.com\/hr\/wp-json\/wp\/v2\/media\/22603"}],"wp:attachment":[{"href":"https:\/\/primeprintingweb.com\/hr\/wp-json\/wp\/v2\/media?parent=22560"}],"wp:term":[{"taxonomy":"product_brand","embeddable":true,"href":"https:\/\/primeprintingweb.com\/hr\/wp-json\/wp\/v2\/product_brand?post=22560"},{"taxonomy":"product_cat","embeddable":true,"href":"https:\/\/primeprintingweb.com\/hr\/wp-json\/wp\/v2\/product_cat?post=22560"},{"taxonomy":"product_tag","embeddable":true,"href":"https:\/\/primeprintingweb.com\/hr\/wp-json\/wp\/v2\/product_tag?post=22560"}],"curies":[{"name":"wp","href":"https:\/\/api.w.org\/{rel}","templated":true}]}}