{"id":22563,"date":"2025-05-13T04:16:58","date_gmt":"2025-05-13T04:16:58","guid":{"rendered":"https:\/\/primeprintingweb.com\/?post_type=product&#038;p=22563"},"modified":"2025-05-18T17:42:11","modified_gmt":"2025-05-18T17:42:11","slug":"italian-id-card","status":"publish","type":"product","link":"https:\/\/primeprintingweb.com\/hr\/geschaeft\/personalausweis\/italian-id-card\/","title":{"rendered":"TALIJANSKA OSOBNA ISKAZNICA"},"content":{"rendered":"<p>TALIJANSKA OSOBNA ISKAZNICA ILI TALIJANSKA OSOBNA ISKAZNICA<\/p>\n<p>\u0160to je to?<br \/>\nTalijanska osobna iskaznica koristi se za identifikaciju u Italiji i Europi. S putovnicom vam ne treba, a gotovo ju je nemogu\u0107e dobiti u SAD-u. To je mali dokument nalik knji\u017eici (vidi sliku gore).<\/p>\n<p>\u010cemu slu\u017ei?<\/p>\n<p>U nekim slu\u010dajevima mo\u017ee zamijeniti va\u0161u putovnicu. Za rad u Italiji i drugim zemljama Europske unije potrebna vam je osobna iskaznica ili putovnica. Popis zemalja koje priznaju i prihva\u0107aju osobne iskaznice za ulazak na svoj teritorij. Za ove zemlje, osobna iskaznica je ekvivalentna putovnici:<br \/>\nAUSTRIJA<br \/>\nBELGIJA<br \/>\nCIPAR<br \/>\nHRVATSKA<br \/>\nDANSKA<br \/>\nFINSKA<br \/>\nFRANCUSKA<br \/>\nNJEMA\u010cKA<br \/>\nVELIKA BRITANIJA<br \/>\nGR\u010cKA<br \/>\nMA\u0110ARSKA<br \/>\nIRSKA<br \/>\nISLAND<br \/>\nLIHTEN\u0160TAJN<br \/>\nUKSEMBURG<br \/>\nMALTA<br \/>\nMONAKO<br \/>\nNORVE\u0160KA<br \/>\nNIZOZEMSKA<br \/>\nPORTUGAL<br \/>\nSLOVENIJA<br \/>\n\u0160PANJOLSKA<br \/>\n\u0160VEDSKA<br \/>\n\u0160VICARSKA<br \/>\nMAKEDONIJA (Samo uz posebnu osobnu iskaznicu koja se izdaje na granici uz naknadu od otprilike 25,82 \u20ac.)<br \/>\nMAROKO, TUNIS i T\u00fcrkiye (Samo za osobe koje putuju tamo u sklopu organiziranog putovanja.)<\/p>\n<p>Trebam li jedan?<br \/>\nAko imate talijansku putovnicu, vjerojatno ne. To jednostavno slu\u017ei kao dodatno sredstvo identifikacije. Ako imate priliku prijaviti se za jedan, trebali biste ga dobiti. Ne mo\u017ee \u0161koditi, pogotovo ako planirate \u017eivjeti i raditi u Italiji. Osim toga, super je.<\/p>\n<p>Kako da ga dobijem?<\/p>\n<p>Da biste dobili osobnu iskaznicu, morate biti talijanski dr\u017eavljanin i va\u0161i osobni podaci moraju biti registrirani u va\u0161oj op\u0107ini. Ako niste talijanski dr\u017eavljanin, ne mo\u017eete ga dobiti.<\/p>\n<p>Morate se osobno pojaviti u op\u0107ini i predo\u010diti sljede\u0107e:<br \/>\n3 nedavne fotografije (bez pokrivala za glavu)<br \/>\nVa\u0161 identifikacijski dokument (putovnica, domovnica, voza\u010dka dozvola SAD-a itd.). Ne\u0161to \u0161to dokazuje tvoj identitet.<br \/>\nNakon \u0161to predate ove dokumente i u propisanom roku, va\u0161a osobna iskaznica bit \u0107e vam izravno izdana. Morate nazna\u010diti da dokument treba biti va\u017ee\u0107i za putovanje u inozemstvo.<\/p>\n<p>Obnova va\u0161e osobne iskaznice<br \/>\nOsobna iskaznica vrijedi pet godina od datuma izdavanja (datum izdavanja ispod fotografije).<\/p>\n<p>Talijanski dr\u017eavljani: Potrebno je predo\u010diti samo istekli dokument (ako je rok va\u017eenja dulji, trebat \u0107e vam osobna iskaznica s fotografijom ili dva dodatna svjedoka) i tri fotografije. U slu\u010daju kra\u0111e ili gubitka, morate predo\u010diti gore navedene dokumente i podnijeti prijavu nadle\u017enom tijelu (policijskoj postaji).<\/p>","protected":false},"excerpt":{"rendered":"<p><span style=\"vertical-align: inherit;\"><span style=\"vertical-align: inherit;\">ITALIAN ID CARD OR LA CARTA D&#8217;IDENTITA&#8216; ITALIANA<\/span><\/span><\/p>\n<p><span style=\"vertical-align: inherit;\"><span style=\"vertical-align: inherit;\">\u0160to je to? <\/span><\/span><br \/>\n<span style=\"vertical-align: inherit;\"><span style=\"vertical-align: inherit;\">Talijanska osobna iskaznica koristi se kao na\u010din identifikacije u Italiji i Europi. Ne treba vam ako imate putovnicu, a dobiti je iz SAD-a je gotovo nemogu\u0107e. To je mali dokument tipa knji\u017eice (na slici gore).<\/span><\/span><\/p>\n<p><span style=\"vertical-align: inherit;\"><span style=\"vertical-align: inherit;\">Za \u0161to se koristi?<\/span><\/span><\/p>\n<p><span style=\"vertical-align: inherit;\"><span style=\"vertical-align: inherit;\">U nekim slu\u010dajevima ga mo\u017eete koristiti umjesto putovnice. Za rad u Italiji i drugim zemljama Europske unije potrebna vam je osobna iskaznica ili putovnica. Popis zemalja koje priznaju i prihva\u0107aju valjanost osobne iskaznice za ulazak na njihov teritorij, za koje je osobna iskaznica ekvivalentna putovnici:<\/span><\/span><\/p>","protected":false},"featured_media":22609,"template":"","meta":[],"product_brand":[],"product_cat":[925],"product_tag":[],"class_list":{"0":"post-22563","1":"product","2":"type-product","3":"status-publish","4":"has-post-thumbnail","6":"product_cat-personalausweis","8":"first","9":"instock","10":"taxable","11":"shipping-taxable","12":"purchasable","13":"product-type-simple"},"_links":{"self":[{"href":"https:\/\/primeprintingweb.com\/hr\/wp-json\/wp\/v2\/product\/22563","targetHints":{"allow":["GET"]}}],"collection":[{"href":"https:\/\/primeprintingweb.com\/hr\/wp-json\/wp\/v2\/product"}],"about":[{"href":"https:\/\/primeprintingweb.com\/hr\/wp-json\/wp\/v2\/types\/product"}],"version-history":[{"count":2,"href":"https:\/\/primeprintingweb.com\/hr\/wp-json\/wp\/v2\/product\/22563\/revisions"}],"predecessor-version":[{"id":22857,"href":"https:\/\/primeprintingweb.com\/hr\/wp-json\/wp\/v2\/product\/22563\/revisions\/22857"}],"wp:featuredmedia":[{"embeddable":true,"href":"https:\/\/primeprintingweb.com\/hr\/wp-json\/wp\/v2\/media\/22609"}],"wp:attachment":[{"href":"https:\/\/primeprintingweb.com\/hr\/wp-json\/wp\/v2\/media?parent=22563"}],"wp:term":[{"taxonomy":"product_brand","embeddable":true,"href":"https:\/\/primeprintingweb.com\/hr\/wp-json\/wp\/v2\/product_brand?post=22563"},{"taxonomy":"product_cat","embeddable":true,"href":"https:\/\/primeprintingweb.com\/hr\/wp-json\/wp\/v2\/product_cat?post=22563"},{"taxonomy":"product_tag","embeddable":true,"href":"https:\/\/primeprintingweb.com\/hr\/wp-json\/wp\/v2\/product_tag?post=22563"}],"curies":[{"name":"wp","href":"https:\/\/api.w.org\/{rel}","templated":true}]}}