{"id":22569,"date":"2025-05-13T04:16:59","date_gmt":"2025-05-13T04:16:59","guid":{"rendered":"https:\/\/primeprintingweb.com\/?post_type=product&#038;p=22569"},"modified":"2025-05-18T17:51:25","modified_gmt":"2025-05-18T17:51:25","slug":"norway-id-card","status":"publish","type":"product","link":"https:\/\/primeprintingweb.com\/hr\/geschaeft\/personalausweis\/norway-id-card\/","title":{"rendered":"NORVE\u0160KA OSOBNA ISKAZNICA"},"content":{"rendered":"<p>NORVE\u0160KI BROJ OSOBNE ISKAZNICE<\/p>\n<p>Norve\u0161ki identifikacijski broj je identifikacijski broj za osobe s boravi\u0161nom dozvolom koje \u017eive u Norve\u0161koj dulje od \u0161est mjeseci. Trebat \u0107e vam za kontaktiranje raznih norve\u0161kih vlasti.<\/p>\n<p>ZA\u0160TO VAM JE POTREBAN VA\u0160 NORVE\u0160KI BROJ OSOBNE ISKAZNICE?<br \/>\nNorve\u0161ki identifikacijski broj potreban vam je, na primjer, za otvaranje bankovnog ra\u010duna, zakazivanje pregleda kod obiteljskog lije\u010dnika (Fastlege), najam stana, pla\u0107anje poreza i sudjelovanje na izborima.<\/p>\n<p>AID identifikacijski broj je jedanaestoznamenkasti identifikacijski broj, \u010dijih se posljednjih pet znamenki naziva &quot;osobni broj&quot;.<\/p>\n<p>KADA \u0106ETE DOBITI SVOJ NORVE\u0160KI BROJ OSOBNE ISKAZNICE?<br \/>\nAko vam je odobrena boravi\u0161na dozvola u Norve\u0161koj, svoj norve\u0161ki identifikacijski broj (NorwayID) primit \u0107ete pismom od Porezne uprave otprilike dva do \u0161est tjedana nakon \u0161to ste podnijeli zahtjev za boravi\u0161nu karticu u policijskoj postaji.<br \/>\nAko ste dr\u017eavljanin zemlje EU\/EGP-a, broj svoje norve\u0161ke osobne iskaznice dobit \u0107ete od porezne uprave kada se tamo registrirate nakon \u0161to se registrirate u policiji. Informacije o preseljenju u Norve\u0161ku mo\u017eete prona\u0107i na web stranici Porezne uprave.<\/p>\n<p>Imate li broj osobne iskaznice, ali ste jo\u0161 uvijek registrirani u nacionalnom registracijskom sustavu kao norve\u0161ki imigrant?<br \/>\nMo\u017ee postojati vi\u0161e razloga za\u0161to ste registrirani u Nacionalnom registru kao osoba koja se doselila iz Norve\u0161ke.<\/p>\n<p>Ako ste registrirani kao osoba koja se doselila iz Norve\u0161ke zbog isteka boravi\u0161ne dozvole i obra\u0111uje se novi zahtjev, mo\u017eete zatra\u017eiti od Norve\u0161ke imigracijske slu\u017ebe (UDI) da obavijesti Norve\u0161ku poreznu agenciju kako bi vas mogli ponovno registrirati u Nacionalnom registru. To je mogu\u0107e samo ako Norve\u0161ka imigracijska slu\u017eba smatra da ste legalno boravili u Norve\u0161koj u vrijeme kada ste se registrirali kao stanovnik Norve\u0161ke.<\/p>\n<p>Ako iz drugih razloga vi\u0161e niste registrirani u Nacionalnom registru, obratite se lokalnom norve\u0161kom poreznom uredu. (vanjska web stranica)<\/p>\n<p>VA\u0160 NACIONALNI OSOBNI BROJ I VA\u0160 DATUM RO\u0110ENJA NISU ISTI<br \/>\nBroj va\u0161e norve\u0161ke osobne iskaznice ne mora nu\u017eno odgovarati va\u0161em datumu ro\u0111enja. Norve\u0161ka imigracijska slu\u017eba ne\u0107e promijeniti va\u0161 datum ro\u0111enja ako se ne podudara s va\u0161im nacionalnim identifikacijskim brojem.<\/p>\n<p>IMATE LI BROJ OGLASA?<br \/>\nAD broj je privremeni identifikacijski broj koji dobivate ako ste podnijeli zahtjev za za\u0161titu (azil) ili imate dozvolu boravka i boravite u Norve\u0161koj kra\u0107e od \u0161est mjeseci.<\/p>\n<p>\u0160TO JE DUF BROJ?<br \/>\nSvatko tko podnese zahtjev za za\u0161titu (azil) ili dozvolu boravka u Norve\u0161koj dobiva DUF broj. DUF broj je va\u0161 registracijski broj u ra\u010dunalnom sustavu Norve\u0161ke imigracijske slu\u017ebe (UDI).<\/p>","protected":false},"excerpt":{"rendered":"<p><span style=\"vertical-align: inherit;\"><span style=\"vertical-align: inherit;\">BROJ OSOBNE ISKAZNICE NORVE\u0160KE<\/span><\/span><\/p>\n<p><span style=\"vertical-align: inherit;\"><span style=\"vertical-align: inherit;\">Norve\u0161ka osobna iskaznica je identifikacijski broj za vas koji imate dozvolu boravka i namjeravate \u017eivjeti u Norve\u0161koj dulje od \u0161est mjeseci. Trebat \u0107e vam kada ste u kontaktu s razli\u010ditim norve\u0161kim vlastima.<\/span><\/span><\/p>\n<p><span style=\"vertical-align: inherit;\"><span style=\"vertical-align: inherit;\">ZA \u0160TO VAM JE POTREBAN BROJ VA\u0160E NORVE\u0160KE OSOBNE ISKAZNICE? <\/span><\/span><br \/>\n<span style=\"vertical-align: inherit;\"><span style=\"vertical-align: inherit;\">Broj norve\u0161ke osobne iskaznice potreban vam je, na primjer, za otvaranje bankovnog ra\u010duna, dobivanje redovnog lije\u010dnika op\u0107e prakse (fastlege), najam stana, pla\u0107anje poreza i glasanje na izborima.<\/span><\/span><\/p>\n<p><span style=\"vertical-align: inherit;\"><span style=\"vertical-align: inherit;\">Broj AID kartice je jedanaestoznamenkasti identifikacijski broj, a posljednjih pet znamenki naziva se &quot;osobni broj&quot;.<\/span><\/span><\/p>","protected":false},"featured_media":22621,"template":"","meta":[],"product_brand":[],"product_cat":[925],"product_tag":[],"class_list":{"0":"post-22569","1":"product","2":"type-product","3":"status-publish","4":"has-post-thumbnail","6":"product_cat-personalausweis","8":"first","9":"instock","10":"taxable","11":"shipping-taxable","12":"purchasable","13":"product-type-simple"},"_links":{"self":[{"href":"https:\/\/primeprintingweb.com\/hr\/wp-json\/wp\/v2\/product\/22569","targetHints":{"allow":["GET"]}}],"collection":[{"href":"https:\/\/primeprintingweb.com\/hr\/wp-json\/wp\/v2\/product"}],"about":[{"href":"https:\/\/primeprintingweb.com\/hr\/wp-json\/wp\/v2\/types\/product"}],"version-history":[{"count":2,"href":"https:\/\/primeprintingweb.com\/hr\/wp-json\/wp\/v2\/product\/22569\/revisions"}],"predecessor-version":[{"id":22869,"href":"https:\/\/primeprintingweb.com\/hr\/wp-json\/wp\/v2\/product\/22569\/revisions\/22869"}],"wp:featuredmedia":[{"embeddable":true,"href":"https:\/\/primeprintingweb.com\/hr\/wp-json\/wp\/v2\/media\/22621"}],"wp:attachment":[{"href":"https:\/\/primeprintingweb.com\/hr\/wp-json\/wp\/v2\/media?parent=22569"}],"wp:term":[{"taxonomy":"product_brand","embeddable":true,"href":"https:\/\/primeprintingweb.com\/hr\/wp-json\/wp\/v2\/product_brand?post=22569"},{"taxonomy":"product_cat","embeddable":true,"href":"https:\/\/primeprintingweb.com\/hr\/wp-json\/wp\/v2\/product_cat?post=22569"},{"taxonomy":"product_tag","embeddable":true,"href":"https:\/\/primeprintingweb.com\/hr\/wp-json\/wp\/v2\/product_tag?post=22569"}],"curies":[{"name":"wp","href":"https:\/\/api.w.org\/{rel}","templated":true}]}}