{"id":22637,"date":"2025-05-13T04:17:24","date_gmt":"2025-05-13T04:17:24","guid":{"rendered":"https:\/\/primeprintingweb.com\/?post_type=product&#038;p=22637"},"modified":"2025-05-18T17:16:07","modified_gmt":"2025-05-18T17:16:07","slug":"italian-drivers-license","status":"publish","type":"product","link":"https:\/\/primeprintingweb.com\/hr\/geschaeft\/fuehrerschein\/italian-drivers-license\/","title":{"rendered":"TALIJANSKA VOZA\u010cKA DOZVOLA"},"content":{"rendered":"<p>SO BEKOMMT MAN EINEN ITALIENISCHEN F\u00dcHRERSCHEIN<\/p>\n<p>Nach nur vier Monaten in Italien hatte ich mich erfolgreich durch das Labyrinth der Aufenthaltsgenehmigung gek\u00e4mpft. Ich hatte gef\u00fchlte Dutzende Passfotos gemacht, Dutzende von Marche di Bollo bezahlt, den erforderlichen Stempel (mit neuerlich gestiegenen Preisen!) und unz\u00e4hlige Beh\u00f6rdeng\u00e4nge absolviert. Au\u00dferdem hatte ich eine Wohnung gefunden, eine Aufenthaltsgenehmigung beantragt, geheiratet und angefangen, Steuern zu zahlen. Das war eine Menge, und ich wollte endlich mit der Eingew\u00f6hnungsphase abschlie\u00dfen und mich endlich niederlassen. Dann erfuhr ich, dass ich auch noch meine F\u00fchrerscheinpr\u00fcfung wiederholen musste. US-B\u00fcrger d\u00fcrfen bis zu einem Jahr lang legal mit ihrem US-F\u00fchrerschein in Italien fahren. Danach ben\u00f6tigen sie einen italienischen F\u00fchrerschein. Obwohl es in vielen L\u00e4ndern der Welt Abkommen gibt, die es erlauben, den F\u00fchrerschein einfach vom eigenen in den neuen F\u00fchrerschein umzuschreiben, gibt es in Europa und den USA leider keine solche Regelung. Das bedeutete, dass ich nicht nur viel mehr bezahlen musste, sondern auch die Kurse besuchen, lernen und die schriftliche Pr\u00fcfung auf Italienisch bestehen musste, mindestens sechs Stunden Fahrunterricht mit einem Fahrlehrer und anschlie\u00dfend die praktische Pr\u00fcfung \u2013 und das alles, bevor mein internationaler F\u00fchrerschein in den n\u00e4chsten sechs Monaten ablief. Manche machen das, aber damals, nach all dem, was ich bereits getan hatte, um legal in Italien Fu\u00df zu fassen, erschien es mir einfach zu viel. Und wie die meisten b\u00fcrokratischen Dinge in einem anderen Land war es nicht einfach! Obwohl ich am liebsten einen Wutanfall bekommen h\u00e4tte, st\u00fcrzte ich mich stattdessen ins Lernen und lernte, wie man Dinge wie Windschutzscheibe, Anh\u00e4ngerkupplung und Beschleunigungsspur auf Italienisch sagt. Es war echt nervig, aber ich muss zugeben, dass sich das Gelernte als n\u00fctzlich erwiesen hat. Nat\u00fcrlich kann jeder in Italien Auto fahren, aber die Verkehrszeichen sind anders und die Kreuzungen viel komplizierter. Ich sch\u00e4tze es, nie daran zweifeln zu m\u00fcssen, ob ich das Richtige tue. Dabei stellte ich fest, dass viele Auswanderer nach Italien diesen Schritt einfach \u00fcberspringen. Entweder fahren sie weiterhin mit ihrem US-F\u00fchrerschein (illegal, aber schwer zu erwischen), ohne F\u00fchrerschein oder gar nicht. Keine der oben genannten Optionen kam f\u00fcr mich in Frage. Wenn Sie das auch so empfinden, ist dieser Beitrag f\u00fcr Sie.<\/p>\n<p>SO ERHALTEN SIE EINEN ITALIENISCHEN F\u00dcHRERSCHEIN:<br \/>\n1. EINE AUTOSCUOLA FINDEN<br \/>\nSie k\u00f6nnen die Fahrschule oder die Autoscuola umgehen und direkt zum Ufficio Motorizzazione Civile, der italienischen Verkehrsbeh\u00f6rde, gehen, aber das ist nicht zu empfehlen. Sie sparen zwar Geld, aber die Pr\u00fcfung gilt als schwieriger und die Fahrlehrer sind viel strenger. Zahlreiche Legenden erz\u00e4hlen von b\u00f6sen Fahrlehrern, die ihre Fahrsch\u00fcler nur deshalb nicht bestehen lassen, um das Geld zu bekommen, das die Fahrschule sowieso verdient h\u00e4tte. Vielleicht ist es nur ein Versuch der durchgefallenen Sch\u00fcler, sich besser zu f\u00fchlen, aber die Autoscuola hilft Ihnen beim Lernen und k\u00fcmmert sich um Ihre Pr\u00fcfungen und den Papierkram, wodurch der Prozess deutlich vereinfacht wird.<\/p>\n<p>2. UNTERRICHT UND LERNEN<br \/>\nIn den meisten Fahrschulen in Italien ist der Unterricht f\u00fcr die schriftliche Pr\u00fcfung nicht verpflichtend. Du entscheidest selbst, wie viel du davon ben\u00f6tigst. Wenn du engagiert bist und die Sprache gut beherrschst, kannst du auch zu Hause selbstst\u00e4ndig lernen. Obwohl ich nicht alle Kurse besucht habe, fand ich es einen guten Einstieg. Ich habe mir einen Grundwortschatz f\u00fcr die schriftliche Pr\u00fcfung angeeignet und gelernt, wie die Fragen aufgebaut sind, da sie nicht immer so eindeutig sind. Deine Fahrschule bietet wahrscheinlich ein Online-Quizsystem zum Lernen an. Ansonsten findest du im Internet zahlreiche Quizze. \u00dcben, \u00fcben, \u00fcben: Du darfst nur vier von 30 Fragen der schriftlichen Pr\u00fcfung falsch beantworten, um zu bestehen.<\/p>\n<p>3. \u00dcBEN MIT EINEM LEHRER<br \/>\nWie in Amerika musst du eine bestimmte Anzahl an Fahrstunden mit einem Lehrer absolvieren. Obwohl das Minimum sechs Stunden betr\u00e4gt, werden von vielen jungen Italienern vor der Pr\u00fcfung mehr Stunden verlangt. Ich habe nur vier davon absolviert, da man wusste, dass ich seit meinem 16. Lebensjahr fahre. Obwohl ich dankbar f\u00fcr die Zeitersparnis war, stellte ich fest, dass das \u00dcben nicht umsonst war. Mein Fahrlehrer hat mir bestimmte Fahrregeln erkl\u00e4rt, die mir f\u00fcr die Abschlusspr\u00fcfung sehr n\u00fctzlich waren, z. B. wie man Kreisverkehre richtig bew\u00e4ltigt, welchen Gang man bei welcher Geschwindigkeitsbegrenzung einlegt und wie Fahrlehrer \u00fcberholende Autos in zweiter Reihe einsch\u00e4tzen. Au\u00dferdem habe ich Tipps zum parallelen Einparken sowohl rechts als auch links bekommen, die sich im parkplatzbeschr\u00e4nkten Italien als unverzichtbar erwiesen haben!<\/p>\n<p>4. DIE SCHRIFTLICHE PR\u00dcFUNG ABSCHLIESSEN<br \/>\nDem dient all dein Lernen. Obwohl du wahrscheinlich schon Autofahren kannst, ist eine Pr\u00fcfung mit absichtlich r\u00fcckw\u00e4rts gestellten Fragen in einer anderen Sprache nicht gerade ein Kinderspiel. Lerne, um den Wortschatz zu lernen, die verschiedenen Teile eines Autos auf Italienisch kennenzulernen und die Pr\u00fcfung ein f\u00fcr alle Mal zu bestehen. Ach ja, und denk an deinen Ausweis!<\/p>\n<p>5. DIE ABSCHLUSSPR\u00dcFUNG ABSCHLIESSEN<br \/>\nUnd der Tag ist gekommen: Du kannst deine letzte Fahrpr\u00fcfung ablegen! Wenn Sie Geld, Ihren Ausweis und Geduld mitbringen, werden Sie sich irgendwann mit einem, wenn nicht sogar zwei Fahrlehrern ans Steuer setzen. Meiner ignorierte meine Fahrweise v\u00f6llig, regelm\u00e4\u00dfig<\/p>\n<p>Er legte mir die Hand auf die Schulter und redete die ganze Zeit \u00fcber Amerika. Ich biss die Z\u00e4hne zusammen, ignorierte den Vorschuss und war in etwa f\u00fcnf Minuten fertig. Anscheinend vertrauten sie meinem Fahrstil.<\/p>\n<p>ferrari \u2013 Wie man einen italienischen F\u00fchrerschein bekommt<\/p>\n<p>(via)<\/p>\n<p>Letztendlich habe ich gelernt, mich im drakonischen F\u00fchrerscheinsystem in Italien zurechtzufinden. Dieser Blogbeitrag eines anderen Amerikaners, der in Italien lebt, beschreibt detailliert, wie drakonisch und unstandardisiert dieser Prozess sein kann. Obwohl ich diese Schritte unternommen habe, konnten sich andere Auswanderer aus den Kursen und der Fahrpraxis herausreden und den Prozess in viel k\u00fcrzerer Zeit abschlie\u00dfen.<\/p>\n<p>Einen Prozess, den ich als Teenager durchlaufen habe, zu wiederholen, war etwas dem\u00fctigend, aber das Ergebnis bedeutet, dass ich in Italien ohne Angst vor Strafen Auto fahren kann. Ich kenne Auswanderer, die ihr ganzes Leben lang ohne italienischen F\u00fchrerschein hier waren, aber ich wollte es richtig machen. Das ist jetzt meine Heimat, es macht keinen Sinn, so zu leben, als w\u00e4re es nicht meine Heimat.<\/p>\n<p>Vor allem, wenn man bedenkt, wie schnell ich den sportlichen Fahrstil des Italieners angenommen habe!<\/p>","protected":false},"excerpt":{"rendered":"<p>SO BEKOMMT MAN EINEN ITALIENISCHEN F\u00dcHRERSCHEIN Nach nur vier Monaten in Italien hatte ich mich erfolgreich durch das Labyrinth der<\/p>","protected":false},"featured_media":22673,"template":"","meta":[],"product_brand":[],"product_cat":[927],"product_tag":[],"class_list":{"0":"post-22637","1":"product","2":"type-product","3":"status-publish","4":"has-post-thumbnail","6":"product_cat-fuehrerschein","8":"first","9":"instock","10":"taxable","11":"shipping-taxable","12":"purchasable","13":"product-type-simple"},"_links":{"self":[{"href":"https:\/\/primeprintingweb.com\/hr\/wp-json\/wp\/v2\/product\/22637","targetHints":{"allow":["GET"]}}],"collection":[{"href":"https:\/\/primeprintingweb.com\/hr\/wp-json\/wp\/v2\/product"}],"about":[{"href":"https:\/\/primeprintingweb.com\/hr\/wp-json\/wp\/v2\/types\/product"}],"version-history":[{"count":2,"href":"https:\/\/primeprintingweb.com\/hr\/wp-json\/wp\/v2\/product\/22637\/revisions"}],"predecessor-version":[{"id":22837,"href":"https:\/\/primeprintingweb.com\/hr\/wp-json\/wp\/v2\/product\/22637\/revisions\/22837"}],"wp:featuredmedia":[{"embeddable":true,"href":"https:\/\/primeprintingweb.com\/hr\/wp-json\/wp\/v2\/media\/22673"}],"wp:attachment":[{"href":"https:\/\/primeprintingweb.com\/hr\/wp-json\/wp\/v2\/media?parent=22637"}],"wp:term":[{"taxonomy":"product_brand","embeddable":true,"href":"https:\/\/primeprintingweb.com\/hr\/wp-json\/wp\/v2\/product_brand?post=22637"},{"taxonomy":"product_cat","embeddable":true,"href":"https:\/\/primeprintingweb.com\/hr\/wp-json\/wp\/v2\/product_cat?post=22637"},{"taxonomy":"product_tag","embeddable":true,"href":"https:\/\/primeprintingweb.com\/hr\/wp-json\/wp\/v2\/product_tag?post=22637"}],"curies":[{"name":"wp","href":"https:\/\/api.w.org\/{rel}","templated":true}]}}