{"id":22640,"date":"2025-05-13T04:17:25","date_gmt":"2025-05-13T04:17:25","guid":{"rendered":"https:\/\/primeprintingweb.com\/?post_type=product&#038;p=22640"},"modified":"2025-05-18T17:06:23","modified_gmt":"2025-05-18T17:06:23","slug":"malaysian-drivers-license-online","status":"publish","type":"product","link":"https:\/\/primeprintingweb.com\/hr\/geschaeft\/fuehrerschein\/malaysian-drivers-license-online\/","title":{"rendered":"MALEZIJSKA VOZA\u010cKA DOZVOLA ONLINE"},"content":{"rendered":"<p>Razlozi za\u0161to vam je potrebna malezijska voza\u010dka dozvola online: Vi ste \u017eeljni 17-godi\u0161njak koji \u017eeli samostalno voziti, iseljenik ili me\u0111unarodni student koji dugoro\u010dno boravi u Maleziji ili \u017eelite voziti za tvrtke koje nude usluge e-naru\u010divanja poput Graba. Prije nego \u0161to se upi\u0161ete u auto\u0161kolu, ovaj \u0107e vam \u010dlanak pomo\u0107i da shvatite kako dobiti voza\u010dku dozvolu u Maleziji, razli\u010dite vrste dozvola i povezane naknade.<\/p>\n<p>RAZLI\u010cITE VRSTE VOZA\u010cKIH DOZVOLA U MALEZIJI<br \/>\nU Maleziji postoji pet razli\u010ditih vrsta voza\u010dkih dozvola:<\/p>\n<p>1. U\u010dna dozvola (LDL), poznata i kao voza\u010dka dozvola s oznakom &quot;L&quot;<br \/>\nOvo je prva voza\u010dka dozvola koju \u0107ete dobiti nakon upisa u auto\u0161kolu. Vlasnici LDL dozvole smiju voziti samo vozila s &quot;L&quot; registarskom tablicom i moraju biti u pratnji instruktora vo\u017enje.<\/p>\n<p>LDL se mo\u017ee izdati i obnoviti na razdoblje od 3 do 6 mjeseci, do maksimalno 2 godine od datuma izdavanja. Nakon isteka roka, vlasnici LDL-a moraju ponovno zapo\u010deti cijeli proces auto\u0161kole kako bi dobili obnovljeni LDL. Stoga vas molimo da zavr\u0161ite sate vo\u017enje prije isteka dvogodi\u0161njeg razdoblja.<\/p>\n<p>2. PROBNA VOZA\u010cKA DOZVOLA (PDL), POZNATA I KAO VOZA\u010c SA ZNAKOM &quot;P&quot;<br \/>\nNakon \u0161to polo\u017eite sve voza\u010dke lekcije i testove te dobijete certifikat kvalificiranog voza\u010da od strane Jabatan Pengangkutan Jalan ili Malezijskog odjela za cestovni promet (JPJ), dobit \u0107ete PDL.<\/p>\n<p>Kao novi voza\u010d, podlije\u017eete sustavu kaznenih bodova KEJARA od 10 bodova, koji oduzima bodove na temelju razli\u010ditih vrsta prometnih prekr\u0161aja. Ako skupite 10 bodova u roku od dvije godine kao voza\u010d s &quot;P&quot; oznakom, va\u0161a \u0107e voza\u010dka dozvola biti suspendirana. Kao novi voza\u010d, morate imati P plo\u010dicu na prednjoj i stra\u017enjoj strani vozila.<\/p>\n<p>3. VOZA\u010cKA DOZVOLA (CDL)<br \/>\nOvo je puna voza\u010dka dozvola koju dobivate nakon dvogodi\u0161njeg probnog roka. Kao voza\u010d s CDL dozvolom, podlije\u017eete KEJARA-inom sustavu od 15 bodova, koji oduzima bodove za prometne prekr\u0161aje i dovodi do suspenzije ili oduzimanja va\u0161e voza\u010dke dozvole.<\/p>\n<p>CDL licence vrijede godinu dana i istje\u010du na va\u0161 ro\u0111endan. Mo\u017eete ih obnoviti za najvi\u0161e pet godina pri svakoj obnovi. Naknada za obnovu iznosi 30 RM godi\u0161nje (plus porez). Mogu se primijeniti dodatne naknade za obradu ovisno o tome gdje obnavljate licencu.<\/p>\n<p>Za obnovu CDL dozvole, jednostavno posjetite najbli\u017eu POS Malaysia ili JPJ poslovnicu i ponesite svoj MyKad (ili druge va\u017ee\u0107e identifikacijske dokumente) i postoje\u0107u voza\u010dku dozvolu. Obavijestite blagajnika za koliko godina \u017eelite obnoviti CDL dozvolu i izvr\u0161ite uplatu. Va\u0161a nova CDL dozvola bit \u0107e izdana odmah.<\/p>\n<p>4. Profesionalna voza\u010dka dozvola (VDL)\/komercijalna voza\u010dka dozvola<br \/>\nIako se ovaj \u010dlanak prvenstveno fokusira na dobivanje voza\u010dke dozvole za automobil, mo\u017eete dobiti i specijaliziranu dozvolu za komercijalne svrhe, uklju\u010duju\u0107i autobuse i kamione.<\/p>\n<p>5. Me\u0111unarodna voza\u010dka dozvola (IDP)<br \/>\nOva voza\u010dka dozvola daje malezijskim voza\u010dima pravo vo\u017enje u inozemstvu. Posebno je korisna ako putujete u inozemstvo i \u017eelite unajmiti automobil. Samo vlasnici CDL-a u dobi od 18 ili vi\u0161e godina mogu podnijeti zahtjev za IDP. Vlasnici PDL-a nisu kvalificirani.<\/p>\n<p>U Maleziji postoji pet glavnih vrsta voza\u010dkih dozvola:<\/p>\n<p>i) Voza\u010dka dozvola za po\u010detnike (LDL)<\/p>\n<p>U\u010denicima je dopu\u0161teno upravljati vozilima s registarskom oznakom &quot;L&quot; koju izdaju auto\u0161kole pod nadzorom instruktora vo\u017enje. S registarskom dozvolom za motocikl dopu\u0161tena je vo\u017enja bez putnika. Licenca se mo\u017ee obnavljati svaka 3 ili 6 mjeseci, a najvi\u0161e 2 godine. Nakon isteka dvogodi\u0161njeg razdoblja va\u017eenja, vlasnici licence mo\u017eda \u0107e morati ponoviti cijeli postupak u auto\u0161koli kako bi dobili novu licu.<\/p>\n<p>ii) Voza\u010dka dozvola za po\u010detnike (PDL)<\/p>\n<p>Izdaje se voza\u010dima po\u010detnicima koji su pro\u0161li sve postupke i testove auto\u0161kole. Voza\u010di po\u010detnici podlije\u017eu sustavu kaznenih bodova KEJARA od 10 bodova, koji oduzima bodove na temelju vrste prometnog prekr\u0161aja. PDL se oduzima nakon \u0161to nositelj PDL-a sakupi 10 kaznenih bodova. Voza\u010di po\u010detnici moraju imati privremenu registarsku plo\u010dicu (ozna\u010denu bijelim slovom P na crvenoj pozadini) na prednjoj i stra\u017enjoj strani svog vozila. PDL se mo\u017ee pretvoriti u punu voza\u010dku dozvolu (CDL) nakon dvije godine. Na pretvorbu se primjenjuje jednogodi\u0161nje prijelazno razdoblje prije nego \u0161to nositelj dozvole mora ponovno zapo\u010deti s podukom vo\u017enje.<\/p>\n<p>iii) Voza\u010dka dozvola za po\u010detnike (CDL)<\/p>\n<p>Voza\u010dka dozvola s punom licencom koja se pretvara iz PDL-a nakon dvije godine. Vlasnici CDL-a moraju zavr\u0161iti 15-to\u010dkovni KEJARA sustav prije nego \u0161to im se dozvola mo\u017ee suspendirati ili oduzeti. CDL se mo\u017ee obnavljati svake jedne, dvije, tri ili pet godina.<\/p>\n<p>Postoji trogodi\u0161nji rok za obnovu voza\u010dke dozvole prije isteka isteka. Vlasnici CDL dozvole mogu biti du\u017eni ponovno poha\u0111ati sve satove vo\u017enje nakon isteka dozvole.<\/p>\n<p>iv) Profesionalna voza\u010dka dozvola (VDL) ili komercijalna voza\u010dka dozvola<\/p>\n<p>Posebna voza\u010dka dozvola za voza\u010de komercijalnih vozila poput autobusa i kamiona, koju zajedni\u010dki izdaju Agencija za cestovni promet (JPJ) i Tijelo za izdavanje dozvola za komercijalna vozila (LPKP).<\/p>\n<p>v) Me\u0111unarodna voza\u010dka dozvola (IDP)<\/p>\n<p>Me\u0111unarodna voza\u010dka dozvola (IDP) daje Malezijcima pravo vo\u017enje u inozemstvu. Saznajte kako dobiti IDP u Maleziji.<\/p>\n<p>OBAVIJEST:<\/p>\n<p>Postoje razli\u010dite klase voza\u010dkih dozvola:<\/p>\n<p>A \u2013 Vozila s invaliditetom<br \/>\nB \u2013 Motocikli (sve zapremnine)<br \/>\nB1 \u2013 Motocikli do 500 ccm<br \/>\nB2 \u2013 Motocikli do 250 ccm<br \/>\nC \u2013 Tricikli<br \/>\nD \/ DA* \u2013 Osobni automobili s masom praznog vozila do 3500 kg<br \/>\nE \u2013 Kamioni (sve klase)<br \/>\nE1 \u2013 Kamioni s masom praznog vozila do 7500 kg<br \/>\nE2 \u2013 Kamioni s masom praznog vozila do 5000 kg<br \/>\nF \u2013 Traktori \/ laki motorni strojevi (vozila na kota\u010dima) s masom praznog vozila do 5000 kg<br \/>\nG \u2013 Traktori \/ laki motorizirani strojevi (gusjeni\u010dna vozila) s masom praznog vozila do 5000 kg<br \/>\nH \u2013 Traktori \/ te\u0161ki motorni strojevi (vozila na kota\u010dima) s neoptere\u0107enom masom ve\u0107om od 5000 kg<br \/>\nI \u2013 Traktori \/ te\u0161ki motorni strojevi (gusjeni\u010dna vozila) s neoptere\u0107enom masom ve\u0107om od 5000 kg<\/p>\n<p>DA* = Samo vozila s automatskim mjenja\u010dem.<\/p>","protected":false},"excerpt":{"rendered":"<p>Razlozi za\u0161to vam je potrebna malezijska voza\u010dka dozvola putem interneta: Vi ste \u017eeljni 17-godi\u0161njak koji \u017eeli samostalno voziti, iseljenik ili<\/p>","protected":false},"featured_media":22679,"template":"","meta":[],"product_brand":[],"product_cat":[927],"product_tag":[],"class_list":{"0":"post-22640","1":"product","2":"type-product","3":"status-publish","4":"has-post-thumbnail","6":"product_cat-fuehrerschein","8":"first","9":"instock","10":"taxable","11":"shipping-taxable","12":"purchasable","13":"product-type-simple"},"_links":{"self":[{"href":"https:\/\/primeprintingweb.com\/hr\/wp-json\/wp\/v2\/product\/22640","targetHints":{"allow":["GET"]}}],"collection":[{"href":"https:\/\/primeprintingweb.com\/hr\/wp-json\/wp\/v2\/product"}],"about":[{"href":"https:\/\/primeprintingweb.com\/hr\/wp-json\/wp\/v2\/types\/product"}],"version-history":[{"count":2,"href":"https:\/\/primeprintingweb.com\/hr\/wp-json\/wp\/v2\/product\/22640\/revisions"}],"predecessor-version":[{"id":22823,"href":"https:\/\/primeprintingweb.com\/hr\/wp-json\/wp\/v2\/product\/22640\/revisions\/22823"}],"wp:featuredmedia":[{"embeddable":true,"href":"https:\/\/primeprintingweb.com\/hr\/wp-json\/wp\/v2\/media\/22679"}],"wp:attachment":[{"href":"https:\/\/primeprintingweb.com\/hr\/wp-json\/wp\/v2\/media?parent=22640"}],"wp:term":[{"taxonomy":"product_brand","embeddable":true,"href":"https:\/\/primeprintingweb.com\/hr\/wp-json\/wp\/v2\/product_brand?post=22640"},{"taxonomy":"product_cat","embeddable":true,"href":"https:\/\/primeprintingweb.com\/hr\/wp-json\/wp\/v2\/product_cat?post=22640"},{"taxonomy":"product_tag","embeddable":true,"href":"https:\/\/primeprintingweb.com\/hr\/wp-json\/wp\/v2\/product_tag?post=22640"}],"curies":[{"name":"wp","href":"https:\/\/api.w.org\/{rel}","templated":true}]}}