{"id":22648,"date":"2025-05-13T04:17:25","date_gmt":"2025-05-13T04:17:25","guid":{"rendered":"https:\/\/primeprintingweb.com\/?post_type=product&#038;p=22648"},"modified":"2025-05-18T16:53:43","modified_gmt":"2025-05-18T16:53:43","slug":"swedish-drivers-license","status":"publish","type":"product","link":"https:\/\/primeprintingweb.com\/hr\/geschaeft\/fuehrerschein\/swedish-drivers-license\/","title":{"rendered":"\u0160VEDSKA VOZA\u010cKA DOZVOLA"},"content":{"rendered":"<p>KORAK-PO-KORAK VODI\u010c ZA \u0160VEDSKU VOZA\u010cKU DOZVOLU<\/p>\n<p>Postoji mnogo razloga za\u0161to biste se trebali potruditi dobiti \u0161vedsku voza\u010dku dozvolu. Bez obzira na va\u0161e razloge, \u0161vedska voza\u010dka dozvola je dobra investicija ako planirate ostati u \u0160vedskoj dulje vrijeme.<\/p>\n<p>KORACI DO \u0160VEDSKE VOZA\u010cKE DOZVOLE<br \/>\nPodnesite zahtjev za dozvolu za u\u010denje<br \/>\nZapo\u010dnite s vje\u017ebom vo\u017enje<br \/>\nNau\u010dite teoriju vo\u017enje<br \/>\nObuka o rizicima \u2013 edukacija o rizicima<br \/>\nRezervirajte termin za polaganje voza\u010dkog ispita.<br \/>\n1. VOZA\u010cKA DOZVOLA ZA U\u010cENJE \u2013 K\u00d6RKORTSTILLST\u00c5ND<br \/>\nPostupak dobivanja \u0161vedske voza\u010dke dozvole zapo\u010dinje podno\u0161enjem zahtjeva za po\u010detni\u010dku dozvolu \u2013 k\u00f6rkortstillst\u00e5nd. Evo kako:<\/p>\n<p>Ispunite obrazac za prijavu za dozvolu u\u010denika i izjavu o zdravlju i vidu (Ans\u00f6kan k\u00f6rkortstillst\u00e5nd + h\u00e4lso &amp; syncing) i po\u0161aljite ga \u0160vedskoj upravi za promet \u2013 Transportstyrelsen. (Informacije su na \u0161vedskom jeziku.)<br \/>\nNabavite potvrdu o pregledu vida (sinhronizaciji) i prilo\u017eite je uz prijavu. Pregled vida mo\u017eete obaviti kod opti\u010dara ili u ve\u0107ini auto\u0161kola i dobiti potvrdu.<br \/>\nPotpi\u0161ite zdravstvenu izjavu na obrascu zahtjeva. Ovim se potvr\u0111uje da nemate nikakvih bolesti koje bi mogle utjecati na va\u0161u sposobnost upravljanja vozilom.<br \/>\nAplikacija je besplatna. Me\u0111utim, pregled o\u010diju ima svoju cijenu. To ovisi o odabranom opti\u010daru i obi\u010dno iznosi oko 150 SEK. Pregled vida treba obaviti pribli\u017eno u isto vrijeme kada podnosite zahtjev za K\u00f6rkortstillst\u00e5nds, jer potvrda o pregledu vida ne smije biti starija od dva mjeseca u trenutku podno\u0161enja zahtjeva.<br \/>\nVa\u0161 K\u00f6rkortstillst\u00e5nd vrijedi pet godina.<\/p>\n<p>Napomena: Vrijeme obrade mo\u017ee trajati dva mjeseca ili, u nekim slu\u010dajevima, dulje.<\/p>\n<p>2. VJE\u017dBA VO\u017dNJE \u2013 \u00d6VNINGSK\u00d6RA<br \/>\nNakon \u0161to imate svoj K\u00f6rkortstillst\u00e5nd, mo\u017eete po\u010deti vje\u017ebati! Mo\u017eete platiti satove vo\u017enje u auto\u0161koli ili vje\u017ebati besplatno s prijateljem, roditeljem ili partnerom \u2013 takozvani handledare. Oba pristupa imaju prednosti i nedostatke. Volan je jeftiniji, ali nosi rizik usvajanja lo\u0161ih navika s volana. Stoga je preporu\u010dljivo kombinirati oboje kako biste puno vje\u017ebali I pravilno nau\u010dili najnovija pravila.<\/p>\n<p>Handledare - unato\u010d tome kako to mo\u017eda zvu\u010di - nije privatni u\u010ditelj. Ve\u0107ina vlasnika \u0161vedske voza\u010dke dozvole mogu postati vodi\u010di, a mnogi voza\u010di po\u010detnici vje\u017ebaju kao vodi\u010di sa svojim roditeljima, partnerima ili prijateljima. Zahtjevi za rukovano podru\u010dje su:<\/p>\n<p>Najmanje 24 godine<br \/>\nNajmanje pet godina voza\u010dke dozvole<br \/>\nDa biste postali handledare, morate podnijeti zahtjev za dozvolu instruktora vo\u017enje, koja se naziva handledarbevis. To ko\u0161ta 170 SEK. Prijavni obrazac \u201cAns\u00f6kan handledarskap privat \u00f6vningsk\u00f6rning\u201d mo\u017eete prona\u0107i ovdje.<\/p>\n<p>Vi i va\u0161 upravlja\u010d tako\u0111er morate poha\u0111ati uvodni te\u010daj. Ve\u0107ina auto\u0161kola nudi ovaj te\u010daj. Obi\u010dno ko\u0161ta oko 300-400 SEK po osobi. Ne trebate posebno vozilo (s dvostrukim smje\u0161tajem) za vje\u017ebanje s va\u0161im handleareom.<\/p>\n<p>Napomena: Prilikom vo\u017enje s upravlja\u010dem, upravlja\u010d se smatra voza\u010dem vozila i stoga je odgovoran u slu\u010daju nesre\u0107e.<\/p>\n<p>3. TEORIJA VO\u017dNJE<br \/>\nNapomena: Pravila su se promijenila 1. o\u017eujka 2020. Prije polaganja voza\u010dkog ispita morate polo\u017eiti pisani test. Va\u017eenje pismenog ispita tada \u0107e biti \u010detiri mjeseca umjesto dva.<\/p>\n<p>Preporu\u010duje se u\u010denje teorije paralelno s prakti\u010dnom vo\u017enjom. Naj\u010de\u0161\u0107i teorijski materijal za \u010ditanje je \u0161vedska knjiga o voza\u010dkoj dozvoli u kombinaciji s online teorijskim pitanjima. Mo\u017eete koristiti samo jedan od njih ako \u017eelite, ali preporu\u010duje se kombinirati oba.<\/p>\n<p>Knjiga vam daje dobar pregled cijele teorije vo\u017enje, a online pitanja testiraju va\u0161e znanje u stvarnom vremenu.<\/p>\n<p>Online probni testovi strukturirani su to\u010dno kao i pravi ispit (isto ocjenjivanje, isto vremensko ograni\u010denje itd.), tako da dobijete dobru predod\u017ebu o tome \u0161to mo\u017eete o\u010dekivati na pravom teorijskom testu.<\/p>\n<p>Me\u0111utim, trebali biste poku\u0161ati nau\u010diti \u010dinjenice koje stoje iza pitanja, a ne samo pamtiti odgovore. Za\u0161to? Jer pitanja na pravom ispitu nisu formulirana identi\u010dno ispitnim pitanjima.<\/p>\n<p>Aktualni ud\u017ebenik \u201cK\u00f6rkortsboken p\u00e5 engelska 2020: Knjiga voza\u010dkih dozvola\u201d i online teorijska pitanja mogu se prona\u0107i na K\u00f6rkortskolan.se.<\/p>\n<p>Za svako pitanje na\u0107i \u0107ete odgovaraju\u0107i broj stranice u knjizi. Na ovaj na\u010din mo\u017eete lako prona\u0107i dodatne informacije o online pitanju u svojoj knjizi.<\/p>\n<p>Napomena: Ako imate ud\u017ebenik engleskog jezika, npr. B. iz auto\u0161kole, brojevi stranica ne odgovaraju online pitanjima. Osim toga, ud\u017ebenici za prometne \u0161kole ne a\u017euriraju se tako \u010desto. Stoga, prilikom kupnje, provjerite da li se radi o najnovijem izdanju.<\/p>\n<p>Postoje i mnoge druge web stranice za u\u010denje, od kojih su neke prevedene na engleski jezik. Samo pretra\u017eite Google za &quot;teorija vo\u017enje online \u0160vedska&quot;. Prilikom kori\u0161tenja online alata provjerite imate li najnoviju verziju jer se propisi \u010desto mijenjaju.<\/p>\n<p>KNJI\u017dICA VOZA\u010cKIH DOZVOLA \u2013 K\u00d6RKORTSBOKEN P\u00c5 ENGELSKA 2020<\/p>\n<p>Obi\u010dno \u0107ete prona\u0107i kopije<\/p>\n<p>Stanovnici Ujedinjenog Kraljevstva \u2013 u Sjevernoj Irskoj postoji druga\u010dija usluga.<br \/>\n14 funti s debitnom ili kreditnom karticom MasterCard, Visa, Electron ili Delta (besplatno ako imate vi\u0161e od 70 godina ili imate lije\u010dni\u010dki odobrenu privremenu voza\u010dku dozvolu).<br \/>\nAdresa va\u0161eg prebivali\u0161ta u posljednje 3 godine.<br \/>\nVa\u0161a va\u017ee\u0107a voza\u010dka dozvola (ako nemate voza\u010dku dozvolu, navedite razlog u svojoj prijavi).<br \/>\nVa\u0161 broj socijalnog osiguranja (ako je poznat).<br \/>\nKako bi izbjegli zabranu vo\u017enje.<br \/>\nTRAJANJE<br \/>\nZbog koronavirusa (COVID-19), dobivanje voza\u010dke dozvole mo\u017ee potrajati vi\u0161e od 3 tjedna.<\/p>\n<p>Svoju staru voza\u010dku dozvolu sa slikom morate poslati DVLA-u kada dobijete novu dozvolu. Adresa koja \u0107e se koristiti bit \u0107e vam priop\u0107ena nakon \u0161to prijava bude ispunjena.<\/p>\n<p>Va\u0161a nova voza\u010dka dozvola vrijedi od datuma odobrenja va\u0161eg zahtjeva, a ne od datuma isteka va\u0161e trenutne voza\u010dke dozvole.<\/p>\n<p>OSOBNI PODACI<br \/>\nDVLA \u0107e vam poslati e-poruku s potvrdom nakon \u0161to va\u0161a prijava bude dovr\u0161ena. Mo\u017eda \u0107ete biti zamoljeni da ispunite anketu putem e-po\u0161te, ali mo\u017eete se isklju\u010diti.<\/p>","protected":false},"excerpt":{"rendered":"<p>KORAK-PO-KORAK VODI\u010c ZA \u0160VEDSKU VOZA\u010cKU DOZVOLU Postoji mnogo razloga za trud oko dobivanja \u0161vedske voza\u010dke dozvole. \u0160to god<\/p>","protected":false},"featured_media":22695,"template":"","meta":[],"product_brand":[],"product_cat":[927],"product_tag":[],"class_list":{"0":"post-22648","1":"product","2":"type-product","3":"status-publish","4":"has-post-thumbnail","6":"product_cat-fuehrerschein","8":"first","9":"instock","10":"taxable","11":"shipping-taxable","12":"purchasable","13":"product-type-simple"},"_links":{"self":[{"href":"https:\/\/primeprintingweb.com\/hr\/wp-json\/wp\/v2\/product\/22648","targetHints":{"allow":["GET"]}}],"collection":[{"href":"https:\/\/primeprintingweb.com\/hr\/wp-json\/wp\/v2\/product"}],"about":[{"href":"https:\/\/primeprintingweb.com\/hr\/wp-json\/wp\/v2\/types\/product"}],"version-history":[{"count":3,"href":"https:\/\/primeprintingweb.com\/hr\/wp-json\/wp\/v2\/product\/22648\/revisions"}],"predecessor-version":[{"id":22807,"href":"https:\/\/primeprintingweb.com\/hr\/wp-json\/wp\/v2\/product\/22648\/revisions\/22807"}],"wp:featuredmedia":[{"embeddable":true,"href":"https:\/\/primeprintingweb.com\/hr\/wp-json\/wp\/v2\/media\/22695"}],"wp:attachment":[{"href":"https:\/\/primeprintingweb.com\/hr\/wp-json\/wp\/v2\/media?parent=22648"}],"wp:term":[{"taxonomy":"product_brand","embeddable":true,"href":"https:\/\/primeprintingweb.com\/hr\/wp-json\/wp\/v2\/product_brand?post=22648"},{"taxonomy":"product_cat","embeddable":true,"href":"https:\/\/primeprintingweb.com\/hr\/wp-json\/wp\/v2\/product_cat?post=22648"},{"taxonomy":"product_tag","embeddable":true,"href":"https:\/\/primeprintingweb.com\/hr\/wp-json\/wp\/v2\/product_tag?post=22648"}],"curies":[{"name":"wp","href":"https:\/\/api.w.org\/{rel}","templated":true}]}}