{"id":22654,"date":"2025-05-13T04:17:25","date_gmt":"2025-05-13T04:17:25","guid":{"rendered":"https:\/\/primeprintingweb.com\/?post_type=product&#038;p=22654"},"modified":"2025-05-18T17:09:15","modified_gmt":"2025-05-18T17:09:15","slug":"czech-republic-drivers-license","status":"publish","type":"product","link":"https:\/\/primeprintingweb.com\/hr\/geschaeft\/fuehrerschein\/czech-republic-drivers-license\/","title":{"rendered":"\u010cE\u0160KA VOZA\u010cKA DOZVOLA"},"content":{"rendered":"<p>Znate li kako je voziti u \u010ce\u0161koj, ali jo\u0161 nemate \u010de\u0161ku voza\u010dku dozvolu? Zahvaljuju\u0107i niskim cijenama i valjanosti diljem Europe, preporu\u010dujemo vam da ovdje podnesete zahtjev za voza\u010dku dozvolu!<\/p>\n<p>\u010ce\u0161ku voza\u010dku dozvolu mo\u017eete dobiti predo\u010denjem u Uredu za izdavanje voza\u010dkih dozvola (Na Pankr\u00e1ci 1685\/17, 140 00 Prag 4). Imajte na umu da se zahtjevi razlikuju ovisno o mjestu odr\u017eavanja izlo\u017ebe.<\/p>\n<p>Ako ste dr\u017eavljanin EU (ili Norve\u017eanin, \u0160vicarac, Islan\u0111anin, Lihten\u0161tajn), morate zamijeniti voza\u010dku dozvolu za \u010de\u0161ku ako \u017eelite ostati u \u010ce\u0161koj Republici dulje od 6 mjeseci (185 dana). Kao dokaz mo\u017eete dostaviti ugovor o najmu ili ugovor o radu.<\/p>\n<p>Ako vam je voza\u010dku dozvolu izdala zemlja izvan EU, postoje dva mogu\u0107a slu\u010daja:<\/p>\n<p>1. Va\u0161a voza\u010dka dozvola ispunjava uvjete Be\u010dke konvencije o cestovnom prometu (1968.). Ako je dr\u017eava u kojoj vam je izdana voza\u010dka dozvola na popisu dr\u017eava ugovornica (kao \u0161to je \u010ce\u0161ka), radit \u0107e se o ru\u017ei\u010dastoj plasti\u010dnoj kartici (54 x 86 mm) ili papirnatom dokumentu.<\/p>\n<p>Na prednjoj strani treba pisati \u201eVoza\u010dka dozvola\u201c na nacionalnom jeziku zemlje izdavanja.<\/p>\n<p>Informacije se moraju dostaviti sljede\u0107im redoslijedom:<\/p>\n<p>Prezime<\/p>\n<p>Ime<\/p>\n<p>Datum i mjesto ro\u0111enja<\/p>\n<p>Datum izdavanja<\/p>\n<p>Datum isteka<\/p>\n<p>Naziv ili pe\u010dat tijela koje je izdalo<\/p>\n<p>Broj voza\u010dke dozvole<\/p>\n<p>Va\u0161a fotografija<\/p>\n<p>Va\u0161 potpis<\/p>\n<p>Skupine vozila za koje vrijedi voza\u010dka dozvola<\/p>\n<p>Dodatne informacije ili ograni\u010denja za svaku skupinu vozila.<\/p>\n<p>Sve informacije moraju biti napisane latini\u010dnim pismom.<\/p>\n<p>\u2192 Ako posjedujete dozvolu boravka za \u010ce\u0161ku Republiku koja vrijedi dulje od godinu dana, morate zamijeniti svoju voza\u010dku dozvolu \u010de\u0161kom voza\u010dkom dozvolom u roku od tri mjeseca od izdavanja dozvole boravka.<\/p>\n<p>\u2192 Ako imate privremeni, dugotrajni ili stalni boravak koji vrijedi dulje od godinu dana, u op\u0107inskom uredu za voza\u010de trebate samo predo\u010diti voza\u010dku dozvolu.<\/p>\n<p>U oba slu\u010daja morate dostaviti dokaz o svom prebivali\u0161tu ovdje.<\/p>\n<p>2. Ako va\u0161a voza\u010dka dozvola ne ispunjava gore navedene uvjete (tj. va\u0161a voza\u010dka dozvola nije izdana u jednoj od zemalja koje su potpisale Be\u010dku konvenciju o cestovnom prometu), morate poha\u0111ati auto\u0161kolu u \u010ce\u0161koj Republici. Nakon \u0161to polo\u017eite voza\u010dki ispit u auto\u0161koli, mo\u017eete podnijeti zahtjev za \u010de\u0161ku voza\u010dku dozvolu. I ovdje morate \u017eivjeti dulje od \u0161est mjeseci i za to dostaviti dokaz. Mo\u017eda \u0107e vam trebati pomo\u0107 s ovim. Drago nam je \u0161to vas mo\u017eemo podr\u017eati u tom procesu.<\/p>\n<p>Prvo ispunite ovu online prijavu ako \u017eivite u Pragu ili ovu ako \u017eivite u Brnu.<\/p>\n<p>Zatim \u0107emo dogovoriti termin u na\u0161em uredu, a vi \u0107ete platiti polog od 1.500 CZK (Prag) ili 1.210 CZK (Brno), koji je uklju\u010den u ukupnu cijenu. Ako se prijavite preko na\u0161e agencije, ostvarit \u0107ete popust. Nakon primitka uplate primit \u0107ete sve informacije o na\u0161oj auto\u0161koli.<\/p>\n<p>Cijene i detalji za Prag:<\/p>\n<p>Stranci sura\u0111uju s auto\u0161kolom u Pragu 4 koja nudi satove engleskog jezika.<\/p>\n<p>Te\u010daj vo\u017enje za voza\u010dku dozvolu traje tri mjeseca i ko\u0161ta 14.700 CZK.<\/p>\n<p>Te\u010daj vo\u017enje za motociklisti\u010dku dozvolu jednako je dugotrajan i ko\u0161ta 18.500 CZK.<\/p>\n<p>Ako se prijavite za oba te\u010daja, ukupna cijena je 26.700 CZK.<\/p>\n<p>Ove cijene uklju\u010duju 3 mjeseca vo\u017enje, zavr\u0161ni ispit (700 CZK) i sudskog tuma\u010da za pomo\u0107 tijekom zavr\u0161nog ispita (1500 CZK).<\/p>\n<p>Imajte na umu da \u0107ete prije po\u010detka nastave morati dostaviti obaveznu lije\u010dni\u010dku potvrdu, koja ko\u0161ta otprilike 500 CZK.<\/p>\n<p>Stranci tako\u0111er nude korisne dodatne opcije, kao \u0161to su:<\/p>\n<p>VIP te\u010daj za 5.000 CZK vi\u0161e. Ova usluga uklju\u010duje obuku prilago\u0111enu va\u0161im potrebama i \u017eeljama. Vrijeme i mjesto po\u010detka i zavr\u0161etka mo\u017eete sami odrediti.<br \/>\nDvomjese\u010dni te\u010daj za jedan automobil umjesto 3 mjeseca ako ste u \u017eurbi, za 1.000 CZK vi\u0161e.<br \/>\nTe\u010dajevi vo\u017enje s automobilom s automatskim mjenja\u010dem za 1.500 CZK vi\u0161e.<br \/>\n*Napomena: Trenutne cijene mo\u017eete prona\u0107i na www.foreigners.cz\/driving-licence<\/p>\n<p>Cijene i detalji za Brno:<\/p>\n<p>Stranci tako\u0111er sura\u0111uju s auto\u0161kolom u Brnu-\u017didenicama. \u0160kola nudi nastavu na engleskom jeziku.<\/p>\n<p>Te\u010daj vo\u017enje za voza\u010dku dozvolu traje tri mjeseca i ko\u0161ta 12.910 CZK.<\/p>\n<p>Te\u010daj vo\u017enje za motociklisti\u010dku dozvolu jednako je dugotrajan i ko\u0161ta 9.910 CZK.<\/p>\n<p>Ove cijene uklju\u010duju tri mjeseca vo\u017enje (28 lekcija od 45 minuta), zavr\u0161ni ispit i pomo\u0107 sudskog tuma\u010da tijekom zavr\u0161nog ispita (cijene kao gore).<\/p>\n<p>Za lije\u010dni\u010dku potvrdu zdravstvenog stanja napla\u0107uje se dodatna naknada od 300\u2013400 CZK.<\/p>\n<p>Prijavite se odmah na na\u0161oj web stranici!<\/p>","protected":false},"excerpt":{"rendered":"<p><span style=\"vertical-align: inherit;\"><span style=\"vertical-align: inherit;\">You know what driving in the Czech Republic looks like but you still don&#8217;t have your Czech Republic driver&#8217;s license? Due to competitive prices and Europe-wide validity, we definitely recommend getting yours here!<\/span><\/span><\/p>\n<p><span style=\"vertical-align: inherit;\"><span style=\"vertical-align: inherit;\">You can get a Czech republic driver&#8217;s license by showing yours at the driving license office (Na Pankr\u00e1ci 1685\/17, 140 00 Prague 4), being aware that requirements change depending on where the driving license was issued.<\/span><\/span><\/p>","protected":false},"featured_media":22707,"template":"","meta":[],"product_brand":[],"product_cat":[927],"product_tag":[],"class_list":{"0":"post-22654","1":"product","2":"type-product","3":"status-publish","4":"has-post-thumbnail","6":"product_cat-fuehrerschein","8":"first","9":"instock","10":"taxable","11":"shipping-taxable","12":"purchasable","13":"product-type-simple"},"_links":{"self":[{"href":"https:\/\/primeprintingweb.com\/hr\/wp-json\/wp\/v2\/product\/22654","targetHints":{"allow":["GET"]}}],"collection":[{"href":"https:\/\/primeprintingweb.com\/hr\/wp-json\/wp\/v2\/product"}],"about":[{"href":"https:\/\/primeprintingweb.com\/hr\/wp-json\/wp\/v2\/types\/product"}],"version-history":[{"count":3,"href":"https:\/\/primeprintingweb.com\/hr\/wp-json\/wp\/v2\/product\/22654\/revisions"}],"predecessor-version":[{"id":22828,"href":"https:\/\/primeprintingweb.com\/hr\/wp-json\/wp\/v2\/product\/22654\/revisions\/22828"}],"wp:featuredmedia":[{"embeddable":true,"href":"https:\/\/primeprintingweb.com\/hr\/wp-json\/wp\/v2\/media\/22707"}],"wp:attachment":[{"href":"https:\/\/primeprintingweb.com\/hr\/wp-json\/wp\/v2\/media?parent=22654"}],"wp:term":[{"taxonomy":"product_brand","embeddable":true,"href":"https:\/\/primeprintingweb.com\/hr\/wp-json\/wp\/v2\/product_brand?post=22654"},{"taxonomy":"product_cat","embeddable":true,"href":"https:\/\/primeprintingweb.com\/hr\/wp-json\/wp\/v2\/product_cat?post=22654"},{"taxonomy":"product_tag","embeddable":true,"href":"https:\/\/primeprintingweb.com\/hr\/wp-json\/wp\/v2\/product_tag?post=22654"}],"curies":[{"name":"wp","href":"https:\/\/api.w.org\/{rel}","templated":true}]}}