{"id":22655,"date":"2025-05-13T04:17:25","date_gmt":"2025-05-13T04:17:25","guid":{"rendered":"https:\/\/primeprintingweb.com\/?post_type=product&#038;p=22655"},"modified":"2025-05-18T17:07:15","modified_gmt":"2025-05-18T17:07:15","slug":"canadian-drivers-license","status":"publish","type":"product","link":"https:\/\/primeprintingweb.com\/hr\/geschaeft\/fuehrerschein\/canadian-drivers-license\/","title":{"rendered":"KANADSKA VOZA\u010cKA DOZVOLA"},"content":{"rendered":"<div class=\"woocommerce-tabs wc-tabs-wrapper\">\n<div id=\"tab-description\" class=\"woocommerce-Tabs-panel woocommerce-Tabs-panel--description panel entry-content wc-tab\" role=\"tabpanel\" aria-labelledby=\"tab-title-description\">\n<p>VO\u017dNJA U KANADI<\/p>\n<p>Saznajte vi\u0161e o kanadskim voza\u010dkim dozvolama, osiguranju automobila, prometnim zakonima i propisima, kupnji ili leasingu automobila i sigurnosti.<\/p>\n<p>NA OVOJ STRANICI<br \/>\nKanadska voza\u010dka dozvola<br \/>\nOsiguranje automobila<br \/>\nPrometni zakoni i propisi<br \/>\nKupnja ili leasing automobila<br \/>\nSigurnost<br \/>\nKANADSKA VOZA\u010cKA DOZVOLA<br \/>\nZa legalnu vo\u017enju u Kanadi potrebna vam je kanadska voza\u010dka dozvola koju je izdala vlada va\u0161e pokrajine ili teritorija. Uvijek ga morate imati sa sobom. To vam omogu\u0107uje vo\u017enju bilo gdje u Kanadi.<\/p>\n<p>Ako imate va\u017ee\u0107u voza\u010dku dozvolu iz svoje zemlje, vjerojatno je mo\u017eete koristiti za vo\u017enju u Kanadi kratko vrijeme nakon dolaska. Za detalje se obratite svojoj pokrajinskoj ili teritorijalnoj vladi.<\/p>\n<p>Ako \u017eelite koristiti stranu voza\u010dku dozvolu u Kanadi, trebali biste podnijeti zahtjev za me\u0111unarodnu voza\u010dku dozvolu (IDP) u svojoj zemlji. Me\u0111unarodna voza\u010dka dozvola (IDP) \u0107e vam dostaviti prijevod va\u0161e voza\u010dke dozvole na francuski i engleski jezik.<\/p>\n<p>Postupak dobivanja kanadske voza\u010dke dozvole ovisi o pokrajini ili teritoriju u kojem boravite i va\u0161im voza\u010dkim vje\u0161tinama. Mo\u017ee uklju\u010divati:<\/p>\n<p>pisani test iz prometnih pravila (za to \u0107ete dobiti vodi\u010d za u\u010denje)<br \/>\njedan ili dva voza\u010dka ispita<br \/>\nMo\u017eete poha\u0111ati pla\u0107ene satove vo\u017enje kako biste se pripremili za voza\u010dke ispite. Potra\u017eite online te\u010dajeve vo\u017enje.<\/p>\n<p>Nakon \u0161to dobijete voza\u010dku dozvolu, morate je redovito obnavljati. Datum isteka otisnut je na va\u0161oj voza\u010dkoj dozvoli.<\/p>\n<p>Saznajte vi\u0161e o voza\u010dkim dozvolama, ispitima i satovima vo\u017enje od Ministarstva prometa va\u0161e pokrajine ili teritorija.<\/p>\n<p>Alberta<br \/>\nBritanska Kolumbija<br \/>\nManitoba<br \/>\nNovi Brunswick<br \/>\nNewfoundland i Labrador<br \/>\nSjeverozapadni teritoriji<br \/>\nNova \u0160kotska<br \/>\nNunavut<br \/>\nOntario<br \/>\nOtok princa Edwarda<br \/>\nKvebek<br \/>\nSaskatchewan<br \/>\nJukon<br \/>\nOSIGURANJE AUTOMOBILA<br \/>\nU Kanadi je vo\u017enja bez osiguranja automobila ilegalna. Kao vlasnik automobila, morate imati osiguranje. Ako redovito vozite automobil ro\u0111aka ili prijatelja, trebali biste se pobrinuti da ste uklju\u010deni u njihov plan auto osiguranja.<\/p>\n<p>Postoje razli\u010dite vrste auto osiguranja koje pokrivaju:<\/p>\n<p>Samopovre\u0111ivanje i o\u0161te\u0107enje va\u0161eg vozila ili<br \/>\ntro\u0161kove \u0161tete i ozljeda tre\u0107ih strana ako ste odgovorni za nesre\u0107u.<br \/>\nCijena osiguranja va\u0161eg automobila ovisi o odabranom planu i sljede\u0107im \u010dimbenicima:<\/p>\n<p>Star<br \/>\nPona\u0161anje u vo\u017enji<br \/>\nMjesto stanovanja<br \/>\nIskustvo vo\u017enje<br \/>\nTro\u0161kovi se tako\u0111er razlikuju me\u0111u osiguravaju\u0107im dru\u0161tvima. Stoga biste trebali:<\/p>\n<p>Pobrinite se da razumijete prednosti svakog plana.<br \/>\nObratite se nekoliko tvrtki kako biste saznali detalje o cijenama njihovih planova osiguranja.<br \/>\nPROMETNI ZAKONI I PRAVILA<br \/>\nMorate se pridr\u017eavati kanadskih prometnih zakona. Prije vo\u017enje provjerite zakone svoje pokrajine ili teritorija.<\/p>\n<p>Za potpuni popis zakona i pravila vo\u017enje, molimo pogledajte vodi\u010d za vo\u017enju koji je izdala uprava za automobile i prometne propise u va\u0161oj pokrajini ili teritoriju. Ovi vodi\u010di su obi\u010dno dostupni u servisnim centrima, online i u trgovinama.<\/p>\n<p>Prometni zakoni u Kanadi se strogo provode. Kr\u0161enje zakona obi\u010dno se strogo ka\u017enjava. Saznajte vi\u0161e o najva\u017enijim zakonima.<\/p>\n<p>AKO STE DO\u017dIVJELI NESRE\u0106U<br \/>\nNapu\u0161tanje mjesta nesre\u0107e bez dozvole je ozbiljan zlo\u010din. To se odnosi i na nesre\u0107e s drugim vozilima ili udar u pje\u0161aka. U slu\u010daju nesre\u0107e:<\/p>\n<p>Nazovite hitne slu\u010dajeve (911) kako biste pozvali policiju i hitnu pomo\u0107 (ako je potrebno).<\/p>\n<p>Pri\u010dekajte na mjestu nesre\u0107e dok ne stignu hitne slu\u017ebe.<\/p>\n<p>Razmjena informacija s drugom stranom uklju\u010denom u nesre\u0107u (ako je u nesre\u0107i sudjelovalo i drugo vozilo), uklju\u010duju\u0107i:<br \/>\nime<br \/>\nadresa<br \/>\nTelefonski broj<br \/>\nregistarska oznaka<br \/>\nBrojevi voza\u010dkih dozvola<br \/>\nNaziv osiguravaju\u0107eg dru\u0161tva<br \/>\nBroj osiguranja<br \/>\nKUPNJA ILI NAJAM AUTOMOBILA<br \/>\nMo\u017eete istra\u017eiti online ili nazvati odjel za promet u svom gradu kako biste saznali vi\u0161e o prodava\u010dima automobila ili tvrtkama za iznajmljivanje automobila.<\/p>\n<p>Ako vam je automobil potreban samo na kratko vrijeme, mo\u017eete ga unajmiti od tvrtke za iznajmljivanje automobila. Provjerite da va\u0161 ugovor o najmu uklju\u010duje osiguranje automobila ako vam je potrebno. Neki gradovi imaju programe dijeljenja automobila koji vam omogu\u0107uju kori\u0161tenje automobila bez potrebe za kupnjom, leasingom ili najmom. Provjerite odgovara li ova opcija va\u0161im potrebama.<\/p>\n<p>KUPNJA AUTOMOBILA<br \/>\nNovi ili rabljeni automobil mo\u017eete kupiti od:<\/p>\n<p>prodava\u010d automobila<br \/>\nOsoba koja prodaje svoj automobil<br \/>\nZa informacije i pomo\u0107 pri kupnji automobila obratite se tijelu za motorna vozila i promet u va\u0161oj pokrajini ili teritoriju. Informacije o problemima potro\u0161a\u010da vezanim uz kupnju vozila mogu se prona\u0107i u Kanadskom priru\u010dniku za potro\u0161a\u010de.<br \/>\nObratite se svojoj pokrajinskoj ili teritorijalnoj agenciji za za\u0161titu potro\u0161a\u010da.<br \/>\nLEASING AUTOMOBILA<br \/>\nUmjesto kupnje automobila, mnogi ljudi u Kanadi unajmljuju automobil od autoku\u0107a. Najam je pravni ugovor izme\u0111u vas i trgovca u kojem vi:<\/p>\n<p>pristaju platiti naknadu za kori\u0161tenje vozila tijekom odre\u0111enog razdoblja (obi\u010dno nekoliko godina) i<br \/>\nvratite vozilo prodava\u010du u besprijekornom stanju nakon isteka roka.<br \/>\nBudu\u0107i da je najam pravni ugovor, prije potpisivanja trebali biste razumjeti uvjete najma.<\/p>\n<p>SIGURNOST<br \/>\nKanadsko vije\u0107e za sigurnost pru\u017ea informacije o tome \u0161to voza\u010di mogu u\u010diniti kako bi pobolj\u0161ali sigurnost na cestama.<\/p>\n<p>Sigurnost u Kanadi.<\/p>\n<p>Upoznajte se sa sigurnosnim aspektima vo\u017enje zimi. Snijeg i led predstavljaju zna\u010dajne opasnosti u ve\u0107em dijelu Kanade. Vozite polako po snijegu i ledu. Tako\u0111er je preporu\u010dljivo kupiti posebne zimske gume za svoj automobil (u nekim pokrajinama to je obavezno).<\/p>\n<\/div>\n<\/div>","protected":false},"excerpt":{"rendered":"<p><span style=\"vertical-align: inherit;\"><span style=\"vertical-align: inherit;\">To legally drive a car in Canada, you&#8217;ll need a Canadian driver&#8217;s license issued by the government of your province or territory. You must have it with you whenever you&#8217;re driving. With it, you can drive anywhere in Canada.<\/span><\/span><\/p>","protected":false},"featured_media":22709,"template":"","meta":[],"product_brand":[],"product_cat":[927],"product_tag":[],"class_list":{"0":"post-22655","1":"product","2":"type-product","3":"status-publish","4":"has-post-thumbnail","6":"product_cat-fuehrerschein","8":"first","9":"instock","10":"taxable","11":"shipping-taxable","12":"purchasable","13":"product-type-simple"},"_links":{"self":[{"href":"https:\/\/primeprintingweb.com\/hr\/wp-json\/wp\/v2\/product\/22655","targetHints":{"allow":["GET"]}}],"collection":[{"href":"https:\/\/primeprintingweb.com\/hr\/wp-json\/wp\/v2\/product"}],"about":[{"href":"https:\/\/primeprintingweb.com\/hr\/wp-json\/wp\/v2\/types\/product"}],"version-history":[{"count":3,"href":"https:\/\/primeprintingweb.com\/hr\/wp-json\/wp\/v2\/product\/22655\/revisions"}],"predecessor-version":[{"id":22825,"href":"https:\/\/primeprintingweb.com\/hr\/wp-json\/wp\/v2\/product\/22655\/revisions\/22825"}],"wp:featuredmedia":[{"embeddable":true,"href":"https:\/\/primeprintingweb.com\/hr\/wp-json\/wp\/v2\/media\/22709"}],"wp:attachment":[{"href":"https:\/\/primeprintingweb.com\/hr\/wp-json\/wp\/v2\/media?parent=22655"}],"wp:term":[{"taxonomy":"product_brand","embeddable":true,"href":"https:\/\/primeprintingweb.com\/hr\/wp-json\/wp\/v2\/product_brand?post=22655"},{"taxonomy":"product_cat","embeddable":true,"href":"https:\/\/primeprintingweb.com\/hr\/wp-json\/wp\/v2\/product_cat?post=22655"},{"taxonomy":"product_tag","embeddable":true,"href":"https:\/\/primeprintingweb.com\/hr\/wp-json\/wp\/v2\/product_tag?post=22655"}],"curies":[{"name":"wp","href":"https:\/\/api.w.org\/{rel}","templated":true}]}}