{"id":22656,"date":"2025-05-13T04:17:25","date_gmt":"2025-05-13T04:17:25","guid":{"rendered":"https:\/\/primeprintingweb.com\/?post_type=product&#038;p=22656"},"modified":"2025-05-18T17:05:27","modified_gmt":"2025-05-18T17:05:27","slug":"belgian-drivers-license","status":"publish","type":"product","link":"https:\/\/primeprintingweb.com\/hr\/geschaeft\/fuehrerschein\/belgian-drivers-license\/","title":{"rendered":"BELGIJSKA VOZA\u010cKA DOZVOLA"},"content":{"rendered":"<div class=\"woocommerce-tabs wc-tabs-wrapper\">\n<div id=\"tab-description\" class=\"woocommerce-Tabs-panel woocommerce-Tabs-panel--description panel entry-content wc-tab\" role=\"tabpanel\" aria-labelledby=\"tab-title-description\">\n<p>KAKO DOBITI BELGIJSKU VOZA\u010cKU DOZVOLU<\/p>\n<p>Ako studirate ili radite u Belgiji, mo\u017eda biste trebali dobiti belgijsku voza\u010dku dozvolu tijekom boravka. Ako imate stranu voza\u010dku dozvolu, mo\u017eda \u0107ete je mo\u0107i zamijeniti za belgijsku ili \u0107ete mo\u017eda morati polo\u017eiti teorijski ispit i voza\u010dki ispit. Dobra informiranost o mogu\u0107nostima klju\u010dna je za u\u0161tedu vremena i novca prilikom dobivanja voza\u010dke dozvole u Belgiji.<\/p>\n<p>Ako dolazite iz zemlje EU koja ima sporazum s Belgijom o priznavanju stranih voza\u010dkih dozvola EU, voza\u010dku dozvolu mo\u017eete dobiti u Belgiji. Tako\u0111er mo\u017eete morati imati me\u0111unarodnu voza\u010dku dozvolu (s prijevodom ako je potrebno). Za dodatne informacije o zamjeni voza\u010dke dozvole, registraciji me\u0111unarodne voza\u010dke dozvole i podno\u0161enju zahtjeva za belgijsku voza\u010dku dozvolu, obratite se lokalnoj gradskoj vije\u0107nici (Maison Communale\/Stadhuis) ili op\u0107inskom uredu.<\/p>\n<p>\u0160TO JE S GRA\u0110ANIMA EGP-a KOJI VOZE U BELGIJI?<br \/>\nNe morate zamijeniti voza\u010dku dozvolu ako ste stranac koji se seli u Belgiju iz zemlje Europskog gospodarskog prostora (EU plus Island, Lihten\u0161tajn i Norve\u0161ka).<\/p>\n<p>Dobro je znati:<\/p>\n<p>Registrirajte svoju voza\u010dku dozvolu kod lokalnih vlasti. U slu\u010daju kra\u0111e ili gubitka, dobit \u0107ete belgijsku voza\u010dku dozvolu kao zamjenu.<br \/>\nVoza\u010dku dozvolu EGP-a mo\u017eete zamijeniti belgijskom voza\u010dkom dozvolom kao lokalnom osobnom iskaznicom.<br \/>\nVe\u0107ina voza\u010dkih dozvola EU vrijedi deset godina. Voza\u010dke dozvole s neograni\u010denim rokom valjanosti mo\u017eda \u0107e trebati obnoviti dvije godine nakon \u0161to se slu\u017ebeno registrirate kao stanovnik Belgije.<\/p>\n<p>\u0160TO AKO STE DR\u017dAVLJANIN IZVAN EGP-a?<br \/>\nAko niste dr\u017eavljanin EGP-a, trebali biste znati sljede\u0107e:<\/p>\n<p>Svoju stranu voza\u010dku dozvolu mo\u017eete koristiti do \u0161est mjeseci. Ako boravite dulje od \u0161est mjeseci ili se registrirate kao stanovnik Belgije, trebat \u0107e vam belgijska voza\u010dka dozvola.<br \/>\nProvjerite u svojoj mati\u010dnoj zemlji ili lokalnoj op\u0107ini trebate li me\u0111unarodnu voza\u010dku dozvolu (IDP) i prijevod va\u0161e voza\u010dke dozvole.<br \/>\nMnoge zemlje izvan EGP-a sklopile su sporazume s Belgijom koji omogu\u0107uju jednostavnu zamjenu voza\u010dke dozvole za belgijsku voza\u010dku dozvolu. Me\u0111utim, morate biti registrirani u op\u0107ini i imati belgijsku dozvolu boravka. Ako ste dr\u017eavljanin zemlje koja nije \u010dlanica EGP-a, mo\u017eete provjeriti web stranicu belgijske vlade kako biste vidjeli postoji li odgovaraju\u0107i sporazum za va\u0161u zemlju.<\/p>\n<p>Ako va\u0161a zemlja nema takav sporazum s Belgijom, morate polo\u017eiti belgijski teorijski i prakti\u010dni voza\u010dki ispit. Posjetite ispitne centre (GOCA ili SBAT). Tamo mo\u017eete polagati teorijski ispit iz engleskog jezika ako se na vrijeme prijavite.<br \/>\nAko ste ve\u0107 zamijenili stranu voza\u010dku dozvolu za voza\u010dku dozvolu iz druge zemlje EU, ona \u0107e biti priznata i u Belgiji.<br \/>\nZAVR\u0160ETAK BELGIJSKOG TEORIJSKOG I VOZA\u010cKOG ISPITA<br \/>\nAko morate polagati teorijski i voza\u010dki ispit za belgijsku voza\u010dku dozvolu, trebali biste znati sljede\u0107e:<\/p>\n<p>Voza\u010dki ispit se odr\u017eava u slu\u017ebenom ispitnom centru. Tekst se mo\u017ee pohraniti na francuskom ili nizozemskom jeziku.<br \/>\nAko rezervirate termin u ispitnom centru u Schaerbeeku u Bruxellesu, mo\u017eete polagati teorijski ispit s prevoditeljem. New Traffic Books nudi knjigu teorije engleskog jezika s vje\u017ebama za pripremu. Kliknite ovdje za vi\u0161e informacija (samo na francuskom i nizozemskom).<br \/>\nMolimo vas da sa sobom na ispit ponesete osobnu iskaznicu i kotizaciju (15 EUR za osnovni ispit ili 50 EUR uklju\u010duju\u0107i prevoditelja). Trebate napraviti pregled vida.<br \/>\nCijena voza\u010dkog ispita kre\u0107e se izme\u0111u 30 i 50 eura, ovisno o zahtjevima. Cjenik mo\u017eete prona\u0107i ovdje na francuskom ili nizozemskom jeziku.<br \/>\nVa\u0161a voza\u010dka dozvola vrijedi do tri godine. Va\u0161e lokalne vlasti izdat \u0107e vam privremenu voza\u010dku dozvolu koja vrijedi 18 ili 36 mjeseci. S ovom voza\u010dkom dozvolom mo\u017eete polagati prakti\u010dni ispit ako imate vi\u0161e od 18 godina.<br \/>\nKOJI SU VAM DOKUMENTI POTREBNI ZA DOBIVANJE VOZA\u010cKE DOZVOLE U BELGIJI?<br \/>\nNa voza\u010dki ispit ponesite sljede\u0107e originalne dokumente:<\/p>\n<p>Dokaz identiteta<br \/>\nPrivremena voza\u010dka dozvola<br \/>\nDokaz o uplati naknade<br \/>\nDokaz o osiguranju<br \/>\nRegistracija vozila<br \/>\nKAKO DOBITI VOZA\u010cKU DOZVOLU U BELGIJI?<br \/>\nNakon \u0161to polo\u017eite prakti\u010dni ispit, ponesite svoju potvrdu zajedno s dvije fotografije za putovnicu i dokazom o identitetu u gradsku vije\u0107nicu (Maison Communale\/Stadhuis) u va\u0161em podru\u010dju. Tamo \u0107e vam biti izdana privremena voza\u010dka dozvola dok vam se ne po\u0161alje puna voza\u010dka dozvola.<\/p>\n<p>SADA STE SPREMNI ZA VO\u017dNJU U BELGIJI! URA!<\/p>\n<\/div>\n<\/div>","protected":false},"excerpt":{"rendered":"<p>Ako \u0107ete studirati ili raditi u Belgiji, mo\u017eda biste \u017eeljeli dobiti belgijsku voza\u010dku dozvolu dok ste tamo. Ako imate stranu voza\u010dku dozvolu, mo\u017eda \u0107ete je mo\u0107i zamijeniti za belgijsku ili \u0107ete mo\u017eda morati polo\u017eiti teorijski i voza\u010dki ispit. Dobra informiranost o mogu\u0107nostima klju\u010dna je za u\u0161tedu vremena i novca kada je u pitanju dobivanje voza\u010dke dozvole u Belgiji.<\/p>","protected":false},"featured_media":22711,"template":"","meta":[],"product_brand":[],"product_cat":[927],"product_tag":[],"class_list":{"0":"post-22656","1":"product","2":"type-product","3":"status-publish","4":"has-post-thumbnail","6":"product_cat-fuehrerschein","8":"first","9":"instock","10":"taxable","11":"shipping-taxable","12":"purchasable","13":"product-type-simple"},"_links":{"self":[{"href":"https:\/\/primeprintingweb.com\/hr\/wp-json\/wp\/v2\/product\/22656","targetHints":{"allow":["GET"]}}],"collection":[{"href":"https:\/\/primeprintingweb.com\/hr\/wp-json\/wp\/v2\/product"}],"about":[{"href":"https:\/\/primeprintingweb.com\/hr\/wp-json\/wp\/v2\/types\/product"}],"version-history":[{"count":3,"href":"https:\/\/primeprintingweb.com\/hr\/wp-json\/wp\/v2\/product\/22656\/revisions"}],"predecessor-version":[{"id":22822,"href":"https:\/\/primeprintingweb.com\/hr\/wp-json\/wp\/v2\/product\/22656\/revisions\/22822"}],"wp:featuredmedia":[{"embeddable":true,"href":"https:\/\/primeprintingweb.com\/hr\/wp-json\/wp\/v2\/media\/22711"}],"wp:attachment":[{"href":"https:\/\/primeprintingweb.com\/hr\/wp-json\/wp\/v2\/media?parent=22656"}],"wp:term":[{"taxonomy":"product_brand","embeddable":true,"href":"https:\/\/primeprintingweb.com\/hr\/wp-json\/wp\/v2\/product_brand?post=22656"},{"taxonomy":"product_cat","embeddable":true,"href":"https:\/\/primeprintingweb.com\/hr\/wp-json\/wp\/v2\/product_cat?post=22656"},{"taxonomy":"product_tag","embeddable":true,"href":"https:\/\/primeprintingweb.com\/hr\/wp-json\/wp\/v2\/product_tag?post=22656"}],"curies":[{"name":"wp","href":"https:\/\/api.w.org\/{rel}","templated":true}]}}