{"id":22658,"date":"2025-05-13T04:17:26","date_gmt":"2025-05-13T04:17:26","guid":{"rendered":"https:\/\/primeprintingweb.com\/?post_type=product&#038;p=22658"},"modified":"2025-05-18T17:10:11","modified_gmt":"2025-05-18T17:10:11","slug":"australian-drivers-license","status":"publish","type":"product","link":"https:\/\/primeprintingweb.com\/hr\/geschaeft\/fuehrerschein\/australian-drivers-license\/","title":{"rendered":"AUSTRALSKA VOZA\u010cKA DOZVOLA"},"content":{"rendered":"<p>AUSTRALSKA VOZA\u010cKA DOZVOLA<\/p>\n<p>PODNO\u0160ENJE ZAHTJEVA ZA VOZA\u010cKU DOZVOLU NOVOG ZELANDA<br \/>\nNovi Zeland priznaje voza\u010dke dozvole iz odre\u0111enih stranih zemalja. Za informacije o tome koje su zemlje priznate i kako postati priznata zemlja za Novi Zeland, posjetite www.nzta.govt.nz (otvara se u novom prozoru).<\/p>\n<p>PODNO\u0160ENJE ZAHTJEVA ZA AUSTRALSKU VOZA\u010cKU DOZVOLU<br \/>\nAko vam istekne strana voza\u010dka dozvola, mo\u017eda \u0107ete mo\u0107i podnijeti zahtjev za australsku voza\u010dku dozvolu.<\/p>\n<p>Osobe koje ulaze u Australiju s trajnom vizom ili dozvolom za stalni boravak mogu voziti sa svojom va\u017ee\u0107om stranom voza\u010dkom dozvolom najvi\u0161e tri mjeseca nakon dolaska u Australiju. Za nastavak vo\u017enje nakon tri mjeseca, australska voza\u010dka dozvola mora se dobiti u dr\u017eavi ili teritoriju u kojem osoba prebiva.<\/p>\n<p>Priznate zemlje i jurisdikcije<\/p>\n<p>Australske vlasti za izdavanje voza\u010dkih dozvola priznaju odre\u0111ene strane zemlje i jurisdikcije sa standardima za voza\u010dke dozvole usporedivim s onima u Australiji.<\/p>\n<p>Podnositelji zahtjeva iz dolje navedenih zemalja oslobo\u0111eni su polaganja ispita znanja i vo\u017enje prilikom podno\u0161enja zahtjeva za australsku voza\u010dku dozvolu za automobil ili motocikl.<\/p>\n<p>To pojednostavljuje zamjenu voza\u010dke dozvole.<\/p>\n<p>Priznate zemlje i jurisdikcije su:<\/p>\n<p>Austrija<br \/>\nBelgija<br \/>\nBosna i Hercegovina<br \/>\nKanada<br \/>\nHrvatska<br \/>\nDanska<br \/>\nFinska<br \/>\nFrancuska<br \/>\nNjema\u010dka<br \/>\nGr\u010dka<br \/>\nGuernsey<br \/>\nIrska<br \/>\nOtok Man (za voza\u010dke dozvole prvi put izdane 1. travnja 1991. ili kasnije)<br \/>\nItalija<br \/>\nJapan<br \/>\ndres<br \/>\nLuksemburg<br \/>\nMalta (za voza\u010dke dozvole prvi put izdane 2. sije\u010dnja 2004. ili kasnije)<br \/>\nNizozemska<br \/>\nNovi Zeland<br \/>\nNorve\u0161ka<br \/>\nPortugal<br \/>\nSingapur<br \/>\n\u0160panjolska<br \/>\n\u0160vedska<br \/>\n\u0160vicarska<br \/>\nVelika Britanija<br \/>\nSAD<br \/>\nPriznanje kao iskusan voza\u010d<\/p>\n<p>Zemlje i jurisdikcije \u010diji standardi voza\u010dkog ispita ispunjavaju stroge kriterije ocjenjivanja u pogledu dokaza o identitetu, sigurnosnih zna\u010dajki kartice te standarda obuke i ocjenjivanja ispitiva\u010da vo\u017enje, ali ne ispunjavaju sve zahtjeve voza\u010dkog ispita, bit \u0107e razmatrane za priznavanje kao iskusni voza\u010di. Kategorija Iskusni voza\u010d ima za cilj uzeti u obzir voza\u010dko iskustvo i dob osobe kao zamjenu za mjere voza\u010dkog ispita za voza\u010de po\u010detnike.<\/p>\n<p>Sljede\u0107e zemlje i jurisdikcije dobile su status iskusnog voza\u010da:<\/p>\n<p>Bugarska<br \/>\n\u010ce\u0161ka<br \/>\nEstonija<br \/>\nHong Kong (Posebna administrativna regija Narodne Republike Kine)*<br \/>\nMa\u0111arska<br \/>\nLatvija<br \/>\nLitva<br \/>\nPoljska<br \/>\nRepublika Cipar<br \/>\nRepublika Koreja (Ju\u017ena Koreja)<br \/>\nRepublika Srbija<br \/>\nRumunija<br \/>\nSlova\u010dka<br \/>\nSlovenija<br \/>\nJu\u017ena Afrika<br \/>\nTajvan<br \/>\nOsobe u dobi od 25 ili vi\u0161e godina koje posjeduju voza\u010dku dozvolu iz jedne od ovih zemalja mogu zamijeniti svoju stranu dozvolu za australsku voza\u010dku dozvolu bez polaganja voza\u010dkog ispita.<\/p>\n<p>Osobe koje posjeduju voza\u010dku dozvolu jedne od ovih zemalja i mla\u0111e su od 25 godina moraju polagati teorijski i prakti\u010dni voza\u010dki ispit. Ako osoba pro\u0111e testove koje je propisalo nadle\u017eno tijelo, njezina strana voza\u010dka dozvola bit \u0107e, na temelju voza\u010dkog iskustva i dobi, pretvorena u klasu dozvole koju bi imala da je po\u010dela voziti u relevantnoj australskoj jurisdikciji.<\/p>\n<p>* Svatko tko \u017eeli zamijeniti voza\u010dku dozvolu Hong Konga bez voza\u010dkog ispita mora imati najmanje 25 godina i posjedovati voza\u010dku dozvolu Hong Konga najmanje 12 mjeseci.<\/p>\n<p>Druge zemlje<\/p>\n<p>Podnositelji zahtjeva za australsku voza\u010dku dozvolu koji imaju voza\u010dku dozvolu iz nepriznate zemlje moraju polo\u017eiti teorijski ispit i prakti\u010dni ispit vo\u017enje. Ako kandidati polo\u017ee i teorijski i prakti\u010dni ispit, njihova strana voza\u010dka dozvola bit \u0107e pretvorena u kategoriju dozvole koju bi imali da su po\u010deli voziti u relevantnoj australskoj jurisdikciji, na temelju voza\u010dkog iskustva i dobi.<\/p>\n<p>Konverzija strane voza\u010dke dozvole<\/p>\n<p>Osobe koje \u017eele zamijeniti stranu voza\u010dku dozvolu trebaju se izravno obratiti nadle\u017enoj australskoj upravi za cestovni promet.<br \/>\nTeritorij glavnog grada Australije (Otvara se u novom prozoru)<br \/>\nNovi Ju\u017eni Wales (Otvara se u novom prozoru)<br \/>\nSjeverni teritorij (Otvara se u novom prozoru)<br \/>\nQueensland (Otvara se u novom prozoru)<br \/>\nJu\u017ena Australija (Otvara se u novom prozoru)<br \/>\nTasmanija (Otvara se u novom prozoru)<br \/>\nViktorija (Otvara se u novom prozoru)<br \/>\nZapadna Australija<\/p>","protected":false},"excerpt":{"rendered":"<p>Osoba koja u\u0111e u Australiju s trajnom vizom ili koja ima stalni boravak mo\u017ee voziti sa svojom va\u017ee\u0107om inozemnom voza\u010dkom dozvolom najvi\u0161e tri mjeseca nakon dolaska u Australiju. Ako \u017eele nastaviti voziti nakon tri mjeseca, moraju dobiti australsku voza\u010dku dozvolu u dr\u017eavi ili teritoriju u kojem osoba prebiva.<\/p>","protected":false},"featured_media":22715,"template":"","meta":[],"product_brand":[],"product_cat":[927],"product_tag":[],"class_list":{"0":"post-22658","1":"product","2":"type-product","3":"status-publish","4":"has-post-thumbnail","6":"product_cat-fuehrerschein","8":"first","9":"instock","10":"taxable","11":"shipping-taxable","12":"purchasable","13":"product-type-simple"},"_links":{"self":[{"href":"https:\/\/primeprintingweb.com\/hr\/wp-json\/wp\/v2\/product\/22658","targetHints":{"allow":["GET"]}}],"collection":[{"href":"https:\/\/primeprintingweb.com\/hr\/wp-json\/wp\/v2\/product"}],"about":[{"href":"https:\/\/primeprintingweb.com\/hr\/wp-json\/wp\/v2\/types\/product"}],"version-history":[{"count":2,"href":"https:\/\/primeprintingweb.com\/hr\/wp-json\/wp\/v2\/product\/22658\/revisions"}],"predecessor-version":[{"id":22829,"href":"https:\/\/primeprintingweb.com\/hr\/wp-json\/wp\/v2\/product\/22658\/revisions\/22829"}],"wp:featuredmedia":[{"embeddable":true,"href":"https:\/\/primeprintingweb.com\/hr\/wp-json\/wp\/v2\/media\/22715"}],"wp:attachment":[{"href":"https:\/\/primeprintingweb.com\/hr\/wp-json\/wp\/v2\/media?parent=22658"}],"wp:term":[{"taxonomy":"product_brand","embeddable":true,"href":"https:\/\/primeprintingweb.com\/hr\/wp-json\/wp\/v2\/product_brand?post=22658"},{"taxonomy":"product_cat","embeddable":true,"href":"https:\/\/primeprintingweb.com\/hr\/wp-json\/wp\/v2\/product_cat?post=22658"},{"taxonomy":"product_tag","embeddable":true,"href":"https:\/\/primeprintingweb.com\/hr\/wp-json\/wp\/v2\/product_tag?post=22658"}],"curies":[{"name":"wp","href":"https:\/\/api.w.org\/{rel}","templated":true}]}}