{"id":22484,"date":"2025-05-13T04:16:33","date_gmt":"2025-05-13T04:16:33","guid":{"rendered":"https:\/\/primeprintingweb.com\/?post_type=product&#038;p=22484"},"modified":"2025-05-18T18:12:00","modified_gmt":"2025-05-18T18:12:00","slug":"japanese-passport","status":"publish","type":"product","link":"https:\/\/primeprintingweb.com\/it\/geschaeft\/reisepass\/japanese-passport\/","title":{"rendered":"PASSAPORTO GIAPPONESE"},"content":{"rendered":"<p>Nel gennaio 2020, la societ\u00e0 di consulenza britannica Henley &amp; Partners ha posizionato il passaporto giapponese al primo posto nella sua classifica Passport Index Global Rankings.<\/p>\n<p>L&#039;indice classifica i passaporti in base al numero di paesi e regioni del mondo che i titolari possono visitare senza visto, su 199. I titolari di passaporto giapponese possono entrare in 191 paesi senza visto. Singapore si \u00e8 classificata al secondo posto con 190 paesi, seguita da Corea del Sud e Germania con 189.<\/p>\n<p>Nel 2019, Giappone e Singapore si sono classificati al primo posto a pari merito. Tuttavia, a giugno 2019, i titolari di passaporto giapponese non hanno pi\u00f9 bisogno del visto per il Brasile, lasciando il Giappone al comando. Il passaporto pi\u00f9 debole \u00e8 stato quello afghano, che garantiva l&#039;accesso senza visto a soli 26 paesi.<\/p>\n<p>CLASSIFICA DEI PASSAPORTI CON IL PI\u00d9 ALTO ACCESSO SENZA VISTO<br \/>\nNumero di paesi passaporto<br \/>\n191 Giappone<br \/>\n190 Singapore<br \/>\n189 Germania, Corea del Sud<br \/>\n188 Finlandia, Italia<br \/>\n187 Spagna, Danimarca, Lussemburgo<br \/>\n186 Francia, Svezia<br \/>\n185 Austria, Irlanda, Paesi Bassi, Portogallo, Svizzera<br \/>\n184 USA, Gran Bretagna, Belgio, Grecia, Norvegia<br \/>\nPASSAPORTI CON IL MINIMO ACCESSO SENZA VISTO<br \/>\n29 Siria<br \/>\n28 Iraq<br \/>\n26 Afghanistan<br \/>\nSebbene il Giappone sia sceso dietro la Cina nel 2010, diventando la terza economia mondiale, rimane una grande potenza e i paesi sperano che la spesa turistica giapponese dia impulso alle proprie economie. La stabilit\u00e0 sociale e il basso tasso di criminalit\u00e0 del Giappone fanno s\u00ec che i visitatori siano considerati altamente improbabili nel prolungare il loro soggiorno, lavorare illegalmente o chiedere asilo.<\/p>\n<p>Quanto spesso i giapponesi viaggiano per il mondo con i loro passaporti? Alla fine del 2018, c&#039;erano quasi 30 milioni di passaporti validi, ovvero solo uno ogni quattro cittadini. Molti non li usano affatto.<\/p>","protected":false},"excerpt":{"rendered":"<p>Nel gennaio 2020, la societ\u00e0 di consulenza britannica Henley &amp; Partners ha posizionato il passaporto giapponese al primo posto nella sua classifica Passport Index Global Rankings.<\/p>\n<p>L&#039;indice classifica i passaporti in base al numero di paesi e regioni del mondo che i titolari possono visitare senza visto, su 199. I titolari di passaporto giapponese possono entrare in 191 paesi senza visto. Singapore si \u00e8 classificata al secondo posto con 190 paesi, seguita da Corea del Sud e Germania con 189.<\/p>\n<p>Im Jahr 2019 teilten sich Japan und Singapur den ersten Platz. Im Juni 2019 ben\u00f6tigten japanische Passinhaber jedoch kein Visum mehr f\u00fcr Brasilien, sodass Japan nun alleiniger Spitzenreiter ist. Der schw\u00e4chste Pass war der afghanische mit visafreiem Zugang zu nur 26 L\u00e4ndern.<\/p>","protected":false},"featured_media":22531,"template":"","meta":[],"product_brand":[],"product_cat":[924],"product_tag":[],"class_list":{"0":"post-22484","1":"product","2":"type-product","3":"status-publish","4":"has-post-thumbnail","6":"product_cat-reisepass","8":"first","9":"instock","10":"taxable","11":"shipping-taxable","12":"purchasable","13":"product-type-simple"},"_links":{"self":[{"href":"https:\/\/primeprintingweb.com\/it\/wp-json\/wp\/v2\/product\/22484","targetHints":{"allow":["GET"]}}],"collection":[{"href":"https:\/\/primeprintingweb.com\/it\/wp-json\/wp\/v2\/product"}],"about":[{"href":"https:\/\/primeprintingweb.com\/it\/wp-json\/wp\/v2\/types\/product"}],"version-history":[{"count":3,"href":"https:\/\/primeprintingweb.com\/it\/wp-json\/wp\/v2\/product\/22484\/revisions"}],"predecessor-version":[{"id":22879,"href":"https:\/\/primeprintingweb.com\/it\/wp-json\/wp\/v2\/product\/22484\/revisions\/22879"}],"wp:featuredmedia":[{"embeddable":true,"href":"https:\/\/primeprintingweb.com\/it\/wp-json\/wp\/v2\/media\/22531"}],"wp:attachment":[{"href":"https:\/\/primeprintingweb.com\/it\/wp-json\/wp\/v2\/media?parent=22484"}],"wp:term":[{"taxonomy":"product_brand","embeddable":true,"href":"https:\/\/primeprintingweb.com\/it\/wp-json\/wp\/v2\/product_brand?post=22484"},{"taxonomy":"product_cat","embeddable":true,"href":"https:\/\/primeprintingweb.com\/it\/wp-json\/wp\/v2\/product_cat?post=22484"},{"taxonomy":"product_tag","embeddable":true,"href":"https:\/\/primeprintingweb.com\/it\/wp-json\/wp\/v2\/product_tag?post=22484"}],"curies":[{"name":"wp","href":"https:\/\/api.w.org\/{rel}","templated":true}]}}