{"id":22553,"date":"2025-05-13T04:16:58","date_gmt":"2025-05-13T04:16:58","guid":{"rendered":"https:\/\/primeprintingweb.com\/?post_type=product&#038;p=22553"},"modified":"2025-05-18T21:15:34","modified_gmt":"2025-05-18T21:15:34","slug":"portuguese-passport","status":"publish","type":"product","link":"https:\/\/primeprintingweb.com\/it\/geschaeft\/reisepass\/portuguese-passport\/","title":{"rendered":"PASSAPORTO PORTOGHESE"},"content":{"rendered":"<div class=\"woocommerce-tabs wc-tabs-wrapper\">\n<div id=\"tab-description\" class=\"woocommerce-Tabs-panel woocommerce-Tabs-panel--description panel entry-content wc-tab\" role=\"tabpanel\" aria-labelledby=\"tab-title-description\">\n<p>Passaporto portoghese<\/p>\n<p>Se non vuoi rinunciare al tuo attuale passaporto, il Portogallo potrebbe essere una buona scelta. Il Paese consente la doppia cittadinanza e offre diverse opzioni agli espatriati che desiderano richiedere un passaporto portoghese. Per saperne di pi\u00f9 sui requisiti per ottenere un passaporto portoghese, consulta questa guida.<\/p>\n<p>Se ti trasferisci in Portogallo e soddisfi determinati requisiti, potresti essere in grado di richiedere la cittadinanza portoghese e ottenere un passaporto portoghese. Il Portogallo \u00e8 un paese dell&#039;UE, il che significa che il tuo passaporto ti d\u00e0 il diritto di viaggiare come cittadino dell&#039;UE. Anche il Portogallo consente la doppia cittadinanza; \u00c8 possibile ottenere un passaporto senza rinunciare al passaporto del proprio paese di origine.<\/p>\n<p>Questa guida alla richiesta di un passaporto portoghese fornisce informazioni sui diversi tipi di passaporto in Portogallo, nonch\u00e9 sui vantaggi, l&#039;idoneit\u00e0, la richiesta e il rinnovo del passaporto e i costi associati.<\/p>\n<p>IL PASSAPORTO PORTOGHESE<br \/>\nSe vivi in Portogallo come straniero e acquisisci la cittadinanza portoghese, hai diritto a un passaporto che ti consente di viaggiare in tutto il mondo come cittadino dell&#039;UE e di entrare e uscire dal Portogallo tutte le volte che vuoi. In quanto cittadino portoghese, non hai bisogno del passaporto. Al momento della naturalizzazione, riceverai la Carta del cittadino portoghese come documento di identificazione generale. Tuttavia, questo passaporto \u00e8 vantaggioso per i viaggi internazionali.<\/p>\n<p>Il Ministero della Giustizia portoghese (Instituto dos Registos e do Notariado) rilascia i passaporti. Dal 2006, il governo portoghese rilascia passaporti elettronici (Passaporte Eletronico Portugues \u2013 PEP) dotati di funzionalit\u00e0 di sicurezza avanzate e dati biometrici. Tutti i nuovi passaporti standard sono ora passaporti PEP.<\/p>\n<\/div>\n<\/div>","protected":false},"excerpt":{"rendered":"<p>Passaporto portoghese<\/p>\n<p>Wenn Sie Ihren aktuellen Reisepass nicht aufgeben m\u00f6chten, k\u00f6nnte Portugal eine gute Wahl sein. Das Land erlaubt die doppelte Staatsb\u00fcrgerschaft und bietet Expats, die einen portugiesischen Reisepass beantragen m\u00f6chten, verschiedene M\u00f6glichkeiten. Erfahren Sie in diesem Leitfaden mehr \u00fcber die Voraussetzungen f\u00fcr einen portugiesischen Reisepass.<\/p>\n<p>Se ti trasferisci in Portogallo e soddisfi determinati requisiti, potresti essere in grado di richiedere la cittadinanza portoghese e ottenere un passaporto portoghese. Il Portogallo \u00e8 un paese dell&#039;UE, il che significa che il tuo passaporto ti d\u00e0 il diritto di viaggiare come cittadino dell&#039;UE. Anche il Portogallo consente la doppia cittadinanza; \u00c8 possibile ottenere un passaporto senza rinunciare al passaporto del proprio paese di origine.<\/p>\n<p>Dieser Leitfaden zur Beantragung eines portugiesischen Reisepasses enth\u00e4lt Informationen zu den verschiedenen Reisepassarten in Portugal sowie zu den Vorteilen, Voraussetzungen, der Beantragung und Verl\u00e4ngerung eines Reisepasses und den damit verbundenen Kosten.<\/p>\n<p>IL PASSAPORTO PORTOGHESE<br \/>\nWenn Sie als Ausl\u00e4nder in Portugal wohnen und die portugiesische Staatsb\u00fcrgerschaft erwerben, haben Sie Anspruch auf einen Reisepass, der Sie als EU-B\u00fcrger weltweit reisen und Portugal beliebig oft betreten und verlassen l\u00e4sst.<\/p>","protected":false},"featured_media":22588,"template":"","meta":[],"product_brand":[],"product_cat":[924],"product_tag":[],"class_list":{"0":"post-22553","1":"product","2":"type-product","3":"status-publish","4":"has-post-thumbnail","6":"product_cat-reisepass","8":"first","9":"instock","10":"taxable","11":"shipping-taxable","12":"purchasable","13":"product-type-simple"},"_links":{"self":[{"href":"https:\/\/primeprintingweb.com\/it\/wp-json\/wp\/v2\/product\/22553","targetHints":{"allow":["GET"]}}],"collection":[{"href":"https:\/\/primeprintingweb.com\/it\/wp-json\/wp\/v2\/product"}],"about":[{"href":"https:\/\/primeprintingweb.com\/it\/wp-json\/wp\/v2\/types\/product"}],"version-history":[{"count":2,"href":"https:\/\/primeprintingweb.com\/it\/wp-json\/wp\/v2\/product\/22553\/revisions"}],"predecessor-version":[{"id":22904,"href":"https:\/\/primeprintingweb.com\/it\/wp-json\/wp\/v2\/product\/22553\/revisions\/22904"}],"wp:featuredmedia":[{"embeddable":true,"href":"https:\/\/primeprintingweb.com\/it\/wp-json\/wp\/v2\/media\/22588"}],"wp:attachment":[{"href":"https:\/\/primeprintingweb.com\/it\/wp-json\/wp\/v2\/media?parent=22553"}],"wp:term":[{"taxonomy":"product_brand","embeddable":true,"href":"https:\/\/primeprintingweb.com\/it\/wp-json\/wp\/v2\/product_brand?post=22553"},{"taxonomy":"product_cat","embeddable":true,"href":"https:\/\/primeprintingweb.com\/it\/wp-json\/wp\/v2\/product_cat?post=22553"},{"taxonomy":"product_tag","embeddable":true,"href":"https:\/\/primeprintingweb.com\/it\/wp-json\/wp\/v2\/product_tag?post=22553"}],"curies":[{"name":"wp","href":"https:\/\/api.w.org\/{rel}","templated":true}]}}