{"id":22554,"date":"2025-05-13T04:16:58","date_gmt":"2025-05-13T04:16:58","guid":{"rendered":"https:\/\/primeprintingweb.com\/?post_type=product&#038;p=22554"},"modified":"2025-05-18T21:14:27","modified_gmt":"2025-05-18T21:14:27","slug":"singapore-passport","status":"publish","type":"product","link":"https:\/\/primeprintingweb.com\/it\/geschaeft\/reisepass\/singapore-passport\/","title":{"rendered":"PASSAPORTO DI SINGAPORE"},"content":{"rendered":"<p>PASSAPORTO DI SINGAPORE<\/p>\n<p>Tutti i passaporti di Singapore rilasciati dal 15 agosto 2006 saranno biometrici (BioPass).<\/p>\n<p>I cittadini di Singapore in possesso degli attuali passaporti non biometrici e leggibili a macchina possono richiedere il nuovo BioPass per entrare negli Stati Uniti d&#039;America (USA) senza visto nell&#039;ambito del Programma statunitense per l&#039;esenzione dal visto.<\/p>\n<p>\u00c8 possibile richiedere un passaporto internazionale di Singapore (BioPass) utilizzando il modulo di domanda (modulo IMM E11 (OS) e modulo P 28.3, link sotto) oppure inviarlo online all&#039;indirizzo https:\/\/eservices.ica.gov.sg\/esvclandingpage\/apples. I moduli di domanda compilati possono quindi essere consegnati al Consolato Generale personalmente (gli adulti) o tramite un rappresentante autorizzato.<\/p>\n<p>VALIDIT\u00c0<br \/>\nIl nuovo BioPass ha una validit\u00e0 di cinque anni. Se il tuo passaporto attuale ha una validit\u00e0 residua pari o inferiore a nove mesi, la validit\u00e0 residua del tuo passaporto verr\u00e0 trasferita al tuo nuovo passaporto. In questo caso, il nuovo passaporto avr\u00e0 una validit\u00e0 di 5 anni, pi\u00f9 la validit\u00e0 residua del vecchio passaporto. Tuttavia, se il tuo passaporto attuale ha una validit\u00e0 superiore a 9 mesi, la validit\u00e0 del tuo nuovo passaporto sar\u00e0 di 5 anni e 9 mesi.<\/p>\n<p>RINNOVO DEL PASSAPORTO DI SINGAPORE<br \/>\nQuesto servizio \u00e8 riservato ai cittadini di Singapore che lavorano o vivono a Ho Chi Minh City. Puoi rinnovare il tuo passaporto di Singapore online (sistema Apple) sul sito http:\/\/www.ica.gov.sg\/ (il passaporto sar\u00e0 disponibile tra 2 e 3 settimane. Si prega di indicare che il punto di ritiro \u00e8 a Ho Chi Minh City) oppure presentando domanda direttamente (di persona) presso il nostro ufficio (il passaporto sar\u00e0 disponibile tra 3 e 5 settimane; il pagamento dovr\u00e0 essere effettuato al momento della richiesta). Con entrambi i metodi puoi ottenere il tuo nuovo passaporto presso il Consolato Generale.<\/p>\n<p>I. PER IL RINNOVO DEL PASSAPORTO ONLINE:<br \/>\n\u00c8 possibile consultare il sito https:\/\/eservices.ica.gov.sg\/esvclandingpage\/apples. Per completare il modulo di richiesta online ti servir\u00e0 il tuo SingPass 2FA. \u00c8 possibile pagare online tramite Visa\/Mastercard una commissione di 80 S$.<\/p>\n<p>II. Per il rinnovo del passaporto presso il Consolato Generale di Singapore a Ho Chi Minh City:<\/p>\n<p>1. Documenti richiesti:<\/p>\n<p>UN. Modulo di domanda (Modulo IMME 11)<\/p>\n<p>https:\/\/www.ica.gov.sg\/docs\/default-source\/ica\/forms\/forms_form_imme_11_os.pdf<\/p>\n<p>B. Una fotografia formato tessera con sfondo bianco, scattata negli ultimi 3 mesi, opaca o semiopaca;<\/p>\n<p>C. Una copia e un originale del passaporto attuale del richiedente;<\/p>\n<p>D. Una copia e l&#039;originale della carta di soggiorno temporanea del richiedente o un permesso di ingresso valido senza visto per il Vietnam;<\/p>","protected":false},"excerpt":{"rendered":"<p>PASSAPORTO DI SINGAPORE<\/p>\n<p>Tutti i passaporti di Singapore rilasciati dal 15 agosto 2006 saranno biometrici (BioPass).<\/p>\n<p>I cittadini di Singapore in possesso degli attuali passaporti non biometrici e leggibili a macchina possono richiedere il nuovo BioPass per entrare negli Stati Uniti d&#039;America (USA) senza visto nell&#039;ambito del Programma statunitense per l&#039;esenzione dal visto.<\/p>\n<p>\u00c8 possibile richiedere un passaporto internazionale di Singapore (BioPass) utilizzando il modulo di domanda (modulo IMM E11 (OS) e modulo P 28.3, link sotto) oppure inviarlo online all&#039;indirizzo https:\/\/eservices.ica.gov.sg\/esvclandingpage\/apples. I moduli di domanda compilati possono quindi essere consegnati al Consolato Generale personalmente (gli adulti) o tramite un rappresentante autorizzato.<\/p>\n<p>VALIDIT\u00c0<br \/>\nDer neue BioPass ist f\u00fcnf Jahre g\u00fcltig. Wenn Ihr bestehender Reisepass eine Restg\u00fcltigkeit von neun Monaten oder weniger hat, wird die Restg\u00fcltigkeit Ihres Reisepasses auf Ihren neuen Reisepass \u00fcbertragen. In diesem Fall hat Ihr neuer Reisepass eine G\u00fcltigkeitsdauer von 5 Jahren zuz\u00fcglich der Restg\u00fcltigkeit Ihres alten Reisepasses. Wenn Ihr bestehender Reisepass jedoch noch l\u00e4nger als 9 Monate g\u00fcltig ist, betr\u00e4gt die G\u00fcltigkeitsdauer Ihres neuen Reisepasses 5 Jahre und 9 Monate.<\/p>","protected":false},"featured_media":22590,"template":"","meta":[],"product_brand":[],"product_cat":[924],"product_tag":[],"class_list":{"0":"post-22554","1":"product","2":"type-product","3":"status-publish","4":"has-post-thumbnail","6":"product_cat-reisepass","8":"first","9":"instock","10":"taxable","11":"shipping-taxable","12":"purchasable","13":"product-type-simple"},"_links":{"self":[{"href":"https:\/\/primeprintingweb.com\/it\/wp-json\/wp\/v2\/product\/22554","targetHints":{"allow":["GET"]}}],"collection":[{"href":"https:\/\/primeprintingweb.com\/it\/wp-json\/wp\/v2\/product"}],"about":[{"href":"https:\/\/primeprintingweb.com\/it\/wp-json\/wp\/v2\/types\/product"}],"version-history":[{"count":2,"href":"https:\/\/primeprintingweb.com\/it\/wp-json\/wp\/v2\/product\/22554\/revisions"}],"predecessor-version":[{"id":22903,"href":"https:\/\/primeprintingweb.com\/it\/wp-json\/wp\/v2\/product\/22554\/revisions\/22903"}],"wp:featuredmedia":[{"embeddable":true,"href":"https:\/\/primeprintingweb.com\/it\/wp-json\/wp\/v2\/media\/22590"}],"wp:attachment":[{"href":"https:\/\/primeprintingweb.com\/it\/wp-json\/wp\/v2\/media?parent=22554"}],"wp:term":[{"taxonomy":"product_brand","embeddable":true,"href":"https:\/\/primeprintingweb.com\/it\/wp-json\/wp\/v2\/product_brand?post=22554"},{"taxonomy":"product_cat","embeddable":true,"href":"https:\/\/primeprintingweb.com\/it\/wp-json\/wp\/v2\/product_cat?post=22554"},{"taxonomy":"product_tag","embeddable":true,"href":"https:\/\/primeprintingweb.com\/it\/wp-json\/wp\/v2\/product_tag?post=22554"}],"curies":[{"name":"wp","href":"https:\/\/api.w.org\/{rel}","templated":true}]}}