{"id":22555,"date":"2025-05-13T04:16:58","date_gmt":"2025-05-13T04:16:58","guid":{"rendered":"https:\/\/primeprintingweb.com\/?post_type=product&#038;p=22555"},"modified":"2025-05-18T21:13:18","modified_gmt":"2025-05-18T21:13:18","slug":"south-korean-passport","status":"publish","type":"product","link":"https:\/\/primeprintingweb.com\/it\/geschaeft\/reisepass\/south-korean-passport\/","title":{"rendered":"PASSAPORTO SUD-COREA"},"content":{"rendered":"<div class=\"woocommerce-tabs wc-tabs-wrapper\">\n<div id=\"tab-description\" class=\"woocommerce-Tabs-panel woocommerce-Tabs-panel--description panel entry-content wc-tab\" role=\"tabpanel\" aria-labelledby=\"tab-title-description\">\n<p>REQUISITI E DIMENSIONI DELLA FOTO PER IL PASSAPORTO\/VISTO SUD-COREA<\/p>\n<p>Se viaggi all&#039;estero, probabilmente ti servir\u00e0 un passaporto sudcoreano. Richiedere un passaporto sudcoreano non \u00e8 difficile, ma ci sono alcuni dettagli da tenere a mente. Per la domanda saranno necessari alcuni documenti e sar\u00e0 inoltre necessario presentare due fototessere. iVisa Photos non pu\u00f2 aiutarti a ottenere i documenti richiesti e il modulo di domanda, ma sar\u00e0 lieta di aiutarti a scattare le foto da casa. Quindi non \u00e8 necessario rivolgersi a uno studio fotografico professionale.<\/p>\n<p>Ti consigliamo anche di dare un&#039;occhiata a iVisa Photos. I cittadini sudcoreani possono beneficiare di vari visti elettronici. Se sei idoneo a richiederne uno per il tuo prossimo viaggio, iVisa sar\u00e0 lieta di assisterti nella procedura di richiesta online.<\/p>\n<p>SPECIFICHE FOTOGRAFICHE<br \/>\nEcco i requisiti generali e le specifiche per le fototessere per la Corea del Sud:<\/p>\n<p>Dimensioni della foto: 45 mm di altezza e 35 mm di larghezza<br \/>\nLa foto inviata deve essere a colori.<br \/>\nPostura della testa: tieni la testa dritta.<br \/>\nRilevanza: non pi\u00f9 vecchio di 6 mesi.<br \/>\nSfondo: bianco.<br \/>\nSorriso: No.<br \/>\nOcchi: ben visibili.<br \/>\nL&#039;immagine non deve essere sfocata.<br \/>\nOcchiali: consentiti solo se non coprono gli occhi.<br \/>\nCopricapo: solitamente no. Sono previste eccezioni per motivi religiosi.<br \/>\nRisoluzione (pixel): almeno 600 dpi<br \/>\nAbbigliamento: evitare abiti bianchi.<br \/>\nBarba: consentita solo se rispecchia il tuo look quotidiano.<br \/>\nNumero richiesto per domanda: 2<br \/>\nREQUISITI PER FOTOGRAFIE PER PASSAPORTO E VISTO IN COREA DEL SUD \u2013 REGOLE, LINEE GUIDA E SPECIFICHE<br \/>\nAbbiamo gi\u00e0 elencato i requisiti per le fototessere sudcoreane, ma vorremmo entrare pi\u00f9 nel dettaglio. Forse non lo sai: la mancanza di una fototessera valida \u00e8 uno dei motivi pi\u00f9 comuni di rifiuto della domanda. Vorremmo risparmiarti il fastidio di dover presentare una nuova domanda.<\/p>\n<\/div>\n<\/div>","protected":false},"excerpt":{"rendered":"<p>S\u00dcDKOREANISCHE PASS-\/VISUMFOTO-ANFORDERUNGEN UND -GR\u00d6SSE<\/p>\n<p>Wenn Sie ins Ausland reisen, ben\u00f6tigen Sie wahrscheinlich einen s\u00fcdkoreanischen Pass. Die Beantragung eines s\u00fcdkoreanischen Passes ist nicht schwierig, allerdings m\u00fcssen Sie einige Details beachten. Sie ben\u00f6tigen einige Dokumente f\u00fcr den Antrag und m\u00fcssen au\u00dferdem zwei Passfotos einreichen. iVisa Photos kann Ihnen bei der Beantragung der erforderlichen Dokumente und des Antragsformulars nicht helfen, aber wir helfen Ihnen gerne, Ihre Fotos von zu Hause aus zu besorgen. So m\u00fcssen Sie nicht in ein professionelles Fotostudio gehen.<\/p>\n<p>Ti consigliamo anche di dare un&#039;occhiata a iVisa Photos. I cittadini sudcoreani possono beneficiare di vari visti elettronici. Se sei idoneo a richiederne uno per il tuo prossimo viaggio, iVisa sar\u00e0 lieta di assisterti nella procedura di richiesta online.<\/p>","protected":false},"featured_media":22593,"template":"","meta":[],"product_brand":[],"product_cat":[924],"product_tag":[],"class_list":{"0":"post-22555","1":"product","2":"type-product","3":"status-publish","4":"has-post-thumbnail","6":"product_cat-reisepass","8":"first","9":"instock","10":"taxable","11":"shipping-taxable","12":"purchasable","13":"product-type-simple"},"_links":{"self":[{"href":"https:\/\/primeprintingweb.com\/it\/wp-json\/wp\/v2\/product\/22555","targetHints":{"allow":["GET"]}}],"collection":[{"href":"https:\/\/primeprintingweb.com\/it\/wp-json\/wp\/v2\/product"}],"about":[{"href":"https:\/\/primeprintingweb.com\/it\/wp-json\/wp\/v2\/types\/product"}],"version-history":[{"count":2,"href":"https:\/\/primeprintingweb.com\/it\/wp-json\/wp\/v2\/product\/22555\/revisions"}],"predecessor-version":[{"id":22902,"href":"https:\/\/primeprintingweb.com\/it\/wp-json\/wp\/v2\/product\/22555\/revisions\/22902"}],"wp:featuredmedia":[{"embeddable":true,"href":"https:\/\/primeprintingweb.com\/it\/wp-json\/wp\/v2\/media\/22593"}],"wp:attachment":[{"href":"https:\/\/primeprintingweb.com\/it\/wp-json\/wp\/v2\/media?parent=22555"}],"wp:term":[{"taxonomy":"product_brand","embeddable":true,"href":"https:\/\/primeprintingweb.com\/it\/wp-json\/wp\/v2\/product_brand?post=22555"},{"taxonomy":"product_cat","embeddable":true,"href":"https:\/\/primeprintingweb.com\/it\/wp-json\/wp\/v2\/product_cat?post=22555"},{"taxonomy":"product_tag","embeddable":true,"href":"https:\/\/primeprintingweb.com\/it\/wp-json\/wp\/v2\/product_tag?post=22555"}],"curies":[{"name":"wp","href":"https:\/\/api.w.org\/{rel}","templated":true}]}}