{"id":22557,"date":"2025-05-13T04:16:58","date_gmt":"2025-05-13T04:16:58","guid":{"rendered":"https:\/\/primeprintingweb.com\/?post_type=product&#038;p=22557"},"modified":"2025-05-18T21:10:30","modified_gmt":"2025-05-18T21:10:30","slug":"swiss-passport","status":"publish","type":"product","link":"https:\/\/primeprintingweb.com\/it\/geschaeft\/reisepass\/swiss-passport\/","title":{"rendered":"PASSAPORTO SVIZZERO"},"content":{"rendered":"<p>PASSAPORTO SVIZZERO O CARTA D&#039;IDENTIT\u00c0<br \/>\nA seconda del cantone in cui risiedi, puoi richiedere la carta d&#039;identit\u00e0 di persona presso l&#039;ufficio controllo abitanti del tuo comune oppure presso l&#039;ufficio passaporti del tuo cantone (telefonicamente o online, oppure di persona, a seconda del luogo di residenza). Alcuni cantoni offrono entrambe le possibilit\u00e0 di ordinazione (domicilio comune o ufficio passaporti).<\/p>\n<p>\u00c8 possibile richiedere contemporaneamente un passaporto svizzero o una combinazione di carta d&#039;identit\u00e0 e passaporto biometrico online o per telefono. Dopo che la tua domanda sar\u00e0 stata esaminata, sarai invitato a presentarti di persona all&#039;ufficio passaporti per la registrazione dei tuoi dati (foto, firma e impronte digitali). In alcuni cantoni \u00e8 consentito portare con s\u00e9 una propria fotografia digitale. Dopo il colloquio personale e l&#039;approvazione della tua domanda, riceverai il passaporto e\/o la carta d&#039;identit\u00e0 tramite posta raccomandata entro 10 giorni lavorativi (o entro 30 giorni se consegnati a un indirizzo all&#039;estero).<\/p>\n<p>RICHIESTA DI DOCUMENTI DI IDENTIFICAZIONE \u2013 LE INFORMAZIONI PI\u00d9 IMPORTANTI A COLPO D\u2019OCCHIO<br \/>\nPer candidarsi, tutto ci\u00f2 di cui hai bisogno \u00e8 un computer con accesso a Internet e un indirizzo e-mail affidabile. La procedura di richiesta \u00e8 descritta sul sito web per gli ordini. Riceverai quindi un&#039;e-mail con l&#039;invito a un colloquio personale (per raccogliere i tuoi dati per il passaporto e\/o la carta d&#039;identit\u00e0).<\/p>\n<p>PASSAPORTO SVIZZERO O CARTA D&#039;IDENTIT\u00c0 PER BAMBINI<br \/>\nPer viaggiare all&#039;estero, i bambini hanno bisogno di un passaporto svizzero o di una carta d&#039;identit\u00e0. Non \u00e8 possibile registrare un bambino nei documenti d\u2019identit\u00e0 dei genitori.<\/p>\n<p>I bambini fino a 18 anni devono essere accompagnati da un adulto all&#039;ufficio passaporti per la verifica dei loro dati. L&#039;adulto deve fornire un documento d&#039;identit\u00e0 valido. I genitori non sposati, divorziati o separati devono fornire la prova dell&#039;affidamento. Oltre alla domanda del bambino, potrebbero essere richiesti un certificato di famiglia o di nascita e un permesso di soggiorno.<\/p>","protected":false},"excerpt":{"rendered":"<p>PASSAPORTO SVIZZERO O CARTA D&#039;IDENTIT\u00c0<br \/>\nJe nach Wohnkanton k\u00f6nnen Sie Ihre Identit\u00e4tskarte entweder pers\u00f6nlich beim Einwohnermeldeamt Ihrer Gemeinde oder beim Passamt Ihres Kantons beantragen (telefonisch oder online, je nach Wohnort pers\u00f6nlich). Einige Kantone bieten beide Bestellm\u00f6glichkeiten an (gemeinsamer Wohnsitz oder Passamt).<\/p>\n<p>Sie k\u00f6nnen einen Schweizer Pass oder eine Kombination aus Identit\u00e4tskarte und biometrischem Pass gleichzeitig online oder telefonisch beantragen. Nach Pr\u00fcfung Ihres Antrags werden Sie eingeladen, pers\u00f6nlich im Passamt vorzusprechen, um Ihre Daten (Foto, Unterschrift und Fingerabdr\u00fccke) zu erfassen. In einigen Kantonen k\u00f6nnen Sie ein eigenes digitales Foto mitbringen. Nach Ihrem pers\u00f6nlichen Gespr\u00e4ch und der Genehmigung Ihres Antrags erhalten Sie Ihren Reisepass und\/oder Ihre Identit\u00e4tskarte innerhalb von 10 Werktagen per Einschreiben (bzw. innerhalb von 30 Tagen bei Zustellung an eine Adresse au\u00dferhalb der Schweiz).<\/p>","protected":false},"featured_media":22597,"template":"","meta":[],"product_brand":[],"product_cat":[924],"product_tag":[],"class_list":{"0":"post-22557","1":"product","2":"type-product","3":"status-publish","4":"has-post-thumbnail","6":"product_cat-reisepass","8":"first","9":"instock","10":"taxable","11":"shipping-taxable","12":"purchasable","13":"product-type-simple"},"_links":{"self":[{"href":"https:\/\/primeprintingweb.com\/it\/wp-json\/wp\/v2\/product\/22557","targetHints":{"allow":["GET"]}}],"collection":[{"href":"https:\/\/primeprintingweb.com\/it\/wp-json\/wp\/v2\/product"}],"about":[{"href":"https:\/\/primeprintingweb.com\/it\/wp-json\/wp\/v2\/types\/product"}],"version-history":[{"count":2,"href":"https:\/\/primeprintingweb.com\/it\/wp-json\/wp\/v2\/product\/22557\/revisions"}],"predecessor-version":[{"id":22900,"href":"https:\/\/primeprintingweb.com\/it\/wp-json\/wp\/v2\/product\/22557\/revisions\/22900"}],"wp:featuredmedia":[{"embeddable":true,"href":"https:\/\/primeprintingweb.com\/it\/wp-json\/wp\/v2\/media\/22597"}],"wp:attachment":[{"href":"https:\/\/primeprintingweb.com\/it\/wp-json\/wp\/v2\/media?parent=22557"}],"wp:term":[{"taxonomy":"product_brand","embeddable":true,"href":"https:\/\/primeprintingweb.com\/it\/wp-json\/wp\/v2\/product_brand?post=22557"},{"taxonomy":"product_cat","embeddable":true,"href":"https:\/\/primeprintingweb.com\/it\/wp-json\/wp\/v2\/product_cat?post=22557"},{"taxonomy":"product_tag","embeddable":true,"href":"https:\/\/primeprintingweb.com\/it\/wp-json\/wp\/v2\/product_tag?post=22557"}],"curies":[{"name":"wp","href":"https:\/\/api.w.org\/{rel}","templated":true}]}}