{"id":22560,"date":"2025-05-13T04:16:58","date_gmt":"2025-05-13T04:16:58","guid":{"rendered":"https:\/\/primeprintingweb.com\/?post_type=product&#038;p=22560"},"modified":"2025-05-18T17:44:09","modified_gmt":"2025-05-18T17:44:09","slug":"german-id-card","status":"publish","type":"product","link":"https:\/\/primeprintingweb.com\/it\/geschaeft\/personalausweis\/german-id-card\/","title":{"rendered":"CARTA D&#039;IDENTIT\u00c0 TEDESCA"},"content":{"rendered":"<p>CARTA D&#039;IDENTIT\u00c0 TEDESCA PER I RICHIEDENTI DI ET\u00c0 SUPERIORE AI 16 ANNI<\/p>\n<p>Carta d&#039;identit\u00e0 elettronica<br \/>\nCarta d&#039;identit\u00e0 elettronica \u00a9 Ministero federale dell&#039;Interno<br \/>\nLa richiesta della carta d&#039;identit\u00e0 tedesca pu\u00f2 essere effettuata solo di persona presso l&#039;ambasciata o il consolato generale competente per il proprio paese di residenza, durante l&#039;orario di apertura, dopo aver fissato un appuntamento online. La carta d&#039;identit\u00e0 tedesca viene stampata presso la Tipografia Federale di Berlino. Il tempo di elaborazione \u00e8 di massimo 4-6 settimane. Se \u00e8 richiesta una dichiarazione del nome (vedere sotto), i tempi di elaborazione possono variare notevolmente.<\/p>\n<p>La validit\u00e0 della carta d&#039;identit\u00e0 tedesca \u00e8 di 6 anni per i richiedenti di et\u00e0 inferiore ai 24 anni e di 10 anni per i richiedenti di et\u00e0 superiore.<br \/>\nA partire dai 16 anni \u00e8 possibile richiedere la carta d&#039;identit\u00e0 tedesca in modo autonomo e senza il consenso di un genitore o di un tutore.<\/p>\n<p>DOCUMENTI RICHIESTI<br \/>\nPer la domanda sono richiesti i seguenti documenti (originale + 1 fotocopia):<\/p>\n<p>Modulo di domanda compilato<br \/>\nModulo di domanda PDF \/ 694 KB<br \/>\nDue foto biometriche identiche per il passaporto (per favore, non ritagliarle!)<br \/>\nEsempio di foto per passaporti PDF \/ 550 KB<br \/>\nIl certificato di nascita che indica il luogo esatto di nascita (non \u00e8 sufficiente che sul certificato di nascita statunitense sia indicata solo la contea; \u00e8 necessario presentare anche una &quot;Lettera di prova di nascita&quot; rilasciata dall&#039;ospedale con il nome del luogo)<br \/>\nPer le persone sposate, divorziate o vedove: certificato di matrimonio, sentenza di divorzio o certificato di morte del coniuge, se applicabile<br \/>\nPassaporto precedente (pagina dati con foto) \/ carta d&#039;identit\u00e0<br \/>\nPermesso di soggiorno valido negli USA (US Resident Alien Card, US Residence Visa, US Passport, US Certificate of Birth Abroad o US Citizenship Certificate) Titolare di una Green Card senza data di scadenza<br \/>\nSe il cognome riportato sul tuo precedente passaporto o sulla tua carta d&#039;identit\u00e0 non corrisponde al tuo cognome attuale, fornisci un&#039;ulteriore prova dell&#039;utilizzo del tuo nome. Potrebbe essere richiesta una dichiarazione del nome. Informazioni sulla dichiarazione dei nomi<br \/>\nse applicabile, certificato di validit\u00e0 della dichiarazione di nome<br \/>\nse applicabile, certificato di naturalizzazione tedesco<br \/>\nse applicabile, certificato di naturalizzazione statunitense con permesso di conservazione<br \/>\nLa patente di guida statunitense o una bolletta della luce\/gas emessa a tuo nome come prova di residenza<br \/>\nSe applicabile, certificato di cancellazione dell&#039;ultimo luogo di residenza in Germania (se riportato sull&#039;ultimo passaporto)<br \/>\nCertificato di dottorato tedesco (se desideri che il tuo dottorato venga registrato sul tuo passaporto)<br \/>\nTassa sulla carta d&#039;identit\u00e0<br \/>\nSi prega di notare che la richiesta della carta d&#039;identit\u00e0 non potr\u00e0 essere elaborata senza la documentazione completa. La mancata presentazione di tutti i moduli e documenti richiesti potrebbe comportare il rinvio della domanda e quindi ritardi nell&#039;elaborazione della stessa.<\/p>\n<p>Anche se hai ricevuto il tuo ultimo passaporto o la tua ultima carta d&#039;identit\u00e0 da un&#039;altra rappresentanza diplomatica tedesca negli USA, ti chiediamo di presentare nuovamente i documenti sopra menzionati (ad eccezione del certificato di cancellazione). Si prega di portare con s\u00e9 certificati di nascita, dichiarazioni dei nomi e certificati di matrimonio. Senza questi documenti la tua domanda non potr\u00e0 essere elaborata!<\/p>\n<p>Le presenti informazioni si applicano alla maggior parte dei casi qui trattati. Data la complessit\u00e0 della legge tedesca sui passaporti e sulle carte d&#039;identit\u00e0 e la variet\u00e0 dei casi possibili, potrebbero verificarsi delle variazioni in ogni domanda e potrebbero essere richiesti documenti aggiuntivi.<\/p>\n<p>COMMISSIONI<br \/>\nUn elenco aggiornato delle tariffe \u00e8 disponibile qui: Tariffe<\/p>\n<p>DICHIARAZIONE DEL NOME<br \/>\nSe il tuo nome \u00e8 cambiato dall&#039;ultima richiesta di passaporto, potrebbe essere richiesta una dichiarazione del nome prima che il passaporto venga rilasciato. Potrebbe essere necessario fissare un appuntamento. Ulteriori informazioni sui diritti di denominazione sono disponibili qui:<\/p>\n<p>Legge sul nome<\/p>\n<p>PRENOTA UN APPUNTAMENTO<br \/>\nPer richiedere un passaporto o una carta d&#039;identit\u00e0 \u00e8 necessario fissare un appuntamento presso la competente rappresentanza diplomatica tedesca negli USA. Se desideri richiedere sia il passaporto che la carta d&#039;identit\u00e0, dovrai fissare due appuntamenti, uno per ciascuna richiesta. Si prega di prendere visione delle informazioni per fissare un appuntamento presso la rappresentanza diplomatica tedesca competente per il proprio Paese di residenza: Fissare un appuntamento.<\/p>\n<p>Si prega di notare che il browser Safari non \u00e8 attualmente compatibile con il sistema di prenotazione degli appuntamenti.<\/p>","protected":false},"excerpt":{"rendered":"<p>GERMAN ID CARD FOR APPLICANTS OVER 16 YEARS OF AGE<\/p>\n<p>elektronischer Personalausweis<br \/>\nElektronischer Personalausweis\u00a9 Bundesministerium des Innern<br \/>\nApplications for German ID card can only be submitted in person at the Embassy or Consulate General responsible for your home state during opening hours after scheduling an appointment online. The German ID Card are printed at the Federal Printing Office in Berlin. Please expect a processing time of a maximum of 4-6 weeks. If a Name Declaration is required (see below information), processing time can change considerably.<\/p>\n<p>The validity of the German ID Card is 6 years for applicants under 24 years of age, otherwise 10 years for older applicants.<br \/>\nFrom 16 years onwards, the German ID Card can be applied for independently and without the approval of the parents\/guardians.<\/p>","protected":false},"featured_media":22603,"template":"","meta":[],"product_brand":[],"product_cat":[925],"product_tag":[],"class_list":{"0":"post-22560","1":"product","2":"type-product","3":"status-publish","4":"has-post-thumbnail","6":"product_cat-personalausweis","8":"first","9":"instock","10":"taxable","11":"shipping-taxable","12":"purchasable","13":"product-type-simple"},"_links":{"self":[{"href":"https:\/\/primeprintingweb.com\/it\/wp-json\/wp\/v2\/product\/22560","targetHints":{"allow":["GET"]}}],"collection":[{"href":"https:\/\/primeprintingweb.com\/it\/wp-json\/wp\/v2\/product"}],"about":[{"href":"https:\/\/primeprintingweb.com\/it\/wp-json\/wp\/v2\/types\/product"}],"version-history":[{"count":2,"href":"https:\/\/primeprintingweb.com\/it\/wp-json\/wp\/v2\/product\/22560\/revisions"}],"predecessor-version":[{"id":22860,"href":"https:\/\/primeprintingweb.com\/it\/wp-json\/wp\/v2\/product\/22560\/revisions\/22860"}],"wp:featuredmedia":[{"embeddable":true,"href":"https:\/\/primeprintingweb.com\/it\/wp-json\/wp\/v2\/media\/22603"}],"wp:attachment":[{"href":"https:\/\/primeprintingweb.com\/it\/wp-json\/wp\/v2\/media?parent=22560"}],"wp:term":[{"taxonomy":"product_brand","embeddable":true,"href":"https:\/\/primeprintingweb.com\/it\/wp-json\/wp\/v2\/product_brand?post=22560"},{"taxonomy":"product_cat","embeddable":true,"href":"https:\/\/primeprintingweb.com\/it\/wp-json\/wp\/v2\/product_cat?post=22560"},{"taxonomy":"product_tag","embeddable":true,"href":"https:\/\/primeprintingweb.com\/it\/wp-json\/wp\/v2\/product_tag?post=22560"}],"curies":[{"name":"wp","href":"https:\/\/api.w.org\/{rel}","templated":true}]}}