{"id":22563,"date":"2025-05-13T04:16:58","date_gmt":"2025-05-13T04:16:58","guid":{"rendered":"https:\/\/primeprintingweb.com\/?post_type=product&#038;p=22563"},"modified":"2025-05-18T17:42:11","modified_gmt":"2025-05-18T17:42:11","slug":"italian-id-card","status":"publish","type":"product","link":"https:\/\/primeprintingweb.com\/it\/geschaeft\/personalausweis\/italian-id-card\/","title":{"rendered":"CARTA D&#039;IDENTIT\u00c0 ITALIANA"},"content":{"rendered":"<p>CARTA D&#039;IDENTIT\u00c0 ITALIANA O CARTA D&#039;IDENTIT\u00c0 ITALIANA<\/p>\n<p>Che cos&#039;\u00e8?<br \/>\nLa Carta d&#039;Identit\u00e0 Nazionale Italiana \u00e8 utilizzata per l&#039;identificazione in Italia e in Europa. Non \u00e8 necessaria con il passaporto, ed \u00e8 quasi impossibile ottenerne una negli Stati Uniti. \u00c8 un piccolo documento simile a un libretto (vedi immagine sopra).<\/p>\n<p>A cosa serve?<\/p>\n<p>In alcuni casi, pu\u00f2 sostituire il passaporto. Per lavorare in Italia e in altri paesi dell&#039;Unione Europea, \u00e8 necessaria la carta d&#039;identit\u00e0 o il passaporto. Elenco dei paesi che riconoscono e accettano la carta d&#039;identit\u00e0 per l&#039;ingresso nel proprio territorio. Per questi paesi, la carta d&#039;identit\u00e0 equivale al passaporto:<br \/>\nAUSTRIA<br \/>\nBELGIO<br \/>\nCIPRO<br \/>\nCROAZIA<br \/>\nDANIMARCA<br \/>\nFINLANDIA<br \/>\nFRANCIA<br \/>\nGERMANIA<br \/>\nGRAN BRETAGNA<br \/>\nGRECIA<br \/>\nUNGHERIA<br \/>\nIRLANDA<br \/>\nISLANDA<br \/>\nLIECHTENSTEIN<br \/>\nLUSSEMBURGO<br \/>\nMALTA<br \/>\nMONACO<br \/>\nNORVEGIA<br \/>\nPAESI BASSI<br \/>\nPORTOGALLO<br \/>\nSLOVENIA<br \/>\nSPAGNA<br \/>\nSVEZIA<br \/>\nSVIZZERA<br \/>\nMACEDONIA (Solo in combinazione con una carta d&#039;identit\u00e0 speciale, rilasciata alla frontiera dietro pagamento di una tariffa di circa 25,82 \u20ac.)<br \/>\nMAROCCO, TUNISIA e T\u00fcrkiye (Solo per le persone che viaggiano nell&#039;ambito di un tour organizzato.)<\/p>\n<p>Ne ho bisogno?<br \/>\nSe hai un passaporto italiano, probabilmente no. Serve semplicemente come ulteriore documento d&#039;identit\u00e0. Se hai la possibilit\u00e0 di richiederne uno, dovresti procurartene uno. Non guasta, soprattutto se hai intenzione di vivere e lavorare in Italia. Inoltre, \u00e8 una cosa positiva.<\/p>\n<p>Come posso ottenerne uno?<\/p>\n<p>Per ottenere la carta d&#039;identit\u00e0, \u00e8 necessario essere cittadini italiani e i propri dati anagrafici devono essere registrati presso il proprio comune. Se non si \u00e8 cittadini italiani, non \u00e8 possibile ottenerla.<\/p>\n<p>\u00c8 necessario presentarsi personalmente presso il Comune e presentare quanto segue:<br \/>\n3 foto recenti (senza copricapo)<br \/>\nIl tuo documento di identit\u00e0 (passaporto, certificato di cittadinanza, patente di guida statunitense, ecc.). Qualcosa che provi la tua identit\u00e0.<br \/>\nDopo aver presentato questi documenti ed entro i termini richiesti, la carta d&#039;identit\u00e0 verr\u00e0 rilasciata direttamente. \u00c8 necessario indicare che si desidera che il documento sia valido per l&#039;estero.<\/p>\n<p>Rinnovo della carta d&#039;identit\u00e0<br \/>\nLa carta d&#039;identit\u00e0 ha una validit\u00e0 di cinque anni dalla data di rilascio (data di rilascio sotto la foto).<\/p>\n<p>Cittadini italiani: \u00e8 necessario presentare solo il documento scaduto (per periodi di validit\u00e0 pi\u00f9 lunghi, \u00e8 necessario un documento d&#039;identit\u00e0 con foto o due testimoni aggiuntivi) e tre foto. In caso di furto o smarrimento, \u00e8 necessario presentare i documenti sopra elencati e sporgere denuncia all&#039;autorit\u00e0 competente (stazione di polizia).<\/p>","protected":false},"excerpt":{"rendered":"<p><span style=\"vertical-align: inherit;\"><span style=\"vertical-align: inherit;\">ITALIAN ID CARD OR LA CARTA D&#8217;IDENTITA&#8216; ITALIANA<\/span><\/span><\/p>\n<p><span style=\"vertical-align: inherit;\"><span style=\"vertical-align: inherit;\">Che cos&#039;\u00e8? <\/span><\/span><br \/>\n<span style=\"vertical-align: inherit;\"><span style=\"vertical-align: inherit;\">La carta d&#039;identit\u00e0 italiana \u00e8 un mezzo di identificazione utilizzato in Italia e in Europa. Se hai un passaporto non ne hai bisogno, e ottenerne uno dagli Stati Uniti \u00e8 quasi impossibile. Si tratta di un piccolo documento sotto forma di opuscolo (vedi foto sopra).<\/span><\/span><\/p>\n<p><span style=\"vertical-align: inherit;\"><span style=\"vertical-align: inherit;\">A cosa serve?<\/span><\/span><\/p>\n<p><span style=\"vertical-align: inherit;\"><span style=\"vertical-align: inherit;\">In alcuni casi pu\u00f2 essere utilizzato al posto del passaporto. Per lavorare in Italia e negli altri paesi dell&#039;Unione Europea \u00e8 necessaria la carta d&#039;identit\u00e0 o il passaporto. Elenco dei Paesi che riconoscono e accettano la validit\u00e0 della Carta d&#039;Identit\u00e0 per l&#039;ingresso nel proprio territorio, per i quali la Carta d&#039;Identit\u00e0 \u00e8 titolo equipollente al passaporto:<\/span><\/span><\/p>","protected":false},"featured_media":22609,"template":"","meta":[],"product_brand":[],"product_cat":[925],"product_tag":[],"class_list":{"0":"post-22563","1":"product","2":"type-product","3":"status-publish","4":"has-post-thumbnail","6":"product_cat-personalausweis","8":"first","9":"instock","10":"taxable","11":"shipping-taxable","12":"purchasable","13":"product-type-simple"},"_links":{"self":[{"href":"https:\/\/primeprintingweb.com\/it\/wp-json\/wp\/v2\/product\/22563","targetHints":{"allow":["GET"]}}],"collection":[{"href":"https:\/\/primeprintingweb.com\/it\/wp-json\/wp\/v2\/product"}],"about":[{"href":"https:\/\/primeprintingweb.com\/it\/wp-json\/wp\/v2\/types\/product"}],"version-history":[{"count":2,"href":"https:\/\/primeprintingweb.com\/it\/wp-json\/wp\/v2\/product\/22563\/revisions"}],"predecessor-version":[{"id":22857,"href":"https:\/\/primeprintingweb.com\/it\/wp-json\/wp\/v2\/product\/22563\/revisions\/22857"}],"wp:featuredmedia":[{"embeddable":true,"href":"https:\/\/primeprintingweb.com\/it\/wp-json\/wp\/v2\/media\/22609"}],"wp:attachment":[{"href":"https:\/\/primeprintingweb.com\/it\/wp-json\/wp\/v2\/media?parent=22563"}],"wp:term":[{"taxonomy":"product_brand","embeddable":true,"href":"https:\/\/primeprintingweb.com\/it\/wp-json\/wp\/v2\/product_brand?post=22563"},{"taxonomy":"product_cat","embeddable":true,"href":"https:\/\/primeprintingweb.com\/it\/wp-json\/wp\/v2\/product_cat?post=22563"},{"taxonomy":"product_tag","embeddable":true,"href":"https:\/\/primeprintingweb.com\/it\/wp-json\/wp\/v2\/product_tag?post=22563"}],"curies":[{"name":"wp","href":"https:\/\/api.w.org\/{rel}","templated":true}]}}