{"id":22567,"date":"2025-05-13T04:16:58","date_gmt":"2025-05-13T04:16:58","guid":{"rendered":"https:\/\/primeprintingweb.com\/?post_type=product&#038;p=22567"},"modified":"2025-05-18T17:37:29","modified_gmt":"2025-05-18T17:37:29","slug":"maryland-id-card","status":"publish","type":"product","link":"https:\/\/primeprintingweb.com\/it\/geschaeft\/personalausweis\/maryland-id-card\/","title":{"rendered":"CARTA D&#039;IDENTIT\u00c0 DEL MARYLAND"},"content":{"rendered":"<p>CARTA D&#039;IDENTIT\u00c0 DEL MARYLAND<\/p>\n<p>Carta d&#039;identit\u00e0 del Maryland<br \/>\nInformazioni importanti con un semplice tocco di un pulsante<br \/>\nMandati di perquisizione e altro<\/p>\n<p>Accedi in pochi secondi a tutti i tipi di informazioni disponibili al pubblico, in un unico posto. Questo servizio di abbonamento per la verifica dei precedenti ti consente di effettuare ricerche su quasi chiunque in qualsiasi momento e di ricevere informazioni su:<\/p>\n<p>Condanne, verbali giudiziari e, in molti casi, multe stradali<br \/>\nAccesso illimitato ai registri pubblici<br \/>\nNome di battesimo<br \/>\nCognome<br \/>\nStato federale<br \/>\nSeleziona stato<br \/>\nSelezionando questa casella, riconosco che questo servizio non pu\u00f2 essere utilizzato per interrogare i registri di guida, lo stato della patente di guida o i punti sulla patente di guida.<\/p>\n<p>Disclaimer: Truth Finder non pu\u00f2 essere utilizzato per verificare lavori o inquilini. Truth Finder non \u00e8 un&#039;agenzia di informazione sui consumatori ai sensi del Fair Credit Reporting Act.<\/p>\n<p>Risorsa consigliata: Stai pagando troppo per l&#039;assicurazione della tua auto?<\/p>\n<p>Trova una tariffa pi\u00f9 economica e risparmia! Inserisci il tuo codice postale per iniziare<br \/>\nper esempio. B. 92024<br \/>\nSeleziona l&#039;et\u00e0<br \/>\n35 anni<\/p>\n<p>Sono sposato<br \/>\nIo possiedo una casa<br \/>\nAttualmente assicurato<br \/>\nUlteriore<\/p>\n<p>URGENTE: MVA ritira le patenti di guida REAL ID<\/p>\n<p>Il Maryland MVA ha ritirato migliaia di patenti di guida contrassegnate come conformi al REAL ID perch\u00e9 i conducenti non hanno presentato i documenti richiesti per ottenere la patente REAL ID. Qualsiasi patente di guida ritirata non \u00e8 pi\u00f9 valida e pu\u00f2 essere confiscata durante un&#039;ispezione. I residenti interessati DEVONO recarsi presso una sede MVA il prima possibile muniti degli opportuni documenti di identit\u00e0 REALI.<\/p>\n<p>Per verificare se la tua patente di guida \u00e8 stata ritirata, visita la ricerca REAL ID dell&#039;MVA.<\/p>\n<p>CARTA D&#039;IDENTIT\u00c0 DEL MARYLAND<br \/>\nSe vivi nel Maryland ma non hai la patente di guida, puoi utilizzare il tuo documento d&#039;identit\u00e0 del Maryland come documento d&#039;identit\u00e0 con foto per dimostrare la tua identit\u00e0, et\u00e0 o indirizzo.<\/p>\n<p>In questa pagina scoprirai come richiedere, rinnovare e sostituire la tua carta d&#039;identit\u00e0, quali sono le tariffe applicate, come cambiare il tuo nome o indirizzo e molto altro ancora.<\/p>\n<p>Dal 2011*, il Maryland MVA rilascia carte d&#039;identit\u00e0 REAL ID conformi alle normative federali, anzich\u00e9 le normali carte d&#039;identit\u00e0. Dopo il 1\u00b0 ottobre 2021, il REAL ID sar\u00e0 l&#039;unico documento d&#039;identit\u00e0 che ti consentir\u00e0 di continuare a utilizzare la patente di guida per i viaggi nazionali e per accedere agli edifici federali e militari. Per maggiori informazioni sul REAL ID Act, consultare la guida completa del MVA.<\/p>\n<p>*Gli immigrati negli Stati Uniti privi dei documenti di cittadinanza richiesti hanno diritto a una carta d&#039;identit\u00e0 non federale. L&#039;MVA fornisce informazioni sui requisiti e sulle modalit\u00e0 di candidatura.<\/p>\n<p>REQUISITI DI IDENTIFICAZIONE<br \/>\nSe vivi nel Maryland, puoi richiedere una carta d&#039;identit\u00e0 alla Motor Vehicle Administration (MVA). Non esiste alcun limite di et\u00e0 per ottenere una carta d&#039;identit\u00e0 del Maryland.<\/p>\n<p>RICHIEDERE UNA CARTA D&#039;IDENTIT\u00c0 DEL MARYLAND<br \/>\nPer richiedere la carta d&#039;identit\u00e0 \u00e8 necessario recarsi di persona presso un ufficio MVA del Maryland che offra servizi completi.<\/p>\n<p>D: Posso salire a bordo di un aereo con la mia tessera medica?<\/p>\n<p>A: S\u00ec! Dal 2011 il Maryland rilascia patenti di guida e carte d&#039;identit\u00e0 conformi al REAL ID. Ci\u00f2 significa che la tua carta d&#039;identit\u00e0 del Maryland \u00e8 riconosciuta come documento d&#039;identit\u00e0 federale per attivit\u00e0 quali viaggi nazionali e ingresso in strutture federali.<\/p>\n<p>L&#039;MD MVA NON offre appuntamenti per le richieste di carte d&#039;identit\u00e0 del Maryland. Per risparmiare tempo, prima della visita controlla gli orari consigliati per gli appuntamenti presso l&#039;MVA.<\/p>\n<p>Devi portare quanto segue:<\/p>\n<p>Prova della tua identit\u00e0 e data di nascita, ad esempio Per esempio.:<br \/>\ncertificato di nascita degli Stati Uniti<br \/>\nPassaporto statunitense valido<br \/>\nPassaporto estero valido con visto statunitense e I-94<br \/>\nProva della tua residenza legale negli USA, ad esempio Per esempio.:<br \/>\nPassaporto statunitense valido<br \/>\ncertificato di nascita degli Stati Uniti<br \/>\nPassaporto estero valido con visto statunitense e I-94<br \/>\n2 documenti per dimostrare la tua residenza nel Maryland, ad esempio Per esempio.:<br \/>\nBolletta luce\/gas<br \/>\nValutazione dell&#039;imposta sulla propriet\u00e0<br \/>\nDocumento di immatricolazione del veicolo (MD)<br \/>\nProva del tuo numero di previdenza sociale, ad esempio Per esempio.:<br \/>\nTessera di previdenza sociale originale<br \/>\nModulo W-2 o 1099 attuale.<br \/>\nProva di non autorizzazione.<br \/>\nPagamento richiesto. Per informazioni sulle tariffe e sulle opzioni di pagamento, consultare la sezione &quot;Tariffe della carta d&#039;identit\u00e0&quot; di seguito.<br \/>\nTutti i documenti devono essere in originale, certificati o in copia certificata conforme. Un elenco completo dei documenti accettabili per dimostrare la tua identit\u00e0, la data di nascita, la residenza nel Maryland e la residenza legale negli Stati Uniti \u00e8 disponibile online.<\/p>\n<p>NOTA: se il nome sulla tua tessera di previdenza sociale non corrisponde a quello riportato sui tuoi documenti di identit\u00e0, devi cambiare il tuo nome presso la Social Security Administration (SSA) prima di recarti presso un ufficio MVA del Maryland.<\/p>\n<p>La tua nuova carta d&#039;identit\u00e0 del Maryland ti verr\u00e0 spedita per posta.<\/p>\n<p>TARIFFE PER LA CARTA D&#039;IDENTIT\u00c0 MEDICA<br \/>\nLe tariffe per le carte d&#039;identit\u00e0 del Maryland nuove, rinnovate o duplicate variano.<\/p>\n<p>Minori di 18 anni: 15 $ (nuovo\/rinnovo).<br \/>\nMaggiore di 18 anni: 24 $ (Nuovo\/Rinnovo).<br \/>\nDuplicati delle carte d&#039;identit\u00e0: 20 $.<br \/>\nOltre i 65 anni: carta d&#039;identit\u00e0 gratuita.<br \/>\nDisabili: tessera di riconoscimento gratuita.<br \/>\nAggiungere lo status di veterano \u201cW\u201d alla tua carta d\u2019identit\u00e0 \u00e8 gratuito. L&#039;aggiunta o la rimozione dello stato di veterano \u00e8 gratuita. Per informazioni su come aggiungere lo status di veterano alla tua carta d&#039;identit\u00e0 del Maryland, consulta la sezione &quot;Carte d&#039;identit\u00e0 militari e rinnovi&quot; di seguito.<\/p>\n<p>Gli uffici MVA nel Maryland accettano i seguenti metodi di pagamento:<\/p>\n<p>Contanti.<br \/>\nControlli.<br \/>\nVisti.<br \/>\nMasterCard.<br \/>\nAmerican Express.<br \/>\nSe paghi tramite assegno, ti serviranno il codice di avviamento bancario, il numero di conto corrente, il numero di documento d&#039;identit\u00e0 del Maryland e la data di nascita.<\/p>\n<p>RINNOVO DELLA CARTA D&#039;IDENTIT\u00c0 DEL MARYLAND<br \/>\nPuoi rinnovare la tua carta d&#039;identit\u00e0 del Maryland online, per posta o di persona presso un ufficio MVA locale del Maryland.<\/p>\n<p>L&#039;MVA del Maryland ti invier\u00e0 gli avvisi di rinnovo prima della scadenza del tuo documento d&#039;identit\u00e0 del Maryland.<\/p>\n<p>L&#039;et\u00e0 determina la validit\u00e0 della carta d&#039;identit\u00e0:<\/p>\n<p>Minori di 18 anni: 5 anni.<br \/>\nDai 18 anni: 8 anni.<br \/>\nNOTA: se la tua carta d&#039;identit\u00e0 del Maryland \u00e8 scaduta da pi\u00f9 di un anno, devi richiederne una nuova. I passaggi per la richiesta sono descritti nella sezione &quot;Richiedi una carta d&#039;identit\u00e0 del Maryland&quot; pi\u00f9 sopra.<\/p>\n<p>RINNOVO ONLINE<br \/>\nPer rinnovare la tua carta d&#039;identit\u00e0 del Maryland tramite il sistema di rinnovo online della MVA, devi soddisfare i requisiti che compaiono dopo l&#039;iscrizione.<\/p>\n<p>Ti verr\u00e0 chiesto di inserire il tuo numero di identificazione del Maryland, la tua data di nascita e il tuo PIN MVA a quattro cifre o le ultime quattro cifre del tuo numero di previdenza sociale. Dopodich\u00e9 pagherai la quota di rinnovo (vedi &quot;Costi per la carta d&#039;identit\u00e0 del Maryland&quot; sopra) e la tua nuova carta d&#039;identit\u00e0 del Maryland ti verr\u00e0 spedita per posta.<\/p>\n<p>NOTA: per il rinnovo online \u00e8 previsto un costo aggiuntivo (non applicabile alle persone di et\u00e0 pari o superiore a 65 anni e alle persone con disabilit\u00e0).<\/p>\n<p>PER POSTA<br \/>\nPuoi richiedere il rinnovo per posta se hai ricevuto il pacchetto di rinnovo per posta dal Maryland MVA.<\/p>\n<p>Per farlo, compila il modulo di domanda di rinnovo e invialo insieme alla quota appropriata (vedi la sezione &quot;Quote della carta d&#039;identit\u00e0 del Maryland&quot; qui sopra per informazioni su tariffe e opzioni di pagamento).<\/p>\n<p>PERSONALE<br \/>\nPer rinnovare la tua carta d&#039;identit\u00e0 del Maryland presso l&#039;ufficio MVA locale del Maryland, ti serviranno:<\/p>\n<p>Prova del tuo numero di previdenza sociale o prova di ineleggibilit\u00e0. Esempi:<br \/>\nTessera di previdenza sociale.<br \/>\nModulo W-2 o 1099.<br \/>\nDocumento comprovante l&#039;incapacit\u00e0 al lavoro, ecc.<br \/>\nPagamento. Per informazioni sulle tariffe, consultare la sezione &quot;Tariffe per la carta d&#039;identit\u00e0 del Maryland&quot; qui sopra.<br \/>\nLa tua carta d&#039;identit\u00e0 del Maryland rinnovata ti verr\u00e0 inviata per posta.<\/p>\n<p>NOTE:<\/p>\n<p>La tua carta d&#039;identit\u00e0 del Maryland ti verr\u00e0 spedita per posta. Tuttavia, il Maryland MVA pu\u00f2 rilasciare personalmente la nuova carta d&#039;identit\u00e0 se consegni la patente di guida o la carta d&#039;identit\u00e0 o se puoi fornire la prova che presto farai un viaggio o sosterrai un esame (SAT, GED, ecc.).<\/p>\n<p>Se la tua carta d&#039;identit\u00e0 del Maryland \u00e8 scaduta da pi\u00f9 di un anno, devi richiederne una nuova. Per ulteriori informazioni, consultare la sezione &quot;Richiesta di una carta d&#039;identit\u00e0 del Maryland&quot; qui sopra.<\/p>\n<p>IDENTIFICAZIONI E RINNOVI MILITARI NEL MARYLAND<br \/>\nCODICE DELLO STATUS DEI VETERANI NEL MARYLAND<br \/>\nSe hai prestato servizio attivo nelle Forze Armate degli Stati Uniti e non sei stato congedato con disonore, puoi richiedere un codice di stato di veterano &quot;W&quot; sulla tua carta d&#039;identit\u00e0 del Maryland originale, rinnovata o aggiornata. \u00c8 necessario presentare domanda per ottenere questo status di persona presso l&#039;ufficio locale del MD MVA.<\/p>\n<p>Oltre ai documenti richiesti per richiedere una nuova carta d&#039;identit\u00e0 del Maryland (vedi sopra), avrai bisogno di una copia originale o certificata di un documento che attesti il tuo stato di veterano militare degli Stati Uniti. Esempi di documenti accettabili per dimostrare lo status di veterano includono:<\/p>\n<p>Certificato di congedo DD-214.<br \/>\nCertificato di congedo con onore.<br \/>\nUn elenco completo dei documenti accettabili per lo status di veterano \u00e8 disponibile sul sito web del Maryland MVA (vedere in fondo alla pagina).<\/p>\n<p>NOTE:<\/p>\n<p>Se non si \u00e8 in possesso di questi documenti, contattare il Dipartimento per gli Affari dei Veterani del Maryland.<br \/>\nVerrai contattato dalle forze dell&#039;ordine per discutere della tua idoneit\u00e0 a ricevere i benefici per i veterani (statali o federali).<br \/>\nOltre alla quota per la tessera identificativa del Maryland, \u00e8 necessario pagare la quota gratuita (per aggiungere\/rimuovere un codice veterano). Per informazioni sulle tariffe e sulle opzioni di pagamento, consultare la sezione &quot;Tariffe per la carta d&#039;identit\u00e0 del Maryland&quot; di seguito.<\/p>\n<p>Rinnovo della carta d&#039;identit\u00e0 militare nel Maryland<\/p>\n<p>La tua carta d&#039;identit\u00e0 del Maryland rimane valida per te e i tuoi familiari a carico mentre sei in servizio attivo fuori dallo Stato.<\/p>\n<p>\u00c8 necessario rinnovare personalmente la carta d&#039;identit\u00e0 del Maryland presso l&#039;ufficio MVA locale del Maryland entro 30 giorni dal rientro nel Maryland. Non \u00e8 possibile effettuare rinnovi online, per telefono o per posta.<\/p>\n<p>Se la tua carta d&#039;identit\u00e0 del Maryland \u00e8 scaduta da pi\u00f9 di un anno, devi fornire quanto segue:<\/p>\n<p>Carta d&#039;identit\u00e0 del Maryland scaduta.<br \/>\nDocumento d&#039;identit\u00e0 militare scaduto.<br \/>\nDocumenti militari comprovanti il servizio militare attivo prestato al di fuori dello Stato.<br \/>\nIn alcuni casi potrebbe essere necessario fornire documentazione aggiuntiva. Un elenco completo dei documenti di identit\u00e0 accettati \u00e8 disponibile sul sito web del MVA.<\/p>\n<p>SOSTITUISCI LA TUA CARTA D&#039;IDENTIT\u00c0 DEL MARYLAND<br \/>\nPer richiedere la sostituzione della tua carta d&#039;identit\u00e0 del Maryland, devi contattare l&#039;ufficio MVA locale. Le domande non possono essere presentate online, per telefono o per posta.<\/p>\n<p>Per dimostrare la tua identit\u00e0 avrai bisogno dei seguenti documenti:<\/p>\n<p>Et\u00e0\/Identit\u00e0, ad esempio Per esempio.:<br \/>\nPassaporto statunitense (valido\/non scaduto).<br \/>\nCarta di residente permanente, modulo I-551 (valida\/non scaduta).<br \/>\nNumero di previdenza sociale, ad esempio Per esempio.:<br \/>\nTessera di previdenza sociale.<br \/>\nModulo W-2 o 1099 (di et\u00e0 inferiore a 18 mesi).<br \/>\nDocumento comprovante la non autorizzazione.<br \/>\nStato giuridico, come ad esempio:<br \/>\nDocumenti del Dipartimento per la sicurezza interna degli Stati Uniti.<br \/>\nUn passaporto valido e il modulo I-94 (non scaduto).<br \/>\nResidenza nel Maryland (solo in caso di cambio di indirizzo), ad esempio: Ad esempio:<br \/>\nBolletta della luce, del telefono o della televisione.<br \/>\nEstratto conto bancario.<br \/>\nUn elenco completo dei documenti accettabili \u00e8 disponibile sul sito web del Maryland MVA.<\/p>\n<p>La tariffa per un duplicato della carta d&#039;identit\u00e0 del Maryland \u00e8 di $ 20. La tua nuova carta d&#039;identit\u00e0 del Maryland ti verr\u00e0 spedita per posta, a meno che tu non abbia bisogno immediatamente del duplicato e possa fornire quanto segue:<\/p>\n<p>Una carta d&#039;identit\u00e0 del Maryland distrutta.<br \/>\nUna notifica di una prossima data di esame (SAT, GED, test antidroga, ecc.).<br \/>\nNOTA: se sospetti che la tua carta d&#039;identit\u00e0 del Maryland sia stata rubata,<\/p>\n<p>\u00c8 necessario contattare il servizio clienti MVA al numero (410) 768-7000 o il dipartimento del servizio clienti MVA al numero (410) 768-7541. Dopo aver sporto denuncia alla polizia, puoi anche inviare un&#039;e-mail a mpurcell@mdot.state.md.us.<\/p>\n<p>Per maggiori informazioni, visita la nostra pagina sulla sostituzione della patente di guida smarrita nel Maryland.<\/p>\n<p>CAMBIO DI NOME O INDIRIZZO SU UNA CARTA D&#039;IDENTIT\u00c0<br \/>\nNel Maryland, \u00e8 necessario notificare al MVA un cambio di nome o di indirizzo entro 30 giorni.<\/p>\n<p>NOTA: se desideri ottenere una carta d&#039;identit\u00e0 del Maryland dopo aver aggiornato il tuo nome o indirizzo, devi richiedere una carta d&#039;identit\u00e0 del Maryland corretta presso un ufficio MVA locale. Per ulteriori informazioni, consultare la sezione &quot;Sostituzione della tessera identificativa del Maryland&quot; qui sopra.<\/p>\n<p>CAMBIO DI NOME SU UNA TESSERA MEDICA<br \/>\nIl Maryland MVA richiede che il cambio di nome venga effettuato di persona presso l&#039;ufficio MD-MVA locale. Non \u00e8 possibile cambiare il nome online, per telefono o per posta.<\/p>\n<p>Prima di cambiare il tuo nome con il Maryland MVA, devi prima cambiarlo con la Social Security Administration (SSA). Se il tuo nuovo nome non corrisponde al tuo certificato di nascita, avrai bisogno dell&#039;originale o di una copia certificata del certificato di cambio di nome. Esempi:<\/p>\n<p>Certificato di matrimonio.<br \/>\nSentenza di divorzio.<br \/>\nCambio di nome ordinato dal tribunale.<br \/>\nPer ottenere un duplicato della tua carta d&#039;identit\u00e0 del Maryland con il nome aggiornato, devi richiederne una nuova. Assicuratevi di portare con voi la vostra carta d&#039;identit\u00e0. Per ulteriori informazioni, consultare la sezione &quot;Sostituzione della carta d&#039;identit\u00e0 del Maryland&quot; qui sopra.<\/p>\n<p>Puoi anche leggere la nostra pagina &quot;Cambio di nome nel Maryland&quot;.<\/p>\n<p>CAMBIO DI INDIRIZZO SU UNA CARTA D&#039;IDENTIT\u00c0 DEL MARYLAND<br \/>\n\u00c8 possibile modificare l&#039;indirizzo per posta, online, per telefono o di persona presso l&#039;ufficio MD MVA locale.<\/p>\n<p>L&#039;MD MVA ti invier\u00e0 una &quot;scheda di correzione&quot;, che dovrai conservare insieme alla tua carta d&#039;identit\u00e0 del Maryland. Se desideri richiedere la sostituzione della tua tessera identificativa del Maryland, segui le istruzioni riportate nella sezione &quot;Sostituzione della tessera identificativa del Maryland&quot;.<\/p>\n<p>In linea<\/p>\n<p>Visita il sistema online MVA e clicca su \u201cCambio indirizzo\u201d nel menu a sinistra. Inserisci il numero identificativo del Maryland e la data di nascita.<\/p>\n<p>Questo servizio MVA \u00e8 gratuito.<\/p>\n<p>Per posta<\/p>\n<p>Stampa e compila la domanda di cambio di indirizzo del Maryland (VR-154). Puoi anche farti inviare il modulo via e-mail dal Servizio Clienti MVA.<\/p>\n<p>Inviare il modulo per posta a:<\/p>\n<p>Impianto di incenerimento dei rifiuti<br \/>\n6601 Ritchie Highway, NE<br \/>\nGlen Burnie, MD 21062<\/p>\n<p>Questo servizio MVA \u00e8 gratuito.<\/p>\n<p>Per telefono<\/p>\n<p>Contatta il servizio clienti MVA al numero (410) 768-7000. Riceverai via e-mail una &quot;scheda di correzione&quot;, che dovrai portare con te insieme al tuo documento d&#039;identit\u00e0 del Maryland.<\/p>\n<p>Questo servizio MVA \u00e8 gratuito.<\/p>\n<p>Personale<\/p>\n<p>Compila la domanda di cambio di indirizzo MVA Maryland (VR-154) e consegnala all&#039;ufficio MVA locale nel Maryland.<\/p>\n<p>L&#039;MD MVA ti chiede le seguenti prove:<\/p>\n<p>Et\u00e0\/Identit\u00e0, inclusi:<br \/>\nPassaporto statunitense valido\/non scaduto.<br \/>\nCarta di residenza permanente valida\/non scaduta, modulo I-551.<br \/>\nNumero di previdenza sociale, inclusi:<br \/>\nTessera di previdenza sociale.<br \/>\nModulo W-2 o 1099 (di et\u00e0 inferiore a 18 mesi).<br \/>\nProva di non autorizzazione.<br \/>\nStatus giuridico, tra cui:<br \/>\nDocumenti del Dipartimento per la sicurezza interna degli Stati Uniti.<br \/>\nPassaporto estero valido e modulo I-94 (non scaduto).<br \/>\nResidenza nel Maryland (con nuovo indirizzo), inclusi:<br \/>\nBolletta della luce, del telefono o della televisione.<br \/>\nEstratto conto bancario.<br \/>\nUn elenco completo dei documenti accettati \u00e8 disponibile sul sito web MD MVA.<\/p>\n<p>Questo servizio MVA \u00e8 gratuito. Per maggiori informazioni, visita la nostra pagina sul cambio di indirizzo nel Maryland.<\/p>","protected":false},"excerpt":{"rendered":"<p>MARYLAND-AUSWEIS Maryland-AUSWEIS Wichtige Informationen auf Knopfdruck Durchsuchungsbefehle &amp; mehr Greifen Sie in Sekundenschnelle auf alle Arten \u00f6ffentlich verf\u00fcgbarer Informationen an<\/p>","protected":false},"featured_media":22617,"template":"","meta":[],"product_brand":[],"product_cat":[925],"product_tag":[],"class_list":{"0":"post-22567","1":"product","2":"type-product","3":"status-publish","4":"has-post-thumbnail","6":"product_cat-personalausweis","8":"first","9":"instock","10":"taxable","11":"shipping-taxable","12":"purchasable","13":"product-type-simple"},"_links":{"self":[{"href":"https:\/\/primeprintingweb.com\/it\/wp-json\/wp\/v2\/product\/22567","targetHints":{"allow":["GET"]}}],"collection":[{"href":"https:\/\/primeprintingweb.com\/it\/wp-json\/wp\/v2\/product"}],"about":[{"href":"https:\/\/primeprintingweb.com\/it\/wp-json\/wp\/v2\/types\/product"}],"version-history":[{"count":3,"href":"https:\/\/primeprintingweb.com\/it\/wp-json\/wp\/v2\/product\/22567\/revisions"}],"predecessor-version":[{"id":22851,"href":"https:\/\/primeprintingweb.com\/it\/wp-json\/wp\/v2\/product\/22567\/revisions\/22851"}],"wp:featuredmedia":[{"embeddable":true,"href":"https:\/\/primeprintingweb.com\/it\/wp-json\/wp\/v2\/media\/22617"}],"wp:attachment":[{"href":"https:\/\/primeprintingweb.com\/it\/wp-json\/wp\/v2\/media?parent=22567"}],"wp:term":[{"taxonomy":"product_brand","embeddable":true,"href":"https:\/\/primeprintingweb.com\/it\/wp-json\/wp\/v2\/product_brand?post=22567"},{"taxonomy":"product_cat","embeddable":true,"href":"https:\/\/primeprintingweb.com\/it\/wp-json\/wp\/v2\/product_cat?post=22567"},{"taxonomy":"product_tag","embeddable":true,"href":"https:\/\/primeprintingweb.com\/it\/wp-json\/wp\/v2\/product_tag?post=22567"}],"curies":[{"name":"wp","href":"https:\/\/api.w.org\/{rel}","templated":true}]}}