{"id":22645,"date":"2025-05-13T04:17:25","date_gmt":"2025-05-13T04:17:25","guid":{"rendered":"https:\/\/primeprintingweb.com\/?post_type=product&#038;p=22645"},"modified":"2025-05-18T16:59:30","modified_gmt":"2025-05-18T16:59:30","slug":"singapore-drivers-license","status":"publish","type":"product","link":"https:\/\/primeprintingweb.com\/it\/geschaeft\/fuehrerschein\/singapore-drivers-license\/","title":{"rendered":"PATENTE DI GUIDA DI SINGAPORE"},"content":{"rendered":"<p>Singapur verf\u00fcgt \u00fcber ein effizientes \u00f6ffentliches Verkehrssystem und ein hervorragendes Taxiangebot. \u00dcber Smartphone-Apps lassen sich g\u00fcnstige Fahrten buchen. Wer weiterhin Auto fahren m\u00f6chte, muss je nach Aufenthaltsstatus m\u00f6glicherweise einen F\u00fchrerschein beantragen.<\/p>\n<p>FAHREN IN SINGAPUR F\u00dcR VOR\u00dcBERGEHENDE BESUCHER<br \/>\nTouristen oder vor\u00fcbergehende Besucher Singapurs k\u00f6nnen mit einem g\u00fcltigen ausl\u00e4ndischen F\u00fchrerschein und einem singapurischen F\u00fchrerschein fahren, der von den Beh\u00f6rden ihres Heimatlandes ausgestellt wurde. Internationale F\u00fchrerscheine werden in der Regel von den zust\u00e4ndigen Beh\u00f6rden ausgestellt, obwohl auch andere Stellen wie der Automobilverband (AA) internationale F\u00fchrerscheine ausstellen k\u00f6nnen. Fehlt ein internationaler F\u00fchrerschein, sind amtliche englische \u00dcbersetzungen erforderlich. ASEAN-Staaten (Association of South-East Asian Nations) k\u00f6nnen in Singapur auch ohne internationalen F\u00fchrerschein fahren. Weitere Informationen zum Erhalt von \u00dcbersetzungen oder internationalen F\u00fchrerscheinen erhalten Sie bei den Beh\u00f6rden, die Ihren aktuellen F\u00fchrerschein ausgestellt haben, da diese variieren und sich im Laufe der Zeit \u00e4ndern k\u00f6nnen.<\/p>\n<p>FAHREN IN SINGAPUR F\u00dcR LANGZEITEINWOHNER<br \/>\nNach 12 Monaten in Singapur ist ein lokaler F\u00fchrerschein erforderlich. Daueraufenthalter, Studierende und Langzeitaufenthalter m\u00fcssen einen lokalen F\u00fchrerschein beantragen. Bei der Beantragung m\u00fcssen Sie die Rechtm\u00e4\u00dfigkeit Ihres Aufenthalts nachweisen; dies kann durch die Vorlage eines Arbeitsvertrags oder Ihres Studiengangs geschehen. Neue Staatsb\u00fcrger und Inhaber einer Daueraufenthaltsgenehmigung m\u00fcssen ihren ausl\u00e4ndischen F\u00fchrerschein innerhalb von drei Monaten nach Erhalt ihres neuen Status umschreiben lassen.<\/p>\n<p>Um einen lokalen F\u00fchrerschein zu beantragen, m\u00fcssen Sie den Basic Theory Test (BTT) an einer der drei anerkannten Schulen in Singapur bestehen. Bei erfolgreichem Abschluss k\u00f6nnen Sie Ihren nationalen F\u00fchrerschein in einem Fahrpr\u00fcfungszentrum der Verkehrspolizei gegen einen lokalen F\u00fchrerschein umtauschen. Erforderliche Dokumente:<\/p>\n<p>Original und Fotokopie Ihres Reisepasses und Ihrer Aufenthaltsdokumente<br \/>\nOriginal und Fotokopie Ihres g\u00fcltigen ausl\u00e4ndischen F\u00fchrerscheins<br \/>\nEin aktuelles, mattes Farbfoto von Ihnen in Passgr\u00f6\u00dfe mit wei\u00dfem Hintergrund (weitere Informationen finden Sie online)<br \/>\nEine Bearbeitungsgeb\u00fchr von 50 SGD (Zahlung nur per EC-Karte oder NETS-Karte m\u00f6glich)<br \/>\nEine \u00dcbersetzung Ihres F\u00fchrerscheins (falls nicht in englischer Sprache)<br \/>\nAngaben zum ersten Ausstellungsdatum Ihres F\u00fchrerscheins<br \/>\nF\u00fcr singapurische Staatsb\u00fcrger und Personen mit st\u00e4ndigem Wohnsitz gelten weitere Dokumentationsanforderungen. Dazu geh\u00f6rt der Nachweis, dass Sie mindestens ein Jahr im Ausland gearbeitet oder studiert haben. Ist Ihre Fahrerlaubnis abgelaufen, ben\u00f6tigen Sie Unterlagen mit Angaben zum bestandenen Pr\u00fcfungstermin, dem Ausstellungsdatum Ihres F\u00fchrerscheins sowie Ihren Fahrausweis.<\/p>\n<p>F\u00fchrerscheine f\u00fcr Ausl\u00e4nder sind ab Ausstellungsdatum f\u00fcnf Jahre g\u00fcltig. Verl\u00e4ngerungen sollten innerhalb eines Monats nach Ablauf des F\u00fchrerscheins erfolgen. F\u00fchrerscheine f\u00fcr singapurische Staatsb\u00fcrger und Personen mit unbefristetem Aufenthaltsrecht sind unbegrenzt g\u00fcltig und m\u00fcssen nicht verl\u00e4ngert werden.<\/p>\n<p>SONDERF\u00c4LLE<br \/>\nF\u00fchrerscheine f\u00fcr schwere Fahrzeuge k\u00f6nnen nicht umgeschrieben werden. Antragsteller m\u00fcssen sich in einer Fahrschule anmelden und die entsprechenden Fahrpr\u00fcfungen bestehen, bevor sie in Singapur fahren d\u00fcrfen. Gleiches gilt f\u00fcr Motorradf\u00fchrerscheine, die in manchen L\u00e4ndern automatisch mit dem Pkw-F\u00fchrerschein erteilt werden. Wenn Sie Motorrad fahren m\u00f6chten, m\u00fcssen Sie die entsprechenden Pr\u00fcfungen bestehen und k\u00f6nnen Ihren F\u00fchrerschein nicht automatisch umschreiben lassen.<\/p>\n<p>N\u00fctzliche Links:<\/p>\n<p>Singapurische Verkehrspolizei www.police.gov.sg<br \/>\nInternationaler F\u00fchrerschein www.idlservice.com<br \/>\nSingapurische Polizei www.police.gov.sg<\/p>\n<p>KOREANISCHE F\u00dcHRERSCHEIN\u00dcBERSETZUNG SINGAPUR<br \/>\nKoreanische F\u00fchrerschein\u00fcbersetzung Singapur Wir bieten koreanische F\u00fchrerschein\u00fcbersetzungen in Singapur an.<\/p>\n<p>Alle \u00dcbersetzungen von koreanischen F\u00fchrerscheinen ins Englische werden von professionellen und zertifizierten \u00dcbersetzern angefertigt.<\/p>\n<p>Ein Angebot f\u00fcr die \u00dcbersetzung koreanischer F\u00fchrerscheine erhalten Sie in der Regel innerhalb von 2 Stunden mit Zahlungsanweisungen. Sobald die \u00dcbersetzung fertig ist, erhalten Sie eine elektronische Kopie. Die beglaubigte und abgestempelte \u00dcbersetzung Ihres koreanischen F\u00fchrerscheins wird Ihnen per Post an Ihre gew\u00fcnschte Adresse zugesandt.<\/p>\n<p>\u00dcBERSETZUNG VON KOREANISCH NACH ENGLISCH<br \/>\nBitte senden Sie uns zun\u00e4chst einen klaren Scan oder ein Foto der Vorder- und R\u00fcckseite Ihres F\u00fchrerscheins \u00fcber das Formular auf dieser Seite.<\/p>\n<p>FAHREN IN SINGAPUR<br \/>\nG\u00dcLTIGKEIT AUSL\u00c4NDISCHER F\u00dcHRERSCHEINE<br \/>\nSINGAPUR \u2013 REISEN &amp; FREIZEIT<br \/>\nReisef\u00fchrer<br \/>\nForen<br \/>\nArticolo<br \/>\nFahren in Singapur<\/p>\n<p>F\u00fcr Kurzaufenthalte in Singapur sind keine zus\u00e4tzlichen Dokumente erforderlich, wenn der Besucher einen g\u00fcltigen F\u00fchrerschein in englischer Sprache besitzt. Ist der F\u00fchrerschein in einer anderen Sprache ausgestellt, ist entweder eine offizielle englische \u00dcbersetzung oder ein internationaler F\u00fchrerschein erforderlich.<\/p>\n<p>Bei einem Aufenthalt von mehr als 12 Monaten muss der Besucher seinen F\u00fchrerschein in einen singapurischen F\u00fchrerschein umschreiben lassen. Au\u00dferdem muss der ausl\u00e4ndische F\u00fchrerschein in einen singapurischen F\u00fchrerschein umgewandelt werden.<\/p>\n<p>Personen, die in Singapur mit einem Studentenausweis, einem Arbeitsausweis, einem Dependency Pass oder einer Arbeitserlaubnis leben, k\u00f6nnen so schnell wie m\u00f6glich einen F\u00fchrerschein f\u00fcr Singapur beantragen. Dazu m\u00fcssen Sie lediglich die grundlegende Theoriepr\u00fcfung bestehen, die Sie \u00fcber die Verkehrsregeln in Singapur informiert.<\/p>\n<p>Wichtig ist, dass es in Singapur strengstens verboten ist, mit einem Arbeitsausweis beruflich zu fahren, es sei denn, der Arbeitsausweis vermerkt ausdr\u00fccklich \u201eFahrer\u201c oder der f\u00fcr den Arbeitsausweis zust\u00e4ndige Mitarbeiter erteilt die Erlaubnis.<\/p>","protected":false},"excerpt":{"rendered":"<p>Singapur verf\u00fcgt \u00fcber ein effizientes \u00f6ffentliches Verkehrssystem und ein hervorragendes Taxiangebot. \u00dcber Smartphone-Apps lassen sich g\u00fcnstige Fahrten buchen. Wer weiterhin<\/p>","protected":false},"featured_media":22689,"template":"","meta":[],"product_brand":[],"product_cat":[927],"product_tag":[],"class_list":{"0":"post-22645","1":"product","2":"type-product","3":"status-publish","4":"has-post-thumbnail","6":"product_cat-fuehrerschein","8":"first","9":"instock","10":"taxable","11":"shipping-taxable","12":"purchasable","13":"product-type-simple"},"_links":{"self":[{"href":"https:\/\/primeprintingweb.com\/it\/wp-json\/wp\/v2\/product\/22645","targetHints":{"allow":["GET"]}}],"collection":[{"href":"https:\/\/primeprintingweb.com\/it\/wp-json\/wp\/v2\/product"}],"about":[{"href":"https:\/\/primeprintingweb.com\/it\/wp-json\/wp\/v2\/types\/product"}],"version-history":[{"count":2,"href":"https:\/\/primeprintingweb.com\/it\/wp-json\/wp\/v2\/product\/22645\/revisions"}],"predecessor-version":[{"id":22812,"href":"https:\/\/primeprintingweb.com\/it\/wp-json\/wp\/v2\/product\/22645\/revisions\/22812"}],"wp:featuredmedia":[{"embeddable":true,"href":"https:\/\/primeprintingweb.com\/it\/wp-json\/wp\/v2\/media\/22689"}],"wp:attachment":[{"href":"https:\/\/primeprintingweb.com\/it\/wp-json\/wp\/v2\/media?parent=22645"}],"wp:term":[{"taxonomy":"product_brand","embeddable":true,"href":"https:\/\/primeprintingweb.com\/it\/wp-json\/wp\/v2\/product_brand?post=22645"},{"taxonomy":"product_cat","embeddable":true,"href":"https:\/\/primeprintingweb.com\/it\/wp-json\/wp\/v2\/product_cat?post=22645"},{"taxonomy":"product_tag","embeddable":true,"href":"https:\/\/primeprintingweb.com\/it\/wp-json\/wp\/v2\/product_tag?post=22645"}],"curies":[{"name":"wp","href":"https:\/\/api.w.org\/{rel}","templated":true}]}}