{"id":22647,"date":"2025-05-13T04:17:25","date_gmt":"2025-05-13T04:17:25","guid":{"rendered":"https:\/\/primeprintingweb.com\/?post_type=product&#038;p=22647"},"modified":"2025-05-18T16:55:12","modified_gmt":"2025-05-18T16:55:12","slug":"spanish-drivers-license-online","status":"publish","type":"product","link":"https:\/\/primeprintingweb.com\/it\/geschaeft\/fuehrerschein\/spanish-drivers-license-online\/","title":{"rendered":"PATENTE DI GUIDA SPAGNOLA ONLINE"},"content":{"rendered":"<div class=\"woocommerce-tabs wc-tabs-wrapper\">\n<div id=\"tab-description\" class=\"woocommerce-Tabs-panel woocommerce-Tabs-panel--description panel entry-content wc-tab\" role=\"tabpanel\" aria-labelledby=\"tab-title-description\">\n<p>Guidare in Spagna pu\u00f2 essere una vera avventura. Ma ottenere la patente spagnola \u00e8 tutta un&#039;altra storia.<\/p>\n<p>Allacciate le cinture e preparatevi a fare insieme a me i passi pi\u00f9 importanti.<\/p>\n<p>PASSO 1 \u2013 SAPERE CHI PU\u00d2 GUIDARE IN SPAGNA<br \/>\nBambino al volante<br \/>\nL&#039;et\u00e0 minima legale per guidare in Spagna \u00e8 18 anni. I minori di 18 anni non possono guidare legalmente in Spagna, nemmeno se in possesso di una patente di guida valida rilasciata dal proprio Paese di origine.<\/p>\n<p>(Mi dispiace, giovani cittadini statunitensi: forse nel vostro Paese d&#039;origine potete guidare a 16 anni, ma qui non lo potete fare.)<\/p>\n<p>Chiunque abbia pi\u00f9 di 18 anni e sia in possesso di una patente di guida nazionale valida rilasciata dal proprio Paese di origine pu\u00f2 guidare legalmente in Spagna, almeno inizialmente. Per i cittadini extra UE\/SEE, questo periodo \u00e8 valido per i primi sei mesi dopo il trasferimento in Spagna e l&#039;ottenimento del permesso di soggiorno. Per i cittadini UE\/SEE, il periodo \u00e8 di due anni.<\/p>\n<p>Dopo questo periodo di grazia iniziale, inizier\u00e0 la tua avventura nella burocrazia spagnola.<\/p>\n<p>FASE 2 \u2013 PROCEDURA LEGALE IN BASE ALLA TUA SITUAZIONE SPECIFICA:<br \/>\nSe sei un cittadino UE\/SEE (oltre a Islanda, Norvegia e Liechtenstein) e risiedi legalmente in Spagna, devi richiedere una patente di guida spagnola. Puoi farlo convertendo o rinnovando la tua patente di guida estera.<\/p>\n<p>Per i primi due anni di soggiorno in Spagna, puoi guidare legalmente con la tua patente di guida attuale. Importante: dopo sei mesi, devi registrarti presso le autorit\u00e0 del traffico. Puoi farlo presso il Registro Centrale dei Conducenti e degli Infrattori (Registro Central de Conductores e Infractores) della Jefatura Provincial de Tr\u00e1fico.<\/p>\n<p>Dopo l&#039;iscrizione, \u00e8 necessario sottoporsi a una visita medica presso un Centro di Riconoscimento Autorizzato per Conduttori.<\/p>\n<p>Si applicano le stesse condizioni previste per i titolari di patente di guida spagnola. QUESTO INCLUDE:<br \/>\nIncrocia le braccia<br \/>\nEffettuare tutti gli esami medici necessari<br \/>\nRinnovo o sostituzione della patente di guida spagnola dopo i primi due anni di residenza in Spagna. Il rinnovo di una patente di guida UE in Spagna la converte di fatto in una patente di guida UE spagnola. La patente deve essere rinnovata ogni 10 anni fino all&#039;et\u00e0 di 65 anni e ogni cinque anni dopo i 65 anni.<br \/>\nSe non si ottiene la patente di guida spagnola dopo due anni di residenza, si incorre in una multa di 200 \u20ac.<\/p>\n<p>Per convertire la patente di guida UE\/SEE in una spagnola, \u00e8 necessario contattare il centro provinciale di controllo del traffico. Portare con s\u00e9 i seguenti documenti per la procedura:<\/p>\n<p>Modulo di domanda<br \/>\nPassaporto o carta d&#039;identit\u00e0 validi<br \/>\nProva di residenza (certificato di registrazione nel registro centrale degli stranieri, ovvero il tuo numero NIE o N\u00famero de Identificaci\u00f3n de Extranjero o Empadronamiento)<br \/>\nPatente di guida valida per lo scambio in Spagna (originale e copia)<br \/>\nDue foto recenti (32 x 25 mm)<br \/>\nDichiarazione scritta che la patente di guida non \u00e8 stata revocata<br \/>\nDichiarazione scritta attestante che non si \u00e8 titolari di un&#039;altra patente di guida della stessa categoria in un altro Paese.<br \/>\nINSOMMA<br \/>\nDietro l&#039;auto, sul pavimento, c&#039;\u00e8 scritto &quot;Semplifica&quot;.<br \/>\nIn altre parole, se sei un cittadino UE\/SEE, la procedura \u00e8 notevolmente semplificata. Hai anche un periodo di tolleranza pi\u00f9 lungo rispetto ai cittadini extra-UE\/SEE. Approfittane finch\u00e9 puoi! Risparmierai un sacco di tempo, denaro ed energie NON dovendo sostenere l&#039;esame di guida in spagnolo.<\/p>\n<p>***Per i cittadini del Regno Unito che desiderano rimanere aggiornati sul possibile impatto della Brexit sulla propria patente di guida spagnola, consiglio di consultare il sito web GOV.UK.<\/p>\n<p>Al momento \u00e8 possibile sostituire la patente di guida britannica con una spagnola, anche se a causa della Brexit la procedura \u00e8 un po&#039; pi\u00f9 complicata del solito.<\/p>\n<p>I cittadini extra-UE\/SEE (come me) hanno bisogno della patente di guida spagnola. Puoi farlo convertendo la patente estera se il tuo paese ha un accordo con la Spagna (fortunato!), oppure sostenendo un esame di guida spagnolo (come me). Questo include le prove teoriche (scritte) e pratiche.<\/p>\n<p>ANCHE QUESTE NON SONO TUTTE CATTIVE NOTIZIE!<br \/>\nTutti i cittadini extra UE\/SEE possono guidare legalmente in Spagna con la propria patente di guida straniera fino a sei mesi dopo essersi trasferiti in Spagna, una volta ottenuto il permesso di soggiorno. Se la patente di guida straniera non \u00e8 in spagnolo, \u00e8 sempre necessario portare con s\u00e9 una traduzione certificata o un permesso di guida internazionale (IDP). Questo \u00e8 valido solo per un anno e deve essere richiesto al di fuori della Spagna, nel proprio paese di origine.<\/p>\n<p>Mentre aspetti che il tuo soggiorno venga approvato, puoi guidare legalmente per un anno con la tua patente di guida estera, a condizione che tu abbia a portata di mano il tuo documento di identit\u00e0 internazionale e una patente di guida valida del tuo paese di origine.<\/p>\n<p>Quali sono, quindi, alcune di queste 20 nazionalit\u00e0 fortunate che possono semplicemente sostituire la propria patente di guida con una spagnola?<\/p>\n<p>I PAESI FELICI!<br \/>\nTrifoglio fortunato<br \/>\nCittadini di Algeria, Andorra, Argentina, Brasile, Bolivia, Cile, Colombia, Repubblica Dominicana, Ecuador, Guatemala, Giappone, Corea, Macedonia, Marocco, Nicaragua, Per\u00f9, Panama, Paraguay, Filippine, Serbia, Svizzera, T<\/p>\n<p>Turchia, Tunisia, Ucraina, Uruguay e Venezuela<\/p>\n<p>Informatevi sempre presso il consolato del vostro paese di residenza in Spagna o presso l&#039;autorit\u00e0 spagnola dei trasporti, poich\u00e9 gli accordi tra i paesi cambiano costantemente.<\/p>\n<p>I diplomatici e il personale internazionale possono sostituire la patente di guida indipendentemente dalla loro nazionalit\u00e0: per ulteriori informazioni, contattare il Ministero degli Affari Esteri.<\/p>\n<p>Per convertire la patente di guida rilasciata da un paese extra UE\/SEE, solitamente sono necessari i seguenti moduli (*alcuni paesi potrebbero richiedere traduzioni o moduli aggiuntivi dal proprio consolato\/ambasciata, assicurarsi di verificarlo):<\/p>\n<p>Modulo di domanda<br \/>\nCarta d&#039;identit\u00e0 o passaporto validi (originale)<br \/>\nPermesso di soggiorno, carta d&#039;identit\u00e0 o passaporto unitamente al certificato di iscrizione all&#039;Anagrafe Centrale degli Stranieri (per gli stranieri UE) o al permesso di soggiorno (per gli stranieri extra UE): Originale. Carta di soggiorno valida.<br \/>\nCertificato medico rilasciato da un centro medico riconosciuto (ad esempio, il Center for Recognized Conductors)<br \/>\nPatente di guida valida per lo scambio (originale e copia)<br \/>\nDue foto recenti (32 x 25 mm)<br \/>\nDichiarazione scritta che la patente di guida non \u00e8 stata revocata o sospesa<br \/>\nDichiarazione scritta attestante che non si \u00e8 titolari di un&#039;altra patente di guida della stessa categoria rilasciata da un altro Paese dell&#039;UE.<br \/>\nAnche in questo caso, la procedura \u00e8 notevolmente pi\u00f9 semplice rispetto a quella dei cittadini extra-UE\/SEE il cui Paese non ha un accordo su questa procedura. Approfittatene finch\u00e9 potete e sappiate che risparmierete un sacco di tempo, denaro ed energie NON dovendo sostenere l&#039;esame di guida spagnolo.<\/p>\n<p>E QUINDI, SIAMO ARRIVATI AL MOMENTO PI\u00d9 IMPORTANTE DI QUESTO ARTICOLO: L&#039;ESAME DI GUIDA IN SPAGNOLO!<br \/>\nFASE 3 \u2013 L\u2019ESAME DI GUIDA IN SPAGNOLO:<\/p>\n<p>Per molti cittadini extra-UE\/SEE, pu\u00f2 essere frustrante dover ripetere tutto da capo per ottenere la patente di guida spagnola. Questo \u00e8 particolarmente vero se si possiede una patente e si ha esperienza di guida nel proprio Paese d&#039;origine. \u00c8 ancora pi\u00f9 frustrante perch\u00e9 la maggior parte degli automobilisti spagnoli fa quello che vuole e rispetta solo circa il 60% delle regole.<\/p>\n<p>IL MIO CONSIGLIO?<br \/>\nRiprenditi, combatti e ce la fai. Viviamo in un Paese pieno di &quot;titulite&quot; e burocrazia, oltre che di &quot;no pasa nada&quot;. Purtroppo \u00e8 cos\u00ec. Ma ho avuto un ottimo istruttore di guida pratica e sono grato per la formazione ricevuta per entrambi gli esami.<\/p>\n<p>Sono originario degli Stati Uniti e, purtroppo, appartengo alla generazione che non ha mai imparato a guidare un&#039;auto con il cambio manuale. Mi piaceva imparare un&#039;altra abilit\u00e0 e mi impegnavo a impararla in spagnolo (\u00a1toma ya!).<\/p>\n<p>PI\u00d9 OPZIONI<br \/>\nIn Spagna, \u00e8 possibile sostenere l&#039;esame in inglese (o in diverse altre lingue), cos\u00ec come la prova pratica utilizzando solo un&#039;auto con cambio automatico. Tuttavia, questo dipende da dove si vive.<\/p>\n<p>*Nota: se si sostiene l&#039;esame con un&#039;auto con cambio automatico, in Spagna sar\u00e0 consentito guidare solo auto con cambio automatico.<br \/>\nDOVE PUOI REGISTRARTI<br \/>\n\u00c8 necessario iscriversi agli esami presso la Jefatura Provincial de Tr\u00e1fico (Centro Provinciale del Traffico). La maggior parte delle persone si rivolge poi a un&#039;autoscuola (scuola guida ufficiale), che si occupa di tutto, inclusa l&#039;iscrizione a tutti gli esami necessari e la fornitura del materiale, che \u00e8 incluso nel prezzo totale.<\/p>\n<p>Mi sono registrato tramite la mia Autoescuela locale (complimenti all&#039;Autoescuela 2000 di San Fernando de Henares e Coslada a Madrid).<\/p>\n<p>Inizialmente avevo programmato di sostenere l&#039;esame scritto in spagnolo. Tuttavia, poco dopo l&#039;iscrizione, ho cambiato lavoro e ho iniziato a lavorare 40 ore a settimana in spagnolo. Dato che a fine giornata il mio cervello era completamente esausto, ho deciso di sostenere l&#039;esame in inglese.<\/p>\n<p>LA MIA AUTOSCUOLA<br \/>\nL&#039;autoscuola che ho frequentato non offriva corsi di inglese. Tuttavia, erano disponibili a richiedere il libro di testo e ho ricevuto un fascicolo d&#039;esame gratuito dalla DGT.<\/p>\n<p>*Nota: questo libro \u00e8 disponibile presso QUALSIASI autoscuola, poich\u00e9 la DGT distribuisce i libri alle scuole. Devi semplicemente chiedere alla tua autoscuola locale di ordinare questi due libri in inglese dalla DGT per te.<br \/>\n*Nota aggiuntiva: l&#039;inglese in questi libri \u00e8 uno strano mix di inglese britannico e una traduzione quasi letterale dallo spagnolo. Le domande erano comunque comprensibili, e bisogna sempre prestare attenzione alle preposizioni, poich\u00e9 questi trucchi sono usati nella versione spagnola del test e hanno fatto qualcosa di simile nella traduzione inglese.<br \/>\nOffrivano lezioni di spagnolo illimitate con un insegnante per prepararsi all&#039;esame scritto, che erano incluse nel prezzo originale. Fortunatamente, avevano anche un simulatore di guida manuale su cui potevo esercitarmi quanto volevo. Mi fornivano anche un&#039;applicazione online con test di pratica, che ho usato a scuola e a casa.<\/p>\n<p>Ho utilizzato tutte queste risorse. Ma per la prova scritta (teorica), ho letto principalmente il mio libro di testo di inglese. Ho anche ripassato le domande del fascicolo del test di inglese, prestando particolare attenzione a quelle a cui ho risposto in modo errato.<\/p>\n<p>Ho utilizzato diverse app per il mio dottorato.<\/p>\n<p>Ho potuto scaricarlo gratuitamente per studiarlo ovunque. E s\u00ec, le domande erano persino in inglese!<\/p>\n<p>ECCO ALCUNE DELLE APP CHE HO USATO SUL MIO TELEFONO PER STUDIARE PER L&#039;ESAME SCRITTO:<\/p>\n<p>AeolCloud<br \/>\nTodoTest<br \/>\nSe stai cercando un&#039;autoescuela che offra sia gli esami sia tutti i corsi di preparazione e di guida in inglese, dovrai mettere in conto dei costi.<\/p>\n<p>ECCO UN ELENCO DI ALCUNE AUTOESCUELAS CHE POSSONO AIUTARTI A OTTENERE LA PATENTE DI GUIDA SPAGNOLA:<br \/>\nMadrid \u2013 Gala dell&#039;Autoscuola<br \/>\nBarcellona \u2013 AE Stop n Drive e Auto Escuela Corsa<br \/>\nCOSA TI SERVE PER ISCRIVERTI A QUESTI ESAMI:<br \/>\nUn certificato di idoneit\u00e0 fisica e mentale rilasciato dal Centro de Reconocimiento de Conductores Autorizado<br \/>\nUn modulo di domanda<br \/>\nDue fototessere<br \/>\nIl tuo permesso di soggiorno<br \/>\nProva di residenza in Spagna<br \/>\nUna dichiarazione che non ci sono sospensioni o casi legali che ti impediscono di guidare<br \/>\nUna dichiarazione attestante che non si \u00e8 gi\u00e0 in possesso di una patente di guida equivalente.<br \/>\nQUANTO COSTA LA PATENTE DI GUIDA SPAGNOLA?<\/p>\n<p>Tutto dipende da:<\/p>\n<p>Dove vivi<br \/>\nQuante volte devi superare l&#039;esame scritto?<br \/>\nQuanti corsi frequenti presso la tua Autoescuela?<br \/>\nE con quale frequenza devi superare la prova pratica?<br \/>\n*Nota: \u00e8 importante notare che \u00e8 possibile fallire un esame solo una volta. In caso contrario, sar\u00e0 necessario pagare una tassa aggiuntiva (tasa) per riprovare. Esempio: ho superato l&#039;esame scritto al primo tentativo. Questo mi ha permesso di sostenere l&#039;esame pratico almeno due volte senza dover pagare di nuovo. Conosco altre persone che hanno fallito l&#039;esame scritto al primo tentativo e poi si sono sentite molto sotto pressione per superare l&#039;esame pratico.<br \/>\nECCO IL MIO ESEMPIO PERSONALE:<br \/>\nMatricola Autoescuela \u2013 30\u20ac<br \/>\nEsame teorico \u2013 92 \u20ac<br \/>\nAbbonamento per 10 lezioni \u2013 \u20ac 215 (ne ho completate due prima del mio primo esame pratico \u2013 per un totale di \u20ac 430)<br \/>\nDue lezioni gratuite incluse nel prezzo del mio esame di maturit\u00e0<br \/>\nDue lezioni aggiuntive direttamente prima del primo esame pratico \u2013 per un totale di 43 \u20ac (ovvero 21,50 \u20ac a lezione)<br \/>\nEsame pratico 1 \u2013 123 \u20ac<br \/>\nAncora cinque lezioni prima del secondo esame pratico \u2013 \u20ac 107,50<br \/>\nEsame pratico 2 \u2013 123 \u20ac<br \/>\nLe mie spese totali sono state di circa 948 \u20ac, includendo visita medica e simili, per un totale di circa 1000 \u20ac.<\/p>\n<p>Lo considererei un minimo generale. Tuttavia, conosco persone che hanno speso solo 800 euro e altre che ne hanno spesi quasi 1.500.<\/p>\n<p>Dipende da quante lezioni tu e il tuo insegnante ritenete necessarie e dai risultati dell&#039;esame.<\/p>\n<p>*Importante: non farti prendere dalla fretta, ma ci sono dei limiti di tempo tra un esame e l&#039;altro. I risultati degli esami scritti sono validi fino a due anni dalla data in cui li hai sostenuti, mentre i risultati degli esami pratici sono validi solo fino a sei mesi.<\/p>\n<p>Cosa significa? Dopo l&#039;esame scritto, puoi prenderti tutto il tempo che ti serve. Tuttavia, una volta sostenuto (e fallito) il primo esame pratico, devi mantenere alto lo slancio. Se aspetti pi\u00f9 di sei mesi tra il successivo esame pratico (hai indovinato!), dovrai pagare un&#039;altra tassa (tasa).<br \/>\nECCO IL MIO ESEMPIO PERSONALE:<br \/>\nMi sono iscritto a novembre 2015, ma non ho sostenuto l&#039;esame scritto fino a dicembre 2016.<\/p>\n<p>Ho iniziato le lezioni pratiche nella primavera\/estate del 2017 e ho sostenuto il mio primo esame pratico nell&#039;ottobre 2017 (che non ho superato a causa di un errore! Argh!), e il mio secondo e ultimo esame pratico nel dicembre 2017.<\/p>\n<p>In definitiva, scegli ci\u00f2 che funziona meglio per te e per la tua situazione personale. Ma tieni presente i tuoi limiti di tempo.<\/p>\n<p>*Nota: Puoi (io ho dovuto) richiedere un cambio di insegnante se ritieni che l&#039;insegnante non sia adatto a te. Ho avuto due lezioni iniziali con un insegnante, ma il suo stile di insegnamento mi ha solo reso pi\u00f9 nervoso e ansioso. Cos\u00ec sono andato alla reception della mia autoscuola e hanno effettuato il cambio. In definitiva, \u00e8 tempo e denaro tuoi: non sprecarli!<br \/>\nCONGRATULAZIONI! HAI OTTENUTO LA PATENTE SPAGNOLA!<br \/>\nUna patente di guida completa in Spagna<br \/>\nFonte dell&#039;immagine<br \/>\nUna volta superato l&#039;esame pratico, riceverai la patente provvisoria. Questa sar\u00e0 valida fino all&#039;arrivo della patente ufficiale presso l&#039;Autoescuela. Riceverai anche la targa verde L, che potrai esporre sul lunotto posteriore dell&#039;auto. Dovrai esporre la targa verde L per un anno (dalla data di superamento dell&#039;esame). Alcune compagnie esentano da questo requisito, ma in questo modo eviti multe o potenziali problemi. Io ho usato la mia e non ho avuto alcun problema. E, a dire il vero, mi ha aiutato a tenere a bada i pazzi guidatori spagnoli mentre mi abituavo a guidare in questa folle capitale. Usa quella L gigante!<\/p>\n<p>PASSO 4 \u2013 FESTEGGIA!<br \/>\nChe tu abbia dovuto semplicemente sbrigare le pratiche burocratiche o partire da zero, ce l&#039;hai fatta!<\/p>\n<p>Ora festeggia la tua nuova patente spagnola organizzando un viaggio on the road in un posto senza citt\u00e0 e godendoti la tua ritrovata libert\u00e0. E, naturalmente, guida sempre con prudenza!<\/p>\n<\/div>\n<\/div>","protected":false},"excerpt":{"rendered":"<p>Guidare in Spagna pu\u00f2 essere una vera avventura. Ma ottenere la patente spagnola \u00e8 tutta un&#039;altra storia.<\/p>","protected":false},"featured_media":22693,"template":"","meta":[],"product_brand":[],"product_cat":[927],"product_tag":[],"class_list":{"0":"post-22647","1":"product","2":"type-product","3":"status-publish","4":"has-post-thumbnail","6":"product_cat-fuehrerschein","8":"first","9":"instock","10":"taxable","11":"shipping-taxable","12":"purchasable","13":"product-type-simple"},"_links":{"self":[{"href":"https:\/\/primeprintingweb.com\/it\/wp-json\/wp\/v2\/product\/22647","targetHints":{"allow":["GET"]}}],"collection":[{"href":"https:\/\/primeprintingweb.com\/it\/wp-json\/wp\/v2\/product"}],"about":[{"href":"https:\/\/primeprintingweb.com\/it\/wp-json\/wp\/v2\/types\/product"}],"version-history":[{"count":3,"href":"https:\/\/primeprintingweb.com\/it\/wp-json\/wp\/v2\/product\/22647\/revisions"}],"predecessor-version":[{"id":22809,"href":"https:\/\/primeprintingweb.com\/it\/wp-json\/wp\/v2\/product\/22647\/revisions\/22809"}],"wp:featuredmedia":[{"embeddable":true,"href":"https:\/\/primeprintingweb.com\/it\/wp-json\/wp\/v2\/media\/22693"}],"wp:attachment":[{"href":"https:\/\/primeprintingweb.com\/it\/wp-json\/wp\/v2\/media?parent=22647"}],"wp:term":[{"taxonomy":"product_brand","embeddable":true,"href":"https:\/\/primeprintingweb.com\/it\/wp-json\/wp\/v2\/product_brand?post=22647"},{"taxonomy":"product_cat","embeddable":true,"href":"https:\/\/primeprintingweb.com\/it\/wp-json\/wp\/v2\/product_cat?post=22647"},{"taxonomy":"product_tag","embeddable":true,"href":"https:\/\/primeprintingweb.com\/it\/wp-json\/wp\/v2\/product_tag?post=22647"}],"curies":[{"name":"wp","href":"https:\/\/api.w.org\/{rel}","templated":true}]}}