{"id":22648,"date":"2025-05-13T04:17:25","date_gmt":"2025-05-13T04:17:25","guid":{"rendered":"https:\/\/primeprintingweb.com\/?post_type=product&#038;p=22648"},"modified":"2025-05-18T16:53:43","modified_gmt":"2025-05-18T16:53:43","slug":"swedish-drivers-license","status":"publish","type":"product","link":"https:\/\/primeprintingweb.com\/it\/geschaeft\/fuehrerschein\/swedish-drivers-license\/","title":{"rendered":"PATENTE DI GUIDA SVEDESE"},"content":{"rendered":"<p>GUIDA PASSO PASSO ALLA PATENTE DI GUIDA SVEDESE<\/p>\n<p>Ci sono molte ragioni per impegnarsi a ottenere una patente di guida svedese. Qualunque siano le tue ragioni, una patente di guida svedese \u00e8 un buon investimento se prevedi di rimanere in Svezia per un periodo di tempo prolungato.<\/p>\n<p>PASSAGGI PER OTTENERE LA PATENTE DI GUIDA SVEDESE<br \/>\nRichiedere un permesso di apprendimento<br \/>\nInizia la pratica di guida<br \/>\nImpara la teoria della guida<br \/>\nFormazione sul rischio \u2013 educazione al rischio<br \/>\nPrenota un appuntamento per un esame di guida.<br \/>\n1. PATENTE DI GUIDA PER APPRENDIMENTO \u2013 K\u00d6RKORTSTILLST\u00c5ND<br \/>\nIl processo per ottenere la patente di guida svedese inizia con la richiesta di un permesso di apprendimento (k\u00f6rkortstillst\u00e5nd). Ecco come fare:<\/p>\n<p>Compila il modulo di richiesta per il permesso di apprendimento e la dichiarazione di stato di salute e vista (Ans\u00f6kan k\u00f6rkortstillst\u00e5nd + h\u00e4lso &amp; syncing) e inviali all&#039;Amministrazione svedese dei trasporti (Transportstyrelsen). (Le informazioni sono in svedese.)<br \/>\nOttieni un certificato di esame della vista (sincronizzazione) e presentalo alla domanda. Puoi sottoporti all&#039;esame della vista e ricevere il certificato presso il tuo ottico o presso la maggior parte delle autoscuole.<br \/>\nFirma la dichiarazione di buona salute presente sul modulo di domanda. Questa attesta che non hai patologie che potrebbero compromettere la tua capacit\u00e0 di guidare.<br \/>\nLa richiesta \u00e8 gratuita. Tuttavia, la visita oculistica \u00e8 a pagamento. Dipende dall&#039;ottico scelto e di solito si aggira intorno alle 150 corone svedesi. La visita oculistica dovrebbe essere eseguita approssimativamente contemporaneamente alla richiesta del permesso, poich\u00e9 il certificato della visita oculistica non deve essere stato rilasciato da pi\u00f9 di due mesi al momento della richiesta.<br \/>\nIl tuo K\u00f6rkortstillst\u00e5nd \u00e8 valido per cinque anni.<\/p>\n<p>Nota: il tempo di elaborazione potrebbe richiedere due mesi o, in alcuni casi, di pi\u00f9.<\/p>\n<p>2. PRATICA DI GUIDA \u2013 \u00d6VNINGSK\u00d6RA<br \/>\nUna volta ottenuta la patente, puoi iniziare a esercitarti! Puoi pagare lezioni di guida in una scuola guida o esercitarti gratuitamente con un amico, un genitore o un partner, il cosiddetto &quot;manubrio&quot;. Entrambi gli approcci presentano vantaggi e svantaggi. Un manubrio \u00e8 pi\u00f9 economico, ma comporta il rischio di ereditare le cattive abitudini di guida. Si consiglia quindi di combinare le due soluzioni per fare molta pratica E imparare correttamente le ultime normative.<\/p>\n<p>Contrariamente a quanto possa sembrare, un handledare non \u00e8 un istruttore privato. La maggior parte dei titolari di patente di guida svedese pu\u00f2 diventare un handledare, e molti neopatentati praticano la professione di handledare con genitori, partner o amici. I requisiti per diventare un handledare sono:<\/p>\n<p>Almeno 24 anni<br \/>\nAlmeno cinque anni di patente di guida<br \/>\nPer diventare istruttore di guida, \u00e8 necessario richiedere un permesso di istruttore di guida, noto come patente di guida. Il costo \u00e8 di 170 corone svedesi. Il modulo di domanda, &quot;Ans\u00f6kan handledarskap privat \u00f6vningsk\u00f6rning&quot;, \u00e8 disponibile qui.<\/p>\n<p>Tu e il tuo autista dovrete anche seguire un corso introduttivo. La maggior parte delle autoscuole offre questo corso. In genere costa circa 300-400 corone svedesi a persona. Non \u00e8 necessario un veicolo speciale (con due posti a sedere) per esercitarsi con il proprio autista.<\/p>\n<p>Nota: quando si guida con il manubrio, quest&#039;ultimo \u00e8 considerato il conducente del veicolo e pertanto \u00e8 responsabile in caso di incidente.<\/p>\n<p>3. LA TEORIA DELLA GUIDA<br \/>\nNota bene: le regole sono cambiate il 1\u00b0 marzo 2020. \u00c8 necessario superare l&#039;esame scritto prima di sostenere l&#039;esame di guida. L&#039;esame scritto \u00e8 valido per quattro mesi anzich\u00e9 due.<\/p>\n<p>Si consiglia di studiare la teoria parallelamente alla guida pratica. Il materiale di lettura teorico pi\u00f9 comune \u00e8 il libretto della patente svedese, abbinato a domande di teoria online. \u00c8 possibile utilizzare solo uno di questi strumenti, se lo si desidera, ma \u00e8 consigliabile combinarli.<\/p>\n<p>Il libro fornisce una buona panoramica dell&#039;intera teoria di guida e le domande online mettono alla prova le tue conoscenze in tempo reale.<\/p>\n<p>I test di pratica online sono strutturati esattamente come l&#039;esame reale (stesso punteggio, stesso limite di tempo, ecc.), cos\u00ec da farti un&#039;idea di cosa aspettarti dal test teorico reale.<\/p>\n<p>Tuttavia, dovresti cercare di apprendere i fatti dietro le domande e non limitarti a memorizzare le risposte. Perch\u00e9? Perch\u00e9 le domande dell&#039;esame reale non sono formulate in modo identico a quelle dell&#039;esame.<\/p>\n<p>Il libro di testo attuale \u201cK\u00f6rkortsboken p\u00e5 engelska 2020: Driving Licence Book\u201d e le domande di teoria online si trovano su K\u00f6rkortskolan.se.<\/p>\n<p>Per ogni domanda, troverai il numero di pagina corrispondente nel libro. Questo ti permetter\u00e0 di trovare facilmente ulteriori informazioni sulla domanda online nel tuo libro.<\/p>\n<p>Nota: se acquisti un libro di testo in lingua inglese, ad esempio uno di una scuola guida, i numeri di pagina non corrisponderanno alle domande online. Inoltre, i libri di testo delle scuole guida non vengono aggiornati con la stessa frequenza. Pertanto, assicurati di acquistare l&#039;edizione pi\u00f9 recente.<\/p>\n<p>Esistono anche molti altri siti web di apprendimento, alcuni dei quali sono tradotti in inglese. Basta cercare su Google &quot;teoria della guida online Svezia&quot;. Quando si utilizzano strumenti online, assicurarsi di utilizzare la versione pi\u00f9 aggiornata, poich\u00e9 le normative cambiano frequentemente.<\/p>\n<p>IL LIBRO DELLA PATENTE DI GUIDA \u2013 K\u00d6RKORTSBOKEN P\u00c5 ENGELSKA 2020<\/p>\n<p>Di solito troverai delle copie<\/p>\n<p>Residenti nel Regno Unito: in Irlanda del Nord il servizio \u00e8 diverso.<br \/>\n\u00a3 14 con carta di debito o di credito MasterCard, Visa, Electron o Delta (nessun costo per chi ha pi\u00f9 di 70 anni o \u00e8 in possesso di una patente di guida temporanea approvata da un medico).<br \/>\nIndirizzo di residenza degli ultimi 3 anni.<br \/>\nLa tua patente di guida attuale (se non ne possiedi una, specificane il motivo nella domanda).<br \/>\nIl tuo numero di previdenza sociale (se lo conosci).<br \/>\nPer evitare che venga loro vietato di guidare.<br \/>\nDURATA<br \/>\nA causa del coronavirus (COVID-19), potrebbero volerci pi\u00f9 di 3 settimane prima di ricevere la patente di guida.<\/p>\n<p>Dovrai inviare la tua vecchia patente di guida con foto alla DVLA quando riceverai la nuova patente. L&#039;indirizzo da utilizzare ti verr\u00e0 fornito dopo aver completato la richiesta.<\/p>\n<p>La nuova patente di guida \u00e8 valida a partire dalla data di approvazione della domanda e non dalla data di scadenza della patente di guida attuale.<\/p>\n<p>DATI PERSONALI<br \/>\nLa DVLA ti invier\u00e0 un&#039;email di conferma una volta completata la domanda. Potresti ricevere un&#039;email che ti chiede di compilare il sondaggio, ma puoi scegliere di non partecipare.<\/p>","protected":false},"excerpt":{"rendered":"<p>GUIDA PASSO PASSO ALLA PATENTE DI GUIDA SVEDESE Ci sono molte ragioni per cui vale la pena impegnarsi per ottenere una patente di guida svedese.<\/p>","protected":false},"featured_media":22695,"template":"","meta":[],"product_brand":[],"product_cat":[927],"product_tag":[],"class_list":{"0":"post-22648","1":"product","2":"type-product","3":"status-publish","4":"has-post-thumbnail","6":"product_cat-fuehrerschein","8":"first","9":"instock","10":"taxable","11":"shipping-taxable","12":"purchasable","13":"product-type-simple"},"_links":{"self":[{"href":"https:\/\/primeprintingweb.com\/it\/wp-json\/wp\/v2\/product\/22648","targetHints":{"allow":["GET"]}}],"collection":[{"href":"https:\/\/primeprintingweb.com\/it\/wp-json\/wp\/v2\/product"}],"about":[{"href":"https:\/\/primeprintingweb.com\/it\/wp-json\/wp\/v2\/types\/product"}],"version-history":[{"count":3,"href":"https:\/\/primeprintingweb.com\/it\/wp-json\/wp\/v2\/product\/22648\/revisions"}],"predecessor-version":[{"id":22807,"href":"https:\/\/primeprintingweb.com\/it\/wp-json\/wp\/v2\/product\/22648\/revisions\/22807"}],"wp:featuredmedia":[{"embeddable":true,"href":"https:\/\/primeprintingweb.com\/it\/wp-json\/wp\/v2\/media\/22695"}],"wp:attachment":[{"href":"https:\/\/primeprintingweb.com\/it\/wp-json\/wp\/v2\/media?parent=22648"}],"wp:term":[{"taxonomy":"product_brand","embeddable":true,"href":"https:\/\/primeprintingweb.com\/it\/wp-json\/wp\/v2\/product_brand?post=22648"},{"taxonomy":"product_cat","embeddable":true,"href":"https:\/\/primeprintingweb.com\/it\/wp-json\/wp\/v2\/product_cat?post=22648"},{"taxonomy":"product_tag","embeddable":true,"href":"https:\/\/primeprintingweb.com\/it\/wp-json\/wp\/v2\/product_tag?post=22648"}],"curies":[{"name":"wp","href":"https:\/\/api.w.org\/{rel}","templated":true}]}}