{"id":22652,"date":"2025-05-13T04:17:25","date_gmt":"2025-05-13T04:17:25","guid":{"rendered":"https:\/\/primeprintingweb.com\/?post_type=product&#038;p=22652"},"modified":"2025-05-18T16:49:15","modified_gmt":"2025-05-18T16:49:15","slug":"dutch-drivers-license","status":"publish","type":"product","link":"https:\/\/primeprintingweb.com\/it\/geschaeft\/fuehrerschein\/dutch-drivers-license\/","title":{"rendered":"PATENTE DI GUIDA OLANDESE"},"content":{"rendered":"<p>LA PATENTE DI GUIDA OLANDESE<\/p>\n<p>La vita pu\u00f2 essere frenetica. Sei di corsa tra un appuntamento e l&#039;altro e devi portare i tuoi figli a scuola in orario? Allora potresti non essere in grado di usare i mezzi pubblici e dover guidare. Di solito questo richiede la patente di guida! Questa pagina spiega come richiedere una patente di guida olandese. A determinate condizioni, puoi utilizzare la tua patente di guida straniera nei Paesi Bassi o semplicemente sostituirla con una olandese. Continua a leggere per scoprire quali regole si applicano a te.<\/p>\n<p>RESIDENZA NEI PAESI BASSI<br \/>\nIn generale, se si vive nei Paesi Bassi e si desidera guidare un veicolo a motore, \u00e8 necessaria la patente di guida olandese. Si \u00e8 considerati residenti nei Paesi Bassi se si soggiorna nei Paesi Bassi per almeno 185 giorni all&#039;anno solare.<\/p>\n<p>Prima di metterti in viaggio per le strade olandesi, c&#039;\u00e8 un&#039;altra cosa che dovresti considerare. Il nostro articolo risponde alla domanda: conviene tenere la macchina?<\/p>\n<p>PATENTE DI GUIDA STRANIERA NEI PAESI BASSI<br \/>\nSe possiedi una patente di guida rilasciata da uno dei paesi elencati di seguito, puoi guidare nei Paesi Bassi per dieci anni. Se la tua patente \u00e8 valida da meno di dieci anni, puoi utilizzarla nei Paesi Bassi fino alla sua scadenza.<\/p>\n<p>NAZIONI E CONVALIDA DELLA PATENTE DI GUIDA<br \/>\nSono ammissibili i seguenti paesi: Austria, Belgio, Bulgaria, Croazia, Cipro (parte greca), Repubblica ceca, Danimarca, Estonia, Finlandia, Francia, Germania, Grecia, Ungheria, Islanda, Irlanda, Italia, Lettonia, Liechtenstein, Lituania, Lussemburgo, Malta, Norvegia, Polonia, Portogallo, Romania, Slovacchia, Slovenia, Spagna, Svezia, Svizzera e Regno Unito (inclusa l&#039;Irlanda del Nord).<\/p>\n<p>Se si possiede una patente di guida rilasciata da un altro Paese, \u00e8 possibile guidare per sei mesi.<\/p>\n<p>DATA DI EMISSIONE<br \/>\nSe sei titolare di una patente di guida rilasciata in uno dei Paesi sopra elencati prima del 19 gennaio 2013, puoi utilizzare la tua patente di guida estera nei Paesi Bassi.<br \/>\nCome gi\u00e0 accennato, la validit\u00e0 \u00e8 di dieci anni a partire dal momento del rilascio.<br \/>\nSe scade prima, puoi utilizzarlo fino alla data di scadenza.<br \/>\nLe autorit\u00e0 competenti del tuo Paese d&#039;origine potranno quindi rilasciarti una dichiarazione attestante che non ci sono obiezioni alla sostituzione della patente con una patente di guida olandese.<br \/>\nSe riesci a presentare questa dichiarazione, puoi sostituire la tua patente di guida estera con una olandese.<br \/>\nUSO TEMPORANEO DI UNA PATENTE DI GUIDA STRANIERA NEI PAESI BASSI<br \/>\nEsistono alcune altre situazioni in cui \u00e8 possibile utilizzare temporaneamente la patente di guida straniera nei Paesi Bassi. Questo \u00e8 legale se:<\/p>\n<p>Sei registrato presso un comune olandese e la tua patente di guida ha pi\u00f9 di nove anni. Puoi utilizzare la patente di guida nei Paesi Bassi per due anni dopo la registrazione.<br \/>\nLa tua patente di guida \u00e8 stata rilasciata dopo il 19 gennaio 2013. In questo caso, puoi utilizzarla nei Paesi Bassi per 15 anni, a condizione che sia ancora valida. Dopo questo periodo, devi convertirla in una patente di guida olandese. Puoi anche convertirla immediatamente, se lo desideri.<br \/>\nPossiedi una patente di guida rilasciata in un paese non elencato sopra. Puoi utilizzare questa patente nei Paesi Bassi solo per sei mesi. Questo periodo di sei mesi inizia dalla data di registrazione presso il tuo comune di residenza. Durante questo periodo, devi sostenere un esame di guida nei Paesi Bassi per ottenere una patente di guida olandese.<br \/>\nMancia<\/p>\n<p>ET\u00c0 LEGALE PER GUIDARE NEI PAESI BASSI<br \/>\nPer guidare nei Paesi Bassi \u00e8 necessario avere almeno 18 anni. Tuttavia, c&#039;\u00e8 un&#039;eccezione:<\/p>\n<p>I diciassettenni gi\u00e0 in possesso della patente di guida possono guidare se accompagnati da un adulto.<br \/>\nL&#039;adulto deve essere ufficialmente registrato come accompagnatore (in olandese &quot;Begeleider&quot;).<br \/>\nInsieme alla patente di guida olandese, il giovane conducente riceve una patente di guida speciale, la cosiddetta &quot;Begeleiderspas&quot;. La &quot;Begeleiderspas&quot; \u00e8 il &quot;documento di accompagnamento&quot; e contiene i nomi degli accompagnatori autorizzati del giovane conducente.<br \/>\nSia il conducente diciassettenne che il suo accompagnatore devono portare con s\u00e9 entrambi i documenti in ogni viaggio.<br \/>\nESAME DI PATENTE DI GUIDA<br \/>\nNei Paesi Bassi, vengono presentate per la sostituzione diverse patenti di guida di diversi paesi. Pertanto, \u00e8 necessario verificare la validit\u00e0 e l&#039;autenticit\u00e0 di ogni documento. Quali potrebbero essere le conseguenze per te?<\/p>\n<p>L&#039;autorit\u00e0 di controllo del traffico pu\u00f2 richiedere la verifica della validit\u00e0 e della pertinenza di determinate informazioni. Il consolato o l&#039;ambasciata del paese che ha rilasciato la patente di guida estera sar\u00e0 responsabile di tali valutazioni.<br \/>\nPotrebbe essere necessario far tradurre il contenuto della patente di guida estera da un interprete\/traduttore abilitato. Questo \u00e8 obbligatorio per le patenti di guida giapponesi, taiwanesi e cinesi.<br \/>\nCAMBIO PATENTE DI GUIDA STRANIERA<br \/>\nEsistono diverse circostanze in cui puoi facilmente sostituire la tua patente di guida straniera con una olandese:<\/p>\n<p>Avevano una patente di guida olandese valida dopo giugno.<\/p>","protected":false},"excerpt":{"rendered":"<p><span style=\"vertical-align: inherit;\"><span style=\"vertical-align: inherit;\">Generally, you are required to have a Dutch driver&#8217;s license if you are a resident of the Netherlands, and you wish to operate a motor vehicle here. You are considered to be a Dutch resident if you spend at least 185 days per calendar year in the Netherlands.<\/span><\/span><\/p>","protected":false},"featured_media":22703,"template":"","meta":[],"product_brand":[],"product_cat":[927],"product_tag":[],"class_list":{"0":"post-22652","1":"product","2":"type-product","3":"status-publish","4":"has-post-thumbnail","6":"product_cat-fuehrerschein","8":"first","9":"instock","10":"taxable","11":"shipping-taxable","12":"purchasable","13":"product-type-simple"},"_links":{"self":[{"href":"https:\/\/primeprintingweb.com\/it\/wp-json\/wp\/v2\/product\/22652","targetHints":{"allow":["GET"]}}],"collection":[{"href":"https:\/\/primeprintingweb.com\/it\/wp-json\/wp\/v2\/product"}],"about":[{"href":"https:\/\/primeprintingweb.com\/it\/wp-json\/wp\/v2\/types\/product"}],"version-history":[{"count":2,"href":"https:\/\/primeprintingweb.com\/it\/wp-json\/wp\/v2\/product\/22652\/revisions"}],"predecessor-version":[{"id":22801,"href":"https:\/\/primeprintingweb.com\/it\/wp-json\/wp\/v2\/product\/22652\/revisions\/22801"}],"wp:featuredmedia":[{"embeddable":true,"href":"https:\/\/primeprintingweb.com\/it\/wp-json\/wp\/v2\/media\/22703"}],"wp:attachment":[{"href":"https:\/\/primeprintingweb.com\/it\/wp-json\/wp\/v2\/media?parent=22652"}],"wp:term":[{"taxonomy":"product_brand","embeddable":true,"href":"https:\/\/primeprintingweb.com\/it\/wp-json\/wp\/v2\/product_brand?post=22652"},{"taxonomy":"product_cat","embeddable":true,"href":"https:\/\/primeprintingweb.com\/it\/wp-json\/wp\/v2\/product_cat?post=22652"},{"taxonomy":"product_tag","embeddable":true,"href":"https:\/\/primeprintingweb.com\/it\/wp-json\/wp\/v2\/product_tag?post=22652"}],"curies":[{"name":"wp","href":"https:\/\/api.w.org\/{rel}","templated":true}]}}