{"id":22656,"date":"2025-05-13T04:17:25","date_gmt":"2025-05-13T04:17:25","guid":{"rendered":"https:\/\/primeprintingweb.com\/?post_type=product&#038;p=22656"},"modified":"2025-05-18T17:05:27","modified_gmt":"2025-05-18T17:05:27","slug":"belgian-drivers-license","status":"publish","type":"product","link":"https:\/\/primeprintingweb.com\/it\/geschaeft\/fuehrerschein\/belgian-drivers-license\/","title":{"rendered":"PATENTE DI GUIDA BELGA"},"content":{"rendered":"<div class=\"woocommerce-tabs wc-tabs-wrapper\">\n<div id=\"tab-description\" class=\"woocommerce-Tabs-panel woocommerce-Tabs-panel--description panel entry-content wc-tab\" role=\"tabpanel\" aria-labelledby=\"tab-title-description\">\n<p>COME OTTENERE LA PATENTE DI GUIDA BELGA<\/p>\n<p>Se studi o lavori in Belgio, potresti voler ottenere una patente di guida belga durante il tuo soggiorno. Se possiedi una patente di guida straniera, potresti riuscire a sostituirla con una belga oppure potresti dover superare un esame teorico e un esame di guida. Essere ben informati sulle proprie opzioni \u00e8 la chiave per risparmiare tempo e denaro quando si ottiene la patente di guida in Belgio.<\/p>\n<p>Se provieni da un paese dell&#039;UE che ha un accordo con il Belgio sul riconoscimento delle patenti di guida straniere dell&#039;UE, puoi ottenere la patente di guida in Belgio. Potrebbe anche esserti richiesto di portare con te una patente di guida internazionale (con traduzione, se necessario). Per ulteriori informazioni sulla sostituzione della patente di guida, sulla registrazione di una patente di guida internazionale e sulla richiesta di una patente di guida belga, contattare il municipio locale (Maison Communale\/Stadhuis) o l&#039;ufficio comunale.<\/p>\n<p>E I CITTADINI DELLO SEE CHE GUIDANO IN BELGIO?<br \/>\nNon \u00e8 necessario sostituire la patente di guida se si \u00e8 uno straniero che si trasferisce in Belgio da un paese dello Spazio economico europeo (UE pi\u00f9 Islanda, Liechtenstein e Norvegia).<\/p>\n<p>Buono a sapersi:<\/p>\n<p>Registrare la patente di guida presso l&#039;autorit\u00e0 locale. In caso di furto o smarrimento, riceverai una patente di guida belga sostitutiva.<br \/>\n\u00c8 possibile sostituire la patente di guida SEE con una patente di guida belga come documento d&#039;identit\u00e0 locale.<br \/>\nLa maggior parte delle patenti di guida dell&#039;UE ha una validit\u00e0 di dieci anni. Le patenti di guida con validit\u00e0 illimitata potrebbero dover essere rinnovate due anni dopo la registrazione ufficiale come residente in Belgio.<\/p>\n<p>COSA SUCCEDE SE NON SEI UN CITTADINO NAZIONALE DELL&#039;Area Economica Europea?<br \/>\nSe non sei un cittadino SEE, dovresti sapere quanto segue:<\/p>\n<p>Puoi utilizzare la patente di guida estera per un massimo di sei mesi. Se si soggiorna per pi\u00f9 di sei mesi o ci si registra come residenti in Belgio, sar\u00e0 necessaria la patente di guida belga.<br \/>\nRivolgiti al tuo paese di residenza o al tuo comune per verificare se hai bisogno di un permesso di guida internazionale (IDP) e di una traduzione della patente di guida.<br \/>\nMolti paesi extra-SEE hanno stipulato accordi con il Belgio che consentono di sostituire facilmente la propria patente di guida con una patente belga. Tuttavia, \u00e8 necessario essere registrati presso un comune e possedere un permesso di soggiorno belga. Se sei cittadino di un paese non appartenente allo Spazio economico europeo, puoi consultare il sito web del governo belga per verificare se esiste un accordo corrispondente per il tuo paese.<\/p>\n<p>Se il tuo Paese non ha stipulato un accordo con il Belgio, devi superare l&#039;esame di guida teorico e pratico belga. Visitare i centri d&#039;esame (GOCA o SBAT). L\u00ec potrai sostenere l&#039;esame teorico in inglese, prenotando in tempo.<br \/>\nSe hai gi\u00e0 sostituito la patente di guida estera con una patente di guida di un altro paese dell&#039;UE, questa verr\u00e0 riconosciuta anche in Belgio.<br \/>\nCOMPLETAMENTO DELL&#039;ESAME DI TEORIA E GUIDA BELGA<br \/>\nSe devi sostenere l&#039;esame di teoria e di guida per ottenere la patente di guida belga, dovresti sapere quanto segue:<\/p>\n<p>L&#039;esame di guida si svolge presso un centro esami ufficiale. Il testo pu\u00f2 essere memorizzato in francese o in olandese.<br \/>\nPrenotando un appuntamento presso il centro d&#039;esame di Schaerbeek, Bruxelles, potrai sostenere l&#039;esame teorico con un traduttore. New Traffic Books offre un libro di teoria dell&#039;inglese con esercizi di preparazione. Clicca qui per maggiori informazioni (solo in francese e olandese).<br \/>\nSi prega di portare con s\u00e9 all&#039;esame un documento d&#039;identit\u00e0 e la quota di iscrizione (15 EUR per l&#039;esame base o 50 EUR incluso il traduttore). Devi sottoporti a un esame della vista.<br \/>\nIl costo dell&#039;esame di guida varia dai 30 ai 50 EUR, a seconda dei requisiti. Qui potete trovare il listino prezzi in francese o olandese.<br \/>\nLa patente di guida \u00e8 valida per un massimo di tre anni. L&#039;autorit\u00e0 locale ti rilascer\u00e0 una patente di guida provvisoria valida per 18 o 36 mesi. Con questa patente di guida puoi sostenere l&#039;esame pratico se hai pi\u00f9 di 18 anni.<br \/>\nQUALI DOCUMENTI SONO NECESSARI PER OTTENERE LA PATENTE DI GUIDA IN BELGIO?<br \/>\nPortare con s\u00e9 all&#039;esame di guida i seguenti documenti originali:<\/p>\n<p>Prova di identit\u00e0<br \/>\nPatente di guida provvisoria<br \/>\nProva del pagamento della quota<br \/>\nProva di assicurazione<br \/>\nImmatricolazione del veicolo<br \/>\nCOME POSSO OTTENERE LA PATENTE DI GUIDA IN BELGIO?<br \/>\nDopo aver superato la prova pratica, recatevi presso il municipio (Maison Communale\/Stadhuis) della vostra zona con il vostro attestato, due fototessere e un documento d&#039;identit\u00e0. L\u00ec ti verr\u00e0 rilasciata una patente di guida provvisoria finch\u00e9 non ti verr\u00e0 inviata la patente di guida completa.<\/p>\n<p>ORA SEI PRONTO A GUIDARE IN BELGIO! EVVIVA!<\/p>\n<\/div>\n<\/div>","protected":false},"excerpt":{"rendered":"<p>Se studierai o lavorerai in Belgio, potrebbe esserti utile conseguire la patente di guida belga durante il tuo soggiorno. Se possiedi una patente straniera, potresti riuscire a sostituirla con una belga oppure potresti dover superare un esame teorico e di guida. Essere ben informati sulle opzioni a disposizione \u00e8 la chiave per risparmiare tempo e denaro quando si tratta di ottenere la patente di guida in Belgio.<\/p>","protected":false},"featured_media":22711,"template":"","meta":[],"product_brand":[],"product_cat":[927],"product_tag":[],"class_list":{"0":"post-22656","1":"product","2":"type-product","3":"status-publish","4":"has-post-thumbnail","6":"product_cat-fuehrerschein","8":"first","9":"instock","10":"taxable","11":"shipping-taxable","12":"purchasable","13":"product-type-simple"},"_links":{"self":[{"href":"https:\/\/primeprintingweb.com\/it\/wp-json\/wp\/v2\/product\/22656","targetHints":{"allow":["GET"]}}],"collection":[{"href":"https:\/\/primeprintingweb.com\/it\/wp-json\/wp\/v2\/product"}],"about":[{"href":"https:\/\/primeprintingweb.com\/it\/wp-json\/wp\/v2\/types\/product"}],"version-history":[{"count":3,"href":"https:\/\/primeprintingweb.com\/it\/wp-json\/wp\/v2\/product\/22656\/revisions"}],"predecessor-version":[{"id":22822,"href":"https:\/\/primeprintingweb.com\/it\/wp-json\/wp\/v2\/product\/22656\/revisions\/22822"}],"wp:featuredmedia":[{"embeddable":true,"href":"https:\/\/primeprintingweb.com\/it\/wp-json\/wp\/v2\/media\/22711"}],"wp:attachment":[{"href":"https:\/\/primeprintingweb.com\/it\/wp-json\/wp\/v2\/media?parent=22656"}],"wp:term":[{"taxonomy":"product_brand","embeddable":true,"href":"https:\/\/primeprintingweb.com\/it\/wp-json\/wp\/v2\/product_brand?post=22656"},{"taxonomy":"product_cat","embeddable":true,"href":"https:\/\/primeprintingweb.com\/it\/wp-json\/wp\/v2\/product_cat?post=22656"},{"taxonomy":"product_tag","embeddable":true,"href":"https:\/\/primeprintingweb.com\/it\/wp-json\/wp\/v2\/product_tag?post=22656"}],"curies":[{"name":"wp","href":"https:\/\/api.w.org\/{rel}","templated":true}]}}