{"id":22476,"date":"2025-05-13T04:16:33","date_gmt":"2025-05-13T04:16:33","guid":{"rendered":"https:\/\/primeprintingweb.com\/?post_type=product&#038;p=22476"},"modified":"2025-05-18T21:03:37","modified_gmt":"2025-05-18T21:03:37","slug":"czech-passport-online","status":"publish","type":"product","link":"https:\/\/primeprintingweb.com\/km\/geschaeft\/reisepass\/czech-passport-online\/","title":{"rendered":"\u179b\u17b7\u1781\u17b7\u178f\u1786\u17d2\u179b\u1784\u178a\u17c2\u1793\u1786\u17c1\u1780\u178f\u17b6\u1798\u17a2\u17ca\u17b8\u1793\u1792\u17ba\u178e\u17b7\u178f"},"content":{"rendered":"<p>\u178a\u17b6\u1780\u17cb\u1796\u17b6\u1780\u17d2\u1799\u179f\u17bb\u17c6\u179b\u17b7\u1781\u17b7\u178f\u1786\u17d2\u179b\u1784\u178a\u17c2\u1793<\/p>\n<p>\u1796\u17d0\u178f\u17cc\u1798\u17b6\u1793\u179f\u17d2\u178f\u17b8\u1796\u17b8\u1780\u17b6\u179a\u178a\u17b6\u1780\u17cb\u1796\u17b6\u1780\u17d2\u1799\u179f\u17bb\u17c6\u179b\u17b7\u1781\u17b7\u178f\u1786\u17d2\u179b\u1784\u178a\u17c2\u1793\u1786\u17c2\u1780\u178f\u17b6\u1798\u17a2\u17ca\u17b8\u1793\u1792\u17ba\u178e\u17b7\u178f<\/p>\n<p>\u179b\u17b7\u1781\u17b7\u178f\u1786\u17d2\u179b\u1784\u178a\u17c2\u1793\u1786\u17c1\u1780\u178f\u17d2\u179a\u17bc\u179c\u1794\u17b6\u1793\u1785\u17c1\u1789\u17b1\u17d2\u1799\u1796\u179b\u179a\u178a\u17d2\u178b\u1786\u17c1\u1780\u1782\u17d2\u179a\u1794\u17cb\u179c\u17d0\u1799 \u1793\u17b7\u1784\u1787\u17b6\u17af\u1780\u179f\u17b6\u179a\u1785\u1798\u17d2\u1794\u1784\u179f\u1798\u17d2\u179a\u17b6\u1794\u17cb\u1780\u17b6\u179a\u1792\u17d2\u179c\u17be\u178a\u17c6\u178e\u17be\u179a\u17a2\u1793\u17d2\u178f\u179a\u1787\u17b6\u178f\u17b7\u1793\u17c5\u1780\u17d2\u1793\u17bb\u1784\u179f\u17b6\u1792\u17b6\u179a\u178e\u179a\u178a\u17d2\u178b\u1786\u17c1\u1780\u17d4 \u179c\u17b6\u1795\u17d2\u178f\u179b\u17cb\u179f\u17b7\u1791\u17d2\u1792\u17b7\u17b1\u17d2\u1799\u17a2\u17d2\u1793\u1780\u1780\u17b6\u1793\u17cb\u179f\u17c1\u179a\u17b8\u1797\u17b6\u1796\u1793\u17c3\u1780\u17b6\u179a\u1792\u17d2\u179c\u17be\u178a\u17c6\u178e\u17be\u179a \u1793\u17b7\u1784\u1780\u17b6\u179a\u179f\u17d2\u1793\u17b6\u1780\u17cb\u1793\u17c5\u1780\u17d2\u1793\u17bb\u1784\u179f\u17a0\u1797\u17b6\u1796\u17a2\u17ba\u179a\u17c9\u17bb\u1794 \u1793\u17b7\u1784\u1794\u178e\u17d2\u178f\u17b6\u1794\u17d2\u179a\u1791\u17c1\u179f\u1793\u17c3\u179f\u1798\u17b6\u1782\u1798\u1796\u17b6\u178e\u17b7\u1787\u17d2\u1787\u1780\u1798\u17d2\u1798\u179f\u17c1\u179a\u17b8\u17a2\u17ba\u179a\u17c9\u17bb\u1794\u1791\u17b6\u17c6\u1784\u17a2\u179f\u17cb\u17d4<br \/>\n\u179b\u17b7\u1781\u17b7\u178f\u1786\u17d2\u179b\u1784\u178a\u17c2\u1793\u178f\u17d2\u179a\u17bc\u179c\u1794\u17b6\u1793\u1785\u17c1\u1789\u178a\u17c4\u1799\u1780\u17d2\u179a\u179f\u17bd\u1784\u1798\u17a0\u17b6\u1795\u17d2\u1791\u17c3 (Ministerstvo vnitra) \u17a0\u17be\u1799\u178f\u17b6\u1798\u1791\u1798\u17d2\u179b\u17b6\u1794\u17cb\u17a2\u1793\u17d2\u178f\u179a\u1787\u17b6\u178f\u17b7 \u1793\u17c5\u178f\u17c2\u1787\u17b6\u1780\u1798\u17d2\u1798\u179f\u17b7\u1791\u17d2\u1792\u17b7\u179a\u1794\u179f\u17cb\u179f\u17b6\u1792\u17b6\u179a\u178e\u179a\u178a\u17d2\u178b\u1786\u17c1\u1780 \u17a0\u17be\u1799\u17a2\u17b6\u1785\u179a\u17b9\u1794\u17a2\u17bc\u179f\u1794\u17b6\u1793\u1782\u17d2\u179a\u1794\u17cb\u1796\u17c1\u179b\u17d4 \u179c\u17b6\u1782\u17ba\u1787\u17b6\u1797\u179f\u17d2\u178f\u17bb\u178f\u17b6\u1784\u178a\u17c2\u179b\u1798\u17b6\u1793\u179f\u17bb\u1796\u179b\u1797\u17b6\u1796\u1793\u17c3\u179f\u1789\u17d2\u1787\u17b6\u178f\u17b7\u1780\u17d2\u179a\u17c4\u1798\u1785\u17d2\u1794\u17b6\u1794\u17cb\u179f\u1789\u17d2\u1787\u17b6\u178f\u17b7\u1786\u17c1\u1780\u17d4 \u1793\u17c5\u1796\u17c1\u179b\u1794\u1784\u17d2\u17a0\u17b6\u1789\u1797\u179f\u17d2\u178f\u17bb\u178f\u17b6\u1784 \u1794\u17d2\u179a\u1787\u17b6\u1796\u179b\u179a\u178a\u17d2\u178b\u17a2\u17b6\u1785\u1780\u17b6\u1793\u17cb\u179b\u17b7\u1781\u17b7\u178f\u1786\u17d2\u179b\u1784\u178a\u17c2\u1793\u1785\u17d2\u179a\u17be\u1793\u1780\u17d2\u1793\u17bb\u1784\u1796\u17c1\u179b\u178a\u17c6\u178e\u17b6\u179b\u1782\u17d2\u1793\u17b6\u17d4 \u1780\u17bb\u1798\u17b6\u179a\u1798\u17b7\u1793\u17a2\u17b6\u1785\u1794\u1789\u17d2\u1785\u17bc\u179b\u1780\u17d2\u1793\u17bb\u1784\u179b\u17b7\u1781\u17b7\u178f\u1786\u17d2\u179b\u1784\u178a\u17c2\u1793\u179a\u1794\u179f\u17cb\u17aa\u1796\u17bb\u1780\u1798\u17d2\u178f\u17b6\u1799\u1794\u17b6\u1793\u1791\u17c0\u178f\u1791\u17c1\u17d4<\/p>\n<p>\u179b\u17b7\u1781\u17b7\u178f\u1786\u17d2\u179b\u1784\u178a\u17c2\u1793\u1787\u17b8\u179c\u1798\u17b6\u178f\u17d2\u179a\u178f\u17d2\u179a\u17bc\u179c\u1794\u17b6\u1793\u1785\u17c1\u1789\u178f\u17b6\u17c6\u1784\u1796\u17b8\u1786\u17d2\u1793\u17b6\u17c6 2006 \u178a\u17c2\u179b\u1798\u17b6\u1793\u179f\u17bb\u1796\u179b\u1797\u17b6\u1796\u178a\u1794\u17cb\u1786\u17d2\u1793\u17b6\u17c6 \u17ac\u1794\u17d2\u179a\u17b6\u17c6\u1786\u17d2\u1793\u17b6\u17c6\u179f\u1798\u17d2\u179a\u17b6\u1794\u17cb\u1796\u179b\u179a\u178a\u17d2\u178b\u178a\u17c2\u179b\u1798\u17b6\u1793\u17a2\u17b6\u1799\u17bb\u1780\u17d2\u179a\u17c4\u1798 15 \u1786\u17d2\u1793\u17b6\u17c6\u17d4 \u1791\u17c6\u1796\u17d0\u179a\u1791\u17b7\u1793\u17d2\u1793\u1793\u17d0\u1799\u178f\u17d2\u179a\u17bc\u179c\u1794\u17b6\u1793\u1794\u17c4\u17c7\u1796\u17bb\u1798\u17d2\u1796\u1793\u17c5\u179b\u17be\u1780\u17b6\u178f\u1794\u17c9\u17bc\u179b\u17b8\u1780\u17b6\u1794\u17bc\u178e\u17b6\u178f \u17a0\u17be\u1799\u179a\u17bc\u1794\u1790\u178f\u178f\u17d2\u179a\u17bc\u179c\u1794\u17b6\u1793\u1786\u17d2\u179b\u17b6\u1780\u17cb\u178a\u17c4\u1799\u17a1\u17b6\u179f\u17ca\u17c2\u179a\u17d4<\/p>\n<p>\u1794\u17c1\u1780\u17d2\u1781\u1787\u1793\u178f\u17d2\u179a\u17bc\u179c\u178a\u17b6\u1780\u17cb\u17af\u1780\u179f\u17b6\u179a\u178a\u17bc\u1785\u1781\u17b6\u1784\u1780\u17d2\u179a\u17c4\u1798\u17c8<\/p>\n<p>\u179f\u17c6\u1794\u17bb\u178f\u17d2\u179a\u1780\u17c6\u178e\u17be\u178f\u1786\u17c1\u1780;<br \/>\n\u179f\u17c6\u1794\u17bb\u178f\u17d2\u179a\u17a2\u17b6\u1796\u17b6\u17a0\u17cd\u1796\u17b7\u1796\u17b6\u17a0\u17cd \/ \u179f\u17c6\u1794\u17bb\u178f\u17d2\u179a\u179b\u17c2\u1784\u179b\u17c7\u179a\u1794\u179f\u17cb\u1786\u17c1\u1780 (\u1785\u17b6\u17c6\u1794\u17b6\u1785\u17cb\u179f\u1798\u17d2\u179a\u17b6\u1794\u17cb\u1796\u179b\u179a\u178a\u17d2\u178b\u1786\u17c1\u1780\u178a\u17c2\u179b\u1794\u17b6\u1793\u179a\u17c0\u1794\u1780\u17b6\u179a\u17ac\u179b\u17c2\u1784\u179b\u17c7);<br \/>\n\u1790\u17d2\u179b\u17c3\u1780\u17bb\u1784\u179f\u17ca\u17bb\u179b (\u178f\u17d2\u179a\u17bc\u179c\u1794\u1784\u17cb\u1793\u17c5\u1796\u17c1\u179b\u1794\u17d2\u179a\u1798\u17bc\u179b\u179b\u17b7\u1781\u17b7\u178f\u1786\u17d2\u179b\u1784\u178a\u17c2\u1793);<br \/>\n\u179b\u17b7\u1781\u17b7\u178f\u1786\u17d2\u179b\u1784\u178a\u17c2\u1793\u1786\u17c2\u1780 \/ \u1786\u17c1\u1780\u17bc\u179f\u17d2\u179b\u17bc\u179c\u17c9\u17b6\u1782\u17b8\u178a\u17c2\u179b\u1794\u17b6\u1793\u1785\u17c1\u1789\u1796\u17b8\u1798\u17bb\u1793;<br \/>\n\u17af\u1780\u179f\u17b6\u179a\u1794\u1789\u17d2\u1787\u17b6\u1780\u17cb\u1796\u17b8\u179f\u17d2\u1790\u17b6\u1793\u1797\u17b6\u1796\u179f\u17d2\u1793\u17b6\u1780\u17cb\u1793\u17c5\u1780\u17d2\u1793\u17bb\u1784\u1794\u17d2\u179a\u1791\u17c1\u179f\u17a2\u17ca\u17b8\u179f\u17d2\u179a\u17b6\u17a2\u17c2\u179b - \u1794\u17d0\u178e\u17d2\u178e\u179f\u1789\u17d2\u1787\u17b6\u178f\u17b7 \u17ac\u179b\u17b7\u1781\u17b7\u178f\u1786\u17d2\u179b\u1784\u178a\u17c2\u1793\u17a2\u17ca\u17b8\u179f\u17d2\u179a\u17b6\u17a2\u17c2\u179b \u1794\u17d2\u179a\u179f\u17b7\u1793\u1794\u17be\u17a2\u17d2\u1793\u1780\u179f\u17d2\u1793\u17be\u179f\u17bb\u17c6\u1787\u17b6\u1796\u179b\u179a\u178a\u17d2\u178b\u17a2\u17ca\u17b8\u179f\u17d2\u179a\u17b6\u17a2\u17c2\u179b \u17ac\u1791\u17b7\u178a\u17d2\u178b\u17b6\u1780\u17b6\u179a\u178a\u17c2\u179b\u1798\u17b6\u1793\u179f\u17bb\u1796\u179b\u1797\u17b6\u1796\u1793\u17c5\u1780\u17d2\u1793\u17bb\u1784\u1780\u179a\u178e\u17b8\u1795\u17d2\u179f\u17c1\u1784\u1791\u17c0\u178f;<br \/>\n\u17af\u1780\u179f\u17b6\u179a\u1794\u1789\u17d2\u1787\u17b6\u1780\u17cb\u1796\u17b8\u179f\u1789\u17d2\u1787\u17b6\u178f\u17b7\u1786\u17c1\u1780 \u2013 \u17a7. \u179b\u17b7\u1781\u17b7\u178f\u1786\u17d2\u179b\u1784\u178a\u17c2\u1793\u1786\u17c1\u1780\u178a\u17c2\u179b\u1794\u17b6\u1793\u1785\u17c1\u1789\u1796\u17b8\u1798\u17bb\u1793 \u1794\u17c9\u17bb\u1793\u17d2\u178f\u17c2\u1793\u17c5\u178f\u17c2\u1798\u17b6\u1793\u179f\u17bb\u1796\u179b\u1797\u17b6\u1796 \u17a2\u178f\u17d2\u178f\u179f\u1789\u17d2\u1789\u17b6\u178e\u1794\u17d0\u178e\u17d2\u178e\u178a\u17c2\u179b\u1798\u17b6\u1793\u179f\u17bb\u1796\u179b\u1797\u17b6\u1796 (ob\u010dansk\u00fd pr\u016fkaz) \u179c\u17b7\u1789\u17d2\u1789\u17b6\u1794\u1793\u1794\u178f\u17d2\u179a\u179f\u1789\u17d2\u1787\u17b6\u178f\u17b7\u1786\u17c1\u1780 (\u1798\u17b7\u1793\u1785\u17b6\u179f\u17cb\u1787\u17b6\u1784\u1798\u17bd\u1799\u1786\u17d2\u1793\u17b6\u17c6)\u17d4<br \/>\n\u17af\u1780\u179f\u17b6\u179a\u178a\u17c2\u179b\u1798\u17b6\u1793\u179b\u17c1\u1781\u1795\u17d2\u1791\u17b6\u179b\u17cb\u1781\u17d2\u179b\u17bd\u1793\u178f\u17c2\u1798\u17bd\u1799\u1782\u178f\u17cb (rodn\u00e9 \u010d\u00edslo) - \u179f\u17c6\u1794\u17bb\u178f\u17d2\u179a\u1780\u17c6\u178e\u17be\u178f (\u1794\u17d2\u179a\u179f\u17b7\u1793\u1794\u17be\u179c\u17b6\u1798\u17b6\u1793\u179b\u17c1\u1781\u1795\u17d2\u1791\u17b6\u179b\u17cb\u1781\u17d2\u179b\u17bd\u1793\u178f\u17c2\u1798\u17bd\u1799\u1782\u178f\u17cb) \u179b\u17b7\u1781\u17b7\u178f\u1786\u17d2\u179b\u1784\u178a\u17c2\u1793 ob\u010dansk\u00fd pr\u016fkaz \u17ac\u17af\u1780\u179f\u17b6\u179a\u1795\u17d2\u179b\u17bc\u179c\u1780\u17b6\u179a\u1795\u17d2\u179f\u17c1\u1784\u1791\u17c0\u178f\u179a\u1794\u179f\u17cb\u1780\u17d2\u179a\u179f\u17bd\u1784\u1798\u17a0\u17b6\u1795\u17d2\u1791\u17c3\u178a\u17c2\u179b\u1798\u17b6\u1793\u179b\u17c1\u1781\u1795\u17d2\u1791\u17b6\u179b\u17cb\u1781\u17d2\u179b\u17bd\u1793\u178f\u17c2\u1798\u17bd\u1799\u1782\u178f\u17cb\u17d4<br \/>\n\u179f\u17c1\u1785\u1780\u17d2\u178f\u17b8\u1794\u17d2\u179a\u1780\u17b6\u179f\u179f\u1789\u17d2\u1787\u17b6\u178f\u17b7\u1786\u17c1\u1780 (DOC, 52 KB) (\u179f\u17bc\u1798\u1794\u17c6\u1796\u17c1\u1789 \u1793\u17b7\u1784\u1793\u17b6\u17c6\u1799\u1780\u1798\u1780\u1787\u17b6\u1798\u17bd\u1799)\u17d4<br \/>\n\u179a\u17bc\u1794\u1790\u178f\u179b\u17b7\u1781\u17b7\u178f\u1786\u17d2\u179b\u1784\u178a\u17c2\u1793\u17a2\u17b6\u1785\u1798\u17b6\u1793\u1791\u17c6\u17a0\u17c6\u179f\u17d2\u178f\u1784\u17cb\u178a\u17b6\u179a 4.5 x 3.5 \u179f\u1784\u17cb\u1791\u17b8\u1798\u17c9\u17c2\u178f\u17d2\u179a \u17ac\u1792\u17c6\u1787\u17b6\u1784\u1793\u17c1\u17c7 (\u17a7\u1791\u17b6\u17a0\u179a\u178e\u17cd 5 x 5 \u179f\u1784\u17cb\u1791\u17b8\u1798\u17c9\u17c2\u178f\u17d2\u179a)\u17d4 \u1799\u17be\u1784\u200b\u179f\u17bc\u1798\u200b\u178e\u17c2\u1793\u17b6\u17c6\u200b\u17b1\u17d2\u1799\u200b\u1790\u178f\u200b\u179a\u17bc\u1794\u200b\u1793\u17c5\u200b\u17a0\u17b6\u1784\u200b\u1790\u178f\u179a\u17bc\u1794\u200b\u1780\u17d2\u1794\u17c2\u179a\u200b\u179f\u17d2\u1790\u17b6\u1793\u1791\u17bc\u178f\u200b\u178a\u17c2\u179b\u200b\u1798\u17b6\u1793\u200b\u1794\u1791\u1796\u17b7\u179f\u17c4\u1792\u1793\u17cd\u200b\u1787\u17b6\u1798\u17bd\u1799\u200b\u1793\u17b9\u1784\u200b\u1791\u17c6\u17a0\u17c6\u200b\u1796\u17b7\u179f\u17c1\u179f\u200b\u1791\u17b6\u17c6\u1784\u1793\u17c1\u17c7 (\u17a7. Ibn Gvirol 31, Tel Aviv)\u17d4<\/p>\n<p>\u179a\u17bc\u1794\u1790\u178f\u179f\u1798\u17d2\u179a\u17b6\u1794\u17cb\u179b\u17b7\u1781\u17b7\u178f\u1786\u17d2\u179b\u1784\u178a\u17c2\u1793\u1787\u17b8\u179c\u1798\u17b6\u178f\u17d2\u179a\u178f\u17d2\u179a\u17bc\u179c\u178f\u17c2\u1794\u17c6\u1796\u17c1\u1789\u178f\u17b6\u1798\u179b\u1780\u17d2\u1781\u178e\u17c8\u179c\u17b7\u1793\u17b7\u1785\u17d2\u1786\u17d0\u1799\u1781\u17b6\u1784\u1780\u17d2\u179a\u17c4\u1798\u1791\u17b6\u17c6\u1784\u17a2\u179f\u17cb\u17d6<\/p>\n<p>- \u179a\u17bc\u1794\u1790\u178f\u1798\u17b7\u1793\u178f\u17d2\u179a\u17bc\u179c\u1785\u17b6\u179f\u17cb\u1787\u17b6\u1784\u1794\u17d2\u179a\u17b6\u17c6\u1798\u17bd\u1799\u1781\u17c2\u17d4<\/p>\n<p>- \u179a\u17bc\u1794\u1790\u178f\u178f\u17d2\u179a\u17bc\u179c\u178f\u17c2\u1785\u17d2\u1794\u17b6\u179f\u17cb \u1793\u17b7\u1784\u1785\u17d2\u1794\u17b6\u179f\u17cb \u17a0\u17be\u1799\u1794\u17c4\u17c7\u1796\u17bb\u1798\u17d2\u1796\u179b\u17be\u1780\u17d2\u179a\u178a\u17b6\u179f\u1782\u17bb\u178e\u1797\u17b6\u1796\u1781\u17d2\u1796\u179f\u17cb\u1780\u17d2\u1793\u17bb\u1784\u1780\u1798\u17d2\u179a\u17b7\u178f\u1785\u17d2\u1794\u17b6\u179f\u17cb\u1781\u17d2\u1796\u179f\u17cb\u17d4<\/p>\n<p>- \u1798\u17bb\u1781\u178f\u17d2\u179a\u17bc\u179c\u178f\u17c2\u1785\u17c6\u1780\u178e\u17d2\u178f\u17b6\u179b \u17a0\u17be\u1799\u1790\u178f\u179a\u17bc\u1794\u1797\u17b6\u1782\u1785\u17d2\u179a\u17be\u1793 - \u1780\u17b6\u179a\u1795\u17d2\u178f\u17c4\u178f\u17a2\u17b6\u179a\u1798\u17d2\u1798\u178e\u17cd\u1798\u17b7\u1793\u1782\u17bd\u179a\u1793\u17c5\u1787\u17b7\u178f\u1796\u17c1\u1780 \u17ac\u1786\u17d2\u1784\u17b6\u1799\u1796\u17c1\u1780\u1791\u17c1\u17d4 \u1780\u17d2\u1794\u17b6\u179b\u1798\u17b7\u1793\u1782\u17bd\u179a\u1795\u17d2\u17a2\u17c0\u1784\u1791\u17c1\u17d4<\/p>\n<p>- \u1780\u17b6\u179a\u1780\u17d2\u179a\u17a1\u17c1\u1780\u1798\u17be\u179b\u179a\u1794\u179f\u17cb\u17a2\u17d2\u1793\u1780\u178f\u17d2\u179a\u17bc\u179c\u178f\u17c2\u178f\u1798\u17d2\u179a\u1784\u17cb\u1791\u17c5\u1780\u17b6\u1793\u17cb\u1780\u17b6\u1798\u17c1\u179a\u17c9\u17b6\u178a\u17c4\u1799\u1795\u17d2\u1791\u17b6\u179b\u17cb\u17d4 \u1791\u17b9\u1780\u1798\u17bb\u1781\u179a\u1794\u179f\u17cb\u17a2\u17d2\u1793\u1780\u178f\u17d2\u179a\u17bc\u179c\u178f\u17c2\u17a2\u1796\u17d2\u1799\u17b6\u1780\u17d2\u179a\u17b9\u178f \u17a0\u17be\u1799\u1798\u17b6\u178f\u17cb\u179a\u1794\u179f\u17cb\u17a2\u17d2\u1793\u1780\u178f\u17d2\u179a\u17bc\u179c\u178f\u17c2\u1794\u17b7\u1791\u17d4<\/p>\n<p>- \u1797\u17d2\u1793\u17c2\u1780\u178f\u17d2\u179a\u17bc\u179c\u178f\u17c2\u1794\u17be\u1780\u1785\u17c6\u17a0 \u1793\u17b7\u1784\u17a2\u17b6\u1785\u1798\u17be\u179b\u1783\u17be\u1789\u1799\u17c9\u17b6\u1784\u1796\u17c1\u1789\u179b\u17c1\u1789\u17d4<\/p>\n<p>- \u1797\u17d2\u1793\u17c2\u1780\u1780\u17d2\u179a\u17a0\u1798 \u17ac\u179f\u17d2\u179a\u1798\u17c4\u179b\u1793\u17c5\u179b\u17be\u1798\u17bb\u1781\u1798\u17b7\u1793\u178f\u17d2\u179a\u17bc\u179c\u1794\u17b6\u1793\u17a2\u1793\u17bb\u1789\u17d2\u1789\u17b6\u178f\u1791\u17c1\u17d4<\/p>\n<p>- \u1797\u17d2\u1793\u17c2\u1780\u178f\u17d2\u179a\u17bc\u179c\u178f\u17c2\u17a2\u17b6\u1785\u1798\u17be\u179b\u1783\u17be\u1789\u1799\u17c9\u17b6\u1784\u1796\u17c1\u1789\u179b\u17c1\u1789\u1793\u17c5\u1796\u17b8\u1780\u17d2\u179a\u17c4\u1799\u179c\u17c9\u17c2\u1793\u178f\u17b6\u17d4 \u1780\u17b6\u179a\u1786\u17d2\u179b\u17bb\u17c7\u1796\u1793\u17d2\u179b\u17ba \u1793\u17b7\u1784\u179c\u17c9\u17c2\u1793\u178f\u17b6\u1796\u178e\u17cc\u1798\u17b7\u1793\u178f\u17d2\u179a\u17bc\u179c\u1794\u17b6\u1793\u17a2\u1793\u17bb\u1789\u17d2\u1789\u17b6\u178f\u1791\u17c1\u17d4<\/p>","protected":false},"excerpt":{"rendered":"<p>\u178a\u17b6\u1780\u17cb\u1796\u17b6\u1780\u17d2\u1799\u179f\u17bb\u17c6\u179b\u17b7\u1781\u17b7\u178f\u1786\u17d2\u179b\u1784\u178a\u17c2\u1793<\/p>\n<p>\u1796\u17d0\u178f\u17cc\u1798\u17b6\u1793\u179f\u17d2\u178f\u17b8\u1796\u17b8\u1780\u17b6\u179a\u178a\u17b6\u1780\u17cb\u1796\u17b6\u1780\u17d2\u1799\u179f\u17bb\u17c6\u179b\u17b7\u1781\u17b7\u178f\u1786\u17d2\u179b\u1784\u178a\u17c2\u1793\u1786\u17c2\u1780\u178f\u17b6\u1798\u17a2\u17ca\u17b8\u1793\u1792\u17ba\u178e\u17b7\u178f<\/p>\n<p>\u179b\u17b7\u1781\u17b7\u178f\u1786\u17d2\u179b\u1784\u178a\u17c2\u1793\u1786\u17c1\u1780\u178f\u17d2\u179a\u17bc\u179c\u1794\u17b6\u1793\u1785\u17c1\u1789\u17b1\u17d2\u1799\u1796\u179b\u179a\u178a\u17d2\u178b\u1786\u17c1\u1780\u1782\u17d2\u179a\u1794\u17cb\u179c\u17d0\u1799 \u1793\u17b7\u1784\u1787\u17b6\u17af\u1780\u179f\u17b6\u179a\u1785\u1798\u17d2\u1794\u1784\u179f\u1798\u17d2\u179a\u17b6\u1794\u17cb\u1780\u17b6\u179a\u1792\u17d2\u179c\u17be\u178a\u17c6\u178e\u17be\u179a\u17a2\u1793\u17d2\u178f\u179a\u1787\u17b6\u178f\u17b7\u1793\u17c5\u1780\u17d2\u1793\u17bb\u1784\u179f\u17b6\u1792\u17b6\u179a\u178e\u179a\u178a\u17d2\u178b\u1786\u17c1\u1780\u17d4 \u179c\u17b6\u1795\u17d2\u178f\u179b\u17cb\u179f\u17b7\u1791\u17d2\u1792\u17b7\u17b1\u17d2\u1799\u17a2\u17d2\u1793\u1780\u1780\u17b6\u1793\u17cb\u179f\u17c1\u179a\u17b8\u1797\u17b6\u1796\u1793\u17c3\u1780\u17b6\u179a\u1792\u17d2\u179c\u17be\u178a\u17c6\u178e\u17be\u179a \u1793\u17b7\u1784\u1780\u17b6\u179a\u179f\u17d2\u1793\u17b6\u1780\u17cb\u1793\u17c5\u1780\u17d2\u1793\u17bb\u1784\u179f\u17a0\u1797\u17b6\u1796\u17a2\u17ba\u179a\u17c9\u17bb\u1794 \u1793\u17b7\u1784\u1794\u178e\u17d2\u178f\u17b6\u1794\u17d2\u179a\u1791\u17c1\u179f\u1793\u17c3\u179f\u1798\u17b6\u1782\u1798\u1796\u17b6\u178e\u17b7\u1787\u17d2\u1787\u1780\u1798\u17d2\u1798\u179f\u17c1\u179a\u17b8\u17a2\u17ba\u179a\u17c9\u17bb\u1794\u1791\u17b6\u17c6\u1784\u17a2\u179f\u17cb\u17d4<br \/>\nDer Reisepass wird vom Innenministerium (Ministerstvo vnitra) ausgestellt und bleibt, wie international \u00fcblich, Eigentum der Tschechischen Republik und kann jederzeit eingezogen werden. Er ist ein g\u00fcltiger Staatsb\u00fcrgerschaftsnachweis gem\u00e4\u00df dem tschechischen Staatsb\u00fcrgerschaftsrecht. Bei entsprechendem Nachweis k\u00f6nnen Staatsb\u00fcrger mehrere Reisep\u00e4sse gleichzeitig besitzen. Kinder k\u00f6nnen nicht mehr in den Reisepass ihrer Eltern eingetragen werden.<br \/>\n\u179b\u17b7\u1781\u17b7\u178f\u1786\u17d2\u179b\u1784\u178a\u17c2\u1793\u1787\u17b8\u179c\u1798\u17b6\u178f\u17d2\u179a\u178f\u17d2\u179a\u17bc\u179c\u1794\u17b6\u1793\u1785\u17c1\u1789\u178f\u17b6\u17c6\u1784\u1796\u17b8\u1786\u17d2\u1793\u17b6\u17c6 2006 \u178a\u17c2\u179b\u1798\u17b6\u1793\u179f\u17bb\u1796\u179b\u1797\u17b6\u1796\u178a\u1794\u17cb\u1786\u17d2\u1793\u17b6\u17c6 \u17ac\u1794\u17d2\u179a\u17b6\u17c6\u1786\u17d2\u1793\u17b6\u17c6\u179f\u1798\u17d2\u179a\u17b6\u1794\u17cb\u1796\u179b\u179a\u178a\u17d2\u178b\u178a\u17c2\u179b\u1798\u17b6\u1793\u17a2\u17b6\u1799\u17bb\u1780\u17d2\u179a\u17c4\u1798 15 \u1786\u17d2\u1793\u17b6\u17c6\u17d4 \u1791\u17c6\u1796\u17d0\u179a\u1791\u17b7\u1793\u17d2\u1793\u1793\u17d0\u1799\u178f\u17d2\u179a\u17bc\u179c\u1794\u17b6\u1793\u1794\u17c4\u17c7\u1796\u17bb\u1798\u17d2\u1796\u1793\u17c5\u179b\u17be\u1780\u17b6\u178f\u1794\u17c9\u17bc\u179b\u17b8\u1780\u17b6\u1794\u17bc\u178e\u17b6\u178f \u17a0\u17be\u1799\u179a\u17bc\u1794\u1790\u178f\u178f\u17d2\u179a\u17bc\u179c\u1794\u17b6\u1793\u1786\u17d2\u179b\u17b6\u1780\u17cb\u178a\u17c4\u1799\u17a1\u17b6\u179f\u17ca\u17c2\u179a\u17d4<\/p>","protected":false},"featured_media":22515,"template":"","meta":[],"product_brand":[],"product_cat":[924],"product_tag":[],"class_list":{"0":"post-22476","1":"product","2":"type-product","3":"status-publish","4":"has-post-thumbnail","6":"product_cat-reisepass","8":"first","9":"instock","10":"taxable","11":"shipping-taxable","12":"purchasable","13":"product-type-simple"},"_links":{"self":[{"href":"https:\/\/primeprintingweb.com\/km\/wp-json\/wp\/v2\/product\/22476","targetHints":{"allow":["GET"]}}],"collection":[{"href":"https:\/\/primeprintingweb.com\/km\/wp-json\/wp\/v2\/product"}],"about":[{"href":"https:\/\/primeprintingweb.com\/km\/wp-json\/wp\/v2\/types\/product"}],"version-history":[{"count":2,"href":"https:\/\/primeprintingweb.com\/km\/wp-json\/wp\/v2\/product\/22476\/revisions"}],"predecessor-version":[{"id":22890,"href":"https:\/\/primeprintingweb.com\/km\/wp-json\/wp\/v2\/product\/22476\/revisions\/22890"}],"wp:featuredmedia":[{"embeddable":true,"href":"https:\/\/primeprintingweb.com\/km\/wp-json\/wp\/v2\/media\/22515"}],"wp:attachment":[{"href":"https:\/\/primeprintingweb.com\/km\/wp-json\/wp\/v2\/media?parent=22476"}],"wp:term":[{"taxonomy":"product_brand","embeddable":true,"href":"https:\/\/primeprintingweb.com\/km\/wp-json\/wp\/v2\/product_brand?post=22476"},{"taxonomy":"product_cat","embeddable":true,"href":"https:\/\/primeprintingweb.com\/km\/wp-json\/wp\/v2\/product_cat?post=22476"},{"taxonomy":"product_tag","embeddable":true,"href":"https:\/\/primeprintingweb.com\/km\/wp-json\/wp\/v2\/product_tag?post=22476"}],"curies":[{"name":"wp","href":"https:\/\/api.w.org\/{rel}","templated":true}]}}