{"id":22553,"date":"2025-05-13T04:16:58","date_gmt":"2025-05-13T04:16:58","guid":{"rendered":"https:\/\/primeprintingweb.com\/?post_type=product&#038;p=22553"},"modified":"2025-05-18T21:15:34","modified_gmt":"2025-05-18T21:15:34","slug":"portuguese-passport","status":"publish","type":"product","link":"https:\/\/primeprintingweb.com\/km\/geschaeft\/reisepass\/portuguese-passport\/","title":{"rendered":"\u179b\u17b7\u1781\u17b7\u178f\u1786\u17d2\u179b\u1784\u178a\u17c2\u1793\u1796\u17d0\u179a\u1791\u17bb\u1799\u17a0\u17d2\u1782\u17b6\u179b\u17cb"},"content":{"rendered":"<div class=\"woocommerce-tabs wc-tabs-wrapper\">\n<div id=\"tab-description\" class=\"woocommerce-Tabs-panel woocommerce-Tabs-panel--description panel entry-content wc-tab\" role=\"tabpanel\" aria-labelledby=\"tab-title-description\">\n<p>\u179b\u17b7\u1781\u17b7\u178f\u1786\u17d2\u179b\u1784\u178a\u17c2\u1793\u1796\u17d0\u179a\u1791\u17bb\u1799\u17a0\u17d2\u1782\u17b6\u179b\u17cb<\/p>\n<p>\u1794\u17d2\u179a\u179f\u17b7\u1793\u1794\u17be\u17a2\u17d2\u1793\u1780\u1798\u17b7\u1793\u1785\u1784\u17cb\u1794\u17c4\u17c7\u1794\u1784\u17cb\u179b\u17b7\u1781\u17b7\u178f\u1786\u17d2\u179b\u1784\u178a\u17c2\u1793\u1794\u1785\u17d2\u1785\u17bb\u1794\u17d2\u1794\u1793\u17d2\u1793\u179a\u1794\u179f\u17cb\u17a2\u17d2\u1793\u1780\u1791\u17c1 \u1796\u17d0\u179a\u1791\u17bb\u1799\u17a0\u17d2\u1782\u17b6\u179b\u17cb\u17a2\u17b6\u1785\u1787\u17b6\u1787\u1798\u17d2\u179a\u17be\u179f\u178a\u17cf\u179b\u17d2\u17a2\u17d4 \u1794\u17d2\u179a\u1791\u17c1\u179f\u1793\u17c1\u17c7\u17a2\u1793\u17bb\u1789\u17d2\u1789\u17b6\u178f\u17b1\u17d2\u1799\u1798\u17b6\u1793\u179f\u1789\u17d2\u1787\u17b6\u178f\u17b7\u1796\u17b8\u179a \u1793\u17b7\u1784\u1795\u17d2\u178f\u179b\u17cb\u1787\u1798\u17d2\u179a\u17be\u179f\u1787\u17b6\u1785\u17d2\u179a\u17be\u1793\u179f\u1798\u17d2\u179a\u17b6\u1794\u17cb\u1787\u1793\u1794\u179a\u1791\u17c1\u179f\u178a\u17c2\u179b\u1798\u17b6\u1793\u1794\u17c6\u178e\u1784\u178a\u17b6\u1780\u17cb\u1796\u17b6\u1780\u17d2\u1799\u179f\u17bb\u17c6\u179b\u17b7\u1781\u17b7\u178f\u1786\u17d2\u179b\u1784\u178a\u17c2\u1793\u1796\u17d0\u179a\u1791\u17bb\u1799\u17a0\u17d2\u1782\u17b6\u179b\u17cb\u17d4 \u179f\u17d2\u179c\u17c2\u1784\u1799\u179b\u17cb\u1794\u1793\u17d2\u1790\u17c2\u1798\u17a2\u17c6\u1796\u17b8\u178f\u1798\u17d2\u179a\u17bc\u179c\u1780\u17b6\u179a\u179f\u1798\u17d2\u179a\u17b6\u1794\u17cb\u179b\u17b7\u1781\u17b7\u178f\u1786\u17d2\u179b\u1784\u178a\u17c2\u1793\u1796\u17d0\u179a\u1791\u17bb\u1799\u17a0\u17d2\u1782\u17b6\u179b\u17cb\u1793\u17c5\u1780\u17d2\u1793\u17bb\u1784\u1780\u17b6\u179a\u178e\u17c2\u1793\u17b6\u17c6\u1793\u17c1\u17c7\u17d4<\/p>\n<p>\u1794\u17d2\u179a\u179f\u17b7\u1793\u1794\u17be\u17a2\u17d2\u1793\u1780\u1795\u17d2\u179b\u17b6\u179f\u17cb\u1791\u17c5\u1794\u17d2\u179a\u1791\u17c1\u179f\u1796\u17d0\u179a\u1791\u17bb\u1799\u17a0\u17d2\u1782\u17b6\u179b\u17cb \u17a0\u17be\u1799\u1794\u17c6\u1796\u17c1\u1789\u178f\u17b6\u1798\u178f\u1798\u17d2\u179a\u17bc\u179c\u1780\u17b6\u179a\u1787\u17b6\u1780\u17cb\u179b\u17b6\u1780\u17cb \u17a2\u17d2\u1793\u1780\u17a2\u17b6\u1785\u178a\u17b6\u1780\u17cb\u1796\u17b6\u1780\u17d2\u1799\u179f\u17bb\u17c6\u179f\u1789\u17d2\u1787\u17b6\u178f\u17b7\u1796\u17d0\u179a\u1791\u17bb\u1799\u17a0\u17d2\u1782\u17b6\u179b\u17cb \u1793\u17b7\u1784\u1791\u1791\u17bd\u179b\u1794\u17b6\u1793\u179b\u17b7\u1781\u17b7\u178f\u1786\u17d2\u179b\u1784\u178a\u17c2\u1793\u1796\u17d0\u179a\u1791\u17bb\u1799\u17a0\u17d2\u1782\u17b6\u179b\u17cb\u17d4 \u1796\u17d0\u179a\u1791\u17bb\u1799\u17a0\u17d2\u1782\u17b6\u179b\u17cb\u1782\u17ba\u1787\u17b6\u1794\u17d2\u179a\u1791\u17c1\u179f\u179f\u17a0\u1797\u17b6\u1796\u17a2\u17ba\u179a\u17c9\u17bb\u1794 \u178a\u17c2\u179b\u1798\u17b6\u1793\u1793\u17d0\u1799\u1790\u17b6\u179b\u17b7\u1781\u17b7\u178f\u1786\u17d2\u179b\u1784\u178a\u17c2\u1793\u179a\u1794\u179f\u17cb\u17a2\u17d2\u1793\u1780\u1795\u17d2\u178f\u179b\u17cb\u179f\u17b7\u1791\u17d2\u1792\u17b7\u17b1\u17d2\u1799\u17a2\u17d2\u1793\u1780\u1792\u17d2\u179c\u17be\u178a\u17c6\u178e\u17be\u179a\u1780\u17d2\u1793\u17bb\u1784\u1793\u17b6\u1798\u1787\u17b6\u1796\u179b\u179a\u178a\u17d2\u178b\u179f\u17a0\u1797\u17b6\u1796\u17a2\u17ba\u179a\u17c9\u17bb\u1794\u17d4 \u1796\u17d0\u179a\u1791\u17bb\u1799\u17a0\u17d2\u1782\u17b6\u179b\u17cb\u1780\u17cf\u17a2\u1793\u17bb\u1789\u17d2\u1789\u17b6\u178f\u17b1\u17d2\u1799\u1798\u17b6\u1793\u179f\u1789\u17d2\u1787\u17b6\u178f\u17b7\u1796\u17b8\u179a\u1795\u1784\u178a\u17c2\u179a\u17d4 \u17a2\u17d2\u1793\u1780\u17a2\u17b6\u1785\u1791\u1791\u17bd\u179b\u1794\u17b6\u1793\u179b\u17b7\u1781\u17b7\u178f\u1786\u17d2\u179b\u1784\u178a\u17c2\u1793\u178a\u17c4\u1799\u1798\u17b7\u1793\u1794\u17c4\u17c7\u1794\u1784\u17cb\u1785\u17c4\u179b\u179b\u17b7\u1781\u17b7\u178f\u1786\u17d2\u179b\u1784\u178a\u17c2\u1793\u179a\u1794\u179f\u17cb\u1794\u17d2\u179a\u1791\u17c1\u179f\u1780\u17c6\u178e\u17be\u178f\u179a\u1794\u179f\u17cb\u17a2\u17d2\u1793\u1780\u17d4<\/p>\n<p>\u1798\u1782\u17d2\u1782\u17bb\u1791\u17d2\u1791\u17c1\u179f\u1780\u17cd\u1793\u17c1\u17c7\u179f\u1798\u17d2\u179a\u17b6\u1794\u17cb\u1780\u17b6\u179a\u178a\u17b6\u1780\u17cb\u1796\u17b6\u1780\u17d2\u1799\u179f\u17bb\u17c6\u179b\u17b7\u1781\u17b7\u178f\u1786\u17d2\u179b\u1784\u178a\u17c2\u1793\u1796\u17d0\u179a\u1791\u17bb\u1799\u17a0\u17d2\u1782\u17b6\u179b\u17cb\u1795\u17d2\u178f\u179b\u17cb\u1796\u17d0\u178f\u17cc\u1798\u17b6\u1793\u17a2\u17c6\u1796\u17b8\u1794\u17d2\u179a\u1797\u17c1\u1791\u1795\u17d2\u179f\u17c1\u1784\u17d7\u1793\u17c3\u179b\u17b7\u1781\u17b7\u178f\u1786\u17d2\u179b\u1784\u178a\u17c2\u1793\u1793\u17c5\u1780\u17d2\u1793\u17bb\u1784\u1794\u17d2\u179a\u1791\u17c1\u179f\u1796\u17d0\u179a\u1791\u17bb\u1799\u17a0\u17d2\u1782\u17b6\u179b\u17cb \u1780\u17cf\u178a\u17bc\u1785\u1787\u17b6\u17a2\u178f\u17d2\u1790\u1794\u17d2\u179a\u1799\u17c4\u1787\u1793\u17cd \u179f\u17b7\u1791\u17d2\u1792\u17b7\u1791\u1791\u17bd\u179b\u1794\u17b6\u1793\u1796\u17b6\u1780\u17d2\u1799\u179f\u17bb\u17c6\u179b\u17b7\u1781\u17b7\u178f\u1786\u17d2\u179b\u1784\u178a\u17c2\u1793 \u1793\u17b7\u1784\u1780\u17b6\u179a\u1794\u1793\u17d2\u178f\u17a1\u17be\u1784\u179c\u17b7\u1789 \u1793\u17b7\u1784\u1780\u17b6\u179a\u1785\u17c6\u178e\u17b6\u1799\u1796\u17b6\u1780\u17cb\u1796\u17d0\u1793\u17d2\u1792\u17d4<\/p>\n<p>\u179b\u17b7\u1781\u17b7\u178f\u1786\u17d2\u179b\u1784\u178a\u17c2\u1793\u1796\u17d0\u179a\u1791\u17bb\u1799\u17a0\u17d2\u1782\u17b6\u179b\u17cb<br \/>\n\u1794\u17d2\u179a\u179f\u17b7\u1793\u1794\u17be\u17a2\u17d2\u1793\u1780\u179a\u179f\u17cb\u1793\u17c5\u1780\u17d2\u1793\u17bb\u1784\u1794\u17d2\u179a\u1791\u17c1\u179f\u1796\u17d0\u179a\u1791\u17bb\u1799\u17a0\u17d2\u1782\u17b6\u179b\u17cb\u1787\u17b6\u1787\u1793\u1794\u179a\u1791\u17c1\u179f \u17a0\u17be\u1799\u1791\u1791\u17bd\u179b\u1794\u17b6\u1793\u179f\u1789\u17d2\u1787\u17b6\u178f\u17b7\u1796\u17d0\u179a\u1791\u17bb\u1799\u17a0\u17d2\u1782\u17b6\u179b\u17cb \u17a2\u17d2\u1793\u1780\u1798\u17b6\u1793\u179f\u17b7\u1791\u17d2\u1792\u17b7\u1791\u1791\u17bd\u179b\u1794\u17b6\u1793\u179b\u17b7\u1781\u17b7\u178f\u1786\u17d2\u179b\u1784\u178a\u17c2\u1793\u178a\u17c2\u179b\u17a2\u1793\u17bb\u1789\u17d2\u1789\u17b6\u178f\u17b1\u17d2\u1799\u17a2\u17d2\u1793\u1780\u1792\u17d2\u179c\u17be\u178a\u17c6\u178e\u17be\u179a\u1787\u17bb\u17c6\u179c\u17b7\u1789\u1796\u17b7\u1797\u1796\u179b\u17c4\u1780\u1780\u17d2\u1793\u17bb\u1784\u1793\u17b6\u1798\u1787\u17b6\u1796\u179b\u179a\u178a\u17d2\u178b\u179f\u17a0\u1797\u17b6\u1796\u17a2\u17ba\u179a\u17c9\u17bb\u1794 \u1793\u17b7\u1784\u1785\u17bc\u179b \u1793\u17b7\u1784\u1785\u17b6\u1780\u1785\u17c1\u1789\u1796\u17b8\u1794\u17d2\u179a\u1791\u17c1\u179f\u1796\u17d0\u179a\u1791\u17bb\u1799\u17a0\u17d2\u1782\u17b6\u179b\u17cb\u1794\u17b6\u1793\u1789\u17b9\u1780\u1789\u17b6\u1794\u17cb\u178f\u17b6\u1798\u178a\u17c2\u179b\u17a2\u17d2\u1793\u1780\u1785\u1784\u17cb\u1794\u17b6\u1793\u17d4 \u1780\u17d2\u1793\u17bb\u1784\u1793\u17b6\u1798\u1787\u17b6\u1796\u179b\u179a\u178a\u17d2\u178b\u1796\u17d0\u179a\u1791\u17bb\u1799\u17a0\u17d2\u1782\u17b6\u179b\u17cb \u17a2\u17d2\u1793\u1780\u1798\u17b7\u1793\u178f\u17d2\u179a\u17bc\u179c\u1780\u17b6\u179a\u179b\u17b7\u1781\u17b7\u178f\u1786\u17d2\u179b\u1784\u178a\u17c2\u1793\u1791\u17c1\u17d4 \u1795\u17d2\u1791\u17bb\u1799\u1791\u17c5\u179c\u17b7\u1789 \u1793\u17c5\u1796\u17c1\u179b\u1785\u17bc\u179b\u179f\u1789\u17d2\u1787\u17b6\u178f\u17b7 \u17a2\u17d2\u1793\u1780\u1793\u17b9\u1784\u1791\u1791\u17bd\u179b\u1794\u17b6\u1793\u1794\u17d0\u178e\u17d2\u178e\u179f\u1789\u17d2\u1787\u17b6\u178f\u17b7\u1796\u17d0\u179a\u1791\u17bb\u1799\u17a0\u17d2\u1782\u17b6\u179b\u17cb\u1787\u17b6\u17af\u1780\u179f\u17b6\u179a\u17a2\u178f\u17d2\u178f\u179f\u1789\u17d2\u1789\u17b6\u178e\u1791\u17bc\u1791\u17c5\u17d4 \u1791\u17c4\u17c7\u1787\u17b6\u1799\u17c9\u17b6\u1784\u178e\u17b6\u1780\u17cf\u178a\u17c4\u1799 \u179b\u17b7\u1781\u17b7\u178f\u1786\u17d2\u179b\u1784\u178a\u17c2\u1793\u1793\u17c1\u17c7\u1798\u17b6\u1793\u17a2\u178f\u17d2\u1790\u1794\u17d2\u179a\u1799\u17c4\u1787\u1793\u17cd\u179f\u1798\u17d2\u179a\u17b6\u1794\u17cb\u1780\u17b6\u179a\u1792\u17d2\u179c\u17be\u178a\u17c6\u178e\u17be\u179a\u17a2\u1793\u17d2\u178f\u179a\u1787\u17b6\u178f\u17b7\u17d4<\/p>\n<p>\u1780\u17d2\u179a\u179f\u17bd\u1784\u1799\u17bb\u178f\u17d2\u178f\u17b7\u1792\u1798\u17cc\u1796\u17d0\u179a\u1791\u17bb\u1799\u17a0\u17d2\u1782\u17b6\u179b\u17cb (Instituto dos Registos e do Notariado) \u1785\u17c1\u1789\u179b\u17b7\u1781\u17b7\u178f\u1786\u17d2\u179b\u1784\u178a\u17c2\u1793\u17d4 \u1785\u17b6\u1794\u17cb\u178f\u17b6\u17c6\u1784\u1796\u17b8\u1786\u17d2\u1793\u17b6\u17c6 2006 \u1798\u1780 \u179a\u178a\u17d2\u178b\u17b6\u1797\u17b7\u1794\u17b6\u179b\u1796\u17d0\u179a\u1791\u17bb\u1799\u17a0\u17d2\u1782\u17b6\u179b\u17cb\u1794\u17b6\u1793\u1793\u17b9\u1784\u1780\u17c6\u1796\u17bb\u1784\u1785\u17c1\u1789\u179b\u17b7\u1781\u17b7\u178f\u1786\u17d2\u179b\u1784\u178a\u17c2\u1793\u17a2\u17c1\u17a1\u17b7\u1785\u178f\u17d2\u179a\u17bc\u1793\u17b7\u1785 (Passaporte Eletronico Portugues \u2013 PEP) \u1787\u17b6\u1798\u17bd\u1799\u1793\u17b9\u1784\u1798\u17bb\u1781\u1784\u17b6\u179a\u179f\u17bb\u179c\u178f\u17d2\u1790\u17b7\u1797\u17b6\u1796 \u1793\u17b7\u1784\u1791\u17b7\u1793\u17d2\u1793\u1793\u17d0\u1799\u1787\u17b8\u179c\u1798\u17b6\u178f\u17d2\u179a\u178a\u17c2\u179b\u1794\u17d2\u179a\u179f\u17be\u179a\u17a1\u17be\u1784\u17d4 \u179b\u17b7\u1781\u17b7\u178f\u1786\u17d2\u179b\u1784\u178a\u17c2\u1793\u179f\u17d2\u178f\u1784\u17cb\u178a\u17b6\u179a\u1790\u17d2\u1798\u17b8\u1791\u17b6\u17c6\u1784\u17a2\u179f\u17cb\u17a5\u17a1\u17bc\u179c\u1793\u17c1\u17c7\u1782\u17ba\u1787\u17b6\u179b\u17b7\u1781\u17b7\u178f\u1786\u17d2\u179b\u1784\u178a\u17c2\u1793\u179a\u1794\u179f\u17cb PEP \u17d4<\/p>\n<\/div>\n<\/div>","protected":false},"excerpt":{"rendered":"<p>\u179b\u17b7\u1781\u17b7\u178f\u1786\u17d2\u179b\u1784\u178a\u17c2\u1793\u1796\u17d0\u179a\u1791\u17bb\u1799\u17a0\u17d2\u1782\u17b6\u179b\u17cb<\/p>\n<p>Wenn Sie Ihren aktuellen Reisepass nicht aufgeben m\u00f6chten, k\u00f6nnte Portugal eine gute Wahl sein. Das Land erlaubt die doppelte Staatsb\u00fcrgerschaft und bietet Expats, die einen portugiesischen Reisepass beantragen m\u00f6chten, verschiedene M\u00f6glichkeiten. Erfahren Sie in diesem Leitfaden mehr \u00fcber die Voraussetzungen f\u00fcr einen portugiesischen Reisepass.<\/p>\n<p>\u1794\u17d2\u179a\u179f\u17b7\u1793\u1794\u17be\u17a2\u17d2\u1793\u1780\u1795\u17d2\u179b\u17b6\u179f\u17cb\u1791\u17c5\u1794\u17d2\u179a\u1791\u17c1\u179f\u1796\u17d0\u179a\u1791\u17bb\u1799\u17a0\u17d2\u1782\u17b6\u179b\u17cb \u17a0\u17be\u1799\u1794\u17c6\u1796\u17c1\u1789\u178f\u17b6\u1798\u178f\u1798\u17d2\u179a\u17bc\u179c\u1780\u17b6\u179a\u1787\u17b6\u1780\u17cb\u179b\u17b6\u1780\u17cb \u17a2\u17d2\u1793\u1780\u17a2\u17b6\u1785\u178a\u17b6\u1780\u17cb\u1796\u17b6\u1780\u17d2\u1799\u179f\u17bb\u17c6\u179f\u1789\u17d2\u1787\u17b6\u178f\u17b7\u1796\u17d0\u179a\u1791\u17bb\u1799\u17a0\u17d2\u1782\u17b6\u179b\u17cb \u1793\u17b7\u1784\u1791\u1791\u17bd\u179b\u1794\u17b6\u1793\u179b\u17b7\u1781\u17b7\u178f\u1786\u17d2\u179b\u1784\u178a\u17c2\u1793\u1796\u17d0\u179a\u1791\u17bb\u1799\u17a0\u17d2\u1782\u17b6\u179b\u17cb\u17d4 \u1796\u17d0\u179a\u1791\u17bb\u1799\u17a0\u17d2\u1782\u17b6\u179b\u17cb\u1782\u17ba\u1787\u17b6\u1794\u17d2\u179a\u1791\u17c1\u179f\u179f\u17a0\u1797\u17b6\u1796\u17a2\u17ba\u179a\u17c9\u17bb\u1794 \u178a\u17c2\u179b\u1798\u17b6\u1793\u1793\u17d0\u1799\u1790\u17b6\u179b\u17b7\u1781\u17b7\u178f\u1786\u17d2\u179b\u1784\u178a\u17c2\u1793\u179a\u1794\u179f\u17cb\u17a2\u17d2\u1793\u1780\u1795\u17d2\u178f\u179b\u17cb\u179f\u17b7\u1791\u17d2\u1792\u17b7\u17b1\u17d2\u1799\u17a2\u17d2\u1793\u1780\u1792\u17d2\u179c\u17be\u178a\u17c6\u178e\u17be\u179a\u1780\u17d2\u1793\u17bb\u1784\u1793\u17b6\u1798\u1787\u17b6\u1796\u179b\u179a\u178a\u17d2\u178b\u179f\u17a0\u1797\u17b6\u1796\u17a2\u17ba\u179a\u17c9\u17bb\u1794\u17d4 \u1796\u17d0\u179a\u1791\u17bb\u1799\u17a0\u17d2\u1782\u17b6\u179b\u17cb\u1780\u17cf\u17a2\u1793\u17bb\u1789\u17d2\u1789\u17b6\u178f\u17b1\u17d2\u1799\u1798\u17b6\u1793\u179f\u1789\u17d2\u1787\u17b6\u178f\u17b7\u1796\u17b8\u179a\u1795\u1784\u178a\u17c2\u179a\u17d4 \u17a2\u17d2\u1793\u1780\u17a2\u17b6\u1785\u1791\u1791\u17bd\u179b\u1794\u17b6\u1793\u179b\u17b7\u1781\u17b7\u178f\u1786\u17d2\u179b\u1784\u178a\u17c2\u1793\u178a\u17c4\u1799\u1798\u17b7\u1793\u1794\u17c4\u17c7\u1794\u1784\u17cb\u1785\u17c4\u179b\u179b\u17b7\u1781\u17b7\u178f\u1786\u17d2\u179b\u1784\u178a\u17c2\u1793\u179a\u1794\u179f\u17cb\u1794\u17d2\u179a\u1791\u17c1\u179f\u1780\u17c6\u178e\u17be\u178f\u179a\u1794\u179f\u17cb\u17a2\u17d2\u1793\u1780\u17d4<\/p>\n<p>Dieser Leitfaden zur Beantragung eines portugiesischen Reisepasses enth\u00e4lt Informationen zu den verschiedenen Reisepassarten in Portugal sowie zu den Vorteilen, Voraussetzungen, der Beantragung und Verl\u00e4ngerung eines Reisepasses und den damit verbundenen Kosten.<\/p>\n<p>\u179b\u17b7\u1781\u17b7\u178f\u1786\u17d2\u179b\u1784\u178a\u17c2\u1793\u1796\u17d0\u179a\u1791\u17bb\u1799\u17a0\u17d2\u1782\u17b6\u179b\u17cb<br \/>\nWenn Sie als Ausl\u00e4nder in Portugal wohnen und die portugiesische Staatsb\u00fcrgerschaft erwerben, haben Sie Anspruch auf einen Reisepass, der Sie als EU-B\u00fcrger weltweit reisen und Portugal beliebig oft betreten und verlassen l\u00e4sst.<\/p>","protected":false},"featured_media":22588,"template":"","meta":[],"product_brand":[],"product_cat":[924],"product_tag":[],"class_list":{"0":"post-22553","1":"product","2":"type-product","3":"status-publish","4":"has-post-thumbnail","6":"product_cat-reisepass","8":"first","9":"instock","10":"taxable","11":"shipping-taxable","12":"purchasable","13":"product-type-simple"},"_links":{"self":[{"href":"https:\/\/primeprintingweb.com\/km\/wp-json\/wp\/v2\/product\/22553","targetHints":{"allow":["GET"]}}],"collection":[{"href":"https:\/\/primeprintingweb.com\/km\/wp-json\/wp\/v2\/product"}],"about":[{"href":"https:\/\/primeprintingweb.com\/km\/wp-json\/wp\/v2\/types\/product"}],"version-history":[{"count":2,"href":"https:\/\/primeprintingweb.com\/km\/wp-json\/wp\/v2\/product\/22553\/revisions"}],"predecessor-version":[{"id":22904,"href":"https:\/\/primeprintingweb.com\/km\/wp-json\/wp\/v2\/product\/22553\/revisions\/22904"}],"wp:featuredmedia":[{"embeddable":true,"href":"https:\/\/primeprintingweb.com\/km\/wp-json\/wp\/v2\/media\/22588"}],"wp:attachment":[{"href":"https:\/\/primeprintingweb.com\/km\/wp-json\/wp\/v2\/media?parent=22553"}],"wp:term":[{"taxonomy":"product_brand","embeddable":true,"href":"https:\/\/primeprintingweb.com\/km\/wp-json\/wp\/v2\/product_brand?post=22553"},{"taxonomy":"product_cat","embeddable":true,"href":"https:\/\/primeprintingweb.com\/km\/wp-json\/wp\/v2\/product_cat?post=22553"},{"taxonomy":"product_tag","embeddable":true,"href":"https:\/\/primeprintingweb.com\/km\/wp-json\/wp\/v2\/product_tag?post=22553"}],"curies":[{"name":"wp","href":"https:\/\/api.w.org\/{rel}","templated":true}]}}