{"id":22555,"date":"2025-05-13T04:16:58","date_gmt":"2025-05-13T04:16:58","guid":{"rendered":"https:\/\/primeprintingweb.com\/?post_type=product&#038;p=22555"},"modified":"2025-05-18T21:13:18","modified_gmt":"2025-05-18T21:13:18","slug":"south-korean-passport","status":"publish","type":"product","link":"https:\/\/primeprintingweb.com\/km\/geschaeft\/reisepass\/south-korean-passport\/","title":{"rendered":"\u179b\u17b7\u1781\u17b7\u178f\u1786\u17d2\u179b\u1784\u178a\u17c2\u1793\u1780\u17bc\u179a\u17c9\u17c1\u1781\u17b6\u1784\u178f\u17d2\u1794\u17bc\u1784"},"content":{"rendered":"<div class=\"woocommerce-tabs wc-tabs-wrapper\">\n<div id=\"tab-description\" class=\"woocommerce-Tabs-panel woocommerce-Tabs-panel--description panel entry-content wc-tab\" role=\"tabpanel\" aria-labelledby=\"tab-title-description\">\n<p>\u178f\u1798\u17d2\u179a\u17bc\u179c\u1780\u17b6\u179a\u179a\u17bc\u1794\u1790\u178f \u1793\u17b7\u1784\u1791\u17c6\u17a0\u17c6\u179b\u17b7\u1781\u17b7\u178f\u1786\u17d2\u179b\u1784\u178a\u17c2\u1793\/\u179c\u17b8\u179f\u17b6\u1780\u17bc\u179a\u17c9\u17c1\u1781\u17b6\u1784\u178f\u17d2\u1794\u17bc\u1784<\/p>\n<p>\u1794\u17d2\u179a\u179f\u17b7\u1793\u1794\u17be\u17a2\u17d2\u1793\u1780\u1792\u17d2\u179c\u17be\u178a\u17c6\u178e\u17be\u179a\u1791\u17c5\u1780\u17d2\u179a\u17c5\u1794\u17d2\u179a\u1791\u17c1\u179f \u17a2\u17d2\u1793\u1780\u1794\u17d2\u179a\u17a0\u17c2\u179b\u1787\u17b6\u178f\u17d2\u179a\u17bc\u179c\u1780\u17b6\u179a\u179b\u17b7\u1781\u17b7\u178f\u1786\u17d2\u179b\u1784\u178a\u17c2\u1793\u1780\u17bc\u179a\u17c9\u17c1\u1781\u17b6\u1784\u178f\u17d2\u1794\u17bc\u1784\u17d4 \u1780\u17b6\u179a\u178a\u17b6\u1780\u17cb\u1796\u17b6\u1780\u17d2\u1799\u179f\u17bb\u17c6\u179b\u17b7\u1781\u17b7\u178f\u1786\u17d2\u179b\u1784\u178a\u17c2\u1793\u1780\u17bc\u179a\u17c9\u17c1\u1781\u17b6\u1784\u178f\u17d2\u1794\u17bc\u1784\u1798\u17b7\u1793\u1796\u17b7\u1794\u17b6\u1780\u1791\u17c1 \u1794\u17c9\u17bb\u1793\u17d2\u178f\u17c2\u1798\u17b6\u1793\u1796\u17d0\u178f\u17cc\u1798\u17b6\u1793\u179b\u1798\u17d2\u17a2\u17b7\u178f\u1798\u17bd\u1799\u1785\u17c6\u1793\u17bd\u1793\u178a\u17c2\u179b\u17a2\u17d2\u1793\u1780\u178f\u17d2\u179a\u17bc\u179c\u1785\u1784\u1785\u17b6\u17c6\u17d4 \u17a2\u17d2\u1793\u1780\u1793\u17b9\u1784\u178f\u17d2\u179a\u17bc\u179c\u1780\u17b6\u179a\u17af\u1780\u179f\u17b6\u179a\u1798\u17bd\u1799\u1785\u17c6\u1793\u17bd\u1793\u179f\u1798\u17d2\u179a\u17b6\u1794\u17cb\u1780\u17b6\u179a\u178a\u17b6\u1780\u17cb\u1796\u17b6\u1780\u17d2\u1799 \u17a0\u17be\u1799\u1793\u17b9\u1784\u178f\u17d2\u179a\u17bc\u179c\u178a\u17b6\u1780\u17cb\u179a\u17bc\u1794\u1790\u178f\u179b\u17b7\u1781\u17b7\u178f\u1786\u17d2\u179b\u1784\u178a\u17c2\u1793\u1796\u17b8\u179a\u179f\u1793\u17d2\u179b\u17b9\u1780\u1795\u1784\u178a\u17c2\u179a\u17d4 iVisa Photos \u1798\u17b7\u1793\u17a2\u17b6\u1785\u1787\u17bd\u1799\u17a2\u17d2\u1793\u1780\u1780\u17d2\u1793\u17bb\u1784\u1780\u17b6\u179a\u1791\u1791\u17bd\u179b\u1794\u17b6\u1793\u17af\u1780\u179f\u17b6\u179a \u1793\u17b7\u1784\u1791\u1798\u17d2\u179a\u1784\u17cb\u1796\u17b6\u1780\u17d2\u1799\u179f\u17bb\u17c6\u178a\u17c2\u179b\u178f\u17d2\u179a\u17bc\u179c\u1780\u17b6\u179a\u1793\u17c4\u17c7\u1791\u17c1 \u1794\u17c9\u17bb\u1793\u17d2\u178f\u17c2\u1793\u17b9\u1784\u179a\u17b8\u1780\u179a\u17b6\u1799\u1780\u17d2\u1793\u17bb\u1784\u1780\u17b6\u179a\u1787\u17bd\u1799\u17a2\u17d2\u1793\u1780\u1780\u17d2\u1793\u17bb\u1784\u1780\u17b6\u179a\u1790\u178f\u179a\u17bc\u1794\u179a\u1794\u179f\u17cb\u17a2\u17d2\u1793\u1780\u1796\u17b8\u1795\u17d2\u1791\u17c7\u17d4 \u178a\u17bc\u1785\u17d2\u1793\u17c1\u17c7\u17a2\u17d2\u1793\u1780\u1798\u17b7\u1793\u1785\u17b6\u17c6\u1794\u17b6\u1785\u17cb\u1791\u17c5\u179f\u17d2\u1791\u17bc\u178c\u17b8\u1799\u17c4\u1790\u178f\u179a\u17bc\u1794\u17a2\u17b6\u1787\u17b8\u1796\u1791\u17c1\u17d4<\/p>\n<p>\u1799\u17be\u1784\u1780\u17cf\u178e\u17c2\u1793\u17b6\u17c6\u17a2\u17d2\u1793\u1780\u17b1\u17d2\u1799\u1798\u17be\u179b\u179a\u17bc\u1794\u1790\u178f iVisa \u17d4 \u1796\u179b\u179a\u178a\u17d2\u178b\u1780\u17bc\u179a\u17c9\u17c1\u1781\u17b6\u1784\u178f\u17d2\u1794\u17bc\u1784\u1798\u17b6\u1793\u179f\u17b7\u1791\u17d2\u1792\u17b7\u1791\u1791\u17bd\u179b\u1794\u17b6\u1793\u1791\u17b7\u178a\u17d2\u178b\u17b6\u1780\u17b6\u179a\u17a2\u17c1\u17a1\u17b7\u1785\u178f\u17d2\u179a\u17bc\u1793\u17b7\u1780\u1795\u17d2\u179f\u17c1\u1784\u17d7\u17d4 \u1794\u17d2\u179a\u179f\u17b7\u1793\u1794\u17be\u17a2\u17d2\u1793\u1780\u1798\u17b6\u1793\u179b\u1780\u17d2\u1781\u178e\u17c8\u179f\u1798\u17d2\u1794\u178f\u17d2\u178f\u17b7\u1782\u17d2\u179a\u1794\u17cb\u1782\u17d2\u179a\u17b6\u1793\u17cb\u179f\u1798\u17d2\u179a\u17b6\u1794\u17cb\u1780\u17b6\u179a\u1792\u17d2\u179c\u17be\u178a\u17c6\u178e\u17be\u179a\u1794\u1793\u17d2\u1791\u17b6\u1794\u17cb\u179a\u1794\u179f\u17cb\u17a2\u17d2\u1793\u1780 iVisa \u1793\u17b9\u1784\u179a\u17b8\u1780\u179a\u17b6\u1799\u1780\u17d2\u1793\u17bb\u1784\u1780\u17b6\u179a\u1787\u17bd\u1799\u17a2\u17d2\u1793\u1780\u1780\u17d2\u1793\u17bb\u1784\u178a\u17c6\u178e\u17be\u179a\u1780\u17b6\u179a\u1780\u1798\u17d2\u1798\u179c\u17b7\u1792\u17b8\u17a2\u1793\u17a1\u17b6\u1789\u17d4<\/p>\n<p>\u1797\u17b6\u1796\u1787\u17b6\u1780\u17cb\u179b\u17b6\u1780\u17cb\u1793\u17c3\u179a\u17bc\u1794\u1790\u178f<br \/>\n\u1793\u17c1\u17c7\u1782\u17ba\u1787\u17b6\u178f\u1798\u17d2\u179a\u17bc\u179c\u1780\u17b6\u179a\u1791\u17bc\u1791\u17c5 \u1793\u17b7\u1784\u179b\u1780\u17d2\u1781\u178e\u17c8\u1794\u1785\u17d2\u1785\u17c1\u1780\u1791\u17c1\u179f\u179f\u1798\u17d2\u179a\u17b6\u1794\u17cb\u179a\u17bc\u1794\u1790\u178f\u179b\u17b7\u1781\u17b7\u178f\u1786\u17d2\u179b\u1784\u178a\u17c2\u1793\u1780\u17bc\u179a\u17c9\u17c1\u1781\u17b6\u1784\u178f\u17d2\u1794\u17bc\u1784\u17d6<\/p>\n<p>\u1791\u17c6\u17a0\u17c6\u179a\u17bc\u1794\u1790\u178f\u17d6 \u1780\u17c6\u1796\u179f\u17cb \u17e4\u17e5\u1798\u1798 \u1793\u17b7\u1784\u1791\u1791\u17b9\u1784 \u17e3\u17e5\u1798\u1798<br \/>\n\u179a\u17bc\u1794\u1790\u178f\u178a\u17c2\u179b\u1794\u17b6\u1793\u178a\u17b6\u1780\u17cb\u179f\u17d2\u1793\u17be\u178f\u17d2\u179a\u17bc\u179c\u178f\u17c2\u1798\u17b6\u1793\u1796\u178e\u17cc\u17d4<br \/>\n\u17a5\u179a\u17b7\u1799\u17b6\u1794\u1790\u1780\u17d2\u1794\u17b6\u179b\u17d6 \u179a\u1780\u17d2\u179f\u17b6\u1780\u17d2\u1794\u17b6\u179b\u179a\u1794\u179f\u17cb\u17a2\u17d2\u1793\u1780\u17b1\u17d2\u1799\u178f\u17d2\u179a\u1784\u17cb\u17d4<br \/>\n\u1797\u17b6\u1796\u1796\u17b6\u1780\u17cb\u1796\u17d0\u1793\u17d2\u1792\u17d6 \u1798\u17b7\u1793\u1785\u17b6\u179f\u17cb\u1787\u17b6\u1784 6 \u1781\u17c2\u17d4<br \/>\n\u1795\u17d2\u1791\u17c3\u1781\u17b6\u1784\u1780\u17d2\u179a\u17c4\u1799\u17d6 \u179f\u17d4<br \/>\n\u1789\u1789\u17b9\u1798\u17d6 \u1791\u17c1\u17d4<br \/>\n\u1797\u17d2\u1793\u17c2\u1780\u17d6 \u17a2\u17b6\u1785\u1798\u17be\u179b\u1783\u17be\u1789\u1799\u17c9\u17b6\u1784\u1785\u17d2\u1794\u17b6\u179f\u17cb\u17d4<br \/>\n\u179a\u17bc\u1794\u1797\u17b6\u1796\u1798\u17b7\u1793\u178f\u17d2\u179a\u17bc\u179c\u1796\u17d2\u179a\u17b7\u179b\u1791\u17c1\u17d4<br \/>\n\u179c\u17c9\u17c2\u1793\u178f\u17b6\u17d6 \u17a2\u1793\u17bb\u1789\u17d2\u1789\u17b6\u178f\u1794\u17b6\u1793\u179b\u17bb\u17c7\u178f\u17d2\u179a\u17b6\u178f\u17c2\u1796\u17bd\u1780\u1782\u17c1\u1798\u17b7\u1793\u1794\u17b6\u17c6\u1784\u1797\u17d2\u1793\u17c2\u1780\u17d4<br \/>\nHeadgear: \u1787\u17b6\u1792\u1798\u17d2\u1798\u178f\u17b6\u1798\u17b7\u1793\u1798\u17c2\u1793\u1791\u17c1\u17d4 \u1780\u179a\u178e\u17b8\u179b\u17be\u1780\u179b\u17c2\u1784\u17a2\u1793\u17bb\u179c\u178f\u17d2\u178f\u179f\u1798\u17d2\u179a\u17b6\u1794\u17cb\u1782\u17c4\u179b\u1794\u17c6\u178e\u1784\u179f\u17b6\u179f\u1793\u17b6\u17d4<br \/>\n\u1782\u17bb\u178e\u1797\u17b6\u1796\u1794\u1784\u17d2\u17a0\u17b6\u1789 (\u1797\u17b8\u1780\u179f\u17c2\u179b): \u1799\u17c9\u17b6\u1784\u17a0\u17c4\u1785\u178e\u17b6\u179f\u17cb 600 dpi<br \/>\n\u179f\u1798\u17d2\u179b\u17c0\u1780\u1794\u17c6\u1796\u17b6\u1780\u17cb\u17d6 \u1787\u17c0\u179f\u179c\u17b6\u1784\u179f\u1798\u17d2\u179b\u17c0\u1780\u1794\u17c6\u1796\u17b6\u1780\u17cb\u1796\u178e\u17cc\u179f\u17d4<br \/>\n\u1796\u17bb\u1780\u1785\u1784\u17d2\u1780\u17b6\u179a\u17d6 \u17a2\u1793\u17bb\u1789\u17d2\u1789\u17b6\u178f\u1794\u17b6\u1793\u179b\u17bb\u17c7\u178f\u17d2\u179a\u17b6\u178f\u17c2\u179c\u17b6\u1786\u17d2\u179b\u17bb\u17c7\u1794\u1789\u17d2\u1785\u17b6\u17c6\u1784\u1796\u17b8\u179a\u17bc\u1794\u179a\u17b6\u1784\u1794\u17d2\u179a\u1785\u17b6\u17c6\u1790\u17d2\u1784\u17c3\u179a\u1794\u179f\u17cb\u17a2\u17d2\u1793\u1780\u17d4<br \/>\n\u179b\u17c1\u1781\u178a\u17c2\u179b\u178f\u17d2\u179a\u17bc\u179c\u1780\u17b6\u179a\u179f\u1798\u17d2\u179a\u17b6\u1794\u17cb\u1780\u1798\u17d2\u1798\u179c\u17b7\u1792\u17b8\u17d6 \u17e2<br \/>\n\u178f\u1798\u17d2\u179a\u17bc\u179c\u1780\u17b6\u179a\u179a\u17bc\u1794\u1790\u178f\u179b\u17b7\u1781\u17b7\u178f\u1786\u17d2\u179b\u1784\u178a\u17c2\u1793 \u1793\u17b7\u1784\u1791\u17b7\u178a\u17d2\u178b\u17b6\u1780\u17b6\u179a\u1793\u17c5\u1780\u17bc\u179a\u17c9\u17c1\u1781\u17b6\u1784\u178f\u17d2\u1794\u17bc\u1784 - \u1785\u17d2\u1794\u17b6\u1794\u17cb \u1780\u17b6\u179a\u178e\u17c2\u1793\u17b6\u17c6 \u1793\u17b7\u1784\u179b\u1780\u17d2\u1781\u178e\u17c8\u1787\u17b6\u1780\u17cb\u179b\u17b6\u1780\u17cb<br \/>\n\u1799\u17be\u1784\u1794\u17b6\u1793\u179a\u17b6\u1799\u1794\u1789\u17d2\u1787\u17b8\u178f\u1798\u17d2\u179a\u17bc\u179c\u1780\u17b6\u179a\u179f\u1798\u17d2\u179a\u17b6\u1794\u17cb\u179a\u17bc\u1794\u1790\u178f\u179b\u17b7\u1781\u17b7\u178f\u1786\u17d2\u179b\u1784\u178a\u17c2\u1793\u179a\u1794\u179f\u17cb\u1780\u17bc\u179a\u17c9\u17c1\u1781\u17b6\u1784\u178f\u17d2\u1794\u17bc\u1784\u179a\u17bd\u1785\u17a0\u17be\u1799 \u1794\u17c9\u17bb\u1793\u17d2\u178f\u17c2\u1799\u17be\u1784\u1785\u1784\u17cb\u1785\u17bc\u179b\u1791\u17c5\u1780\u17d2\u1793\u17bb\u1784\u1796\u17d0\u178f\u17cc\u1798\u17b6\u1793\u179b\u1798\u17d2\u17a2\u17b7\u178f\u1798\u17bd\u1799\u1785\u17c6\u1793\u17bd\u1793\u17d4 \u17a2\u17d2\u1793\u1780\u1794\u17d2\u179a\u17a0\u17c2\u179b\u1787\u17b6\u1798\u17b7\u1793\u178a\u17b9\u1784\u17d6 \u1780\u1784\u17d2\u179c\u17c7\u179a\u17bc\u1794\u1790\u178f\u179b\u17b7\u1781\u17b7\u178f\u1786\u17d2\u179b\u1784\u178a\u17c2\u1793\u178a\u17c2\u179b\u1798\u17b6\u1793\u179f\u17bb\u1796\u179b\u1797\u17b6\u1796\u1782\u17ba\u1787\u17b6\u17a0\u17c1\u178f\u17bb\u1795\u179b\u1798\u17bd\u1799\u1780\u17d2\u1793\u17bb\u1784\u1785\u17c6\u178e\u17c4\u1798\u17a0\u17c1\u178f\u17bb\u1795\u179b\u1791\u17bc\u1791\u17c5\u1794\u17c6\u1795\u17bb\u178f\u179f\u1798\u17d2\u179a\u17b6\u1794\u17cb\u1780\u17b6\u179a\u1794\u178a\u17b7\u179f\u17c1\u1792\u17d4 \u1799\u17be\u1784\u200b\u1785\u1784\u17cb\u200b\u1787\u17bd\u1799\u200b\u179f\u1784\u17d2\u1782\u17d2\u179a\u17c4\u17c7\u200b\u17a2\u17d2\u1793\u1780\u200b\u1796\u17b8\u200b\u1797\u17b6\u1796\u200b\u179b\u17c6\u1794\u17b6\u1780\u200b\u1780\u17d2\u1793\u17bb\u1784\u200b\u1780\u17b6\u179a\u200b\u178a\u17b6\u1780\u17cb\u200b\u1796\u17b6\u1780\u17d2\u1799\u200b\u179f\u17bb\u17c6\u200b\u1798\u17d2\u178a\u1784\u200b\u1791\u17c0\u178f\u17d4<\/p>\n<\/div>\n<\/div>","protected":false},"excerpt":{"rendered":"<p>S\u00dcDKOREANISCHE PASS-\/VISUMFOTO-ANFORDERUNGEN UND -GR\u00d6SSE<\/p>\n<p>Wenn Sie ins Ausland reisen, ben\u00f6tigen Sie wahrscheinlich einen s\u00fcdkoreanischen Pass. Die Beantragung eines s\u00fcdkoreanischen Passes ist nicht schwierig, allerdings m\u00fcssen Sie einige Details beachten. Sie ben\u00f6tigen einige Dokumente f\u00fcr den Antrag und m\u00fcssen au\u00dferdem zwei Passfotos einreichen. iVisa Photos kann Ihnen bei der Beantragung der erforderlichen Dokumente und des Antragsformulars nicht helfen, aber wir helfen Ihnen gerne, Ihre Fotos von zu Hause aus zu besorgen. So m\u00fcssen Sie nicht in ein professionelles Fotostudio gehen.<\/p>\n<p>\u1799\u17be\u1784\u1780\u17cf\u178e\u17c2\u1793\u17b6\u17c6\u17a2\u17d2\u1793\u1780\u17b1\u17d2\u1799\u1798\u17be\u179b\u179a\u17bc\u1794\u1790\u178f iVisa \u17d4 \u1796\u179b\u179a\u178a\u17d2\u178b\u1780\u17bc\u179a\u17c9\u17c1\u1781\u17b6\u1784\u178f\u17d2\u1794\u17bc\u1784\u1798\u17b6\u1793\u179f\u17b7\u1791\u17d2\u1792\u17b7\u1791\u1791\u17bd\u179b\u1794\u17b6\u1793\u1791\u17b7\u178a\u17d2\u178b\u17b6\u1780\u17b6\u179a\u17a2\u17c1\u17a1\u17b7\u1785\u178f\u17d2\u179a\u17bc\u1793\u17b7\u1780\u1795\u17d2\u179f\u17c1\u1784\u17d7\u17d4 \u1794\u17d2\u179a\u179f\u17b7\u1793\u1794\u17be\u17a2\u17d2\u1793\u1780\u1798\u17b6\u1793\u179b\u1780\u17d2\u1781\u178e\u17c8\u179f\u1798\u17d2\u1794\u178f\u17d2\u178f\u17b7\u1782\u17d2\u179a\u1794\u17cb\u1782\u17d2\u179a\u17b6\u1793\u17cb\u179f\u1798\u17d2\u179a\u17b6\u1794\u17cb\u1780\u17b6\u179a\u1792\u17d2\u179c\u17be\u178a\u17c6\u178e\u17be\u179a\u1794\u1793\u17d2\u1791\u17b6\u1794\u17cb\u179a\u1794\u179f\u17cb\u17a2\u17d2\u1793\u1780 iVisa \u1793\u17b9\u1784\u179a\u17b8\u1780\u179a\u17b6\u1799\u1780\u17d2\u1793\u17bb\u1784\u1780\u17b6\u179a\u1787\u17bd\u1799\u17a2\u17d2\u1793\u1780\u1780\u17d2\u1793\u17bb\u1784\u178a\u17c6\u178e\u17be\u179a\u1780\u17b6\u179a\u1780\u1798\u17d2\u1798\u179c\u17b7\u1792\u17b8\u17a2\u1793\u17a1\u17b6\u1789\u17d4<\/p>","protected":false},"featured_media":22593,"template":"","meta":[],"product_brand":[],"product_cat":[924],"product_tag":[],"class_list":{"0":"post-22555","1":"product","2":"type-product","3":"status-publish","4":"has-post-thumbnail","6":"product_cat-reisepass","8":"first","9":"instock","10":"taxable","11":"shipping-taxable","12":"purchasable","13":"product-type-simple"},"_links":{"self":[{"href":"https:\/\/primeprintingweb.com\/km\/wp-json\/wp\/v2\/product\/22555","targetHints":{"allow":["GET"]}}],"collection":[{"href":"https:\/\/primeprintingweb.com\/km\/wp-json\/wp\/v2\/product"}],"about":[{"href":"https:\/\/primeprintingweb.com\/km\/wp-json\/wp\/v2\/types\/product"}],"version-history":[{"count":2,"href":"https:\/\/primeprintingweb.com\/km\/wp-json\/wp\/v2\/product\/22555\/revisions"}],"predecessor-version":[{"id":22902,"href":"https:\/\/primeprintingweb.com\/km\/wp-json\/wp\/v2\/product\/22555\/revisions\/22902"}],"wp:featuredmedia":[{"embeddable":true,"href":"https:\/\/primeprintingweb.com\/km\/wp-json\/wp\/v2\/media\/22593"}],"wp:attachment":[{"href":"https:\/\/primeprintingweb.com\/km\/wp-json\/wp\/v2\/media?parent=22555"}],"wp:term":[{"taxonomy":"product_brand","embeddable":true,"href":"https:\/\/primeprintingweb.com\/km\/wp-json\/wp\/v2\/product_brand?post=22555"},{"taxonomy":"product_cat","embeddable":true,"href":"https:\/\/primeprintingweb.com\/km\/wp-json\/wp\/v2\/product_cat?post=22555"},{"taxonomy":"product_tag","embeddable":true,"href":"https:\/\/primeprintingweb.com\/km\/wp-json\/wp\/v2\/product_tag?post=22555"}],"curies":[{"name":"wp","href":"https:\/\/api.w.org\/{rel}","templated":true}]}}