{"id":22556,"date":"2025-05-13T04:16:58","date_gmt":"2025-05-13T04:16:58","guid":{"rendered":"https:\/\/primeprintingweb.com\/?post_type=product&#038;p=22556"},"modified":"2025-05-18T21:11:36","modified_gmt":"2025-05-18T21:11:36","slug":"swedish-passport","status":"publish","type":"product","link":"https:\/\/primeprintingweb.com\/km\/geschaeft\/reisepass\/swedish-passport\/","title":{"rendered":"\u179b\u17b7\u1781\u17b7\u178f\u1786\u17d2\u179b\u1784\u178a\u17c2\u1793\u179f\u17ca\u17bb\u1799\u17a2\u17c2\u178f"},"content":{"rendered":"<div class=\"woocommerce-tabs wc-tabs-wrapper\">\n<div id=\"tab-description\" class=\"woocommerce-Tabs-panel woocommerce-Tabs-panel--description panel entry-content wc-tab\" role=\"tabpanel\" aria-labelledby=\"tab-title-description\">\n<p>\u179b\u17b7\u1781\u17b7\u178f\u1786\u17d2\u179b\u1784\u178a\u17c2\u1793\u179f\u17ca\u17bb\u1799\u17a2\u17c2\u178f<\/p>\n<p>\u179b\u17b7\u1781\u17b7\u178f\u1786\u17d2\u179b\u1784\u178a\u17c2\u1793 \u1793\u17b7\u1784\u17a2\u178f\u17d2\u178f\u179f\u1789\u17d2\u1789\u17b6\u178e\u1794\u17d0\u178e\u17d2\u178e<\/p>\n<p>\u1780\u17b6\u179a\u17b7\u1799\u17b6\u179b\u17d0\u1799\u179b\u17b7\u1781\u17b7\u178f\u1786\u17d2\u179b\u1784\u178a\u17c2\u1793\u179a\u1794\u179f\u17cb\u1794\u17c9\u17bc\u179b\u17b8\u179f\u1785\u17c1\u1789\u179b\u17b7\u1781\u17b7\u178f\u1786\u17d2\u179b\u1784\u178a\u17c2\u1793 \u1793\u17b7\u1784\u17a2\u178f\u17d2\u178f\u179f\u1789\u17d2\u1789\u17b6\u178e\u1794\u17d0\u178e\u17d2\u178e\u178a\u179b\u17cb\u1796\u179b\u179a\u178a\u17d2\u178b\u179f\u17ca\u17bb\u1799\u17a2\u17c2\u178f\u17d4 \u17a2\u17d2\u1793\u1780\u17a2\u17b6\u1785\u179f\u17d2\u1793\u17be\u179f\u17bb\u17c6 \u1793\u17b7\u1784\u1791\u1791\u17bd\u179b\u179b\u17b7\u1781\u17b7\u178f\u1786\u17d2\u179b\u1784\u178a\u17c2\u1793\u1790\u17d2\u1798\u17b8 \u17ac\u17a2\u178f\u17d2\u178f\u179f\u1789\u17d2\u1789\u17b6\u178e\u1794\u17d0\u178e\u17d2\u178e\u1793\u17c5\u1780\u17b6\u179a\u17b7\u1799\u17b6\u179b\u17d0\u1799\u179b\u17b7\u1781\u17b7\u178f\u1786\u17d2\u179b\u1784\u178a\u17c2\u1793\u178e\u17b6\u1798\u17bd\u1799\u1780\u17d2\u1793\u17bb\u1784\u1794\u17d2\u179a\u1791\u17c1\u179f\u17d4<\/p>\n<p>\u179b\u17b7\u1781\u17b7\u178f\u1786\u17d2\u179b\u1784\u178a\u17c2\u1793 \u1793\u17b7\u1784\u17a2\u178f\u17d2\u178f\u179f\u1789\u17d2\u1789\u17b6\u178e\u1794\u17d0\u178e\u17d2\u178e - \u179a\u1794\u17c0\u1794\u178a\u17b6\u1780\u17cb\u1796\u17b6\u1780\u17d2\u1799 (\u17a2\u178f\u17d2\u1790\u1794\u1791\u1787\u17b6\u1797\u17b6\u179f\u17b6\u17a2\u1784\u17cb\u1782\u17d2\u179b\u17c1\u179f)<br \/>\n\u1780\u1798\u17d2\u1798\u179c\u17b7\u1792\u17b8<br \/>\n\u1794\u17d2\u179a\u179f\u17b7\u1793\u1794\u17be\u17a2\u17d2\u1793\u1780\u1787\u17b6\u1796\u179b\u179a\u178a\u17d2\u178b\u179f\u17ca\u17bb\u1799\u17a2\u17c2\u178f\u178a\u17c2\u179b\u1798\u17b6\u1793\u17a2\u17b6\u1799\u17bb\u179b\u17be\u179f\u1796\u17b8 18 \u1786\u17d2\u1793\u17b6\u17c6 \u17a0\u17be\u1799\u179a\u179f\u17cb\u1793\u17c5\u1780\u17d2\u1793\u17bb\u1784\u1794\u17d2\u179a\u1791\u17c1\u179f\u179f\u17ca\u17bb\u1799\u17a2\u17c2\u178f \u17a2\u17d2\u1793\u1780\u178f\u17d2\u179a\u17bc\u179c\u178f\u17c2\u1793\u17b6\u17c6\u1799\u1780\u1798\u1780\u1793\u17bc\u179c\u178a\u17bc\u1785\u1781\u17b6\u1784\u1780\u17d2\u179a\u17c4\u1798\u17d6<\/p>\n<p>\u17a2\u178f\u17d2\u178f\u179f\u1789\u17d2\u1789\u17b6\u178e\u1794\u17d0\u178e\u17d2\u178e\u178a\u17c2\u179b\u1798\u17b6\u1793\u179f\u17bb\u1796\u179b\u1797\u17b6\u1796 (\u179b\u17b7\u1781\u17b7\u178f\u1786\u17d2\u179b\u1784\u178a\u17c2\u1793\u178a\u17c2\u179b\u1798\u17b6\u1793\u179f\u17bb\u1796\u179b\u1797\u17b6\u1796\u1782\u17ba\u1787\u17b6\u17af\u1780\u179f\u17b6\u179a\u17a2\u178f\u17d2\u178f\u179f\u1789\u17d2\u1789\u17b6\u178e\u1798\u17bd\u1799\u1780\u17d2\u1793\u17bb\u1784\u1785\u17c6\u178e\u17c4\u1798\u17af\u1780\u179f\u17b6\u179a\u17a2\u178f\u17d2\u178f\u179f\u1789\u17d2\u1789\u17b6\u178e\u178a\u17c2\u179b\u1798\u17b6\u1793\u179f\u17bb\u1796\u179b\u1797\u17b6\u1796\u1787\u17b6\u1785\u17d2\u179a\u17be\u1793)<br \/>\n\u179b\u17b7\u1781\u17b7\u178f\u1786\u17d2\u179b\u1784\u178a\u17c2\u1793\u1785\u17b6\u179f\u17cb\u179a\u1794\u179f\u17cb\u17a2\u17d2\u1793\u1780 \u1794\u17d2\u179a\u179f\u17b7\u1793\u1794\u17be\u1793\u17c5\u178f\u17c2\u1798\u17b6\u1793\u179f\u17bb\u1796\u179b\u1797\u17b6\u1796<br \/>\n\u179a\u17bc\u1794\u1790\u178f\u178f\u17d2\u179a\u17bc\u179c\u1794\u17b6\u1793\u1790\u178f\u1793\u17c5\u1780\u17b6\u179a\u17b7\u1799\u17b6\u179b\u17d0\u1799\u179b\u17b7\u1781\u17b7\u178f\u1786\u17d2\u179b\u1784\u178a\u17c2\u1793\u17d4 \u17a2\u17d2\u1793\u1780\u178e\u17b6\u178a\u17c2\u179b\u178a\u17b6\u1780\u17cb\u1796\u17b6\u1780\u17d2\u1799\u179f\u17bb\u17c6\u179b\u17b7\u1781\u17b7\u178f\u1786\u17d2\u179b\u1784\u178a\u17c2\u1793 \u17ac\u17a2\u178f\u17d2\u178f\u179f\u1789\u17d2\u1789\u17b6\u178e\u1794\u17d0\u178e\u17d2\u178e \u178f\u17d2\u179a\u17bc\u179c\u1798\u1780\u178a\u17c4\u1799\u1795\u17d2\u1791\u17b6\u179b\u17cb\u1791\u17c5\u1780\u17b6\u1793\u17cb\u1780\u17b6\u179a\u17b7\u1799\u17b6\u179b\u17d0\u1799\u179b\u17b7\u1781\u17b7\u178f\u1786\u17d2\u179b\u1784\u178a\u17c2\u1793\u179a\u1794\u179f\u17cb\u1794\u17c9\u17bc\u179b\u17b8\u179f \u179a\u17bd\u1798\u1791\u17b6\u17c6\u1784\u1780\u17bb\u1798\u17b6\u179a \u1793\u17b7\u1784\u1799\u17bb\u179c\u1787\u1793\u1795\u1784\u178a\u17c2\u179a\u17d4<\/p>\n<p>\u1780\u17b6\u179a\u1799\u179b\u17cb\u1796\u17d2\u179a\u1798\u1787\u17b6\u179b\u17b6\u1799\u179b\u1780\u17d2\u1781\u178e\u17cd\u17a2\u1780\u17d2\u179f\u179a\u179a\u1794\u179f\u17cb\u1798\u17b6\u178f\u17b6\u1794\u17b7\u178f\u17b6 \u1793\u17b7\u1784\u17a2\u17b6\u178e\u17b6\u1796\u17d2\u1799\u17b6\u1794\u17b6\u179b<br \/>\n\u1798\u1793\u17bb\u179f\u17d2\u179f\u178a\u17c2\u179b\u1798\u17b6\u1793\u17a2\u17b6\u1799\u17bb\u1780\u17d2\u179a\u17c4\u1798 18 \u1786\u17d2\u1793\u17b6\u17c6\u1791\u17b6\u1798\u1791\u17b6\u179a\u1780\u17b6\u179a\u1799\u179b\u17cb\u1796\u17d2\u179a\u1798\u1787\u17b6\u179b\u17b6\u1799\u179b\u1780\u17d2\u1781\u178e\u17cd\u17a2\u1780\u17d2\u179f\u179a\u1796\u17b8\u17aa\u1796\u17bb\u1780\u1798\u17d2\u178f\u17b6\u1799 \u17ac\u17a2\u17b6\u178e\u17b6\u1796\u17d2\u1799\u17b6\u1794\u17b6\u179b\u1791\u17b6\u17c6\u1784\u17a2\u179f\u17cb\u17d4<\/p>\n<p>\u17a7\u1794\u179f\u1798\u17d2\u1796\u17d0\u1793\u17d2\u1792\u1793\u17c3\u1796\u17b6\u1780\u17d2\u1799\u179f\u17bb\u17c6\u179b\u17b7\u1781\u17b7\u178f\u1786\u17d2\u179b\u1784\u178a\u17c2\u1793\/\u17a2\u178f\u17d2\u178f\u179f\u1789\u17d2\u1789\u17b6\u178e\u1794\u17d0\u178e\u17d2\u178e (\u179f\u1798\u17d2\u179a\u17b6\u1794\u17cb\u17a2\u1793\u17b8\u178f\u17b7\u1787\u1793)<\/p>\n<p>\u178f\u1798\u17d2\u179b\u17c3<br \/>\n\u179b\u17b7\u1781\u17b7\u178f\u1786\u17d2\u179b\u1784\u178a\u17c2\u1793: 350 SEK<br \/>\n\u17a2\u178f\u17d2\u178f\u179f\u1789\u17d2\u1789\u17b6\u178e\u1794\u17d0\u178e\u17d2\u178e\u17d6 \u17e4\u17e0\u17e0 \u179a\u17c0\u179b<br \/>\n\u179b\u17b7\u1781\u17b7\u178f\u1786\u17d2\u179b\u1784\u178a\u17c2\u1793\u1794\u178e\u17d2\u178f\u17c4\u17c7\u17a2\u17b6\u179f\u1793\u17d2\u1793: 980 SEK<br \/>\n\u1780\u17b6\u179a\u1791\u17bc\u1791\u17b6\u178f\u17cb\u178f\u17d2\u179a\u17bc\u179c\u1794\u17b6\u1793\u1792\u17d2\u179c\u17be\u17a1\u17be\u1784\u1793\u17c5\u1796\u17c1\u179b\u178a\u17b6\u1780\u17cb\u1796\u17b6\u1780\u17d2\u1799\u17d4 \u1780\u17b6\u179a\u17b7\u1799\u17b6\u179b\u17d0\u1799\u179b\u17b7\u1781\u17b7\u178f\u1786\u17d2\u179b\u1784\u178a\u17c2\u1793\u1797\u17b6\u1782\u1785\u17d2\u179a\u17be\u1793\u1791\u1791\u17bd\u179b\u1799\u1780\u1794\u17d0\u178e\u17d2\u178e\u17a5\u178e\u1791\u17b6\u1793\u17d4<\/p>\n<p>\u1792\u17d2\u179c\u17be\u1780\u17b6\u179a\u178e\u17b6\u178f\u17cb\u1787\u17bd\u1794\u179f\u1798\u17d2\u179a\u17b6\u1794\u17cb\u179b\u17b7\u1781\u17b7\u178f\u1786\u17d2\u179b\u1784\u178a\u17c2\u1793\/\u17a2\u178f\u17d2\u178f\u179f\u1789\u17d2\u1789\u17b6\u178e\u1794\u17d0\u178e\u17d2\u178e<br \/>\n\u178a\u17be\u1798\u17d2\u1794\u17b8\u179f\u17d2\u1793\u17be\u179f\u17bb\u17c6\u179b\u17b7\u1781\u17b7\u178f\u1786\u17d2\u179b\u1784\u178a\u17c2\u1793 \u17ac\u17a2\u178f\u17d2\u178f\u179f\u1789\u17d2\u1789\u17b6\u178e\u1794\u17d0\u178e\u17d2\u178e \u17a2\u17d2\u1793\u1780\u178f\u17d2\u179a\u17bc\u179c\u178f\u17c2\u1780\u1780\u17cb\u1780\u17b6\u179a\u178e\u17b6\u178f\u17cb\u1787\u17bd\u1794\u1787\u17b6\u1798\u17bb\u1793\u17d4 \u1780\u17b6\u179b\u1794\u179a\u17b7\u1785\u17d2\u1786\u17c1\u1791\u1790\u17d2\u1798\u17b8\u178f\u17d2\u179a\u17bc\u179c\u1794\u17b6\u1793\u1794\u17c4\u17c7\u1796\u17bb\u1798\u17d2\u1796\u1787\u17b6\u1794\u1793\u17d2\u178f\u1794\u1793\u17d2\u1791\u17b6\u1794\u17cb\u17d4<\/p>\n<p>\u1780\u1780\u17cb\u1780\u17b6\u179a\u178e\u17b6\u178f\u17cb\u1787\u17bd\u1794\u178a\u17be\u1798\u17d2\u1794\u17b8\u179f\u17d2\u1793\u17be\u179f\u17bb\u17c6\u179b\u17b7\u1781\u17b7\u178f\u1786\u17d2\u179b\u1784\u178a\u17c2\u1793\/\u17a2\u178f\u17d2\u178f\u179f\u1789\u17d2\u1789\u17b6\u178e\u1794\u17d0\u178e\u17d2\u178e (\u1782\u17c1\u17a0\u1791\u17c6\u1796\u17d0\u179a\u1787\u17b6\u1797\u17b6\u179f\u17b6\u179f\u17ca\u17bb\u1799\u17a2\u17c2\u178f)<\/p>\n<p>\u1796\u17c1\u179b\u179c\u17c1\u179b\u17b6\u178a\u17b9\u1780\u1787\u1789\u17d2\u1787\u17bc\u1793<br \/>\n\u1787\u17b6\u1792\u1798\u17d2\u1798\u178f\u17b6 \u179b\u17b7\u1781\u17b7\u178f\u1786\u17d2\u179b\u1784\u178a\u17c2\u1793 \u17ac\u17a2\u178f\u17d2\u178f\u179f\u1789\u17d2\u1789\u17b6\u178e\u1794\u17d0\u178e\u17d2\u178e\u178f\u17d2\u179a\u17bc\u179c\u1794\u17d2\u179a\u1782\u179b\u17cb\u1791\u17c5\u1780\u17b6\u179a\u17b7\u1799\u17b6\u179b\u17d0\u1799\u179b\u17b7\u1781\u17b7\u178f\u1786\u17d2\u179b\u1784\u178a\u17c2\u1793\u178a\u17c2\u179b\u1796\u17b6\u1780\u17cb\u1796\u17d0\u1793\u17d2\u1792\u1780\u17d2\u1793\u17bb\u1784\u179a\u1799\u17c8\u1796\u17c1\u179b\u1794\u17d2\u179a\u17b6\u17c6\u1790\u17d2\u1784\u17c3\u1792\u17d2\u179c\u17be\u1780\u17b6\u179a\u17d4 \u179f\u17bc\u1798\u1794\u1784\u17d2\u17a0\u17b6\u1789\u1794\u1784\u17d2\u1780\u17b6\u1793\u17cb\u178a\u17c3\u179a\u1794\u179f\u17cb\u17a2\u17d2\u1793\u1780\u1793\u17c5\u1796\u17c1\u179b\u1794\u17d2\u179a\u1798\u17bc\u179b\u179b\u17b7\u1781\u17b7\u178f\u1786\u17d2\u179b\u1784\u178a\u17c2\u1793 \u17ac\u17a2\u178f\u17d2\u178f\u179f\u1789\u17d2\u1789\u17b6\u178e\u1794\u17d0\u178e\u17d2\u178e\u179a\u1794\u179f\u17cb\u17a2\u17d2\u1793\u1780\u17d4<\/p>\n<p>\u1780\u17b6\u179a\u1780\u17c6\u178e\u178f\u17cb\u17a2\u178f\u17d2\u178f\u179f\u1789\u17d2\u1789\u17b6\u178e\u178f\u17d2\u179a\u17b9\u1798\u178f\u17d2\u179a\u17bc\u179c\u1793\u17c5\u1796\u17c1\u179b\u178a\u17b6\u1780\u17cb\u1796\u17b6\u1780\u17d2\u1799<br \/>\n\u1793\u17c5\u1796\u17c1\u179b\u178a\u17b6\u1780\u17cb\u1796\u17b6\u1780\u17d2\u1799\u179f\u17bb\u17c6\u179b\u17b7\u1781\u17b7\u178f\u1786\u17d2\u179b\u1784\u178a\u17c2\u1793 \u17ac\u17a2\u178f\u17d2\u178f\u179f\u1789\u17d2\u1789\u17b6\u178e\u1794\u17d0\u178e\u17d2\u178e\u1790\u17d2\u1798\u17b8 \u17a2\u17d2\u1793\u1780\u178f\u17d2\u179a\u17bc\u179c\u178f\u17c2\u17a2\u17b6\u1785\u1794\u1784\u17d2\u17a0\u17b6\u1789\u17a2\u178f\u17d2\u178f\u179f\u1789\u17d2\u1789\u17b6\u178e\u17d4 \u17af\u1780\u179f\u17b6\u179a\u1794\u1789\u17d2\u1787\u17b6\u1780\u17cb\u17a2\u178f\u17d2\u178f\u179f\u1789\u17d2\u1789\u17b6\u178e\u1781\u17b6\u1784\u1780\u17d2\u179a\u17c4\u1798\u178f\u17d2\u179a\u17bc\u179c\u1794\u17b6\u1793\u1785\u17b6\u178f\u17cb\u1791\u17bb\u1780\u1790\u17b6\u17d6<\/p>\n<p>\u179b\u17b7\u1781\u17b7\u178f\u1786\u17d2\u179b\u1784\u178a\u17c2\u1793\u179f\u17ca\u17bb\u1799\u17a2\u17c2\u178f\u178a\u17c2\u179b\u1798\u17b6\u1793\u179f\u17bb\u1796\u179b\u1797\u17b6\u1796 (\u179b\u17b7\u1781\u17b7\u178f\u1786\u17d2\u179b\u1784\u178a\u17c2\u1793\u1794\u178e\u17d2\u178f\u17c4\u17c7\u17a2\u17b6\u179f\u1793\u17d2\u1793\u1798\u17b7\u1793\u1798\u17c2\u1793\u1787\u17b6\u17af\u1780\u179f\u17b6\u179a\u17a2\u178f\u17d2\u178f\u179f\u1789\u17d2\u1789\u17b6\u178e\u178f\u17d2\u179a\u17b9\u1798\u178f\u17d2\u179a\u17bc\u179c\u1791\u17c1)<br \/>\n\u17a2\u178f\u17d2\u178f\u179f\u1789\u17d2\u1789\u17b6\u178e\u1794\u17d0\u178e\u17d2\u178e\u179f\u17ca\u17bb\u1799\u17a2\u17c2\u178f<br \/>\n\u1794\u17d0\u178e\u17d2\u178e\u1794\u17be\u1780\u1794\u179a\u179f\u17ca\u17bb\u1799\u17a2\u17c2\u178f\u178a\u17c2\u179b\u1798\u17b6\u1793\u179f\u17bb\u1796\u179b\u1797\u17b6\u1796<br \/>\n\u17a2\u178f\u17d2\u178f\u179f\u1789\u17d2\u1789\u17b6\u178e\u1794\u17d0\u178e\u17d2\u178e SIS \u179f\u17ca\u17bb\u1799\u17a2\u17c2\u178f \u17ac\u1798\u17bd\u1799\u1785\u17c1\u1789\u178a\u17c4\u1799\u17a2\u17b6\u1787\u17d2\u1789\u17b6\u1792\u179a \u17a7. \u1781. \u1791\u17b8\u1797\u17d2\u1793\u17b6\u1780\u17cb\u1784\u17b6\u179a\u1796\u1793\u17d2\u1792\u179f\u17ca\u17bb\u1799\u17a2\u17c2\u178f \u1785\u17c1\u1789\u17a2\u178f\u17d2\u178f\u179f\u1789\u17d2\u1789\u17b6\u178e\u1794\u17d0\u178e\u17d2\u178e<br \/>\n\u1794\u17d2\u179a\u179f\u17b7\u1793\u1794\u17be\u17a2\u17d2\u1793\u1780\u1798\u17b7\u1793\u1798\u17b6\u1793\u17a2\u178f\u17d2\u178f\u179f\u1789\u17d2\u1789\u17b6\u178e\u1794\u17d0\u178e\u17d2\u178e\u1791\u17c1 \u1794\u17d2\u178f\u17b8\/\u1794\u17d2\u179a\u1796\u1793\u17d2\u1792 \u17aa\u1796\u17bb\u1780\u1798\u17d2\u178f\u17b6\u1799 \u1787\u17b8\u178a\u17bc\u1793\u1787\u17b8\u178f\u17b6 \u1794\u1784\u1794\u17d2\u17a2\u17bc\u1793\u1794\u17d2\u179a\u17bb\u179f\u179f\u17d2\u179a\u17b8\u1796\u17c1\u1789\u179c\u17d0\u1799 (\u178a\u17c2\u179b\u1798\u17b6\u1793\u17a2\u178f\u17d2\u178f\u179f\u1789\u17d2\u1789\u17b6\u178e\u1794\u17d0\u178e\u17d2\u178e\u1795\u17d2\u1791\u17b6\u179b\u17cb\u1781\u17d2\u179b\u17bd\u1793) \u17ac\u17a2\u17b6\u178e\u17b6\u1796\u17d2\u1799\u17b6\u1794\u17b6\u179b\u17a2\u17b6\u1785\u1794\u1789\u17d2\u1787\u17b6\u1780\u17cb\u1796\u17b8\u17a2\u178f\u17d2\u178f\u179f\u1789\u17d2\u1789\u17b6\u178e\u179a\u1794\u179f\u17cb\u17a2\u17d2\u1793\u1780\u17d4 \u179b\u17b7\u1781\u17b7\u178f\u1786\u17d2\u179b\u1784\u178a\u17c2\u1793\u1794\u178e\u17d2\u178f\u17c4\u17c7\u17a2\u17b6\u179f\u1793\u17d2\u1793\u1798\u17b7\u1793\u1798\u17c2\u1793\u1787\u17b6\u17af\u1780\u179f\u17b6\u179a\u1794\u1789\u17d2\u1787\u17b6\u1780\u17cb\u17a2\u178f\u17d2\u178f\u179f\u1789\u17d2\u1789\u17b6\u178e\u178f\u17d2\u179a\u17b9\u1798\u178f\u17d2\u179a\u17bc\u179c\u1793\u17c5\u1796\u17c1\u179b\u178a\u17b6\u1780\u17cb\u1796\u17b6\u1780\u17d2\u1799\u179f\u17bb\u17c6\u179b\u17b7\u1781\u17b7\u178f\u1786\u17d2\u179b\u1784\u178a\u17c2\u1793\u17d4<\/p>\n<p>\u179b\u17b7\u1781\u17b7\u178f\u1786\u17d2\u179b\u1784\u178a\u17c2\u1793\u1794\u178e\u17d2\u178f\u17c4\u17c7\u17a2\u17b6\u179f\u1793\u17d2\u1793<br \/>\n\u179b\u17b7\u1781\u17b7\u178f\u1786\u17d2\u179b\u1784\u178a\u17c2\u1793\u1794\u178e\u17d2\u178f\u17c4\u17c7\u17a2\u17b6\u179f\u1793\u17d2\u1793\u178f\u17d2\u179a\u17bc\u179c\u1794\u17b6\u1793\u1785\u17c1\u1789\u179f\u1798\u17d2\u179a\u17b6\u1794\u17cb\u178f\u17c2\u1780\u17b6\u179a\u1792\u17d2\u179c\u17be\u178a\u17c6\u178e\u17be\u179a\u178a\u17c2\u179b\u1787\u17b7\u178f\u1798\u1780\u178a\u179b\u17cb\u17d4 \u17a2\u17d2\u1793\u1780\u178f\u17d2\u179a\u17bc\u179c\u178a\u17b9\u1784\u1796\u17b8\u179a\u1799\u17c8\u1796\u17c1\u179b\u178a\u17c2\u179b\u179b\u17b7\u1781\u17b7\u178f\u1786\u17d2\u179b\u1784\u178a\u17c2\u1793\u1798\u17b6\u1793\u179f\u17bb\u1796\u179b\u1797\u17b6\u1796 \u1793\u17b7\u1784\u1790\u17b6\u178f\u17be\u1794\u17d2\u179a\u1791\u17c1\u179f\u178a\u17c2\u179b\u17a2\u17d2\u1793\u1780\u1780\u17c6\u1796\u17bb\u1784\u1792\u17d2\u179c\u17be\u178a\u17c6\u178e\u17be\u179a\u178a\u17be\u1798\u17d2\u1794\u17b8\u1791\u1791\u17bd\u179b\u1799\u1780\u179b\u17b7\u1781\u17b7\u178f\u1786\u17d2\u179b\u1784\u178a\u17c2\u1793\u1794\u178e\u17d2\u178f\u17c4\u17c7\u17a2\u17b6\u179f\u1793\u17d2\u1793\u179f\u17ca\u17bb\u1799\u17a2\u17c2\u178f\u178a\u17c2\u179a\u17ac\u1791\u17c1\u17d4 \u1798\u1792\u17d2\u1799\u17c4\u1794\u17b6\u1799\u1784\u17b6\u1799\u179f\u17d2\u179a\u17bd\u179b\u1794\u17c6\u1795\u17bb\u178f\u178a\u17be\u1798\u17d2\u1794\u17b8\u1791\u1791\u17bd\u179b\u1794\u17b6\u1793\u1796\u17d0\u178f\u17cc\u1798\u17b6\u1793\u1793\u17c1\u17c7\u1782\u17ba\u1796\u17b8\u179f\u17d2\u1790\u17b6\u1793\u1791\u17bc\u178f \u17ac\u1791\u17b8\u1797\u17d2\u1793\u17b6\u1780\u17cb\u1784\u17b6\u179a\u1791\u17c1\u179f\u1785\u179a\u178e\u17cd\u178a\u17c2\u179b\u1796\u17b6\u1780\u17cb\u1796\u17d0\u1793\u17d2\u1792\u17d4 \u1798\u17b6\u1793\u178f\u17c2\u1780\u17b6\u179a\u17b7\u1799\u17b6\u179b\u17d0\u1799\u179b\u17b7\u1781\u17b7\u178f\u1786\u17d2\u179b\u1784\u178a\u17c2\u1793\u1798\u17bd\u1799\u1785\u17c6\u1793\u17bd\u1793\u1794\u17c9\u17bb\u178e\u17d2\u178e\u17c4\u17c7\u178a\u17c2\u179b\u1785\u17c1\u1789\u179b\u17b7\u1781\u17b7\u178f\u1786\u17d2\u179b\u1784\u178a\u17c2\u1793\u1794\u178e\u17d2\u178f\u17c4\u17c7\u17a2\u17b6\u179f\u1793\u17d2\u1793\u17d4 \u1780\u17bb\u1798\u17b6\u179a\u178a\u17c2\u179b\u1798\u17b6\u1793\u17a2\u17b6\u1799\u17bb\u1780\u17d2\u179a\u17c4\u1798 18 \u1786\u17d2\u1793\u17b6\u17c6\u178f\u17d2\u179a\u17bc\u179c\u178f\u17c2\u17a2\u1798\u178a\u17c4\u1799\u17aa\u1796\u17bb\u1780\u1798\u17d2\u178f\u17b6\u1799 \u17ac\u17a2\u17b6\u178e\u17b6\u1796\u17d2\u1799\u17b6\u1794\u17b6\u179b\u1793\u17c5\u1796\u17c1\u179b\u178a\u17b6\u1780\u17cb\u1796\u17b6\u1780\u17d2\u1799\u17d4<\/p>\n<p>\u1794\u17b6\u178f\u17cb\u200b\u17a0\u17be\u1799\u200b\u179a\u1780\u200b\u1783\u17be\u1789\u200b\u179b\u17b7\u1781\u17b7\u178f\u1786\u17d2\u179b\u1784\u178a\u17c2\u1793 \u1793\u17b7\u1784\u200b\u17a2\u178f\u17d2\u178f\u179f\u1789\u17d2\u1789\u17b6\u178e\u1794\u17d0\u178e\u17d2\u178e<br \/>\n\u1794\u17d2\u179a\u179f\u17b7\u1793\u1794\u17be\u17a2\u17d2\u1793\u1780\u1794\u17b6\u178f\u17cb\u179b\u17b7\u1781\u17b7\u178f\u1786\u17d2\u179b\u1784\u178a\u17c2\u1793 \u17ac\u17a2\u178f\u17d2\u178f\u179f\u1789\u17d2\u1789\u17b6\u178e\u1794\u17d0\u178e\u17d2\u178e \u179f\u17bc\u1798\u179a\u17b6\u1799\u1780\u17b6\u179a\u178e\u17cd\u1791\u17c5\u1794\u17c9\u17bc\u179b\u17b8\u179f\u17d4 \u1794\u1793\u17d2\u1791\u17b6\u1794\u17cb\u1798\u1780\u1782\u17b6\u178f\u17cb\u1793\u17b9\u1784\u178f\u17d2\u179a\u17bc\u179c\u1794\u17b6\u1793\u179a\u17b6\u179a\u17b6\u17c6\u1784\u17d4 \u1793\u17c5\u1796\u17c1\u179b\u179a\u17b6\u1799\u1780\u17b6\u179a\u178e\u17cd\u1780\u17b6\u179a\u1794\u17b6\u178f\u17cb\u1794\u1784\u17cb \u179f\u17bc\u1798\u178a\u17b6\u1780\u17cb\u1796\u17b6\u1780\u17d2\u1799\u179f\u17bb\u17c6\u179b\u17b7\u1781\u17b7\u178f\u1786\u17d2\u179b\u1784\u178a\u17c2\u1793 \u17ac\u17a2\u178f\u17d2\u178f\u179f\u1789\u17d2\u1789\u17b6\u178e\u1794\u17d0\u178e\u17d2\u178e\u1790\u17d2\u1798\u17b8\u17d4<\/p>\n<p>\u1794\u17d2\u179a\u179f\u17b7\u1793\u1794\u17be\u17a2\u17d2\u1793\u1780\u179a\u1780\u1783\u17be\u1789\u179b\u17b7\u1781\u17b7\u178f\u1786\u17d2\u179b\u1784\u178a\u17c2\u1793 \u17ac\u17a2\u178f\u17d2\u178f\u179f\u1789\u17d2\u1789\u17b6\u178e\u1794\u17d0\u178e\u17d2\u178e\u1785\u17b6\u179f\u17cb\u179a\u1794\u179f\u17cb\u17a2\u17d2\u1793\u1780 \u179f\u17bc\u1798\u179a\u17b6\u1799\u1780\u17b6\u179a\u178e\u17cd\u1791\u17c5\u1794\u17c9\u17bc\u179b\u17b8\u179f\u17d4 \u1794\u17d2\u179a\u179f\u17b7\u1793\u1794\u17be\u17a2\u17d2\u1793\u1780\u1794\u17b6\u1793\u1791\u1791\u17bd\u179b\u179b\u17b7\u1781\u17b7\u178f\u1786\u17d2\u179b\u1784\u178a\u17c2\u1793\u1790\u17d2\u1798\u17b8 \u17ac\u17a2\u178f\u17d2\u178f\u179f\u1789\u17d2\u1789\u17b6\u178e\u1794\u17d0\u178e\u17d2\u178e \u17a2\u17d2\u1793\u1780\u178f\u17d2\u179a\u17bc\u179c\u178f\u17c2\u1794\u17d2\u179a\u1782\u179b\u17cb\u179b\u17b7\u1781\u17b7\u178f\u1786\u17d2\u179b\u1784\u178a\u17c2\u1793\u1785\u17b6\u179f\u17cb\u179f\u1798\u17d2\u179a\u17b6\u1794\u17cb\u1780\u17b6\u179a\u1791\u1794\u17cb\u179f\u17d2\u1780\u17b6\u178f\u17cb\u17d4 \u17af\u1780\u179f\u17b6\u179a\u1792\u17d2\u179c\u17be\u178a\u17c6\u178e\u17be\u179a\u1785\u17b6\u179f\u17cb\u1798\u17b7\u1793\u17a2\u17b6\u1785\u1794\u17d2\u179a\u17be\u1794\u17d2\u179a\u17b6\u179f\u17cb\u1794\u17b6\u1793\u1791\u17c0\u178f\u1791\u17c1\u17d4<\/p>\n<p>\u1794\u17d2\u179a\u179f\u17b7\u1793\u1794\u17be\u17a2\u17d2\u1793\u1780\u1794\u17b6\u178f\u17cb\u179b\u17b7\u1781\u17b7\u178f\u1786\u17d2\u179b\u1784\u178a\u17c2\u1793 \u17ac\u17a2\u178f\u17d2\u178f\u179f\u1789\u17d2\u1789\u17b6\u178e\u1794\u17d0\u178e\u17d2\u178e\u1793\u17c5\u1794\u179a\u1791\u17c1\u179f \u179f\u17bc\u1798\u1791\u17b6\u1780\u17cb\u1791\u1784\u179f\u17d2\u1790\u17b6\u1793\u1791\u17bc\u178f \u17ac\u179f\u17d2\u1790\u17b6\u1793\u1780\u17bb\u1784\u179f\u17ca\u17bb\u179b\u179f\u17ca\u17bb\u1799\u17a2\u17c2\u178f\u178a\u17c2\u179b\u1793\u17c5\u1787\u17b7\u178f\u1794\u17c6\u1795\u17bb\u178f\u17d4<\/p>\n<\/div>\n<\/div>","protected":false},"excerpt":{"rendered":"<p>\u179b\u17b7\u1781\u17b7\u178f\u1786\u17d2\u179b\u1784\u178a\u17c2\u1793\u179f\u17ca\u17bb\u1799\u17a2\u17c2\u178f<\/p>\n<p>\u179b\u17b7\u1781\u17b7\u178f\u1786\u17d2\u179b\u1784\u178a\u17c2\u1793 \u1793\u17b7\u1784\u17a2\u178f\u17d2\u178f\u179f\u1789\u17d2\u1789\u17b6\u178e\u1794\u17d0\u178e\u17d2\u178e<\/p>\n<p>\u1780\u17b6\u179a\u17b7\u1799\u17b6\u179b\u17d0\u1799\u179b\u17b7\u1781\u17b7\u178f\u1786\u17d2\u179b\u1784\u178a\u17c2\u1793\u179a\u1794\u179f\u17cb\u1794\u17c9\u17bc\u179b\u17b8\u179f\u1785\u17c1\u1789\u179b\u17b7\u1781\u17b7\u178f\u1786\u17d2\u179b\u1784\u178a\u17c2\u1793 \u1793\u17b7\u1784\u17a2\u178f\u17d2\u178f\u179f\u1789\u17d2\u1789\u17b6\u178e\u1794\u17d0\u178e\u17d2\u178e\u178a\u179b\u17cb\u1796\u179b\u179a\u178a\u17d2\u178b\u179f\u17ca\u17bb\u1799\u17a2\u17c2\u178f\u17d4 \u17a2\u17d2\u1793\u1780\u17a2\u17b6\u1785\u179f\u17d2\u1793\u17be\u179f\u17bb\u17c6 \u1793\u17b7\u1784\u1791\u1791\u17bd\u179b\u179b\u17b7\u1781\u17b7\u178f\u1786\u17d2\u179b\u1784\u178a\u17c2\u1793\u1790\u17d2\u1798\u17b8 \u17ac\u17a2\u178f\u17d2\u178f\u179f\u1789\u17d2\u1789\u17b6\u178e\u1794\u17d0\u178e\u17d2\u178e\u1793\u17c5\u1780\u17b6\u179a\u17b7\u1799\u17b6\u179b\u17d0\u1799\u179b\u17b7\u1781\u17b7\u178f\u1786\u17d2\u179b\u1784\u178a\u17c2\u1793\u178e\u17b6\u1798\u17bd\u1799\u1780\u17d2\u1793\u17bb\u1784\u1794\u17d2\u179a\u1791\u17c1\u179f\u17d4<\/p>\n<p>\u179b\u17b7\u1781\u17b7\u178f\u1786\u17d2\u179b\u1784\u178a\u17c2\u1793 \u1793\u17b7\u1784\u17a2\u178f\u17d2\u178f\u179f\u1789\u17d2\u1789\u17b6\u178e\u1794\u17d0\u178e\u17d2\u178e - \u179a\u1794\u17c0\u1794\u178a\u17b6\u1780\u17cb\u1796\u17b6\u1780\u17d2\u1799 (\u17a2\u178f\u17d2\u1790\u1794\u1791\u1787\u17b6\u1797\u17b6\u179f\u17b6\u17a2\u1784\u17cb\u1782\u17d2\u179b\u17c1\u179f)<br \/>\n\u1780\u1798\u17d2\u1798\u179c\u17b7\u1792\u17b8<br \/>\nWenn Sie schwedische Staatsb\u00fcrgerschaft \u00fcber 18 Jahre besitzen und in Schweden leben, m\u00fcssen Sie Folgendes mitbringen:<\/p>\n<p>\u17a2\u178f\u17d2\u178f\u179f\u1789\u17d2\u1789\u17b6\u178e\u1794\u17d0\u178e\u17d2\u178e\u178a\u17c2\u179b\u1798\u17b6\u1793\u179f\u17bb\u1796\u179b\u1797\u17b6\u1796 (\u179b\u17b7\u1781\u17b7\u178f\u1786\u17d2\u179b\u1784\u178a\u17c2\u1793\u178a\u17c2\u179b\u1798\u17b6\u1793\u179f\u17bb\u1796\u179b\u1797\u17b6\u1796\u1782\u17ba\u1787\u17b6\u17af\u1780\u179f\u17b6\u179a\u17a2\u178f\u17d2\u178f\u179f\u1789\u17d2\u1789\u17b6\u178e\u1798\u17bd\u1799\u1780\u17d2\u1793\u17bb\u1784\u1785\u17c6\u178e\u17c4\u1798\u17af\u1780\u179f\u17b6\u179a\u17a2\u178f\u17d2\u178f\u179f\u1789\u17d2\u1789\u17b6\u178e\u178a\u17c2\u179b\u1798\u17b6\u1793\u179f\u17bb\u1796\u179b\u1797\u17b6\u1796\u1787\u17b6\u1785\u17d2\u179a\u17be\u1793)<br \/>\n\u179b\u17b7\u1781\u17b7\u178f\u1786\u17d2\u179b\u1784\u178a\u17c2\u1793\u1785\u17b6\u179f\u17cb\u179a\u1794\u179f\u17cb\u17a2\u17d2\u1793\u1780 \u1794\u17d2\u179a\u179f\u17b7\u1793\u1794\u17be\u1793\u17c5\u178f\u17c2\u1798\u17b6\u1793\u179f\u17bb\u1796\u179b\u1797\u17b6\u1796<br \/>\n\u179a\u17bc\u1794\u1790\u178f\u178f\u17d2\u179a\u17bc\u179c\u1794\u17b6\u1793\u1790\u178f\u1793\u17c5\u1780\u17b6\u179a\u17b7\u1799\u17b6\u179b\u17d0\u1799\u179b\u17b7\u1781\u17b7\u178f\u1786\u17d2\u179b\u1784\u178a\u17c2\u1793\u17d4 \u17a2\u17d2\u1793\u1780\u178e\u17b6\u178a\u17c2\u179b\u178a\u17b6\u1780\u17cb\u1796\u17b6\u1780\u17d2\u1799\u179f\u17bb\u17c6\u179b\u17b7\u1781\u17b7\u178f\u1786\u17d2\u179b\u1784\u178a\u17c2\u1793 \u17ac\u17a2\u178f\u17d2\u178f\u179f\u1789\u17d2\u1789\u17b6\u178e\u1794\u17d0\u178e\u17d2\u178e \u178f\u17d2\u179a\u17bc\u179c\u1798\u1780\u178a\u17c4\u1799\u1795\u17d2\u1791\u17b6\u179b\u17cb\u1791\u17c5\u1780\u17b6\u1793\u17cb\u1780\u17b6\u179a\u17b7\u1799\u17b6\u179b\u17d0\u1799\u179b\u17b7\u1781\u17b7\u178f\u1786\u17d2\u179b\u1784\u178a\u17c2\u1793\u179a\u1794\u179f\u17cb\u1794\u17c9\u17bc\u179b\u17b8\u179f \u179a\u17bd\u1798\u1791\u17b6\u17c6\u1784\u1780\u17bb\u1798\u17b6\u179a \u1793\u17b7\u1784\u1799\u17bb\u179c\u1787\u1793\u1795\u1784\u178a\u17c2\u179a\u17d4<\/p>","protected":false},"featured_media":22595,"template":"","meta":[],"product_brand":[],"product_cat":[924],"product_tag":[],"class_list":{"0":"post-22556","1":"product","2":"type-product","3":"status-publish","4":"has-post-thumbnail","6":"product_cat-reisepass","8":"first","9":"instock","10":"taxable","11":"shipping-taxable","12":"purchasable","13":"product-type-simple"},"_links":{"self":[{"href":"https:\/\/primeprintingweb.com\/km\/wp-json\/wp\/v2\/product\/22556","targetHints":{"allow":["GET"]}}],"collection":[{"href":"https:\/\/primeprintingweb.com\/km\/wp-json\/wp\/v2\/product"}],"about":[{"href":"https:\/\/primeprintingweb.com\/km\/wp-json\/wp\/v2\/types\/product"}],"version-history":[{"count":2,"href":"https:\/\/primeprintingweb.com\/km\/wp-json\/wp\/v2\/product\/22556\/revisions"}],"predecessor-version":[{"id":22901,"href":"https:\/\/primeprintingweb.com\/km\/wp-json\/wp\/v2\/product\/22556\/revisions\/22901"}],"wp:featuredmedia":[{"embeddable":true,"href":"https:\/\/primeprintingweb.com\/km\/wp-json\/wp\/v2\/media\/22595"}],"wp:attachment":[{"href":"https:\/\/primeprintingweb.com\/km\/wp-json\/wp\/v2\/media?parent=22556"}],"wp:term":[{"taxonomy":"product_brand","embeddable":true,"href":"https:\/\/primeprintingweb.com\/km\/wp-json\/wp\/v2\/product_brand?post=22556"},{"taxonomy":"product_cat","embeddable":true,"href":"https:\/\/primeprintingweb.com\/km\/wp-json\/wp\/v2\/product_cat?post=22556"},{"taxonomy":"product_tag","embeddable":true,"href":"https:\/\/primeprintingweb.com\/km\/wp-json\/wp\/v2\/product_tag?post=22556"}],"curies":[{"name":"wp","href":"https:\/\/api.w.org\/{rel}","templated":true}]}}