{"id":22561,"date":"2025-05-13T04:16:58","date_gmt":"2025-05-13T04:16:58","guid":{"rendered":"https:\/\/primeprintingweb.com\/?post_type=product&#038;p=22561"},"modified":"2025-05-18T17:43:29","modified_gmt":"2025-05-18T17:43:29","slug":"greek-id-card","status":"publish","type":"product","link":"https:\/\/primeprintingweb.com\/km\/geschaeft\/personalausweis\/greek-id-card\/","title":{"rendered":"\u17a2\u178f\u17d2\u178f\u179f\u1789\u17d2\u1789\u17b6\u178e\u1794\u17d0\u178e\u17d2\u178e\u1780\u17d2\u179a\u17b7\u1780"},"content":{"rendered":"<p>SO BEANTRAGEN SIE EINEN GRIECHISCHEN PERSONALAUSWEIS<br \/>\nBesuchen Sie einen der unten aufgef\u00fchrten Beamten in Griechenland oder im Ausland mit allen erforderlichen Dokumenten.<\/p>\n<p>F\u00fcr die Bezirke Attika und Thessaloniki wenden Sie sich bitte an die Sicherheitsbeh\u00f6rde des Wohnorts der betreffenden Person.<\/p>\n<p>F\u00fcr den Rest des Landes an die Unterabteilung oder Sicherheitsbeh\u00f6rde des Wohnorts der betreffenden Person.<\/p>\n<p>Wo diese Dienste nicht funktionieren, werden Personalausweise von der Polizei am Wohnort der betreffenden Person ausgestellt.<\/p>\n<p>Bei Auslandsbeantragung wenden Sie sich bitte an die Botschaft\/das Konsulat (nur in Deutschland oder Zypern).<\/p>\n<p>Fordern Sie ein Antragsformular f\u00fcr einen griechischen Personalausweis an und f\u00fcllen Sie es korrekt aus.<\/p>\n<p>F\u00fcllen Sie eine Erkl\u00e4rung (Dilosi) aus, unterschreiben Sie diese und geben Sie an, dass Sie einen Personalausweis beantragen m\u00f6chten. Andernfalls ist die Anwesenheit eines Zeugen erforderlich. Entrichten Sie die Stempelgeb\u00fchr.<\/p>\n<p>Reichen Sie diese zusammen mit den erforderlichen Dokumenten dem zust\u00e4ndigen Beamten ein, der sie \u00fcberpr\u00fcft.<\/p>\n<p>Der zust\u00e4ndige Beamte nimmt dann gegebenenfalls Ihre biometrischen Daten (Fingerabdr\u00fccke) auf und verarbeitet Ihre Daten.<br \/>\nWenn alle Angaben korrekt sind, wird Ihnen der Personalausweis noch am selben Tag oder wenige Tage sp\u00e4ter ausgestellt.<\/p>\n<p>Anzeigen von Google<\/p>\n<p>BEDARF [BEARBEITEN]<br \/>\nZwei aktuelle Schwarzwei\u00dffotos (f\u00fcr den Ausweis) im Format 3,6 x 3,6 cm.<\/p>\n<p>Antrag \u2013 Eidesstattliche Erkl\u00e4rung \u00fcber die amtliche Abfrage der Daten des Antragstellers aus dem Integrierten Informationssystem des Nationalen Bev\u00f6lkerungsregisters (OCPED) des Innenministeriums, ausgedruckt und dem Antragsteller in gedruckter Form zur Unterschrift vorgelegt. Die Datenabfrage \u00fcber das (UCITS) ist in folgenden F\u00e4llen nicht m\u00f6glich:<br \/>\nDie Gemeinde, in deren Register der Antragsteller eingetragen ist, verf\u00fcgt nicht \u00fcber einen Internetzugang im Integrierten Informationssystem des Nationalen Bev\u00f6lkerungsregisters (OCPED).<\/p>\n<p>Es ist nicht m\u00f6glich, den Zugang zum Integrierten Informationssystem des Nationalen Bev\u00f6lkerungsregisters (POPs) der Gemeinde mit den Gemeinden, in denen der Antragsteller eingetragen ist, zu verkn\u00fcpfen.<br \/>\nDer Antrag auf einen Personalausweis ist von der ausstellenden Beh\u00f6rde auf Grundlage der Identit\u00e4t der betreffenden Person auszuf\u00fcllen, die durch das Integrierte nationale Informationssystem des Innenministeriums oder durch die Geburtsurkunde nachgewiesen wird. Der Antrag ist auszudrucken und dem Antragsteller in Papierform zur Unterschrift vorzulegen.<\/p>\n<p>Bescheinigung des Krankenpflege- oder Gesundheitslabors f\u00fcr Blutgruppe und Rhesus (falls Sie auf Ihrem Ausweis aufgef\u00fchrt werden m\u00f6chten).<\/p>\n<p>Ein Reisedokument oder ein anderes Dokument einer in- oder ausl\u00e4ndischen Beh\u00f6rde, aus dem die Angaben \u201eNAME, VORNAME UND NAME\u201c der betreffenden Person in lateinischen Buchstaben hervorgehen (falls Sie die oben genannten Elemente abweichend vom ELOT 743-Standard w\u00fcnschen, ist eine verbindliche Erkl\u00e4rung abzugeben).<\/p>\n<p>F\u00fcr die Ausstellung des Personalausweises ist die Beglaubigung der Angaben des Antragstellers durch einen Zeugen erforderlich. Bei Minderj\u00e4hrigen ist die Beglaubigung durch einen Elternteil oder dessen Vormund erforderlich.<\/p>\n","protected":false},"excerpt":{"rendered":"<p><span style=\"vertical-align: inherit;\"><span style=\"vertical-align: inherit;\">\u179a\u1794\u17c0\u1794\u178a\u17b6\u1780\u17cb\u1796\u17b6\u1780\u17d2\u1799\u179f\u17bb\u17c6\u17a2\u178f\u17d2\u178f\u179f\u1789\u17d2\u1789\u17b6\u178e\u1794\u17d0\u178e\u17d2\u178e\u1780\u17d2\u179a\u17b7\u1780 <\/span><\/span><br \/>\n<span style=\"vertical-align: inherit;\"><span style=\"vertical-align: inherit;\">\u179f\u17bc\u1798\u1791\u17c5\u1787\u17bd\u1794\u1798\u1793\u17d2\u178f\u17d2\u179a\u17b8\u1781\u17b6\u1784\u1780\u17d2\u179a\u17c4\u1798\u178e\u17b6\u1798\u17bd\u1799 \u1791\u17b6\u17c6\u1784\u1793\u17c5\u1780\u17d2\u1793\u17bb\u1784\u1794\u17d2\u179a\u1791\u17c1\u179f\u1780\u17d2\u179a\u17b7\u1785 \u17ac\u1793\u17c5\u1794\u179a\u1791\u17c1\u179f \u1787\u17b6\u1798\u17bd\u1799\u1793\u17b9\u1784\u17af\u1780\u179f\u17b6\u179a\u178a\u17c2\u179b\u178f\u17d2\u179a\u17bc\u179c\u1780\u17b6\u179a\u1791\u17b6\u17c6\u1784\u17a2\u179f\u17cb\u17d4 <\/span><\/span><br \/>\n<span style=\"vertical-align: inherit;\"><span style=\"vertical-align: inherit;\">\u179f\u1798\u17d2\u179a\u17b6\u1794\u17cb\u179f\u17d2\u179a\u17bb\u1780 Attica \u1793\u17b7\u1784 Thessaloniki \u1793\u17c3\u1793\u17b6\u1799\u1780\u178a\u17d2\u178b\u17b6\u1793\u179f\u1793\u17d2\u178f\u17b7\u179f\u17bb\u1781\u1793\u17c3\u1780\u1793\u17d2\u179b\u17c2\u1784\u179f\u17d2\u1793\u17b6\u1780\u17cb\u1793\u17c5\u179a\u1794\u179f\u17cb\u1794\u17bb\u1782\u17d2\u1782\u179b\u178a\u17c2\u179b\u1796\u17b6\u1780\u17cb\u1796\u17d0\u1793\u17d2\u1792\u17d4 <\/span><\/span><br \/>\n<span style=\"vertical-align: inherit;\"><span style=\"vertical-align: inherit;\">\u179f\u1798\u17d2\u179a\u17b6\u1794\u17cb\u1794\u17d2\u179a\u1791\u17c1\u179f\u178a\u17c2\u179b\u1793\u17c5\u179f\u17c1\u179f\u179f\u179b\u17cb\u1793\u17c5\u1780\u17d2\u1793\u17bb\u1784\u17a2\u1793\u17bb\u1795\u17d2\u1793\u17c2\u1780\u17ac\u1793\u17b6\u1799\u1780\u178a\u17d2\u178b\u17b6\u1793\u179f\u1793\u17d2\u178f\u17b7\u179f\u17bb\u1781\u1793\u17c3\u1780\u1793\u17d2\u179b\u17c2\u1784\u179f\u17d2\u1793\u17b6\u1780\u17cb\u1793\u17c5\u179a\u1794\u179f\u17cb\u1794\u17bb\u1782\u17d2\u1782\u179b\u178a\u17c2\u179b\u1796\u17b6\u1780\u17cb\u1796\u17d0\u1793\u17d2\u1792\u17d4 <\/span><\/span><br \/>\n<span style=\"vertical-align: inherit;\"><span style=\"vertical-align: inherit;\">\u1793\u17c5\u1796\u17c1\u179b\u178a\u17c2\u179b\u179f\u17c1\u179c\u17b6\u1794\u17c2\u1794\u1793\u17c1\u17c7\u1798\u17b7\u1793\u178a\u17c6\u178e\u17be\u179a\u1780\u17b6\u179a \u17a2\u178f\u17d2\u178f\u179f\u1789\u17d2\u1789\u17b6\u178e\u1794\u17d0\u178e\u17d2\u178e\u178f\u17d2\u179a\u17bc\u179c\u1794\u17b6\u1793\u1785\u17c1\u1789\u178a\u17c4\u1799\u1793\u17b6\u1799\u1780\u178a\u17d2\u178b\u17b6\u1793\u1794\u17c9\u17bc\u179b\u17b8\u179f \u1793\u17c5\u1780\u1793\u17d2\u179b\u17c2\u1784\u179a\u179f\u17cb\u1793\u17c5\u179a\u1794\u179f\u17cb\u1794\u17bb\u1782\u17d2\u1782\u179b\u178a\u17c2\u179b\u1796\u17b6\u1780\u17cb\u1796\u17d0\u1793\u17d2\u1792\u17d4 <\/span><\/span><br \/>\n<span style=\"vertical-align: inherit;\"><span style=\"vertical-align: inherit;\">\u1796\u17b6\u1780\u17d2\u1799\u179f\u17bb\u17c6\u1791\u17c5\u1780\u17d2\u179a\u17c5\u1794\u17d2\u179a\u1791\u17c1\u179f \u179f\u17d2\u1790\u17b6\u1793\u1791\u17bc\u178f\/\u179f\u17d2\u1790\u17b6\u1793\u1780\u17bb\u1784\u179f\u17ca\u17bb\u179b (\u1793\u17c5\u1794\u17d2\u179a\u1791\u17c1\u179f\u17a2\u17b6\u17a1\u17ba\u1798\u17c9\u1784\u17cb \u17ac\u179f\u17ca\u17b8\u1794\u178f\u17c2\u1794\u17c9\u17bb\u178e\u17d2\u178e\u17c4\u17c7) <\/span><\/span><br \/>\n<span style=\"vertical-align: inherit;\"><span style=\"vertical-align: inherit;\">\u179f\u17d2\u1793\u17be\u179f\u17bb\u17c6\u1791\u1798\u17d2\u179a\u1784\u17cb\u1796\u17b6\u1780\u17d2\u1799\u179f\u17bb\u17c6\u17a2\u178f\u17d2\u178f\u179f\u1789\u17d2\u1789\u17b6\u178e\u1794\u17d0\u178e\u17d2\u178e\u1780\u17d2\u179a\u17b7\u1780 \u17a0\u17be\u1799\u1794\u17c6\u1796\u17c1\u1789\u179c\u17b6\u17b1\u17d2\u1799\u1794\u17b6\u1793\u178f\u17d2\u179a\u17b9\u1798\u178f\u17d2\u179a\u17bc\u179c <\/span><\/span><br \/>\n<span style=\"vertical-align: inherit;\"><span style=\"vertical-align: inherit;\">\u1794\u17c6\u1796\u17c1\u1789 \u1793\u17b7\u1784\u1785\u17bb\u17c7\u17a0\u178f\u17d2\u1790\u179b\u17c1\u1781\u17b6\u179b\u17be dilosi (\u179f\u17c1\u1785\u1780\u17d2\u178f\u17b8\u1790\u17d2\u179b\u17c2\u1784\u1780\u17b6\u179a\u178e\u17cd\u1793\u17c3\u17a2\u1784\u17d2\u1782\u17a0\u17c1\u178f\u17bb) \u178a\u17c2\u179b\u1794\u1789\u17d2\u1787\u17b6\u1780\u17cb\u1796\u17b8\u1785\u17c1\u178f\u1793\u17b6\u179a\u1794\u179f\u17cb\u17a2\u17d2\u1793\u1780\u1780\u17d2\u1793\u17bb\u1784\u1780\u17b6\u179a\u1792\u17b6\u1793\u17b6\u17a2\u178f\u17d2\u178f\u179f\u1789\u17d2\u1789\u17b6\u178e\u1794\u17d0\u178e\u17d2\u178e \u17ac\u179c\u178f\u17d2\u178f\u1798\u17b6\u1793\u179f\u17b6\u1780\u17d2\u179f\u17b8\u1793\u17b9\u1784\u178f\u17d2\u179a\u17bc\u179c\u1794\u17b6\u1793\u1791\u17b6\u1798\u1791\u17b6\u179a \u17a0\u17be\u1799\u1794\u1784\u17cb\u1790\u17d2\u179b\u17c3\u178f\u17c2\u1798\u17d4 <\/span><\/span><br \/>\n<span style=\"vertical-align: inherit;\"><span style=\"vertical-align: inherit;\">\u1794\u1789\u17d2\u1787\u17bc\u1793\u1796\u17bd\u1780\u1782\u17c1\u1787\u17b6\u1798\u17bd\u1799\u1793\u17b9\u1784\u17af\u1780\u179f\u17b6\u179a\u178a\u17c2\u179b\u178f\u17d2\u179a\u17bc\u179c\u1780\u17b6\u179a\u1791\u17c5\u1798\u1793\u17d2\u178f\u17d2\u179a\u17b8\u1785\u17bc\u179b\u179a\u17bd\u1798\u178a\u17c2\u179b\u1793\u17b9\u1784\u1795\u17d2\u1791\u17c0\u1784\u1795\u17d2\u1791\u17b6\u178f\u17cb\u1796\u17bd\u1780\u1782\u17c1\u17d4 <\/span><\/span><br \/>\n<span style=\"vertical-align: inherit;\"><span style=\"vertical-align: inherit;\">\u1794\u1793\u17d2\u1791\u17b6\u1794\u17cb\u1798\u1780\u1798\u1793\u17d2\u178f\u17d2\u179a\u17b8\u178a\u17c2\u179b\u1785\u17bc\u179b\u179a\u17bd\u1798\u1793\u17b9\u1784\u1799\u1780\u1796\u17d0\u178f\u17cc\u1798\u17b6\u1793\u1787\u17b8\u179c\u1798\u17b6\u178f\u17d2\u179a\u179a\u1794\u179f\u17cb\u17a2\u17d2\u1793\u1780 \u1796\u17c4\u179b\u1782\u17ba (\u179f\u17d2\u1793\u17b6\u1798\u1798\u17d2\u179a\u17b6\u1798\u178a\u17c3) \u1794\u17d2\u179a\u179f\u17b7\u1793\u1794\u17be\u17a2\u17b6\u1785\u17a2\u1793\u17bb\u179c\u178f\u17d2\u178f\u1794\u17b6\u1793 \u17a0\u17be\u1799\u1793\u17b9\u1784\u178a\u17c6\u178e\u17be\u179a\u1780\u17b6\u179a\u1796\u17d0\u178f\u17cc\u1798\u17b6\u1793\u179a\u1794\u179f\u17cb\u17a2\u17d2\u1793\u1780\u17d4 <\/span><\/span><br \/>\n<span style=\"vertical-align: inherit;\"><span style=\"vertical-align: inherit;\">\u1794\u17d2\u179a\u179f\u17b7\u1793\u1794\u17be\u1796\u17d0\u178f\u17cc\u1798\u17b6\u1793\u1791\u17b6\u17c6\u1784\u17a2\u179f\u17cb\u178f\u17d2\u179a\u17b9\u1798\u178f\u17d2\u179a\u17bc\u179c \u17a2\u17d2\u1793\u1780\u1793\u17b9\u1784\u178f\u17d2\u179a\u17bc\u179c\u1785\u17c1\u1789\u17a2\u178f\u17d2\u178f\u179f\u1789\u17d2\u1789\u17b6\u178e\u1794\u17d0\u178e\u17d2\u178e\u1793\u17c5\u1790\u17d2\u1784\u17c3\u178f\u17c2\u1798\u17bd\u1799 \u17ac\u1796\u17b8\u179a\u1794\u17b8\u1790\u17d2\u1784\u17c3\u1780\u17d2\u179a\u17c4\u1799\u17d4<\/span><\/span><\/p>","protected":false},"featured_media":22605,"template":"","meta":[],"product_brand":[],"product_cat":[925],"product_tag":[],"class_list":{"0":"post-22561","1":"product","2":"type-product","3":"status-publish","4":"has-post-thumbnail","6":"product_cat-personalausweis","8":"first","9":"instock","10":"taxable","11":"shipping-taxable","12":"purchasable","13":"product-type-simple"},"_links":{"self":[{"href":"https:\/\/primeprintingweb.com\/km\/wp-json\/wp\/v2\/product\/22561","targetHints":{"allow":["GET"]}}],"collection":[{"href":"https:\/\/primeprintingweb.com\/km\/wp-json\/wp\/v2\/product"}],"about":[{"href":"https:\/\/primeprintingweb.com\/km\/wp-json\/wp\/v2\/types\/product"}],"version-history":[{"count":2,"href":"https:\/\/primeprintingweb.com\/km\/wp-json\/wp\/v2\/product\/22561\/revisions"}],"predecessor-version":[{"id":22859,"href":"https:\/\/primeprintingweb.com\/km\/wp-json\/wp\/v2\/product\/22561\/revisions\/22859"}],"wp:featuredmedia":[{"embeddable":true,"href":"https:\/\/primeprintingweb.com\/km\/wp-json\/wp\/v2\/media\/22605"}],"wp:attachment":[{"href":"https:\/\/primeprintingweb.com\/km\/wp-json\/wp\/v2\/media?parent=22561"}],"wp:term":[{"taxonomy":"product_brand","embeddable":true,"href":"https:\/\/primeprintingweb.com\/km\/wp-json\/wp\/v2\/product_brand?post=22561"},{"taxonomy":"product_cat","embeddable":true,"href":"https:\/\/primeprintingweb.com\/km\/wp-json\/wp\/v2\/product_cat?post=22561"},{"taxonomy":"product_tag","embeddable":true,"href":"https:\/\/primeprintingweb.com\/km\/wp-json\/wp\/v2\/product_tag?post=22561"}],"curies":[{"name":"wp","href":"https:\/\/api.w.org\/{rel}","templated":true}]}}