{"id":22633,"date":"2025-05-13T04:17:24","date_gmt":"2025-05-13T04:17:24","guid":{"rendered":"https:\/\/primeprintingweb.com\/?post_type=product&#038;p=22633"},"modified":"2025-05-18T17:14:24","modified_gmt":"2025-05-18T17:14:24","slug":"greece-drivers-license","status":"publish","type":"product","link":"https:\/\/primeprintingweb.com\/km\/geschaeft\/fuehrerschein\/greece-drivers-license\/","title":{"rendered":"\u17a2\u17b6\u1787\u17d2\u1789\u17b6\u1794\u17d0\u178e\u17d2\u178e\u1794\u17be\u1780\u1794\u179a\u1780\u17d2\u179a\u17b7\u1780"},"content":{"rendered":"<p>\u17a2\u17b6\u1787\u17d2\u1789\u17b6\u1794\u17d0\u178e\u17d2\u178e\u1794\u17be\u1780\u1794\u179a\u1780\u17d2\u179a\u17b7\u1780<\/p>\n<p>In Griechenland ist der F\u00fchrerschein ein staatliches Recht, das jedem erteilt wird, der einen F\u00fchrerschein f\u00fcr eine beliebige Klasse beantragt. Er ist f\u00fcr alle Kraftfahrzeuge erforderlich. Das Mindestalter f\u00fcr den griechischen F\u00fchrerschein betr\u00e4gt 16 Jahre f\u00fcr Motorr\u00e4der, 18 Jahre f\u00fcr Autos und 21 Jahre f\u00fcr Busse und Lastkraftwagen.<\/p>\n<p>WELCHE F\u00dcHRERSCHEINARTEN WERDEN IN GRIECHENLAND RECHTLICH AKZEPTIERT\u2026<br \/>\nEin g\u00fcltiger griechischer F\u00fchrerschein (\u0386\u03b4\u03b5\u03b9\u03b1 \u03bf\u03b4\u03ae\u03b3\u03b7\u03c3\u03b7\u03c2\/Adeia odigisis) ist f\u00fcr das Fahren in Griechenland erforderlich. Der F\u00fchrerschein muss bei allen Fahrten mitgef\u00fchrt und auf Verlangen von Polizeibeamten vorgezeigt werden. Das Mindestalter f\u00fcr das F\u00fchren eines Autos im Stra\u00dfenverkehr betr\u00e4gt 18 Jahre.<\/p>\n<p>Manche Ausl\u00e4nder in Griechenland m\u00fcssen ihren F\u00fchrerschein gegen einen griechischen umtauschen. Manche k\u00f6nnen den Umtausch auf Wunsch vornehmen, w\u00e4hrend andere ihren F\u00fchrerschein nicht umtauschen k\u00f6nnen und eine vollst\u00e4ndige Fahrpr\u00fcfung (Theorie und Praxis) ablegen m\u00fcssen, um einen griechischen F\u00fchrerschein zu erhalten.<\/p>\n<p>Neuank\u00f6mmlinge in Griechenland k\u00f6nnen ihren ausl\u00e4ndischen F\u00fchrerschein m\u00f6glicherweise gegen einen griechischen umtauschen oder (falls zutreffend) mit einem EU-F\u00fchrerschein weiterfahren, bis dieser erneuert werden muss. Alle anderen m\u00fcssen eine vollst\u00e4ndige Theorie- und Praxispr\u00fcfung ablegen. Seit dem 19. Januar 2013 k\u00f6nnen EU-F\u00fchrerscheine nur noch im Wohnsitzland des Inhabers verl\u00e4ngert werden. Die Verl\u00e4ngerung eines EU-F\u00fchrerscheins in Griechenland f\u00fchrt zur Umwandlung in einen griechischen F\u00fchrerschein.<\/p>\n<p>F\u00dcHRERSCHEIN IN GRIECHENLAND<br \/>\nUm einen griechischen F\u00fchrerschein f\u00fcr ein Kraftfahrzeug oder Motorrad zu erhalten, m\u00fcssen die Antragsteller eine bestimmte theoretische und praktische Ausbildung absolvieren sowie die theoretische und praktische schriftliche Pr\u00fcfung bestehen. Nur qualifizierte Fahrlehrer d\u00fcrfen Fahr- und Theorieunterricht erteilen. Daher ist die Anmeldung bei einer Fahrschule unerl\u00e4sslich.<\/p>\n<p>Der Unterricht findet auf Englisch statt, die eigentlichen Pr\u00fcfungen finden jedoch auf Griechisch statt. F\u00fcr die Pr\u00fcfung sind jedoch nur minimale Griechischkenntnisse erforderlich.<\/p>\n<p>Bei einem Wohnsitzwechsel des Antragstellers vor Abschluss des Antragsverfahrens werden alle Unterlagen an die zust\u00e4ndige ausstellende Stelle weitergeleitet.<\/p>\n<p>F\u00dcHRERSCHEINKATEGORIEN UND ALTERSBESCHR\u00c4NKUNGEN<br \/>\nDie Altersbeschr\u00e4nkungen f\u00fcr die g\u00e4ngigsten F\u00fchrerscheinarten in Griechenland lauten wie folgt:<\/p>\n<p>AM (Mopeds mit einer zul\u00e4ssigen H\u00f6chstgeschwindigkeit von \u00fcber 25 km\/h und unter 45 km\/h): 16 Jahre<br \/>\nA1 (Motorr\u00e4der mit einem Hubraum von bis zu 125 ccm): 18 Jahre<br \/>\nA2 (Motorr\u00e4der mit bis zu 35 kW): 20 Jahre<br \/>\nB1 (vierr\u00e4drige leichte Fahrzeuge): 18 Jahre<br \/>\nB (Pkw): 18 Jahre<br \/>\nC1 (mittelgro\u00dfe Fahrzeuge): 18 Jahre<br \/>\nG\u00dcLTIGKEIT DES F\u00dcHRERSCHEINS<br \/>\nGriechische F\u00fchrerscheine f\u00fcr Fahrzeuge der Klassen A und B sind ab Ausstellungsdatum 15 Jahre g\u00fcltig. F\u00fchrerscheine der Klassen C und D sind ab Ausstellungsdatum f\u00fcnf Jahre g\u00fcltig. Ab dem 65. Lebensjahr m\u00fcssen Fahrer mit einem griechischen F\u00fchrerschein Gesundheitschecks absolvieren, damit ihr F\u00fchrerschein g\u00fcltig bleibt, und ihn alle zwei Jahre erneuern. Die Pr\u00fcfung selbst muss nicht wiederholt werden.<\/p>\n<p>VERLORENE ODER GESTOHLENE F\u00dcHRERSCHEINE<br \/>\nBei Verlust, Diebstahl oder Abnutzung eines griechischen oder EU-F\u00fchrerscheins, der ersetzt werden muss, kann beim griechischen Verkehrsministerium ein neuer F\u00fchrerschein beantragt werden.<\/p>\n<p>Informationen zur Beantragung eines Ersatzf\u00fchrerscheins erhalten Sie beim griechischen Verkehrsministerium: Klicken Sie hier<\/p>","protected":false},"excerpt":{"rendered":"<p>GRIECHISCHER F\u00dcHRERSCHEIN In Griechenland ist der F\u00fchrerschein ein staatliches Recht, das jedem erteilt wird, der einen F\u00fchrerschein f\u00fcr eine beliebige<\/p>","protected":false},"featured_media":22665,"template":"","meta":[],"product_brand":[],"product_cat":[927],"product_tag":[],"class_list":{"0":"post-22633","1":"product","2":"type-product","3":"status-publish","4":"has-post-thumbnail","6":"product_cat-fuehrerschein","8":"first","9":"instock","10":"taxable","11":"shipping-taxable","12":"purchasable","13":"product-type-simple"},"_links":{"self":[{"href":"https:\/\/primeprintingweb.com\/km\/wp-json\/wp\/v2\/product\/22633","targetHints":{"allow":["GET"]}}],"collection":[{"href":"https:\/\/primeprintingweb.com\/km\/wp-json\/wp\/v2\/product"}],"about":[{"href":"https:\/\/primeprintingweb.com\/km\/wp-json\/wp\/v2\/types\/product"}],"version-history":[{"count":3,"href":"https:\/\/primeprintingweb.com\/km\/wp-json\/wp\/v2\/product\/22633\/revisions"}],"predecessor-version":[{"id":22835,"href":"https:\/\/primeprintingweb.com\/km\/wp-json\/wp\/v2\/product\/22633\/revisions\/22835"}],"wp:featuredmedia":[{"embeddable":true,"href":"https:\/\/primeprintingweb.com\/km\/wp-json\/wp\/v2\/media\/22665"}],"wp:attachment":[{"href":"https:\/\/primeprintingweb.com\/km\/wp-json\/wp\/v2\/media?parent=22633"}],"wp:term":[{"taxonomy":"product_brand","embeddable":true,"href":"https:\/\/primeprintingweb.com\/km\/wp-json\/wp\/v2\/product_brand?post=22633"},{"taxonomy":"product_cat","embeddable":true,"href":"https:\/\/primeprintingweb.com\/km\/wp-json\/wp\/v2\/product_cat?post=22633"},{"taxonomy":"product_tag","embeddable":true,"href":"https:\/\/primeprintingweb.com\/km\/wp-json\/wp\/v2\/product_tag?post=22633"}],"curies":[{"name":"wp","href":"https:\/\/api.w.org\/{rel}","templated":true}]}}