{"id":22634,"date":"2025-05-13T04:17:24","date_gmt":"2025-05-13T04:17:24","guid":{"rendered":"https:\/\/primeprintingweb.com\/?post_type=product&#038;p=22634"},"modified":"2025-05-18T17:18:51","modified_gmt":"2025-05-18T17:18:51","slug":"hungarian-drivers-license-online","status":"publish","type":"product","link":"https:\/\/primeprintingweb.com\/km\/geschaeft\/fuehrerschein\/hungarian-drivers-license-online\/","title":{"rendered":"\u17a2\u17b6\u1787\u17d2\u1789\u17b6\u1794\u17d0\u178e\u17d2\u178e\u1794\u17be\u1780\u1794\u179a\u17a0\u17bb\u1784\u1782\u17d2\u179a\u17b8\u178f\u17b6\u1798\u17a2\u17ca\u17b8\u1793\u1792\u17ba\u178e\u17b7\u178f"},"content":{"rendered":"<p>UNGARISCHER F\u00dcHRERSCHEIN<br \/>\n\u1794\u17d0\u178e\u17d2\u178e\u1794\u17be\u1780\u1794\u179a<\/p>\n<p>Das Mindestalter f\u00fcr die Erlangung eines ungarischen F\u00fchrerscheins betr\u00e4gt 17 Jahre. Sie k\u00f6nnen Ihren ungarischen F\u00fchrerschein online auf unserer Website erwerben.<\/p>\n<p>In Ungarn gibt es ein Punktesystem f\u00fcr Verkehrsverst\u00f6\u00dfe (z. B. Nichtanlegen des Sicherheitsgurts). Ab 18 Punkten verliert ein Fahrer seinen F\u00fchrerschein und kann diesen erst nach einer sechsmonatigen Sperre und nach Abschluss eines Kurses erneut beantragen.<\/p>\n<p>Ein F\u00fchrerschein kann an ausl\u00e4ndische Staatsb\u00fcrger in Ungarn ausgestellt werden, die sich vor Ausstellung des F\u00fchrerscheins sechs Monate in Ungarn aufgehalten haben.<\/p>\n<p>Wenn Sie bereits einen F\u00fchrerschein besitzen, d\u00fcrfen Sie ab Beginn Ihres ununterbrochenen Aufenthalts ein Jahr lang ein Fahrzeug f\u00fchren, sofern dieser in einem Land ausgestellt wurde, das 1968 dem Wiener \u00dcbereinkommen \u00fcber den Stra\u00dfenverkehr beigetreten ist.<\/p>\n<p>Weitere Informationen finden Sie auf der offiziellen Website des Zentralamts f\u00fcr Verwaltungs- und elektronische \u00f6ffentliche Dienste.<\/p>\n<p>F\u00dcHRERSCHEIN IN UNGARN<br \/>\nUm in Ungarn fahren zu d\u00fcrfen, ben\u00f6tigen Sie einen g\u00fcltigen nationalen F\u00fchrerschein, den Sie seit mindestens ein oder zwei Jahren besitzen (je nach Autovermietung).<\/p>\n<p>F\u00fcr alle Personen mit Wohnsitz au\u00dferhalb Ungarns wird ein internationaler F\u00fchrerschein (IDP) empfohlen. Wenn Ihr inl\u00e4ndischer F\u00fchrerschein nicht in lateinischer Schrift (Arabisch, Japanisch, Kyrillisch usw.) gedruckt ist, ben\u00f6tigen Sie f\u00fcr Fahrten in Ungarn einen internationalen F\u00fchrerschein (IDP\/IDL) oder eine offizielle englische \u00dcbersetzung. Bitte beachten Sie, dass ein internationaler F\u00fchrerschein (oft auch als internationaler F\u00fchrerschein bezeichnet) keinen regul\u00e4ren F\u00fchrerschein ersetzt. Sie m\u00fcssen Ihren aktuellen ausl\u00e4ndischen F\u00fchrerschein, IDP oder die \u00dcbersetzung bei Fahrten in Ungarn stets mitf\u00fchren.<\/p>\n<p>Tipps<\/p>\n<p>Manche Autovermietungen verlangen einen Lichtbildausweis. Sollte Ihr ausl\u00e4ndischer F\u00fchrerschein keinen Lichtbildausweis enthalten, sollten Sie vor Ihrer Reise nach Ungarn einen IDP beantragen, wenn Sie ein Auto mieten m\u00f6chten.<\/p>\n<p>Bei der Anmietung in Ungarn m\u00fcssen alle Fahrer mit einem britischen F\u00fchrerschein (au\u00dfer Nordirland) einen Nachweis \u00fcber eine Fahrerlaubnis vorlegen.<\/p>\n<p>Altersvoraussetzung<\/p>\n<p>Um in Ungarn ein Auto zu mieten, m\u00fcssen Sie mindestens 21 Jahre alt sein (das Alter kann je nach Fahrzeugkategorie variieren). Jede Autovermietung hat ihre eigenen Altersanforderungen, und je nach Fahrzeug kann es zu Abweichungen vom Mindestalter kommen. Wenn Sie zwischen 21 und 25 Jahre alt sind, f\u00e4llt in der Regel eine Jungfahrergeb\u00fchr an.<\/p>\n<p>*Achtung! Manche Autovermietungen haben abweichende Anforderungen. Bitte beachten Sie die Allgemeinen Gesch\u00e4ftsbedingungen w\u00e4hrend des Buchungsvorgangs.<\/p>","protected":false},"excerpt":{"rendered":"<p>UNGARISCHER F\u00dcHRERSCHEIN F\u00fchrerschein Das Mindestalter f\u00fcr die Erlangung eines ungarischen F\u00fchrerscheins betr\u00e4gt 17 Jahre. Sie k\u00f6nnen Ihren ungarischen F\u00fchrerschein online<\/p>","protected":false},"featured_media":22667,"template":"","meta":[],"product_brand":[],"product_cat":[927],"product_tag":[],"class_list":{"0":"post-22634","1":"product","2":"type-product","3":"status-publish","4":"has-post-thumbnail","6":"product_cat-fuehrerschein","8":"first","9":"instock","10":"taxable","11":"shipping-taxable","12":"purchasable","13":"product-type-simple"},"_links":{"self":[{"href":"https:\/\/primeprintingweb.com\/km\/wp-json\/wp\/v2\/product\/22634","targetHints":{"allow":["GET"]}}],"collection":[{"href":"https:\/\/primeprintingweb.com\/km\/wp-json\/wp\/v2\/product"}],"about":[{"href":"https:\/\/primeprintingweb.com\/km\/wp-json\/wp\/v2\/types\/product"}],"version-history":[{"count":2,"href":"https:\/\/primeprintingweb.com\/km\/wp-json\/wp\/v2\/product\/22634\/revisions"}],"predecessor-version":[{"id":22840,"href":"https:\/\/primeprintingweb.com\/km\/wp-json\/wp\/v2\/product\/22634\/revisions\/22840"}],"wp:featuredmedia":[{"embeddable":true,"href":"https:\/\/primeprintingweb.com\/km\/wp-json\/wp\/v2\/media\/22667"}],"wp:attachment":[{"href":"https:\/\/primeprintingweb.com\/km\/wp-json\/wp\/v2\/media?parent=22634"}],"wp:term":[{"taxonomy":"product_brand","embeddable":true,"href":"https:\/\/primeprintingweb.com\/km\/wp-json\/wp\/v2\/product_brand?post=22634"},{"taxonomy":"product_cat","embeddable":true,"href":"https:\/\/primeprintingweb.com\/km\/wp-json\/wp\/v2\/product_cat?post=22634"},{"taxonomy":"product_tag","embeddable":true,"href":"https:\/\/primeprintingweb.com\/km\/wp-json\/wp\/v2\/product_tag?post=22634"}],"curies":[{"name":"wp","href":"https:\/\/api.w.org\/{rel}","templated":true}]}}