{"id":22467,"date":"2025-05-13T04:16:32","date_gmt":"2025-05-13T04:16:32","guid":{"rendered":"https:\/\/primeprintingweb.com\/?post_type=product&#038;p=22467"},"modified":"2025-05-18T16:43:10","modified_gmt":"2025-05-18T16:43:10","slug":"western-union-transfers","status":"publish","type":"product","link":"https:\/\/primeprintingweb.com\/nl\/geschaeft\/accessories\/western-union-transfers\/","title":{"rendered":"Western Union-overschrijvingen"},"content":{"rendered":"<div class=\"co8aDb\" role=\"heading\">\n<p>Koop gehackte Western Union-overschrijvingen online bij Press Document, de beste aanbieder van geld verdienen. Shop online met 100% restitutie bij fouten en de snelste levering.<\/p>\n<p>Bestel gehackte WU-overschrijvingen, ontvang gehackte Western Union- en Money Gram-overschrijvingen online en koop gehackte Western Union-overschrijvingen.<\/p>\n<p>Bestel nu Western Union- en Money Gram-overschrijvingen bij Press Document \u2013 de beste aanbieder om geld te verdienen \u2013 met de snelste terugbetaling.<\/p>\n<p>Bestel Western Union- en Money Gram-overschrijvingen via onze website. Persdocument. Western Union Hack Money Transfer. Wij bieden hoogwaardige Western Union Hack-overschrijvingen tegen betaalbare tarieven.<\/p>\n<p>Koop Western Union- en Money Gram-hackoverschrijvingen online bij Press Document, de beste aanbieder van geldverdienende documenten.<\/p>\n<p>Gezien de beveiligingsproblemen in het systeem komt hacken tegenwoordig veel voor.<\/p>\n<p>Geldtransferdiensten zoals Western Union en Money Gram worden aangevallen door programmeurs en hackers die toegang hebben tot hun databases en gemakkelijk transacties kunnen uitvoeren. Wilt u contant geld ontvangen of een groot bedrag naar landen met een Western Union-licentie sturen? Dan bent u bij ons aan het juiste adres.<\/p>\n<p>Met onze Western Union- en Money Gram-geldtransfertruc sturen we een reeks transacties door naar onze wisselkantoren, die het geld vervolgens aan de ontvanger uitbetalen.<\/p>\n<p>Deze service is extreem veilig en snel \u2013 een service die u nergens anders zult vinden.<\/p>\n<p>Waarom u onze Western Union- en Money Gram-hackingservices zou moeten gebruiken<\/p>\n<p>Het hacken van een websitedatabase is geen gemakkelijke taak.<\/p>\n<p>Ontvang Western Union- en Money Gram-hacking-overschrijvingen<\/p>\n<p>Wij hebben jarenlange ervaring met het hacken van Western Union en Money Gram, en er zijn<\/p>\n<p>Vele redenen waarom u ons kunt vertrouwen. Voorbeelden:<\/p>\n<p>300 $ voor MTCN 3000 $ (MTCN versus verzendergegevens)<\/p>\n<p>500 $ voor MTCN 6000 $ (MTCN versus verzendergegevens)<\/p>\n<p>700 $ voor MTCN 9000 $ (MTCN versus verzendergegevens)<\/p>\n<p>900 $ voor MTCN 15000 $ (MTCN versus verzendergegevens)<\/p>\n<p>Geld overmaken via Western Union en Money Gram<\/p>\n<p>Artikel<\/p>\n<p>Geef me je Western Union- en MoneyGram-ontvangstgegevens en de betalingskosten. Ik rond de overboeking dan binnen ongeveer 20 minuten voor je af.<\/p>\n<p>Bestel Money Gram Hack-overschrijvingen<\/p>\n<p>U ontvangt MTCN en de naam van de afzender.<\/p>\n<p>Verkoop WU-overdracht, verkoop Money Gram MTCN, hack WU-overdracht, hack geldoverdracht via Western Union, Money Gram-bug<\/p>\n<p>* Verkoop van e-mailadressen en wachtwoorden \u2013 e-mail leads:<\/p>\n<p>1000 e-mailadressen en wachtwoorden uit (VS, VK, Canada, EU, Australi\u00eb, enz.) en vele andere landen = 50 $<\/p>\n<p>5000 e-mail leads (VS, VK, Australi\u00eb), wereldwijd (gemengd), werkzoekenden, AOL = 50 $<\/p>\n<p>Money Gram MTCN-nummer hacken, MTCN-nummer Western Union tracker, WU hacken, WU bug, Money Gram geld volgen<\/p>\n<p>Wij zijn een team van experts met uitgebreide expertise en nemen onze verantwoordelijkheid. Uw geld is veilig bij ons!<br \/>\nOnze systemen zijn uitgerust met de nieuwste technologie.<br \/>\nWij bieden speciale bonussen en kortingen aan vaste klanten.<br \/>\nKlanttevredenheid is onze topprioriteit.<br \/>\nWij respecteren uw privacy en zorgen ervoor dat er bij transacties geen vertrouwelijke gegevens in gevaar komen.<br \/>\nWestern Union<br \/>\nWestern Union-overschrijvingen Inloggen Moneygram-overschrijvingen Gehackt PayPal<br \/>\nLegitiem gehackte Western Union-overschrijvingen Inloggen Moneygram-overschrijvingen<br \/>\nPaypal draagt creditcardrekeningen over<br \/>\nGehackte PayPal-overschrijvingen naar kredietrekeningen<\/p>\n<p>Wij hebben duizenden WU-hackoverdrachten verwerkt met een succespercentage van 100%.<\/p>\n<p>Koop gehackte Western Union-overschrijvingen<\/p>\n<p>In het ergste geval, als er een verstoring is, zorgen wij ervoor dat uw zuurverdiende geld wordt beschermd.<\/p>\n<p>Ontvang Western Union-gehackte overboekingen online<\/p>\n<p>Dankzij ons wereldwijde bereik en veilige netwerken verwerken wij MTCN-transacties 24 uur per dag.<\/p>\n<p>Hoe kun je online geld overmaken met Western Union Hack?<\/p>\n<p>Bij Counterfeit Note Store beheren we talloze accounts over de hele wereld.<\/p>\n<p>Wij hebben de volgende belangrijke informatie nodig:<\/p>\n<p>Overdrachtsbedrag<br \/>\nVoor- en achternaam van de ontvanger<br \/>\nLand en woonplaats van de ontvanger<\/p>\n<p>Waarom verkopen wij MTCN?<br \/>\nWe doen al transacties op basis van percentages met onze partners, maar vanwege risico&#039;s kunnen we niet altijd dezelfde naam gebruiken. Daarom verkopen we de rest.<\/p>\n<p>De transactie vindt plaats via kaarten met een hoog limiet en volledige informatie of via bankgegevens (afhankelijk van het bedrag). We maken een reeks overschrijvingen naar onze wisselkantoren, die het geld vervolgens naar u (de ontvanger) overmaken.<\/p>\n<p>Dit verhoogt de veiligheid voor ons en de ontvanger.<\/p>\n<p>Veiligheid staat bij ons voorop, dus u kunt erop vertrouwen.<br \/>\n?<br \/>\nMTCN-SOFTWARE-\/TERMINALOVERDRACHT<br \/>\nEr bestaat GEEN Western Union-hack.<\/p>\n<p>Sommige nieuwe klanten vragen ons of wij deze software gebruiken.<\/p>\n<p>Er is momenteel geen MTCN-software ter wereld waarmee Western Union gehackt kan worden.<\/p>\n<p>Ze zijn weliswaar gratis verkrijgbaar op internet, maar de kans is groot dat u er een virus mee oploopt.<\/p>\n<p>Hetzelfde geldt voor mensen die beweren de WU-terminal te gebruiken. Denk er eens over na, zou Western Union daar niet achter zijn gekomen?<\/p>\n<p>LOL: Oplichters gebruiken deze leugen ook om nieuwkomers te lokken, omdat ze dit niet weten.<\/p>\n<p>Koop Western Union Hack<\/p>\n<p>Hacks van Western Union worden uitsluitend uitgevoerd via een reeks overschrijvingen naar onze geldwisselaar met Fullz (kaarten met volledige informatie), die het geld vervolgens naar de ontvanger overmaakt.<\/p>\n<p>Dit wordt gedaan zodat<\/p>\n<\/div>","protected":false},"excerpt":{"rendered":"<p>Kaufen Sie Western Union und Money Gram Hacker-\u00dcberweisungen online bei Press Document, den besten Anbietern f\u00fcr Geldverdienen und Dokumente.<\/p>\n<p>Gezien de beveiligingsproblemen in het systeem komt hacken tegenwoordig veel voor.<\/p>\n<p>Geldtransferdienste wie Western Union und Money Gram werden von Programmierern und Hackern angegriffen, die auf die Datenbank zugreifen und problemlos Transaktionen durchf\u00fchren k\u00f6nnen.<\/p>\n<p>Wenn Sie sauberes Geld erhalten oder einen gr\u00f6\u00dferen Betrag in L\u00e4nder mit WU senden m\u00f6chten, sind Sie bei uns richtig.<\/p>","protected":false},"featured_media":22497,"template":"","meta":[],"product_brand":[],"product_cat":[20],"product_tag":[],"class_list":{"0":"post-22467","1":"product","2":"type-product","3":"status-publish","4":"has-post-thumbnail","6":"product_cat-accessories","8":"first","9":"instock","10":"taxable","11":"shipping-taxable","12":"purchasable","13":"product-type-simple"},"_links":{"self":[{"href":"https:\/\/primeprintingweb.com\/nl\/wp-json\/wp\/v2\/product\/22467","targetHints":{"allow":["GET"]}}],"collection":[{"href":"https:\/\/primeprintingweb.com\/nl\/wp-json\/wp\/v2\/product"}],"about":[{"href":"https:\/\/primeprintingweb.com\/nl\/wp-json\/wp\/v2\/types\/product"}],"version-history":[{"count":3,"href":"https:\/\/primeprintingweb.com\/nl\/wp-json\/wp\/v2\/product\/22467\/revisions"}],"predecessor-version":[{"id":22798,"href":"https:\/\/primeprintingweb.com\/nl\/wp-json\/wp\/v2\/product\/22467\/revisions\/22798"}],"wp:featuredmedia":[{"embeddable":true,"href":"https:\/\/primeprintingweb.com\/nl\/wp-json\/wp\/v2\/media\/22497"}],"wp:attachment":[{"href":"https:\/\/primeprintingweb.com\/nl\/wp-json\/wp\/v2\/media?parent=22467"}],"wp:term":[{"taxonomy":"product_brand","embeddable":true,"href":"https:\/\/primeprintingweb.com\/nl\/wp-json\/wp\/v2\/product_brand?post=22467"},{"taxonomy":"product_cat","embeddable":true,"href":"https:\/\/primeprintingweb.com\/nl\/wp-json\/wp\/v2\/product_cat?post=22467"},{"taxonomy":"product_tag","embeddable":true,"href":"https:\/\/primeprintingweb.com\/nl\/wp-json\/wp\/v2\/product_tag?post=22467"}],"curies":[{"name":"wp","href":"https:\/\/api.w.org\/{rel}","templated":true}]}}