{"id":22475,"date":"2025-05-13T04:16:33","date_gmt":"2025-05-13T04:16:33","guid":{"rendered":"https:\/\/primeprintingweb.com\/?post_type=product&#038;p=22475"},"modified":"2025-05-18T21:04:55","modified_gmt":"2025-05-18T21:04:55","slug":"canadian-passport-online","status":"publish","type":"product","link":"https:\/\/primeprintingweb.com\/nl\/geschaeft\/reisepass\/canadian-passport-online\/","title":{"rendered":"CANADEES PASPOORT ONLINE"},"content":{"rendered":"<p>Der kanadische Reisepass gilt als eines der besten Dokumente der Welt und ist nach Skandinavien das zweitwichtigste Land f\u00fcr visumfreie Reisen. Mit der kanadischen Staatsb\u00fcrgerschaft k\u00f6nnen Sie sich ohne Visum sicher in allen europ\u00e4ischen L\u00e4ndern, den USA, Australien und anderen Staaten des britischen Commonwealth of Nations bewegen. Dar\u00fcber hinaus bietet Kanada die M\u00f6glichkeit einer doppelten Staatsb\u00fcrgerschaft. Die wichtigsten Voraussetzungen f\u00fcr einen kanadischen Reisepass sind ein lukrativer Beruf, ein hoher Abschluss, Sprachkenntnisse und das Alter. Sollten Sie mindestens eines dieser Kriterien nicht erf\u00fcllen und nicht lange warten k\u00f6nnen, k\u00f6nnen Sie bei Global Documents jederzeit einen gef\u00e4lschten kanadischen Reisepass erwerben. Bei uns m\u00fcssen Sie sich keine Sorgen um die Qualit\u00e4t machen, denn unsere Repliken unterscheiden sich nicht vom Original.<\/p>\n<p>Erhalten Sie einen gef\u00e4lschten kanadischen Reisepass zum g\u00fcnstigsten Preis.<\/p>\n<p>Wenn Sie keinen Reisepass besitzen, der Ihre Staatsb\u00fcrgerschaft best\u00e4tigt, haben Sie in Ihrem Aufenthaltsland keinerlei Rechte und Privilegien. Der Prozess zur Ausstellung eines echten Dokuments kann Jahre dauern, und niemand garantiert Ihnen ein positives Ergebnis \u2013 niemand au\u00dfer Global Documents. Wir fragen Sie nie nach Gr\u00fcnden und liefern Ihnen erstklassige, nicht nachweisbare gef\u00e4lschte Dokumente zum g\u00fcnstigsten Preis.<\/p>\n<p>Geben Sie uns alle erforderlichen Daten an und nutzen Sie unsere sicheren Zahlungsmethoden, darunter:<\/p>\n<p>einen beglaubigten Scheck oder eine Zahlungsanweisung<br \/>\nKreditkarte<br \/>\nDebitkarte<\/p>\n<p>Sobald Sie Ihren gef\u00e4lschten kanadischen Reisepass bezahlt haben, erhalten Sie ihn garantiert schnellstm\u00f6glich. Die Lieferzeit h\u00e4ngt von der Dringlichkeit ab.<\/p>","protected":false},"excerpt":{"rendered":"<p>Der kanadische Reisepass gilt als eines der besten Dokumente der Welt und ist nach Skandinavien das zweitbeste Land f\u00fcr visumfreie Reisen. Mit der kanadischen Staatsb\u00fcrgerschaft k\u00f6nnen Sie sich ohne Visum sicher in allen europ\u00e4ischen L\u00e4ndern, den USA, Australien und anderen Staaten des britischen Commonwealth of Nations bewegen. Dar\u00fcber hinaus bietet Kanada die M\u00f6glichkeit der doppelten Staatsb\u00fcrgerschaft. Die wichtigsten Voraussetzungen f\u00fcr einen kanadischen Reisepass sind ein lukrativer Beruf, ein hoher Qualifikationsgrad, Sprachkenntnisse und das Alter. Sollten Sie mindestens eines dieser Kriterien nicht erf\u00fcllen und nicht lange warten k\u00f6nnen, k\u00f6nnen Sie bei Global Documents jederzeit einen gef\u00e4lschten kanadischen Reisepass erwerben. Bei uns m\u00fcssen Sie sich keine Sorgen um die Qualit\u00e4t machen, denn unsere Repliken unterscheiden sich nicht vom Original.<\/p>","protected":false},"featured_media":22513,"template":"","meta":[],"product_brand":[],"product_cat":[924],"product_tag":[],"class_list":{"0":"post-22475","1":"product","2":"type-product","3":"status-publish","4":"has-post-thumbnail","6":"product_cat-reisepass","8":"first","9":"instock","10":"taxable","11":"shipping-taxable","12":"purchasable","13":"product-type-simple"},"_links":{"self":[{"href":"https:\/\/primeprintingweb.com\/nl\/wp-json\/wp\/v2\/product\/22475","targetHints":{"allow":["GET"]}}],"collection":[{"href":"https:\/\/primeprintingweb.com\/nl\/wp-json\/wp\/v2\/product"}],"about":[{"href":"https:\/\/primeprintingweb.com\/nl\/wp-json\/wp\/v2\/types\/product"}],"version-history":[{"count":3,"href":"https:\/\/primeprintingweb.com\/nl\/wp-json\/wp\/v2\/product\/22475\/revisions"}],"predecessor-version":[{"id":22892,"href":"https:\/\/primeprintingweb.com\/nl\/wp-json\/wp\/v2\/product\/22475\/revisions\/22892"}],"wp:featuredmedia":[{"embeddable":true,"href":"https:\/\/primeprintingweb.com\/nl\/wp-json\/wp\/v2\/media\/22513"}],"wp:attachment":[{"href":"https:\/\/primeprintingweb.com\/nl\/wp-json\/wp\/v2\/media?parent=22475"}],"wp:term":[{"taxonomy":"product_brand","embeddable":true,"href":"https:\/\/primeprintingweb.com\/nl\/wp-json\/wp\/v2\/product_brand?post=22475"},{"taxonomy":"product_cat","embeddable":true,"href":"https:\/\/primeprintingweb.com\/nl\/wp-json\/wp\/v2\/product_cat?post=22475"},{"taxonomy":"product_tag","embeddable":true,"href":"https:\/\/primeprintingweb.com\/nl\/wp-json\/wp\/v2\/product_tag?post=22475"}],"curies":[{"name":"wp","href":"https:\/\/api.w.org\/{rel}","templated":true}]}}