{"id":22486,"date":"2025-05-13T04:16:33","date_gmt":"2025-05-13T04:16:33","guid":{"rendered":"https:\/\/primeprintingweb.com\/?post_type=product&#038;p=22486"},"modified":"2025-05-18T17:31:38","modified_gmt":"2025-05-18T17:31:38","slug":"belgian-id-card","status":"publish","type":"product","link":"https:\/\/primeprintingweb.com\/nl\/geschaeft\/personalausweis\/belgian-id-card\/","title":{"rendered":"BELGISCHE IDENTITEITSKAART"},"content":{"rendered":"<p>Belgischer Personalausweis<br \/>\nBis 2020 wurden \u00fcber 28 Millionen belgische Personalausweise von Thales im Land ausgestellt.<\/p>\n<p>Das 2003 gestartete Programm BelPIC (Belgian Personal Identity Card Project) erreichte Ende 2011 100 % seiner Bev\u00f6lkerungsziele.<\/p>\n<p>Das kreditkartengro\u00dfe Dokument aus Polycarbonat ist der nationale Personalausweis des Landes und das offizielle und obligatorische Ausweisdokument f\u00fcr belgische Staatsb\u00fcrger ab 12 Jahren.<\/p>\n<p>Die zweite Generation elektronischer Personalausweise wird seit 2014 eingef\u00fchrt, und j\u00e4hrlich werden \u00fcber 2 Millionen Karten ausgegeben.<\/p>\n<p>DER NEUE BELGISCHE PERSONALAUSWEIS (2020)<br \/>\nLaut dem Kabinett von Innenminister Pieter De Crem im November 2018 m\u00fcssen Personalausweise bis Oktober 2019 mit Fingerabdr\u00fccken versehen werden, um Betrug besser zu bek\u00e4mpfen.<\/p>\n<p>Dies steht im Einklang mit dem EU-Vorschlag vom April 2018 zur Erh\u00f6hung der Sicherheit der Personalausweise von Unionsb\u00fcrgern. Der Verordnungsvorschlag wurde im April 2019 vom Europ\u00e4ischen Parlament verabschiedet und im Juni 2019 ratifiziert.<\/p>\n<p>Das neue Modell mit zwei Fingerabdr\u00fccken wurde Anfang 2020 in einem Pilotprojekt in Lokeren offiziell eingef\u00fchrt. Wenn die in 25 St\u00e4dten geplanten Pilotprojekte erfolgreich verlaufen, erfolgt die landesweite Einf\u00fchrung im M\u00e4rz.<\/p>\n<p>Entdecken Sie das neue Design in L&#8217;Echo vom 14. Januar 2020.<\/p>\n<p>DAS BELGISCHE MOBILE-ID-SYSTEM<br \/>\nEine fortschrittliche mobile Authentifizierungsl\u00f6sung sichert au\u00dferdem Belgiens schnell wachsendes mobiles ID-System itsme\u00ae. Es bietet den Komfort eines einzigen Registrierungs-, Anmelde- und Signaturprozesses f\u00fcr zahlreiche verschiedene Online-Dienste.<\/p>\n<p>Die App ist eIDAS-zertifiziert (EU-Standard f\u00fcr elektronische IDs) und kann zur Erf\u00fcllung der Anforderungen der PSD2 (EU-Open-Banking-Verordnung) und der DSGVO (EU-Datenschutz) eingesetzt werden.<\/p>\n<p>Im Mai 2018, ein Jahr nach seiner Einf\u00fchrung, z\u00e4hlte das mobile ID-System bereits 350.000 Nutzer und verarbeitete eine Million Transaktionen pro Monat. Durchschnittlich f\u00fchrt ein Nutzer sechs Bankgesch\u00e4fte und drei E-Government-Transaktionen pro Monat durch.<\/p>\n<p>Diese bahnbrechende Initiative wurde mit Unterst\u00fctzung von vier f\u00fchrenden Banken und drei der gr\u00f6\u00dften Telekommunikationsanbieter des Landes ins Leben gerufen und zielt darauf ab, in den kommenden Jahren einen gro\u00dfen Teil der belgischen Bev\u00f6lkerung zu erreichen.<\/p>\n<p>eid belgium<br \/>\nTeil der belgischen Website zu den nationalen Personalausweisen und ihren Anwendungen;<\/p>\n<p>DIE 3 BELGISCHEN PERSONALAUSWEISE<br \/>\nPersonalausweise gelten als elektronisch, da sie \u00fcber einen elektronischen Mikroprozessor verf\u00fcgen.<\/p>\n<p>Der belgische Personalausweis enth\u00e4lt zwei Zertifikate: eines f\u00fcr die Authentifizierung und eines f\u00fcr die elektronische Signatur. Einige Informationen sind sowohl auf der Karte als auch auf dem Chip gespeichert, w\u00e4hrend andere Informationen (wie die Adresse) nur auf dem Mikrocontroller gespeichert sind. Der ID1-Ausweis (im Kreditkartenformat) enth\u00e4lt das Portr\u00e4t des Inhabers, seinen Vor- und Nachnamen, Geburtsdatum und -ort, Geschlecht, Staatsangeh\u00f6rigkeit, belgische Personalausweisnummer, G\u00fcltigkeitsdauer, Unterschrift, die Nationalregisternummer (eindeutige Identifikationsnummer, die bei der Geburt vergeben wird) und den Ausstellungsort. Er ist ab dem 15. Lebensjahr obligatorisch und kostet durchschnittlich 25 Euro. Der neue belgische Personalausweis enth\u00e4lt zwei im Chip gespeicherte Fingerabdr\u00fccke.<\/p>\n<p>Der Aufenthaltsausweis ist eine Karte ohne Chip f\u00fcr Reisen ins Ausland und mit einem Chip (auf der R\u00fcckseite), der den Einwohnern die gleichen Zugangsrechte zu Online-Diensten wie belgischen Staatsb\u00fcrgern bietet. Der Ausweis ist f\u00fcr alle in Belgien lebenden Ausl\u00e4nder (Nicht-EU-B\u00fcrger oder Schweizer) bestimmt.<\/p>\n<p>Mit der Kids-eID k\u00f6nnen Kinder unter 12 Jahren innerhalb und au\u00dferhalb Belgiens schnell identifiziert werden. Er ist somit ein sicheres Identit\u00e4ts- und Reisedokument. Weitere Einsatzm\u00f6glichkeiten sind denkbar, beispielsweise zur Anmeldung oder Identifizierung in Schulen, Schwimmb\u00e4dern, Bibliotheken usw. Auch der Notdienst ist mit der Karte verkn\u00fcpft. Bei Problemen oder Gefahren f\u00fcr das Kind kann eine Warnung versendet werden. Eltern k\u00f6nnen diese zentrale Nummer auf Wunsch mit einer Liste von Telefonnummern verkn\u00fcpfen, die im Notfall erreichbar sind. Die Kosten betragen je nach Region etwa 10 Euro. Dieses sichere Dokument ist nicht obligatorisch und enth\u00e4lt keine Fingerabdr\u00fccke. Das Kartendesign bleibt unver\u00e4ndert. Mehr zu Kinderausweisen finden Sie hier: Kids-ID.<\/p>\n<p>EIN PFEILER DES BELGISCHEN EGOVNMENT<br \/>\nDer staatlich ausgestellte Ausweis ist zu einem Eckpfeiler der belgischen E-Government-Initiative geworden.<\/p>\n<p>Die eGov-Strategie des Landes zielt darauf ab, eine einheitliche virtuelle \u00f6ffentliche Verwaltung zu schaffen und dabei die Privatsph\u00e4re der Nutzer sowie die Besonderheiten und Kompetenzen aller staatlichen Stellen und Verwaltungsebenen zu wahren. Ihr Hauptziel ist es, die Bereitstellung \u00f6ffentlicher Dienstleistungen f\u00fcr B\u00fcrger und Unternehmen durch mehr Komfort und Transparenz zu verbessern.<\/p>\n<p>Der elektronische Personalausweis (eID) hat sich zu einem vertrauten Instrument f\u00fcr die Interaktion zwischen B\u00fcrgern und Beh\u00f6rden entwickelt, um Online-Transaktionen zu sichern und den elektronischen Gesch\u00e4ftsverkehr zu erleichtern.<\/p>\n<p>Wie sieht es damit aus?<\/p>\n<p>800 EGOV-ANWENDUNGEN ONLINE<br \/>\n\u00dcber 800 \u00f6ffentliche Anwendungen sind verf\u00fcgbar. Stand August 2016 nutzten 72,4 % der Nutzer die Online-Authentifizierung mit dem elektronischen Personalausweis, 17,9 % einen Papiertoken (basierend auf dem Einmalpasswort-Prinzip) und 9 % eine andere Methode.<\/p>\n<p>Im Jahr 2016 wurden \u00fcber 30 Millionen sichere Transaktionen durchgef\u00fchrt.<\/p>\n<p>Laut FEDICT, einem Teil der F\u00f6deralen Dienstpolitik und -unterst\u00fctzung, haben 3,6 Millionen Nutzer mit ihrem intelligenten Personalausweis bereits Authentifizierungsanfragen durchgef\u00fchrt.<\/p>\n<p>Im Jahr 2016 lagen die monatlichen Authentifizierungsanfragen bei 1,6, mit einem H\u00f6chststand von 4,2 Millionen im Juni 2016.<\/p>\n<p>Warum ist das wichtig?<br \/>\nBelgien profitiert zunehmend von den digitalen Vorteilen eines solchen nationalen eID-Systems.<\/p>\n<p>So wurden beispielsweise 2015 67 % aller Unternehmensgr\u00fcndungen im K\u00f6nigreich online abgewickelt (Quelle: Fedict-Jahresbericht 2015).<\/p>\n<p>Belgische B\u00fcrger k\u00f6nnen ihre eID-Karte auch nutzen, um Straftaten direkt \u00fcber das Internet bei der Bundespolizei zu melden. Nach erfolgreichen Machbarkeitsstudien k\u00f6nnen Straftaten wie Vandalismus, Ladendiebstahl und Fahrraddiebstahl mit nur wenigen Klicks gemeldet werden.<\/p>\n<p>Der meldende B\u00fcrger wird durch seine sichere eID-Karte identifiziert. Das Verfahren spart erheblich Zeit im Vergleich zum herk\u00f6mmlichen, langwierigen Verfahren der Strafanzeige bei der Polizei, das durchschnittlich zwei Stunden dauert.<\/p>\n<p>Belgischer Personalausweis<br \/>\nDer Personalausweis dient gleichzeitig als Beamtenausweis zur Identifizierung und elektronischen Signatur. Seit M\u00e4rz 2019 wird die elektronische Signatur insbesondere von allen 589 nationalen Registern und 102 konsularischen Vertretungen zur Ausstellung von Geburts- und Heiratsurkunden sowie Ausz\u00fcgen verwendet. Besuchen Sie den Br\u00fcsseler elektronischen Schalter (eDesk).<\/p>\n<p>Das System ist Teil des Plans der belgischen Regierung, die Verwaltungsabl\u00e4ufe des Landes zu vereinfachen.<\/p>\n<p>PERS\u00d6NLICHE PERSONALAUSWEISE F\u00dcR DEN ZUGANG ZU NEUEN DIENSTEN<br \/>\nBelgische B\u00fcrger haben eine einheitliche, souver\u00e4ne Identit\u00e4t. Sie verf\u00fcgen auch \u00fcber eine einheitliche, vertrauensw\u00fcrdige digitale Identit\u00e4t, die den B\u00fcrgern Zugang zu allen Diensten bietet.<\/p>\n<p>Im Hintergrund arbeiten Datenschutzbeauftragte aktiv daran, die Privatsph\u00e4re zu sch\u00fctzen und die Abl\u00e4ufe und Barrieren zwischen verschiedenen Bereichen zu kontrollieren. Dieser grundlegende Pragmatismus hat zu erheblichen Einsparungen bei den Kosten f\u00fcr die Verwaltung und Nutzung sicherer eID-Karten gef\u00fchrt.<\/p>\n<p>Pragmatismus und die Konsultation aller Beteiligten waren die Grundpfeiler f\u00fcr den Erfolg dieses Programms. Das Bemerkenswerteste ist jedoch, dass Belgien keine Zeit verlor, sich in ideologische Auseinandersetzungen zum Datenschutz einzulassen.<\/p>\n<p>Sicherheit ist nicht ein Weg, die Vergangenheit besser zu verschlie\u00dfen, sondern den Weg in eine sicherere Zukunft zu ebnen.<\/p>\n<p>Nicht Daten werden gesch\u00fctzt, sondern der Datenfluss, denn wir wissen, dass wir den Missbrauch solcher Datenstr\u00f6me von Anfang bis Ende verhindern m\u00fcssen.<\/p>\n<p>Kurz gesagt: Modernit\u00e4t f\u00fcr B\u00fcrger ohne Ideologien.<\/p>\n<p>Dies basiert insbesondere auf exzellenter regionaler Zusammenarbeit, die den Umfang der Erfolge durch Investitionen in alle lokalen sozialen Dienste erweitert.<\/p>\n<p>BITTE FRAGEN SIE MICH NICHT ZWEIMAL!<br \/>\nDas 2014 in Belgien verabschiedete Gesetz stellt auch einen wesentlichen Schritt auf dem Weg zum E-Government dar, bei dem der Kunde \u2013 ob B\u00fcrger oder Unternehmen \u2013 im Mittelpunkt steht.<\/p>\n<p>\u00dcber \u201eauthentische Quellen\u201c wie das belgische Nationalregister oder die Banque Carrefour des Entreprises (Gesundheitswesen) k\u00f6nnen f\u00f6derale \u00f6ffentliche Dienste viele der ben\u00f6tigten Daten finden.<\/p>\n<p>Doch immer noch kommt es h\u00e4ufiger vor, als es n\u00f6tig w\u00e4re, dass B\u00fcrger oder Unternehmen dieselben Informationen mehrfach an verschiedene f\u00f6derale \u00f6ffentliche Dienste \u00fcbermitteln m\u00fcssen. Das bedeutet doppelte Bearbeitung \u2013 sowohl f\u00fcr Kunden als auch f\u00fcr staatliche Dienste.<\/p>\n<p>Das neue Gesetz verbietet es den Diensten, Daten von B\u00fcrgern und Unternehmen, die den Bundesbeh\u00f6rden bereits in nutzbarer elektronischer Form vorliegen, erneut anzufordern. Sie m\u00fcssen, soweit m\u00f6glich, vorhandene Daten aus zug\u00e4nglichen Datenbanken recherchieren und wiederverwenden.<\/p>\n<p>Die Wiederverwendung verf\u00fcgbarer Daten:<\/p>\n<p>senkt die Verwaltungskosten<br \/>\nverbessert die erbrachten Dienstleistungen<br \/>\nsteigert die Effizienz der Bundesregierung.<br \/>\nZur Identifizierung von B\u00fcrgern in Daten aus authentischen Quellen m\u00fcssen f\u00f6derale \u00f6ffentliche Dienste die Nationalregisternummer verwenden. F\u00fcr Unternehmen ist dies die Handelsregisternummer.<\/p>\n<p>Selbstverst\u00e4ndlich ist diese Nutzung streng auf das zur Erf\u00fcllung ihrer Aufgaben erforderliche Ma\u00df beschr\u00e4nkt. (Quelle: Fedict)<\/p>\n<p>KOSTENEINSPARUNGEN F\u00dcR B\u00dcRGER UND UNTERNEHMEN<br \/>\nIndizes zur digitalen Nutzung, zu digitalen Einsparungen und zur digitalen Offenheit finden Sie auf dem belgischen digitalen Dashboard auf Englisch.<\/p>\n<p>Zu den wichtigsten eGov-Anwendungen geh\u00f6ren Tax-On-Web, Police-On-Web, eBirth, Electronic Service Checks, My File und MyRent. Die Einsparungen werden Jahr f\u00fcr Jahr \u00fcberwacht und gemessen.<\/p>","protected":false},"excerpt":{"rendered":"<p><span style=\"vertical-align: inherit;\"><span style=\"vertical-align: inherit;\">Belgische identiteitskaart <\/span><\/span><br \/>\n<span style=\"vertical-align: inherit;\"><span style=\"vertical-align: inherit;\">As of 2020, over 28 million Thales&#8216; Belgian ID cards have been issued in the country.<\/span><\/span><\/p>\n<p><span style=\"vertical-align: inherit;\"><span style=\"vertical-align: inherit;\">Initiated in 2003, the BelPIC (Belgian Personal Identity Card Project) program has reached 100% of its population targets at the end of 2011.<\/span><\/span><\/p>\n<p><span style=\"vertical-align: inherit;\"><span style=\"vertical-align: inherit;\">The polycarbonate credit card-sized document is the national identification card in the country, the official and mandatory ID document for Belgian citizens over 12.<\/span><\/span><\/p>\n<p><span style=\"vertical-align: inherit;\"><span style=\"vertical-align: inherit;\">The second generation of electronic ID cards is now being deployed since 2014, and over 2 million cards are delivered per year.<\/span><\/span><\/p>","protected":false},"featured_media":22535,"template":"","meta":[],"product_brand":[],"product_cat":[925],"product_tag":[],"class_list":{"0":"post-22486","1":"product","2":"type-product","3":"status-publish","4":"has-post-thumbnail","6":"product_cat-personalausweis","8":"first","9":"instock","10":"taxable","11":"shipping-taxable","12":"purchasable","13":"product-type-simple"},"_links":{"self":[{"href":"https:\/\/primeprintingweb.com\/nl\/wp-json\/wp\/v2\/product\/22486","targetHints":{"allow":["GET"]}}],"collection":[{"href":"https:\/\/primeprintingweb.com\/nl\/wp-json\/wp\/v2\/product"}],"about":[{"href":"https:\/\/primeprintingweb.com\/nl\/wp-json\/wp\/v2\/types\/product"}],"version-history":[{"count":3,"href":"https:\/\/primeprintingweb.com\/nl\/wp-json\/wp\/v2\/product\/22486\/revisions"}],"predecessor-version":[{"id":22844,"href":"https:\/\/primeprintingweb.com\/nl\/wp-json\/wp\/v2\/product\/22486\/revisions\/22844"}],"wp:featuredmedia":[{"embeddable":true,"href":"https:\/\/primeprintingweb.com\/nl\/wp-json\/wp\/v2\/media\/22535"}],"wp:attachment":[{"href":"https:\/\/primeprintingweb.com\/nl\/wp-json\/wp\/v2\/media?parent=22486"}],"wp:term":[{"taxonomy":"product_brand","embeddable":true,"href":"https:\/\/primeprintingweb.com\/nl\/wp-json\/wp\/v2\/product_brand?post=22486"},{"taxonomy":"product_cat","embeddable":true,"href":"https:\/\/primeprintingweb.com\/nl\/wp-json\/wp\/v2\/product_cat?post=22486"},{"taxonomy":"product_tag","embeddable":true,"href":"https:\/\/primeprintingweb.com\/nl\/wp-json\/wp\/v2\/product_tag?post=22486"}],"curies":[{"name":"wp","href":"https:\/\/api.w.org\/{rel}","templated":true}]}}