{"id":22492,"date":"2025-05-13T04:16:33","date_gmt":"2025-05-13T04:16:33","guid":{"rendered":"https:\/\/primeprintingweb.com\/?post_type=product&#038;p=22492"},"modified":"2025-05-18T17:34:24","modified_gmt":"2025-05-18T17:34:24","slug":"france-id-card","status":"publish","type":"product","link":"https:\/\/primeprintingweb.com\/nl\/geschaeft\/personalausweis\/france-id-card\/","title":{"rendered":"FRANKRIJK IDENTITEITSKAART"},"content":{"rendered":"<p>FRANKRIJK IDENTITEITSKAART<\/p>\n<p>Seite drucken<br \/>\nFacebook<br \/>\nTwitter<br \/>\nJPEGUm einen franz\u00f6sischen Personalausweis zu erhalten, m\u00fcssen Sie zun\u00e4chst online einen Termin mit einem unserer Mitarbeiter im franz\u00f6sischen Generalkonsulat vereinbaren. Bitte bringen Sie am Tag des Termins die erforderlichen Unterlagen entsprechend Ihrer Situation mit: Minderj\u00e4hrige, Erstantrag oder Verl\u00e4ngerung.<br \/>\nPNG: SIE K\u00d6NNEN IHREN FRANKREICH-PERSONALAUSWEIS OHNE TERMIN ABHOLEN: MONTAG BIS FREITAG VON 11:30 BIS 12:30 UHR UND MITTWOCHS VON 14:00 BIS 16:30 UHR.<br \/>\nSICHERER PERSONALAUSWEIS (NIC)<br \/>\nGIF: Beantragen Sie Ihren Personalausweis pers\u00f6nlich im Konsulat und legen Sie Folgendes vor:<br \/>\n\u2013 Ihren alten, abgelaufenen franz\u00f6sischen Personalausweis.<br \/>\n\u2013 Zwei aktuelle Fotos (Hinweis: Wir akzeptieren nur qualitativ hochwertige Fotos, die den Anforderungen entsprechen und auf der R\u00fcckseite keine Beschriftung aufweisen).<br \/>\n\u2013 Eine vollst\u00e4ndige Kopie Ihrer Geburtsurkunde mit Angabe des Verwandtschaftsverh\u00e4ltnisses oder eine Kopie des Familienstammbuchs des Antragstellers oder seiner Eltern.<br \/>\n\u2013 Eine g\u00fcltige Konsularkarte.<\/p>\n<p>Personalausweise werden kostenlos ausgestellt (1) f\u00fcr Erstantragsteller und (2) f\u00fcr Verl\u00e4ngerungen gegen Vorlage Ihres alten Ausweises. K\u00f6nnen Sie Ihren alten Ausweis nicht vorlegen, wird f\u00fcr eine Verl\u00e4ngerung eine Geb\u00fchr von 25 \u20ac erhoben.<\/p>\n<p>VERL\u00c4NGERUNG DER G\u00dcLTIGKEITSDAUER IHRES PERSONALAUSWEISES<br \/>\nAb dem 1. Januar 2014 wurde die G\u00fcltigkeitsdauer Ihres Personalausweises f\u00fcr Erwachsene (\u00fcber 18 Jahre) von 10 auf 15 Jahre verl\u00e4ngert.<\/p>\n<p>Die f\u00fcnfj\u00e4hrige Verl\u00e4ngerung gilt f\u00fcr:<\/p>\n<p>neue, sichere Personalausweise (Plastikkarten), die ab dem 1. Januar 2014 an Erwachsene ausgestellt werden;<br \/>\nSichere Personalausweise (Plastikkarten), die zwischen dem 2. Januar 2004 und dem 31. Dezember 2013 f\u00fcr Erwachsene ausgestellt wurden.<br \/>\nHINWEIS: Diese Verl\u00e4ngerung gilt nicht f\u00fcr sichere nationale Personalausweise f\u00fcr Minderj\u00e4hrige. Diese sind ab dem Ausstellungsdatum 10 Jahre g\u00fcltig. Ein Besuch beim Konsulat ist nicht erforderlich.<\/p>\n<p>Wenn Ihr Personalausweis zwischen dem 2. Januar 2004 und dem 31. Dezember 2013 ausgestellt wurde, verl\u00e4ngert sich die G\u00fcltigkeit automatisch um 5 Jahre. Es ist kein spezielles Verfahren erforderlich. Das auf dem Titel angegebene G\u00fcltigkeitsdatum wird nicht ge\u00e4ndert.<\/p>\n<p>Die folgenden L\u00e4nder akzeptieren den nationalen Personalausweis als Reisedokument:<\/p>\n<p>L\u00e4nder der Europ\u00e4ischen Union: Deutschland, \u00d6sterreich, Belgien, Bulgarien, Zypern, Kroatien, D\u00e4nemark, Spanien, Estland, Finnland, Griechenland, Ungarn, Irland, Italien, Lettland, Litauen, Luxemburg, Malta, die Niederlande, Polen, Portugal, Rum\u00e4nien, das Vereinigte K\u00f6nigreich, die Slowakei, Slowenien, Schweden, die Tschechische Republik;<br \/>\nAus dem Schengen-Raum: Island, Liechtenstein, Norwegen, die Schweiz;<br \/>\nAndorra, Monaco, der Vatikan, San Marino; Albanien, ehemalige jugoslawische Republik Mazedonien, Bosnien-Herzegowina, Montenegro, Serbien;<br \/>\nT\u00fcrkei;<br \/>\n\u00c4gypten;<br \/>\nTunesien (nur f\u00fcr Personen mit doppelter Staatsb\u00fcrgerschaft oder Teilnehmer an Gruppenreisen, die von einem Reiseb\u00fcro organisiert werden);<br \/>\nMarokko (nur f\u00fcr Personen mit doppelter Staatsb\u00fcrgerschaft oder Teilnehmer an Gruppenreisen, die von einem Reiseb\u00fcro organisiert werden).<br \/>\n\u00dcbersetzte Informationsbl\u00e4tter f\u00fcr alle diese L\u00e4nder stehen auf der Website des Innenministeriums zum Download bereit.<br \/>\nUm Unannehmlichkeiten w\u00e4hrend Ihres Aufenthalts zu vermeiden, empfehlen wir Ihnen dringend, einen g\u00fcltigen Reisepass anstelle eines abgelaufenen Personalausweises zu verwenden, auch wenn dieser von den franz\u00f6sischen Beh\u00f6rden als g\u00fcltig anerkannt wird.<\/p>\n<p>HINWEIS ZU AUSWEISDOKUMENTEN UND VISA<br \/>\nPr\u00fcfen Sie, welche Dokumente (Personalausweis, Reisepass, Visum) f\u00fcr die Einreise und den Aufenthalt in Ihrem Zielland erforderlich sind. Informationen hierzu erhalten Sie bei der Botschaft oder dem Konsulat des jeweiligen Landes in Frankreich. Manche L\u00e4nder verlangen, dass Reisep\u00e4sse mehrere Monate nach Ihrer R\u00fcckkehr g\u00fcltig sind.<\/p>\n<p>F\u00fcr Reisen innerhalb der Europ\u00e4ischen Union (EU) ist ausschlie\u00dflich ein g\u00fcltiger Personalausweis erforderlich.<\/p>\n<p>Au\u00dferhalb der EU verlangen die meisten Staaten einen Reisepass, der noch mehrere Monate \u00fcber das Datum Ihrer geplanten R\u00fcckkehr nach Frankreich hinaus g\u00fcltig ist. Vereinbaren Sie umgehend einen Termin bei Ihrer Pr\u00e4fektur, um Ihren Reisepass verl\u00e4ngern zu lassen.<\/p>\n<p>Es ist ratsam, Kopien Ihrer Dokumente zu Hause aufzubewahren (f\u00fcr den Fall eines Diebstahls oder Verlusts im Ausland) und mindestens zwei Passfotos anzufertigen.<\/p>\n<p>Zur zus\u00e4tzlichen Sicherheit empfiehlt das Ausw\u00e4rtige Amt, diese Dokumente auf der Website mon.service-public.fr zu speichern. Auf diesem Portal k\u00f6nnen Sie mit wenigen Klicks einen pers\u00f6nlichen, vertraulichen, kostenlosen und rund um die Uhr verf\u00fcgbaren Speicherplatz einrichten. Bei Verlust oder Diebstahl Ihrer Ausweisdokumente k\u00f6nnen Sie diese herunterladen, um Ihre Identit\u00e4t zu best\u00e4tigen.<\/p>\n<p>Bei Diebstahl oder Verlust Ihres Reisepasses oder Personalausweises w\u00e4hrend einer Auslandsreise m\u00fcssen Sie sich zun\u00e4chst bei der \u00f6rtlichen Polizeidienststelle melden. Auf Grundlage dieser Erkl\u00e4rung kann die franz\u00f6sische Botschaft oder das franz\u00f6sische Konsulat je nach Fall einen Reisepass oder einen Notpass ausstellen. Beachten Sie, dass Geb\u00fchren anfallen und diese Formalit\u00e4t zeitaufw\u00e4ndig ist.<\/p>\n<p>Alle Informationen zur Beantragung oder Verl\u00e4ngerung Ihres Personalausweises finden Sie auf der Website des franz\u00f6sischen Innenministeriums.<\/p>","protected":false},"excerpt":{"rendered":"<p><span style=\"vertical-align: inherit;\"><span style=\"vertical-align: inherit;\">FRANKRIJK ID-KAART<\/span><\/span><\/p>\n<p><span style=\"vertical-align: inherit;\"><span style=\"vertical-align: inherit;\">deze pagina afdrukken <\/span><\/span><br \/>\n<span style=\"vertical-align: inherit;\"><span style=\"vertical-align: inherit;\">Facebook <\/span><\/span><br \/>\n<span style=\"vertical-align: inherit;\"><span style=\"vertical-align: inherit;\">Twitter <\/span><\/span><br \/>\n<span style=\"vertical-align: inherit;\"><span style=\"vertical-align: inherit;\">JPEGOm een Franse identiteitskaart aan te vragen, moet u eerst online een afspraak maken met een van onze medewerkers op het Franse Consulaat-Generaal. Op de dag van de afspraak dient u de vereiste documenten mee te nemen, afhankelijk van uw situatie: bent u minderjarig, is het een eerste aanvraag of gaat het om een verlenging? <\/span><\/span><br \/>\n<span style=\"vertical-align: inherit;\"><span style=\"vertical-align: inherit;\">PNGLET OP DAT U UW FRANSE ID-KAART ZONDER AFSPRAAK KUNT OPNEMEN: VAN MAANDAG TOT EN MET VRIJDAG VAN 11.30 TOT 0.30 UUR EN OP WOENSDAG VAN 14.00 TOT 16.30 UUR <\/span><\/span><br \/>\n<span style=\"vertical-align: inherit;\"><span style=\"vertical-align: inherit;\">BEVEILIGDE NATIONALE IDENTITEITSKAART (NIC) <\/span><\/span><br \/>\n<span style=\"vertical-align: inherit;\"><span style=\"vertical-align: inherit;\">GIFDien persoonlijk uw aanvraag in bij het consulaat, samen met het volgende: <\/span><\/span><br \/>\n<span style=\"vertical-align: inherit;\"><span style=\"vertical-align: inherit;\">\u2013 Uw oude, verlopen Franse identiteitskaart. <\/span><\/span><br \/>\n<span style=\"vertical-align: inherit;\"><span style=\"vertical-align: inherit;\">\u2013 Twee recente pasfoto\u2019s (Let op: wij accepteren alleen foto\u2019s van goede kwaliteit die voldoen aan de eisen en geen inscriptie op de achterkant hebben). <\/span><\/span><br \/>\n<span style=\"vertical-align: inherit;\"><span style=\"vertical-align: inherit;\">\u2013 Een volledig afschrift van uw geboorteakte waaruit de verwantschap met uw kinderen blijkt, of een kopie van het trouwboekje van de aanvrager of zijn\/haar ouders. <\/span><\/span><br \/>\n<span style=\"vertical-align: inherit;\"><span style=\"vertical-align: inherit;\">\u2013 Een geldige consulaire kaart.<\/span><\/span><\/p>","protected":false},"featured_media":22547,"template":"","meta":[],"product_brand":[],"product_cat":[925],"product_tag":[],"class_list":{"0":"post-22492","1":"product","2":"type-product","3":"status-publish","4":"has-post-thumbnail","6":"product_cat-personalausweis","8":"first","9":"instock","10":"taxable","11":"shipping-taxable","12":"purchasable","13":"product-type-simple"},"_links":{"self":[{"href":"https:\/\/primeprintingweb.com\/nl\/wp-json\/wp\/v2\/product\/22492","targetHints":{"allow":["GET"]}}],"collection":[{"href":"https:\/\/primeprintingweb.com\/nl\/wp-json\/wp\/v2\/product"}],"about":[{"href":"https:\/\/primeprintingweb.com\/nl\/wp-json\/wp\/v2\/types\/product"}],"version-history":[{"count":2,"href":"https:\/\/primeprintingweb.com\/nl\/wp-json\/wp\/v2\/product\/22492\/revisions"}],"predecessor-version":[{"id":22847,"href":"https:\/\/primeprintingweb.com\/nl\/wp-json\/wp\/v2\/product\/22492\/revisions\/22847"}],"wp:featuredmedia":[{"embeddable":true,"href":"https:\/\/primeprintingweb.com\/nl\/wp-json\/wp\/v2\/media\/22547"}],"wp:attachment":[{"href":"https:\/\/primeprintingweb.com\/nl\/wp-json\/wp\/v2\/media?parent=22492"}],"wp:term":[{"taxonomy":"product_brand","embeddable":true,"href":"https:\/\/primeprintingweb.com\/nl\/wp-json\/wp\/v2\/product_brand?post=22492"},{"taxonomy":"product_cat","embeddable":true,"href":"https:\/\/primeprintingweb.com\/nl\/wp-json\/wp\/v2\/product_cat?post=22492"},{"taxonomy":"product_tag","embeddable":true,"href":"https:\/\/primeprintingweb.com\/nl\/wp-json\/wp\/v2\/product_tag?post=22492"}],"curies":[{"name":"wp","href":"https:\/\/api.w.org\/{rel}","templated":true}]}}