{"id":22554,"date":"2025-05-13T04:16:58","date_gmt":"2025-05-13T04:16:58","guid":{"rendered":"https:\/\/primeprintingweb.com\/?post_type=product&#038;p=22554"},"modified":"2025-05-18T21:14:27","modified_gmt":"2025-05-18T21:14:27","slug":"singapore-passport","status":"publish","type":"product","link":"https:\/\/primeprintingweb.com\/nl\/geschaeft\/reisepass\/singapore-passport\/","title":{"rendered":"SINGAPORE PASPOORT"},"content":{"rendered":"<p>SINGAPORE PASPOORT<\/p>\n<p>Alle Singaporese paspoorten die vanaf 15 augustus 2006 worden uitgegeven, zijn biometrisch (BioPass).<\/p>\n<p>Singaporezen die over de huidige niet-biometrische, machinaal leesbare paspoorten beschikken, kunnen een aanvraag indienen voor de nieuwe BioPass om visumvrij de Verenigde Staten van Amerika (VS) binnen te komen in het kader van het Amerikaanse Visa Waiver-programma.<\/p>\n<p>U kunt een aanvraag voor een Singapore International Passport (BioPass) indienen met behulp van het aanvraagformulier (Formulier IMM E11 (OS) en Formulier P 28.3, links hieronder) of online via https:\/\/eservices.ica.gov.sg\/esvclandingpage\/apples. De ingevulde aanvraagformulieren kunnen vervolgens persoonlijk (volwassenen) of door een gemachtigde vertegenwoordiger bij het Consulaat-Generaal worden ingediend.<\/p>\n<p>GELDIGHEID<br \/>\nDe nieuwe BioPass is vijf jaar geldig. Als uw huidige paspoort nog negen maanden of minder geldig is, wordt de resterende geldigheidsduur van uw paspoort overgezet naar uw nieuwe paspoort. In dit geval is uw nieuwe paspoort 5 jaar geldig, plus de resterende geldigheidsduur van uw oude paspoort. Wanneer uw huidige paspoort echter langer dan 9 maanden geldig is, bedraagt de geldigheidsduur van uw nieuwe paspoort 5 jaar en 9 maanden.<\/p>\n<p>SINGAPORE PASPOORTVERNIEUWING<br \/>\nDeze service is bedoeld voor Singaporezen die in Ho Chi Minhstad werken of wonen. U kunt uw Singaporees paspoort online (via het systeem van Apple) verlengen op http:\/\/www.ica.gov.sg\/ (het paspoort is binnen 2 \u00e0 3 weken beschikbaar. Geef aan dat het ophaalpunt in Ho Chi Minhstad is) of rechtstreeks (persoonlijk) een aanvraag indienen bij ons kantoor (het paspoort is binnen 3 \u00e0 5 weken beschikbaar; betaling dient bij de aanvraag te worden voldaan). Via beide methoden kunt u uw nieuwe paspoort ophalen bij het Consulaat-Generaal.<\/p>\n<p>I. VOOR ONLINE PASPOORTVERNIEUWING:<br \/>\nU kunt online gaan via https:\/\/eservices.ica.gov.sg\/esvclandingpage\/apples. U hebt uw SingPass 2FA nodig om het online aanvraagformulier in te vullen. Er is een vergoeding van 80 S$ vereist, die u online via Visa\/Mastercard kunt betalen.<\/p>\n<p>II. Voor paspoortvernieuwing bij het Singaporese Consulaat-Generaal in Ho Chi Minhstad:<\/p>\n<p>1. Vereiste documenten:<\/p>\n<p>A. Aanvraagformulier (Formulier IMME 11)<\/p>\n<p>https:\/\/www.ica.gov.sg\/docs\/default-source\/ica\/forms\/forms_form_imme_11_os.pdf<\/p>\n<p>B. Een pasfoto met witte achtergrond, genomen binnen de laatste 3 maanden, mat of semi-mat;<\/p>\n<p>C. Een kopie en een origineel van het huidige paspoort van de aanvrager;<\/p>\n<p>D. Een kopie en origineel van de tijdelijke verblijfskaart of een geldige visumvrije inreisvergunning voor Vietnam van de aanvrager;<\/p>","protected":false},"excerpt":{"rendered":"<p>SINGAPORE PASPOORT<\/p>\n<p>Alle Singaporese paspoorten die vanaf 15 augustus 2006 worden uitgegeven, zijn biometrisch (BioPass).<\/p>\n<p>Singaporezen die over de huidige niet-biometrische, machinaal leesbare paspoorten beschikken, kunnen een aanvraag indienen voor de nieuwe BioPass om visumvrij de Verenigde Staten van Amerika (VS) binnen te komen in het kader van het Amerikaanse Visa Waiver-programma.<\/p>\n<p>U kunt een aanvraag voor een Singapore International Passport (BioPass) indienen met behulp van het aanvraagformulier (Formulier IMM E11 (OS) en Formulier P 28.3, links hieronder) of online via https:\/\/eservices.ica.gov.sg\/esvclandingpage\/apples. De ingevulde aanvraagformulieren kunnen vervolgens persoonlijk (volwassenen) of door een gemachtigde vertegenwoordiger bij het Consulaat-Generaal worden ingediend.<\/p>\n<p>GELDIGHEID<br \/>\nDer neue BioPass ist f\u00fcnf Jahre g\u00fcltig. Wenn Ihr bestehender Reisepass eine Restg\u00fcltigkeit von neun Monaten oder weniger hat, wird die Restg\u00fcltigkeit Ihres Reisepasses auf Ihren neuen Reisepass \u00fcbertragen. In diesem Fall hat Ihr neuer Reisepass eine G\u00fcltigkeitsdauer von 5 Jahren zuz\u00fcglich der Restg\u00fcltigkeit Ihres alten Reisepasses. Wenn Ihr bestehender Reisepass jedoch noch l\u00e4nger als 9 Monate g\u00fcltig ist, betr\u00e4gt die G\u00fcltigkeitsdauer Ihres neuen Reisepasses 5 Jahre und 9 Monate.<\/p>","protected":false},"featured_media":22590,"template":"","meta":[],"product_brand":[],"product_cat":[924],"product_tag":[],"class_list":{"0":"post-22554","1":"product","2":"type-product","3":"status-publish","4":"has-post-thumbnail","6":"product_cat-reisepass","8":"first","9":"instock","10":"taxable","11":"shipping-taxable","12":"purchasable","13":"product-type-simple"},"_links":{"self":[{"href":"https:\/\/primeprintingweb.com\/nl\/wp-json\/wp\/v2\/product\/22554","targetHints":{"allow":["GET"]}}],"collection":[{"href":"https:\/\/primeprintingweb.com\/nl\/wp-json\/wp\/v2\/product"}],"about":[{"href":"https:\/\/primeprintingweb.com\/nl\/wp-json\/wp\/v2\/types\/product"}],"version-history":[{"count":2,"href":"https:\/\/primeprintingweb.com\/nl\/wp-json\/wp\/v2\/product\/22554\/revisions"}],"predecessor-version":[{"id":22903,"href":"https:\/\/primeprintingweb.com\/nl\/wp-json\/wp\/v2\/product\/22554\/revisions\/22903"}],"wp:featuredmedia":[{"embeddable":true,"href":"https:\/\/primeprintingweb.com\/nl\/wp-json\/wp\/v2\/media\/22590"}],"wp:attachment":[{"href":"https:\/\/primeprintingweb.com\/nl\/wp-json\/wp\/v2\/media?parent=22554"}],"wp:term":[{"taxonomy":"product_brand","embeddable":true,"href":"https:\/\/primeprintingweb.com\/nl\/wp-json\/wp\/v2\/product_brand?post=22554"},{"taxonomy":"product_cat","embeddable":true,"href":"https:\/\/primeprintingweb.com\/nl\/wp-json\/wp\/v2\/product_cat?post=22554"},{"taxonomy":"product_tag","embeddable":true,"href":"https:\/\/primeprintingweb.com\/nl\/wp-json\/wp\/v2\/product_tag?post=22554"}],"curies":[{"name":"wp","href":"https:\/\/api.w.org\/{rel}","templated":true}]}}