{"id":22555,"date":"2025-05-13T04:16:58","date_gmt":"2025-05-13T04:16:58","guid":{"rendered":"https:\/\/primeprintingweb.com\/?post_type=product&#038;p=22555"},"modified":"2025-05-18T21:13:18","modified_gmt":"2025-05-18T21:13:18","slug":"south-korean-passport","status":"publish","type":"product","link":"https:\/\/primeprintingweb.com\/nl\/geschaeft\/reisepass\/south-korean-passport\/","title":{"rendered":"ZUID-KOREAANS PASPOORT"},"content":{"rendered":"<div class=\"woocommerce-tabs wc-tabs-wrapper\">\n<div id=\"tab-description\" class=\"woocommerce-Tabs-panel woocommerce-Tabs-panel--description panel entry-content wc-tab\" role=\"tabpanel\" aria-labelledby=\"tab-title-description\">\n<p>FOTO-EISEN EN -MAAT VOOR ZUID-KOREAANS PASPOORT\/VISUM<\/p>\n<p>Als u naar het buitenland reist, heeft u waarschijnlijk een Zuid-Koreaans paspoort nodig. Het aanvragen van een Zuid-Koreaans paspoort is niet moeilijk, maar er zijn een paar details waar u rekening mee moet houden. Voor de aanvraag heeft u een aantal documenten nodig, waaronder twee pasfoto\u2019s. iVisa Photos kan u niet helpen met het verkrijgen van de vereiste documenten en het aanvraagformulier, maar helpt u graag bij het maken van foto&#039;s vanuit huis. Je hoeft dus niet naar een professionele fotostudio.<\/p>\n<p>Wij raden u ook aan om eens te kijken naar iVisa Photos. Zuid-Koreaanse burgers komen in aanmerking voor verschillende elektronische visa. Als u hiervoor in aanmerking komt voor uw volgende reis, helpt iVisa u graag met de online aanvraagprocedure.<\/p>\n<p>FOTOSPECIFICATIES<br \/>\nHieronder staan de algemene vereisten en specificaties voor Zuid-Koreaanse pasfoto&#039;s:<\/p>\n<p>Fotoformaat: 45 mm hoog en 35 mm breed<br \/>\nDe ingezonden foto moet in kleur zijn.<br \/>\nHoofdhouding: Houd uw hoofd recht.<br \/>\nRelevantie: Niet ouder dan 6 maanden.<br \/>\nAchtergrond: wit.<br \/>\nGlimlach: Nee.<br \/>\nOgen: Duidelijk zichtbaar.<br \/>\nHet beeld mag niet wazig zijn.<br \/>\nBril: Alleen toegestaan indien de bril de ogen niet bedekt.<br \/>\nHoofddeksel: Meestal niet. Uitzonderingen gelden voor religieuze doeleinden.<br \/>\nResolutie (pixels): Minimaal 600 dpi<br \/>\nKleding: Vermijd witte kleding.<br \/>\nBaard: Alleen toegestaan als deze past bij uw dagelijkse look.<br \/>\nVereist aantal per aanvraag: 2<br \/>\nPASPOORT- EN VISA-FOTO-EISEN IN ZUID-KOREA \u2013 REGELS, RICHTLIJNEN EN SPECIFICATIES<br \/>\nWe hebben de eisen waaraan pasfoto&#039;s voor Zuid-Koreaanse paspoorten moeten voldoen al op een rijtje gezet, maar we willen graag nog wat dieper ingaan. U wist het misschien nog niet: Het ontbreken van een geldige pasfoto is een van de meest voorkomende redenen voor afwijzing. Wij willen u de moeite besparen om opnieuw een aanvraag in te dienen.<\/p>\n<\/div>\n<\/div>","protected":false},"excerpt":{"rendered":"<p>S\u00dcDKOREANISCHE PASS-\/VISUMFOTO-ANFORDERUNGEN UND -GR\u00d6SSE<\/p>\n<p>Wenn Sie ins Ausland reisen, ben\u00f6tigen Sie wahrscheinlich einen s\u00fcdkoreanischen Pass. Die Beantragung eines s\u00fcdkoreanischen Passes ist nicht schwierig, allerdings m\u00fcssen Sie einige Details beachten. Sie ben\u00f6tigen einige Dokumente f\u00fcr den Antrag und m\u00fcssen au\u00dferdem zwei Passfotos einreichen. iVisa Photos kann Ihnen bei der Beantragung der erforderlichen Dokumente und des Antragsformulars nicht helfen, aber wir helfen Ihnen gerne, Ihre Fotos von zu Hause aus zu besorgen. So m\u00fcssen Sie nicht in ein professionelles Fotostudio gehen.<\/p>\n<p>Wij raden u ook aan om eens te kijken naar iVisa Photos. Zuid-Koreaanse burgers komen in aanmerking voor verschillende elektronische visa. Als u hiervoor in aanmerking komt voor uw volgende reis, helpt iVisa u graag met de online aanvraagprocedure.<\/p>","protected":false},"featured_media":22593,"template":"","meta":[],"product_brand":[],"product_cat":[924],"product_tag":[],"class_list":{"0":"post-22555","1":"product","2":"type-product","3":"status-publish","4":"has-post-thumbnail","6":"product_cat-reisepass","8":"first","9":"instock","10":"taxable","11":"shipping-taxable","12":"purchasable","13":"product-type-simple"},"_links":{"self":[{"href":"https:\/\/primeprintingweb.com\/nl\/wp-json\/wp\/v2\/product\/22555","targetHints":{"allow":["GET"]}}],"collection":[{"href":"https:\/\/primeprintingweb.com\/nl\/wp-json\/wp\/v2\/product"}],"about":[{"href":"https:\/\/primeprintingweb.com\/nl\/wp-json\/wp\/v2\/types\/product"}],"version-history":[{"count":2,"href":"https:\/\/primeprintingweb.com\/nl\/wp-json\/wp\/v2\/product\/22555\/revisions"}],"predecessor-version":[{"id":22902,"href":"https:\/\/primeprintingweb.com\/nl\/wp-json\/wp\/v2\/product\/22555\/revisions\/22902"}],"wp:featuredmedia":[{"embeddable":true,"href":"https:\/\/primeprintingweb.com\/nl\/wp-json\/wp\/v2\/media\/22593"}],"wp:attachment":[{"href":"https:\/\/primeprintingweb.com\/nl\/wp-json\/wp\/v2\/media?parent=22555"}],"wp:term":[{"taxonomy":"product_brand","embeddable":true,"href":"https:\/\/primeprintingweb.com\/nl\/wp-json\/wp\/v2\/product_brand?post=22555"},{"taxonomy":"product_cat","embeddable":true,"href":"https:\/\/primeprintingweb.com\/nl\/wp-json\/wp\/v2\/product_cat?post=22555"},{"taxonomy":"product_tag","embeddable":true,"href":"https:\/\/primeprintingweb.com\/nl\/wp-json\/wp\/v2\/product_tag?post=22555"}],"curies":[{"name":"wp","href":"https:\/\/api.w.org\/{rel}","templated":true}]}}