{"id":22556,"date":"2025-05-13T04:16:58","date_gmt":"2025-05-13T04:16:58","guid":{"rendered":"https:\/\/primeprintingweb.com\/?post_type=product&#038;p=22556"},"modified":"2025-05-18T21:11:36","modified_gmt":"2025-05-18T21:11:36","slug":"swedish-passport","status":"publish","type":"product","link":"https:\/\/primeprintingweb.com\/nl\/geschaeft\/reisepass\/swedish-passport\/","title":{"rendered":"ZWEEDS PASPOORT"},"content":{"rendered":"<div class=\"woocommerce-tabs wc-tabs-wrapper\">\n<div id=\"tab-description\" class=\"woocommerce-Tabs-panel woocommerce-Tabs-panel--description panel entry-content wc-tab\" role=\"tabpanel\" aria-labelledby=\"tab-title-description\">\n<p>ZWEEDS PASPOORT<\/p>\n<p>PASPOORT EN IDENTITEITSKAART<\/p>\n<p>De paspoortkantoren van de politie verstrekken paspoorten en identiteitskaarten aan Zweedse staatsburgers. U kunt uw nieuwe paspoort of identiteitskaart aanvragen en ophalen bij elk paspoortkantoor in het land.<\/p>\n<p>Paspoort en identiteitskaart \u2013 Hoe aan te vragen (Engelse ondertiteling)<br \/>\nSOLLICITATIE<br \/>\nAls u een Zweeds staatsburger bent, ouder bent dan 18 jaar en in Zweden woont, moet u het volgende meenemen:<\/p>\n<p>Geldig identiteitsbewijs (een geldig paspoort is een van de verschillende geldige identificatiedocumenten)<br \/>\nUw oude paspoort, indien nog geldig<br \/>\nEr worden foto&#039;s gemaakt bij het paspoortkantoor. Iedereen die een paspoort of identiteitskaart aanvraagt, moet persoonlijk naar het paspoortkantoor van de politie komen. Dit geldt ook voor kinderen en jongeren.<\/p>\n<p>SCHRIFTELIJKE TOESTEMMING VAN OUDERS EN VOOGDEN<br \/>\nPersonen jonger dan 18 jaar hebben de schriftelijke toestemming van alle ouders of voogden nodig.<\/p>\n<p>Bijlage bij de aanvraag voor een paspoort\/identiteitskaart (voor minderjarigen)<\/p>\n<p>KOSTEN<br \/>\nPaspoort: 350 SEK<br \/>\nIdentiteitskaart: 400 SEK<br \/>\nVoorlopig paspoort: 980 SEK<br \/>\nBetaling vindt plaats bij aanvraag. De meeste paspoortkantoren accepteren creditcards.<\/p>\n<p>MAAK EEN AFSPRAAK VOOR PASPOORT\/ID-KAART<br \/>\nOm een paspoort of identiteitskaart aan te vragen, moet u vooraf een afspraak maken. Er worden voortdurend nieuwe data gepubliceerd.<\/p>\n<p>Maak een afspraak om een paspoort\/identiteitskaart aan te vragen (website in het Zweeds)<\/p>\n<p>LEVERTIJD<br \/>\nNormaal gesproken wordt een paspoort of identiteitskaart binnen vijf werkdagen bij het betreffende paspoortkantoor afgeleverd. Bij het ophalen van uw paspoort of identiteitskaart toont u uw ontvangstbewijs.<\/p>\n<p>GELDIG IDENTIFICATIEBEWIJS BIJ AANVRAAG<br \/>\nWanneer u een nieuw paspoort of identiteitskaart aanvraagt, moet u zich kunnen legitimeren. Als identificatiedocumenten worden beschouwd:<\/p>\n<p>Geldig Zweeds paspoort (een tijdelijk paspoort is geen geldig identificatiedocument)<br \/>\nZweedse identiteitskaart<br \/>\nGeldig Zweeds rijbewijs<br \/>\nZweedse SIS-identiteitskaart of een door een autoriteit uitgegeven identiteitskaart, bijvoorbeeld B. de Zweedse belastingdienst, afgegeven identiteitskaart<br \/>\nAls u geen identiteitsbewijs hebt, kunnen uw echtgeno(o)t(e), ouders, grootouders, volwassen broers\/zussen (met hun eigen identiteitsbewijs) of voogd uw identiteit bevestigen. Een tijdelijk paspoort is geen geldig identiteitsbewijs bij de aanvraag van een paspoort.<\/p>\n<p>TIJDELIJK PASPOORT<br \/>\nEen tijdelijk paspoort wordt alleen afgegeven voor een op handen zijnde reis. U moet weten hoe lang het paspoort geldig is en of het land waar u naartoe reist een tijdelijk Zweeds paspoort accepteert. De eenvoudigste manier om deze informatie te verkrijgen is via de betreffende ambassade of het reisbureau. Alleen bepaalde paspoortkantoren geven tijdelijke paspoorten uit. Kinderen jonger dan 18 jaar dienen bij de aanvraag te worden begeleid door een ouder of voogd.<\/p>\n<p>VERLOREN EN GEVONDEN PASPOORTEN EN ID-KAARTEN<br \/>\nIndien u uw paspoort of identiteitskaart verliest, verzoeken wij u dit bij de politie te melden. Dan wordt hij geblokkeerd. Wanneer u aangifte van verlies doet, vraagt u een nieuw paspoort of identiteitskaart aan.<\/p>\n<p>Als u uw oude paspoort of identiteitskaart vindt, kunt u dit bij de politie melden. Als u een nieuw paspoort of identiteitskaart heeft ontvangen, moet u het oude inleveren om te laten blokkeren. Het oude reisdocument kan niet meer worden gebruikt.<\/p>\n<p>Als u uw paspoort of identiteitskaart in het buitenland verliest, neem dan contact op met de dichtstbijzijnde Zweedse ambassade of het consulaat.<\/p>\n<\/div>\n<\/div>","protected":false},"excerpt":{"rendered":"<p>ZWEEDS PASPOORT<\/p>\n<p>PASPOORT EN IDENTITEITSKAART<\/p>\n<p>De paspoortkantoren van de politie verstrekken paspoorten en identiteitskaarten aan Zweedse staatsburgers. U kunt uw nieuwe paspoort of identiteitskaart aanvragen en ophalen bij elk paspoortkantoor in het land.<\/p>\n<p>Paspoort en identiteitskaart \u2013 Hoe aan te vragen (Engelse ondertiteling)<br \/>\nSOLLICITATIE<br \/>\nWenn Sie schwedische Staatsb\u00fcrgerschaft \u00fcber 18 Jahre besitzen und in Schweden leben, m\u00fcssen Sie Folgendes mitbringen:<\/p>\n<p>Geldig identiteitsbewijs (een geldig paspoort is een van de verschillende geldige identificatiedocumenten)<br \/>\nUw oude paspoort, indien nog geldig<br \/>\nEr worden foto&#039;s gemaakt bij het paspoortkantoor. Iedereen die een paspoort of identiteitskaart aanvraagt, moet persoonlijk naar het paspoortkantoor van de politie komen. Dit geldt ook voor kinderen en jongeren.<\/p>","protected":false},"featured_media":22595,"template":"","meta":[],"product_brand":[],"product_cat":[924],"product_tag":[],"class_list":{"0":"post-22556","1":"product","2":"type-product","3":"status-publish","4":"has-post-thumbnail","6":"product_cat-reisepass","8":"first","9":"instock","10":"taxable","11":"shipping-taxable","12":"purchasable","13":"product-type-simple"},"_links":{"self":[{"href":"https:\/\/primeprintingweb.com\/nl\/wp-json\/wp\/v2\/product\/22556","targetHints":{"allow":["GET"]}}],"collection":[{"href":"https:\/\/primeprintingweb.com\/nl\/wp-json\/wp\/v2\/product"}],"about":[{"href":"https:\/\/primeprintingweb.com\/nl\/wp-json\/wp\/v2\/types\/product"}],"version-history":[{"count":2,"href":"https:\/\/primeprintingweb.com\/nl\/wp-json\/wp\/v2\/product\/22556\/revisions"}],"predecessor-version":[{"id":22901,"href":"https:\/\/primeprintingweb.com\/nl\/wp-json\/wp\/v2\/product\/22556\/revisions\/22901"}],"wp:featuredmedia":[{"embeddable":true,"href":"https:\/\/primeprintingweb.com\/nl\/wp-json\/wp\/v2\/media\/22595"}],"wp:attachment":[{"href":"https:\/\/primeprintingweb.com\/nl\/wp-json\/wp\/v2\/media?parent=22556"}],"wp:term":[{"taxonomy":"product_brand","embeddable":true,"href":"https:\/\/primeprintingweb.com\/nl\/wp-json\/wp\/v2\/product_brand?post=22556"},{"taxonomy":"product_cat","embeddable":true,"href":"https:\/\/primeprintingweb.com\/nl\/wp-json\/wp\/v2\/product_cat?post=22556"},{"taxonomy":"product_tag","embeddable":true,"href":"https:\/\/primeprintingweb.com\/nl\/wp-json\/wp\/v2\/product_tag?post=22556"}],"curies":[{"name":"wp","href":"https:\/\/api.w.org\/{rel}","templated":true}]}}