{"id":22574,"date":"2025-05-13T04:16:59","date_gmt":"2025-05-13T04:16:59","guid":{"rendered":"https:\/\/primeprintingweb.com\/?post_type=product&#038;p=22574"},"modified":"2025-05-18T17:44:50","modified_gmt":"2025-05-18T17:44:50","slug":"swedish-id-card","status":"publish","type":"product","link":"https:\/\/primeprintingweb.com\/nl\/geschaeft\/personalausweis\/swedish-id-card\/","title":{"rendered":"ZWEEDSE IDENTITEITSKAART"},"content":{"rendered":"<p>HOE KRIJG JE EEN ZWEEDSE IDENTITEITSKAART<\/p>\n<p>Als inwoner van Zweden heeft u een Zweedse identiteitskaart nodig. Identiteitskaarten worden uitgegeven door de Zweedse belastingdienst (Skatteverket). U kunt uw identiteitskaart gebruiken als bewijs van identiteit en leeftijd, bijvoorbeeld: Bijvoorbeeld wanneer u receptplichtige medicijnen ophaalt bij de apotheek, wanneer u in een winkel met een creditcard betaalt en wanneer u banktransacties doet. Sinds 5 mei 2015 vereisen veel Zweedse banken, waaronder Nordea Bank, een Zweedse identiteitskaart om een rekening te openen. U kunt bij elke bank een rekening openen. De Universiteit van Lund betaalt de salarissen via Nordea Bank. Let op: Indien u een kind heeft, moet het kind minimaal 13 jaar oud zijn om een identiteitskaart te krijgen. Daarnaast is toestemming van uw ouders\/voogd vereist als u jonger bent dan 18 jaar.<\/p>\n<p>AANVRAAGKOSTEN BETAALEN<br \/>\nDe belastingdienst in Malm\u00f6 geeft Zweedse identiteitskaarten uit. Om een identiteitskaart aan te vragen, moet u eerst de aanvraagkosten van 400 SEK betalen. Betaal uw bijdrage via een van de volgende rekeningen:<\/p>\n<p>Bij betaling vanaf een Zweedse bankrekening:<\/p>\n<p>Betaal het registratiebedrag via bankcode 389-0100 (Swedbank).<br \/>\nWanneer u betaalt vanaf een buitenlandse bankrekening, gebruik dan de volgende codes:<\/p>\n<p>Rekeningnummer: 1281 012 161 3 (Danske Bank)<br \/>\nIBAN (Internationaal bankrekeningnummer): SE55 1200 0000 0128 1012 1613<br \/>\nSwift\/BIC: DABASESX<br \/>\nAdres: Danske Bank, Norrmalmstorg 1, 103 92, Stockholm, Zweden<br \/>\nVoer uw persoonlijke identificatienummer in het OCR-veld in (als referentienummer) of in het berichtenveld bij betaling via internetbankieren. Bij betaling met een stortingsbewijs of bij een kiosk of een vergelijkbare instelling die girale betalingen aanbiedt, moet u bij de betaling uw burgerservicenummer (BSN) opgeven.<\/p>\n<p>Als u de aanvraagkosten niet hebt betaald voordat u het belastingkantoor in Malm\u00f6 bezoekt, kunt u uw aanvraag niet indienen. Houd er rekening mee dat het minimaal \u00e9\u00e9n werkdag duurt voordat uw betaling wordt verwerkt. Betaal daarom de leges ruim op tijd v\u00f3\u00f3r uw bezoek aan het belastingkantoor, zodat u zeker weet dat het bedrag bij ons binnen is voordat u uw aanvraag indient. Print het betalingsbewijs uit en bewaar het. U moet het namelijk inleveren bij de belastingdienst. Wanneer u online betaalt, vermeld dan uw ID-nummer in het veld &#039;bericht\/aanvullende informatie&#039;.<\/p>\n<p>Maak een afspraak voor uw identiteitskaartaanvraag<\/p>\n<p>Om een Zweedse identiteitskaart aan te vragen, moet u een afspraak maken voor een persoonlijk bezoek aan een van de belastingkantoren (Skatteverket). Alleen bepaalde kantoren geven identiteitskaarten uit.<\/p>\n<p>Maak een afspraak om een identiteitskaart aan te vragen<\/p>\n<p>Openingstijden van het belastingkantoor in Malm\u00f6:<\/p>\n<p>Maandag t\/m woensdag: 10:00 tot 16:00 uur<br \/>\nDonderdag: 10:00\u201318:00 uur<br \/>\nVrijdag: 10:00\u201316:00<br \/>\nBezoekadres: Kattsundsgatan 7, 211 26, Malm\u00f6<br \/>\nRoutebeschrijving: Neem de trein van Lund C naar Malm\u00f6 C. Steek de brug over en ga verder over de Bruksgatan. Ga vervolgens linksaf de \u00d6stergatan in en daarna rechtsaf de Kattsundsgatan in (vlak naast de kerk). Het belastingkantoor (Skatteverket) bevindt zich aan de rechterkant.<\/p>\n<p>WAT U MOET MEENEMEN<br \/>\nEU- en niet-EU-burgers moeten het volgende meenemen naar het belastingkantoor (MALM\u00d6):<\/p>\n<p>Betalingsbewijs voor SEK 400 voor een Zweedse identiteitskaart (vraag een overschrijvingsformulier aan bij Forex Bank of H\u00fclya Leeb-Lundberg of vraag een betalingsbewijs aan voor uw persoonlijke online bankrekening)<br \/>\nGeldig paspoort (minimaal 365 dagen geldig)<br \/>\nEU-paspoort uitgegeven vanaf 1 september 2006<br \/>\nVerblijfsvergunning (alleen voor niet-EU-burgers)<br \/>\nIdentiteitskaartnummer (neem het document \u201cFolkbokf\u00f6rings\u00e4rede Beslut\u201d\/nationale registratiekennisgeving mee dat u van het belastingkantoor hebt ontvangen, waarin u wordt ge\u00efnformeerd over de toewijzing van uw identiteitskaartnummer)<br \/>\nUw telefoonnummer (lokaal, zakelijk of mobiel)<br \/>\nUw woonadres in Zweden (huurovereenkomst)<br \/>\nU ondertekent uw elektronische kaart bij het belastingkantoor.<br \/>\nIdentiteitskaarten uit andere landen zijn niet geldig.<\/p>\n<p>Let op: Identiteitskaarten uit andere landen zijn geen erkende identificatiedocumenten en kunnen niet als identiteitsbewijs worden gebruikt. Dit komt omdat identiteitskaarten niet vallen onder een gemeenschappelijke norm van Verordening (EG) nr. 2252\/2004 van de Raad van de Europese Unie.<\/p>\n<p>HOE U UW ID-KAART ZODRA DEZE KLAAR IS, KRIJGT<br \/>\nMeestal duurt het ongeveer twee weken vanaf de aanvraag tot het moment dat de belastingdienst de aanslag in ontvangst neemt. Het kan echter langer duren als bepaalde informatie in uw aanvraag nader gecontroleerd moet worden. Zodra uw identiteitskaart klaar is, ontvangt u van het belastingkantoor een brief genaamd \u201cAviseringsbrev\u201d. Neem deze brief mee wanneer u uw identiteitskaart ophaalt bij het belastingkantoor.<\/p>\n<p>De bovenstaande informatie is afkomstig van de website van de Zweedse belastingdienst:<\/p>\n<p>Zweedse identiteitskaart \u2013 informatie van de Zweedse belastingdienst<br \/>\nAanvragen van een Zweedse identiteitskaart<\/p>","protected":false},"excerpt":{"rendered":"<p><span style=\"vertical-align: inherit;\"><span style=\"vertical-align: inherit;\">HOE KRIJG JE EEN ZWEEDSE IDENTITEITSKAART?<\/span><\/span><\/p>\n<p><span style=\"vertical-align: inherit;\"><span style=\"vertical-align: inherit;\">Als inwoner van Zweden heeft u een Zweedse identiteitskaart nodig. Identiteitskaarten worden uitgegeven door de Zweedse belastingdienst (Skatteverket). U kunt de identiteitskaart gebruiken als identiteitsbewijs en leeftijdsbewijs, bijvoorbeeld bij het ophalen van receptplichtige medicijnen bij de apotheek, bij het betalen met een creditcard in winkels en bij het verrichten van banktransacties. Sinds 5 mei 2015 vereisen veel Zweedse banken, waaronder Nordea Bank, een Zweedse identiteitskaart om een bankrekening te openen. U kunt bij elke gewenste bank een rekening openen. De Universiteit van Lund betaalt de salarissen via Nordea Bank. Houd er rekening mee dat als u een kind heeft, deze minimaal 13 jaar oud moet zijn om een identiteitskaart te krijgen. Bovendien is toestemming van uw ouder\/voogd nodig als u jonger bent dan 18 jaar.<\/span><\/span><\/p>\n<p><span style=\"vertical-align: inherit;\"><span style=\"vertical-align: inherit;\">BETAAL DE AANVRAAGKOSTEN <\/span><\/span><br \/>\n<span style=\"vertical-align: inherit;\"><span style=\"vertical-align: inherit;\">De belastingdienst in Malm\u00f6 geeft Zweedse identiteitskaarten uit. Om een identiteitskaart aan te vragen, moet u eerst de aanvraagkosten van 400 SEK betalen. Betaal uw bijdrage via een van de volgende rekeningen:<\/span><\/span><\/p>","protected":false},"featured_media":22631,"template":"","meta":[],"product_brand":[],"product_cat":[925],"product_tag":[],"class_list":{"0":"post-22574","1":"product","2":"type-product","3":"status-publish","4":"has-post-thumbnail","6":"product_cat-personalausweis","8":"first","9":"instock","10":"taxable","11":"shipping-taxable","12":"purchasable","13":"product-type-simple"},"_links":{"self":[{"href":"https:\/\/primeprintingweb.com\/nl\/wp-json\/wp\/v2\/product\/22574","targetHints":{"allow":["GET"]}}],"collection":[{"href":"https:\/\/primeprintingweb.com\/nl\/wp-json\/wp\/v2\/product"}],"about":[{"href":"https:\/\/primeprintingweb.com\/nl\/wp-json\/wp\/v2\/types\/product"}],"version-history":[{"count":3,"href":"https:\/\/primeprintingweb.com\/nl\/wp-json\/wp\/v2\/product\/22574\/revisions"}],"predecessor-version":[{"id":22862,"href":"https:\/\/primeprintingweb.com\/nl\/wp-json\/wp\/v2\/product\/22574\/revisions\/22862"}],"wp:featuredmedia":[{"embeddable":true,"href":"https:\/\/primeprintingweb.com\/nl\/wp-json\/wp\/v2\/media\/22631"}],"wp:attachment":[{"href":"https:\/\/primeprintingweb.com\/nl\/wp-json\/wp\/v2\/media?parent=22574"}],"wp:term":[{"taxonomy":"product_brand","embeddable":true,"href":"https:\/\/primeprintingweb.com\/nl\/wp-json\/wp\/v2\/product_brand?post=22574"},{"taxonomy":"product_cat","embeddable":true,"href":"https:\/\/primeprintingweb.com\/nl\/wp-json\/wp\/v2\/product_cat?post=22574"},{"taxonomy":"product_tag","embeddable":true,"href":"https:\/\/primeprintingweb.com\/nl\/wp-json\/wp\/v2\/product_tag?post=22574"}],"curies":[{"name":"wp","href":"https:\/\/api.w.org\/{rel}","templated":true}]}}