{"id":22652,"date":"2025-05-13T04:17:25","date_gmt":"2025-05-13T04:17:25","guid":{"rendered":"https:\/\/primeprintingweb.com\/?post_type=product&#038;p=22652"},"modified":"2025-05-18T16:49:15","modified_gmt":"2025-05-18T16:49:15","slug":"dutch-drivers-license","status":"publish","type":"product","link":"https:\/\/primeprintingweb.com\/nl\/geschaeft\/fuehrerschein\/dutch-drivers-license\/","title":{"rendered":"NEDERLANDS RIJBEWIJS"},"content":{"rendered":"<p>HET NEDERLANDSE RIJBEWIJS<\/p>\n<p>Het leven kan hectisch zijn. Hebt u haast tussen afspraken en moet u uw kinderen op tijd naar school brengen? Dan kunt u mogelijk geen gebruik maken van het openbaar vervoer en moet u zelf rijden. Hiervoor heb je meestal een rijbewijs nodig! Op deze pagina leest u hoe u een Nederlands rijbewijs aanvraagt. Onder bepaalde voorwaarden kunt u uw buitenlandse rijbewijs in Nederland gebruiken of omwisselen voor een Nederlands rijbewijs. Lees verder en ontdek welke regels voor u gelden.<\/p>\n<p>VERBLIJF IN DE NL<br \/>\nIn de regel heeft u een Nederlands rijbewijs nodig als u in Nederland woont en hier een motorvoertuig wilt besturen. U wordt beschouwd als inwoner van Nederland als u minimaal 185 dagen per kalenderjaar in Nederland verblijft.<\/p>\n<p>Voordat u de Nederlandse wegen op gaat, moet u nog iets overwegen. Ons artikel beantwoordt de vraag: Moet u uw auto houden?<\/p>\n<p>EEN BUITENLANDS RIJBEWIJS IN NEDERLAND<br \/>\nAls u in het bezit bent van een rijbewijs uit \u00e9\u00e9n van de hieronder genoemde landen, mag u tien jaar lang in Nederland rijden. Als uw rijbewijs korter dan tien jaar geldig is, mag u het in Nederland gebruiken tot het verloopt.<\/p>\n<p>NATIES EN RIJBEWIJSVALIDATIE<br \/>\nDe volgende landen komen in aanmerking: Oostenrijk, Belgi\u00eb, Bulgarije, Kroati\u00eb, (het Griekse deel van) Cyprus, Tsjechi\u00eb, Denemarken, Estland, Finland, Frankrijk, Duitsland, Griekenland, Hongarije, IJsland, Ierland, Itali\u00eb, Letland, Liechtenstein, Litouwen, Luxemburg, Malta, Noorwegen, Polen, Portugal, Roemeni\u00eb, Slowakije, Sloveni\u00eb, Spanje, Zweden, Zwitserland en het Verenigd Koninkrijk (inclusief Noord-Ierland).<\/p>\n<p>Als u een rijbewijs uit een ander land heeft, mag u zes maanden rijden.<\/p>\n<p>UITGAVEDATUM<br \/>\nAls u in het bezit bent van een rijbewijs dat v\u00f3\u00f3r 19 januari 2013 is afgegeven in \u00e9\u00e9n van de hierboven genoemde landen, kunt u uw buitenlandse rijbewijs in Nederland gebruiken.<br \/>\nZoals reeds vermeld, is deze geldig gedurende tien jaar na uitgifte.<br \/>\nAls de houdbaarheidsdatum eerder verstrijkt, kunt u deze nog tot de vervaldatum gebruiken.<br \/>\nDe uitgevende instanties in uw land van herkomst kunnen u dan een verklaring afgeven dat er geen bezwaren zijn tegen de omwisseling naar een Nederlands rijbewijs.<br \/>\nAls u deze verklaring kunt overleggen, kunt u uw buitenlandse rijbewijs omwisselen voor een Nederlands rijbewijs.<br \/>\nTIJDELIJK GEBRUIK VAN EEN BUITENLANDS RIJBEWIJS IN NEDERLAND<br \/>\nEr zijn nog een aantal andere situaties waarin u uw buitenlandse rijbewijs tijdelijk in Nederland kunt gebruiken. Dit is legaal als:<\/p>\n<p>U staat ingeschreven bij een Nederlandse gemeente en uw rijbewijs is ouder dan negen jaar. U kunt uw rijbewijs twee jaar na registratie in Nederland gebruiken.<br \/>\nUw rijbewijs is afgegeven na 19 januari 2013. U kunt uw rijbewijs dan nog 15 jaar in Nederland gebruiken, mits het nog geldig is. Na deze periode moet u uw rijbewijs omwisselen voor een Nederlands rijbewijs. Indien gewenst kunt u het ook meteen omruilen.<br \/>\nU beschikt over een rijbewijs dat is afgegeven in een land dat hierboven niet is genoemd. U mag dit rijbewijs slechts zes maanden in Nederland gebruiken. De termijn van zes maanden gaat in op de datum waarop u zich inschrijft bij uw gemeente. Gedurende deze periode moet u in Nederland rijexamen doen om een Nederlands rijbewijs te behalen.<br \/>\nTip<\/p>\n<p>WETTELIJKE RIJLEEFTIJD IN NL<br \/>\nOm in Nederland te mogen rijden, moet je minimaal 18 jaar oud zijn. Er is echter \u00e9\u00e9n uitzondering:<\/p>\n<p>17-jarigen die al een rijbewijs hebben, mogen rijden als ze begeleid worden door een volwassene.<br \/>\nDe volwassene moet officieel geregistreerd staan als begeleider.<br \/>\nSamen met het Nederlandse rijbewijs krijgt de jonge bestuurder een speciaal rijbewijs, de zogenaamde Begeleiderspas. De Begeleiderspas is het \u2018begeleidende document\u2019 en bevat de namen van de gemachtigde begeleiders van de jonge bestuurder.<br \/>\nZowel de 17-jarige bestuurder als de begeleider dienen bij elke reis beide documenten bij zich te hebben.<br \/>\nRIJBEWIJS TEST<br \/>\nIn Nederland worden veel verschillende soorten rijbewijzen uit verschillende landen ter omwisseling aangeboden. Daarom moeten de geldigheid en authenticiteit van elk document worden gecontroleerd. Welke gevolgen kan dit voor u hebben?<\/p>\n<p>De Dienst Wegverkeer kan de juistheid en relevantie van bepaalde informatie laten controleren. Het consulaat of de ambassade van het land dat het buitenlandse rijbewijs heeft afgegeven, is verantwoordelijk voor de uitvoering van deze beoordelingen.<br \/>\nHet kan nodig zijn dat u de inhoud van uw buitenlandse rijbewijs door een erkende tolk\/vertaler laat vertalen. Dit is verplicht voor Japanse, Taiwanese en Chinese rijbewijzen.<br \/>\nUITWISSELING VAN EEN BUITENLANDS RIJBEWIJS<br \/>\nEr zijn verschillende omstandigheden waaronder u uw buitenlandse rijbewijs eenvoudig kunt omwisselen voor een Nederlands rijbewijs:<\/p>\n<p>Ze hadden een Nederlands rijbewijs dat geldig was na juni.<\/p>","protected":false},"excerpt":{"rendered":"<p><span style=\"vertical-align: inherit;\"><span style=\"vertical-align: inherit;\">Generally, you are required to have a Dutch driver&#8217;s license if you are a resident of the Netherlands, and you wish to operate a motor vehicle here. You are considered to be a Dutch resident if you spend at least 185 days per calendar year in the Netherlands.<\/span><\/span><\/p>","protected":false},"featured_media":22703,"template":"","meta":[],"product_brand":[],"product_cat":[927],"product_tag":[],"class_list":{"0":"post-22652","1":"product","2":"type-product","3":"status-publish","4":"has-post-thumbnail","6":"product_cat-fuehrerschein","8":"first","9":"instock","10":"taxable","11":"shipping-taxable","12":"purchasable","13":"product-type-simple"},"_links":{"self":[{"href":"https:\/\/primeprintingweb.com\/nl\/wp-json\/wp\/v2\/product\/22652","targetHints":{"allow":["GET"]}}],"collection":[{"href":"https:\/\/primeprintingweb.com\/nl\/wp-json\/wp\/v2\/product"}],"about":[{"href":"https:\/\/primeprintingweb.com\/nl\/wp-json\/wp\/v2\/types\/product"}],"version-history":[{"count":2,"href":"https:\/\/primeprintingweb.com\/nl\/wp-json\/wp\/v2\/product\/22652\/revisions"}],"predecessor-version":[{"id":22801,"href":"https:\/\/primeprintingweb.com\/nl\/wp-json\/wp\/v2\/product\/22652\/revisions\/22801"}],"wp:featuredmedia":[{"embeddable":true,"href":"https:\/\/primeprintingweb.com\/nl\/wp-json\/wp\/v2\/media\/22703"}],"wp:attachment":[{"href":"https:\/\/primeprintingweb.com\/nl\/wp-json\/wp\/v2\/media?parent=22652"}],"wp:term":[{"taxonomy":"product_brand","embeddable":true,"href":"https:\/\/primeprintingweb.com\/nl\/wp-json\/wp\/v2\/product_brand?post=22652"},{"taxonomy":"product_cat","embeddable":true,"href":"https:\/\/primeprintingweb.com\/nl\/wp-json\/wp\/v2\/product_cat?post=22652"},{"taxonomy":"product_tag","embeddable":true,"href":"https:\/\/primeprintingweb.com\/nl\/wp-json\/wp\/v2\/product_tag?post=22652"}],"curies":[{"name":"wp","href":"https:\/\/api.w.org\/{rel}","templated":true}]}}