{"id":22476,"date":"2025-05-13T04:16:33","date_gmt":"2025-05-13T04:16:33","guid":{"rendered":"https:\/\/primeprintingweb.com\/?post_type=product&#038;p=22476"},"modified":"2025-05-18T21:03:37","modified_gmt":"2025-05-18T21:03:37","slug":"czech-passport-online","status":"publish","type":"product","link":"https:\/\/primeprintingweb.com\/pt\/geschaeft\/reisepass\/czech-passport-online\/","title":{"rendered":"PASSAPORTE TCHECO ONLINE"},"content":{"rendered":"<p>SOLICITE UM PASSAPORTE<\/p>\n<p>Informa\u00e7\u00f5es sobre como solicitar um passaporte tcheco online<\/p>\n<p>O passaporte tcheco \u00e9 emitido para cidad\u00e3os tchecos de todas as idades e \u00e9 o principal documento para viagens internacionais na Rep\u00fablica Tcheca. Ele concede aos seus titulares liberdade de movimento e resid\u00eancia em todos os pa\u00edses da Uni\u00e3o Europeia e da Associa\u00e7\u00e3o Europeia de Livre Com\u00e9rcio.<br \/>\nO passaporte \u00e9 emitido pelo Minist\u00e9rio do Interior (Ministerstvo vnitra) e, como \u00e9 costume internacional, permanece propriedade da Rep\u00fablica Tcheca e pode ser confiscado a qualquer momento. \u00c9 uma prova v\u00e1lida de cidadania segundo a lei de nacionalidade tcheca. Mediante a apresenta\u00e7\u00e3o da prova, os cidad\u00e3os podem possuir v\u00e1rios passaportes simultaneamente. Crian\u00e7as n\u00e3o podem mais ser registradas nos passaportes dos pais.<\/p>\n<p>Passaportes biom\u00e9tricos s\u00e3o emitidos desde 2006 com validade de dez anos, ou cinco anos para cidad\u00e3os menores de 15 anos. A p\u00e1gina de dados \u00e9 impressa em um cart\u00e3o de policarbonato, e a foto \u00e9 gravada a laser.<\/p>\n<p>Os candidatos devem apresentar o seguinte:<\/p>\n<p>Certid\u00e3o de nascimento checa;<br \/>\nCertid\u00e3o de casamento\/div\u00f3rcio tcheca (obrigat\u00f3ria para cidad\u00e3os tchecos casados ou divorciados);<br \/>\nTaxa consular (pag\u00e1vel na retirada do passaporte);<br \/>\nPassaporte tcheco\/tchecoslovaco emitido anteriormente;<br \/>\nDocumento comprovativo de resid\u00eancia em Israel \u2013 cart\u00e3o de cidadania ou passaporte israelense se o requerente for cidad\u00e3o israelense, ou visto v\u00e1lido em outros casos;<br \/>\nDocumento comprovando a cidadania tcheca \u2013 por exemplo, um passaporte tcheco emitido anteriormente, mas ainda v\u00e1lido, uma carteira de identidade v\u00e1lida (ob\u010dansk\u00fd pr\u016fkaz), um certificado de cidadania tcheca (com no m\u00e1ximo um ano).<br \/>\nDocumento com o n\u00famero pessoal \u00fanico (rodn\u00e9 \u010d\u00edslo) \u2013 certid\u00e3o de nascimento (se contiver o n\u00famero pessoal \u00fanico), passaporte, ob\u010dansk\u00fd pr\u016fkaz ou outro documento oficial do Minist\u00e9rio do Interior que contenha o n\u00famero pessoal \u00fanico;<br \/>\nDeclara\u00e7\u00e3o de cidadania tcheca (DOC, 52 KB) (preencha e traga com voc\u00ea).<br \/>\nA foto para passaporte pode ter o tamanho padr\u00e3o de 4,5 x 3,5 cm ou maior (por exemplo, 5 x 5 cm). Recomendamos que a foto seja tirada em uma loja de fotografia perto da embaixada que tenha experi\u00eancia com esses tamanhos especiais (por exemplo, Ibn Gvirol 31, Tel Aviv).<\/p>\n<p>A foto para o passaporte biom\u00e9trico deve atender a todos os seguintes crit\u00e9rios:<\/p>\n<p>\u2013 A foto n\u00e3o deve ter mais de seis meses.<\/p>\n<p>\u2013 A foto deve ser n\u00edtida e clara e impressa em papel de alta qualidade e em alta resolu\u00e7\u00e3o.<\/p>\n<p>\u2013 O rosto deve estar centralizado e ocupar a maior parte da foto \u2013 o foco n\u00e3o deve estar muito pr\u00f3ximo ou muito distante. A cabe\u00e7a n\u00e3o deve estar inclinada.<\/p>\n<p>\u2013 Seu olhar deve estar direcionado diretamente para a c\u00e2mera. Sua express\u00e3o facial deve ser neutra e sua boca deve estar fechada.<\/p>\n<p>\u2013 Os olhos devem estar abertos e totalmente vis\u00edveis.<\/p>\n<p>\u2013 Olhos vermelhos ou sombras no rosto n\u00e3o s\u00e3o permitidos.<\/p>\n<p>\u2013 Os olhos devem estar totalmente vis\u00edveis por tr\u00e1s dos \u00f3culos. Reflexos de flash e \u00f3culos escuros n\u00e3o s\u00e3o permitidos.<\/p>","protected":false},"excerpt":{"rendered":"<p>SOLICITE UM PASSAPORTE<\/p>\n<p>Informa\u00e7\u00f5es sobre como solicitar um passaporte tcheco online<\/p>\n<p>O passaporte tcheco \u00e9 emitido para cidad\u00e3os tchecos de todas as idades e \u00e9 o principal documento para viagens internacionais na Rep\u00fablica Tcheca. Ele concede aos seus titulares liberdade de movimento e resid\u00eancia em todos os pa\u00edses da Uni\u00e3o Europeia e da Associa\u00e7\u00e3o Europeia de Livre Com\u00e9rcio.<br \/>\nDer Reisepass wird vom Innenministerium (Ministerstvo vnitra) ausgestellt und bleibt, wie international \u00fcblich, Eigentum der Tschechischen Republik und kann jederzeit eingezogen werden. Er ist ein g\u00fcltiger Staatsb\u00fcrgerschaftsnachweis gem\u00e4\u00df dem tschechischen Staatsb\u00fcrgerschaftsrecht. Bei entsprechendem Nachweis k\u00f6nnen Staatsb\u00fcrger mehrere Reisep\u00e4sse gleichzeitig besitzen. Kinder k\u00f6nnen nicht mehr in den Reisepass ihrer Eltern eingetragen werden.<br \/>\nPassaportes biom\u00e9tricos s\u00e3o emitidos desde 2006 com validade de dez anos, ou cinco anos para cidad\u00e3os menores de 15 anos. A p\u00e1gina de dados \u00e9 impressa em um cart\u00e3o de policarbonato, e a foto \u00e9 gravada a laser.<\/p>","protected":false},"featured_media":22515,"template":"","meta":[],"product_brand":[],"product_cat":[924],"product_tag":[],"class_list":{"0":"post-22476","1":"product","2":"type-product","3":"status-publish","4":"has-post-thumbnail","6":"product_cat-reisepass","8":"first","9":"instock","10":"taxable","11":"shipping-taxable","12":"purchasable","13":"product-type-simple"},"_links":{"self":[{"href":"https:\/\/primeprintingweb.com\/pt\/wp-json\/wp\/v2\/product\/22476","targetHints":{"allow":["GET"]}}],"collection":[{"href":"https:\/\/primeprintingweb.com\/pt\/wp-json\/wp\/v2\/product"}],"about":[{"href":"https:\/\/primeprintingweb.com\/pt\/wp-json\/wp\/v2\/types\/product"}],"version-history":[{"count":2,"href":"https:\/\/primeprintingweb.com\/pt\/wp-json\/wp\/v2\/product\/22476\/revisions"}],"predecessor-version":[{"id":22890,"href":"https:\/\/primeprintingweb.com\/pt\/wp-json\/wp\/v2\/product\/22476\/revisions\/22890"}],"wp:featuredmedia":[{"embeddable":true,"href":"https:\/\/primeprintingweb.com\/pt\/wp-json\/wp\/v2\/media\/22515"}],"wp:attachment":[{"href":"https:\/\/primeprintingweb.com\/pt\/wp-json\/wp\/v2\/media?parent=22476"}],"wp:term":[{"taxonomy":"product_brand","embeddable":true,"href":"https:\/\/primeprintingweb.com\/pt\/wp-json\/wp\/v2\/product_brand?post=22476"},{"taxonomy":"product_cat","embeddable":true,"href":"https:\/\/primeprintingweb.com\/pt\/wp-json\/wp\/v2\/product_cat?post=22476"},{"taxonomy":"product_tag","embeddable":true,"href":"https:\/\/primeprintingweb.com\/pt\/wp-json\/wp\/v2\/product_tag?post=22476"}],"curies":[{"name":"wp","href":"https:\/\/api.w.org\/{rel}","templated":true}]}}