{"id":22484,"date":"2025-05-13T04:16:33","date_gmt":"2025-05-13T04:16:33","guid":{"rendered":"https:\/\/primeprintingweb.com\/?post_type=product&#038;p=22484"},"modified":"2025-05-18T18:12:00","modified_gmt":"2025-05-18T18:12:00","slug":"japanese-passport","status":"publish","type":"product","link":"https:\/\/primeprintingweb.com\/pt\/geschaeft\/reisepass\/japanese-passport\/","title":{"rendered":"PASSAPORTE JAPON\u00caS"},"content":{"rendered":"<p>Em janeiro de 2020, a consultoria brit\u00e2nica Henley &amp; Partners colocou o passaporte japon\u00eas no topo do seu ranking global Passport Index.<\/p>\n<p>O \u00edndice classifica os passaportes com base em quantos dos 199 pa\u00edses e regi\u00f5es do mundo seus titulares podem visitar sem visto pr\u00e9vio. Portadores de passaporte japon\u00eas podem entrar em 191 pa\u00edses sem visto. Singapura ficou em segundo lugar, com 190 pa\u00edses, seguida pela Coreia do Sul e Alemanha, com 189.<\/p>\n<p>Em 2019, Jap\u00e3o e Singapura dividiram o primeiro lugar. No entanto, em junho de 2019, portadores de passaporte japon\u00eas deixaram de precisar de visto para o Brasil, deixando o Jap\u00e3o como o \u00fanico l\u00edder. O passaporte mais fraco era o passaporte afeg\u00e3o, que concedia acesso sem visto a apenas 26 pa\u00edses.<\/p>\n<p>RANKING DE PASSAPORTES COM MAIOR ACESSO SEM VISTO<br \/>\nN\u00famero de passaportes de pa\u00edses<br \/>\n191 Jap\u00e3o<br \/>\n190 Cingapura<br \/>\n189 Alemanha, Coreia do Sul<br \/>\n188 Finl\u00e2ndia, It\u00e1lia<br \/>\n187 Espanha, Dinamarca, Luxemburgo<br \/>\n186 Fran\u00e7a, Su\u00e9cia<br \/>\n185 \u00c1ustria, Irlanda, Holanda, Portugal, Su\u00ed\u00e7a<br \/>\n184 EUA, Gr\u00e3-Bretanha, B\u00e9lgica, Gr\u00e9cia, Noruega<br \/>\nPASSAPORTES COM MENOS ACESSO SEM VISTO<br \/>\n29 S\u00edria<br \/>\n28 Iraque<br \/>\n26 Afeganist\u00e3o<br \/>\nEmbora o Jap\u00e3o tenha ficado atr\u00e1s da China em 2010 e se tornado a terceira maior economia do mundo, continua sendo uma grande pot\u00eancia, e os pa\u00edses esperam que os gastos com turismo japon\u00eas impulsionem suas pr\u00f3prias economias. A sociedade est\u00e1vel e a baixa taxa de criminalidade do Jap\u00e3o fazem com que os visitantes sejam considerados altamente improv\u00e1veis de permanecer no pa\u00eds por mais tempo, trabalhar ilegalmente ou buscar asilo.<\/p>\n<p>Ent\u00e3o, com que frequ\u00eancia os japoneses viajam pelo mundo com seus passaportes poderosos? No final de 2018, havia quase 30 milh\u00f5es de passaportes v\u00e1lidos, ou apenas um para cada quatro cidad\u00e3os. Muitos nem os usam.<\/p>","protected":false},"excerpt":{"rendered":"<p>Em janeiro de 2020, a consultoria brit\u00e2nica Henley &amp; Partners colocou o passaporte japon\u00eas no topo do seu ranking global Passport Index.<\/p>\n<p>O \u00edndice classifica os passaportes com base em quantos dos 199 pa\u00edses e regi\u00f5es do mundo seus titulares podem visitar sem visto pr\u00e9vio. Portadores de passaporte japon\u00eas podem entrar em 191 pa\u00edses sem visto. Singapura ficou em segundo lugar, com 190 pa\u00edses, seguida pela Coreia do Sul e Alemanha, com 189.<\/p>\n<p>Im Jahr 2019 teilten sich Japan und Singapur den ersten Platz. Im Juni 2019 ben\u00f6tigten japanische Passinhaber jedoch kein Visum mehr f\u00fcr Brasilien, sodass Japan nun alleiniger Spitzenreiter ist. Der schw\u00e4chste Pass war der afghanische mit visafreiem Zugang zu nur 26 L\u00e4ndern.<\/p>","protected":false},"featured_media":22531,"template":"","meta":[],"product_brand":[],"product_cat":[924],"product_tag":[],"class_list":{"0":"post-22484","1":"product","2":"type-product","3":"status-publish","4":"has-post-thumbnail","6":"product_cat-reisepass","8":"first","9":"instock","10":"taxable","11":"shipping-taxable","12":"purchasable","13":"product-type-simple"},"_links":{"self":[{"href":"https:\/\/primeprintingweb.com\/pt\/wp-json\/wp\/v2\/product\/22484","targetHints":{"allow":["GET"]}}],"collection":[{"href":"https:\/\/primeprintingweb.com\/pt\/wp-json\/wp\/v2\/product"}],"about":[{"href":"https:\/\/primeprintingweb.com\/pt\/wp-json\/wp\/v2\/types\/product"}],"version-history":[{"count":3,"href":"https:\/\/primeprintingweb.com\/pt\/wp-json\/wp\/v2\/product\/22484\/revisions"}],"predecessor-version":[{"id":22879,"href":"https:\/\/primeprintingweb.com\/pt\/wp-json\/wp\/v2\/product\/22484\/revisions\/22879"}],"wp:featuredmedia":[{"embeddable":true,"href":"https:\/\/primeprintingweb.com\/pt\/wp-json\/wp\/v2\/media\/22531"}],"wp:attachment":[{"href":"https:\/\/primeprintingweb.com\/pt\/wp-json\/wp\/v2\/media?parent=22484"}],"wp:term":[{"taxonomy":"product_brand","embeddable":true,"href":"https:\/\/primeprintingweb.com\/pt\/wp-json\/wp\/v2\/product_brand?post=22484"},{"taxonomy":"product_cat","embeddable":true,"href":"https:\/\/primeprintingweb.com\/pt\/wp-json\/wp\/v2\/product_cat?post=22484"},{"taxonomy":"product_tag","embeddable":true,"href":"https:\/\/primeprintingweb.com\/pt\/wp-json\/wp\/v2\/product_tag?post=22484"}],"curies":[{"name":"wp","href":"https:\/\/api.w.org\/{rel}","templated":true}]}}