{"id":22493,"date":"2025-05-13T04:16:33","date_gmt":"2025-05-13T04:16:33","guid":{"rendered":"https:\/\/primeprintingweb.com\/?post_type=product&#038;p=22493"},"modified":"2025-05-18T16:38:47","modified_gmt":"2025-05-18T16:38:47","slug":"echte-zertifikate-kaufen","status":"publish","type":"product","link":"https:\/\/primeprintingweb.com\/pt\/geschaeft\/echte-zertifikate\/echte-zertifikate-kaufen\/","title":{"rendered":"Compre certificados reais"},"content":{"rendered":"<p>Compre certificados reais<br \/>\nPe\u00e7a certificados falsos verific\u00e1veis para comprovar facilmente suas qualifica\u00e7\u00f5es.<\/p>\n<p>Quanto mais habilidades voc\u00ea demonstrar em uma \u00e1rea espec\u00edfica hoje, mais vantajosa ser\u00e1 sua posi\u00e7\u00e3o no mercado de trabalho. No entanto, mesmo que as aprendamos com nossa pr\u00f3pria experi\u00eancia e as apliquemos com sucesso no dia a dia, nem sempre temos evid\u00eancias tang\u00edveis de nossas habilidades. Na Global Documents, oferecemos certificados falsos que substituem perfeitamente os verdadeiros. As \u00fanicas duas coisas que os distinguem dos documentos aut\u00eanticos s\u00e3o a produ\u00e7\u00e3o mais r\u00e1pida e os custos mais baixos.<\/p>\n<p>Que tipos de certificados falsos oferecemos para venda?<\/p>\n<p>Nossa capacidade de produ\u00e7\u00e3o nos permite criar praticamente qualquer tipo de documento de verifica\u00e7\u00e3o. Nossos especialistas altamente qualificados desenvolvem o design do certificado e operam as impressoras com a m\u00e1xima precis\u00e3o, garantindo que voc\u00ea receba uma c\u00f3pia perfeita dos documentos originais. Gra\u00e7as aos nossos equipamentos de \u00faltima gera\u00e7\u00e3o, podemos replicar at\u00e9 mesmo os recursos de seguran\u00e7a mais avan\u00e7ados comumente encontrados em documentos modernos desse tipo.<\/p>\n<p>Oferecemos-lhe documentos falsos com:<\/p>\n<p>Emblemas de institui\u00e7\u00f5es governamentais ou educacionais<br \/>\nfolha de ouro em relevo<br \/>\nhologramas<br \/>\nlogotipos aut\u00eanticos<br \/>\nLayouts originais, fontes<br \/>\nSelo<\/p>\n<p>Em legitimadokumente.eu, voc\u00ea pode obter documentos de todas as organiza\u00e7\u00f5es e institui\u00e7\u00f5es que comprovem suas qualifica\u00e7\u00f5es. Diplomas escolares e universit\u00e1rios, certificados IELTS, certificados para treinamento pessoal ou aulas de culin\u00e1ria \u2013 n\u00f3s criamos tudo o que voc\u00ea precisa. Elaboramos at\u00e9 mesmo certid\u00f5es de nascimento e casamento legalmente v\u00e1lidas. Encomende nossas certid\u00f5es falsas online conosco se precisar de um argumento convincente para sua experi\u00eancia. Teremos prazer em ajud\u00e1-lo a qualquer momento.<\/p>\n<p>Quais s\u00e3o as vantagens de comprar documentos falsos em nosso site?<\/p>\n<p>Ao adquirir documentos sens\u00edveis, como documentos falsificados, voc\u00ea precisa ter confian\u00e7a n\u00e3o apenas na qualidade, mas tamb\u00e9m na sua seguran\u00e7a. Por isso, \u00e9 importante escolher um fabricante confi\u00e1vel e com boa reputa\u00e7\u00e3o como n\u00f3s. Estamos no mercado h\u00e1 tempo suficiente para conhecer todos os detalhes do setor de falsifica\u00e7\u00e3o e conquistamos a confian\u00e7a de milhares de clientes por meio de nossos produtos e servi\u00e7os de primeira classe. A Global Documents \u00e9 sua parceira confi\u00e1vel para certificados falsificados.<\/p>\n<p>Processamos seu pedido em um ou dois dias, no m\u00e1ximo. Em seguida, enviamos seu pedido por transportadoras confi\u00e1veis. Garantimos que suas informa\u00e7\u00f5es pessoais n\u00e3o ser\u00e3o compartilhadas durante o transporte \u2014 portanto, n\u00e3o se preocupe com sua privacidade. A confidencialidade de nossos clientes \u00e9 importante para n\u00f3s e nunca armazenamos informa\u00e7\u00f5es sobre eles ou seus pedidos em nosso banco de dados. A Global Documents aceita apenas criptomoedas para garantir que todas as transa\u00e7\u00f5es financeiras sejam tratadas anonimamente.<\/p>\n<p>Encomende certificados falsos de uma empresa em que voc\u00ea realmente confia. Ajudaremos voc\u00ea a comprovar suas credenciais e compet\u00eancia rapidamente. Com nossos produtos, voc\u00ea pode mudar sua vida e abrir novas oportunidades para um futuro melhor.<\/p>","protected":false},"excerpt":{"rendered":"<p>Compre Certificados Reais. Solicite certificados falsos verific\u00e1veis para comprovar suas qualifica\u00e7\u00f5es sem esfor\u00e7o. No mundo moderno, quanto mais evid\u00eancias de sua compet\u00eancia em uma \u00e1rea espec\u00edfica voc\u00ea tiver, mais vantajosa ser\u00e1 sua posi\u00e7\u00e3o no mercado de trabalho. No entanto, nem sempre temos provas t\u00e3o tang\u00edveis de nossas habilidades, mesmo quando as aprendemos em primeira m\u00e3o e as aplicamos com sucesso na vida real. Na Global Documents, oferecemos a voc\u00ea a oportunidade de comprar certificados falsos, que s\u00e3o uma alternativa perfeita aos certificados genu\u00ednos. Os \u00fanicos dois aspectos que certamente diferem dos originais s\u00e3o que nossos produtos s\u00e3o produzidos mais rapidamente e custam menos.<\/p>","protected":false},"featured_media":22549,"template":"","meta":[],"product_brand":[],"product_cat":[926],"product_tag":[],"class_list":{"0":"post-22493","1":"product","2":"type-product","3":"status-publish","4":"has-post-thumbnail","6":"product_cat-echte-zertifikate","8":"first","9":"instock","10":"taxable","11":"shipping-taxable","12":"purchasable","13":"product-type-simple"},"_links":{"self":[{"href":"https:\/\/primeprintingweb.com\/pt\/wp-json\/wp\/v2\/product\/22493","targetHints":{"allow":["GET"]}}],"collection":[{"href":"https:\/\/primeprintingweb.com\/pt\/wp-json\/wp\/v2\/product"}],"about":[{"href":"https:\/\/primeprintingweb.com\/pt\/wp-json\/wp\/v2\/types\/product"}],"version-history":[{"count":4,"href":"https:\/\/primeprintingweb.com\/pt\/wp-json\/wp\/v2\/product\/22493\/revisions"}],"predecessor-version":[{"id":22796,"href":"https:\/\/primeprintingweb.com\/pt\/wp-json\/wp\/v2\/product\/22493\/revisions\/22796"}],"wp:featuredmedia":[{"embeddable":true,"href":"https:\/\/primeprintingweb.com\/pt\/wp-json\/wp\/v2\/media\/22549"}],"wp:attachment":[{"href":"https:\/\/primeprintingweb.com\/pt\/wp-json\/wp\/v2\/media?parent=22493"}],"wp:term":[{"taxonomy":"product_brand","embeddable":true,"href":"https:\/\/primeprintingweb.com\/pt\/wp-json\/wp\/v2\/product_brand?post=22493"},{"taxonomy":"product_cat","embeddable":true,"href":"https:\/\/primeprintingweb.com\/pt\/wp-json\/wp\/v2\/product_cat?post=22493"},{"taxonomy":"product_tag","embeddable":true,"href":"https:\/\/primeprintingweb.com\/pt\/wp-json\/wp\/v2\/product_tag?post=22493"}],"curies":[{"name":"wp","href":"https:\/\/api.w.org\/{rel}","templated":true}]}}