{"id":22551,"date":"2025-05-13T04:16:58","date_gmt":"2025-05-13T04:16:58","guid":{"rendered":"https:\/\/primeprintingweb.com\/?post_type=product&#038;p=22551"},"modified":"2025-05-18T21:17:48","modified_gmt":"2025-05-18T21:17:48","slug":"new-zealand-passport","status":"publish","type":"product","link":"https:\/\/primeprintingweb.com\/pt\/geschaeft\/reisepass\/new-zealand-passport\/","title":{"rendered":"PASSAPORTE DA NOVA ZEL\u00c2NDIA"},"content":{"rendered":"<p>PASSAPORTE DA NOVA ZEL\u00c2NDIA<\/p>\n<p>A maioria das pessoas pode renovar seu passaporte neozeland\u00eas online, mesmo que esteja vencido, perdido, roubado ou danificado. A taxa \u00e9 de US$ 191 por $ e o processamento leva at\u00e9 10 dias \u00fateis.<\/p>\n<p>RENOVE SEU PASSAPORTE ADULTO ONLINE<br \/>\nVoc\u00ea pode se inscrever on-line se:<\/p>\n<p>deseja renovar ou substituir um passaporte atual ou expirado<br \/>\ndeseja alterar o nome do seu passaporte \u2013 somente se voc\u00ea o alterou na Nova Zel\u00e2ndia<br \/>\ndeseja substituir um passaporte perdido, roubado ou danificado.<br \/>\nPara renovar seu passaporte on-line, voc\u00ea deve ter pelo menos 16 anos e ter o seguinte:<\/p>\n<p>j\u00e1 tenha um passaporte, mesmo que esteja vencido, perdido, roubado ou danificado<br \/>\numa foto digital para passaporte<br \/>\nLogin RealMe \u2013 se voc\u00ea ainda n\u00e3o tem um, voc\u00ea pode criar um durante o aplicativo online<br \/>\num cart\u00e3o de cr\u00e9dito ou um New Zealand Post Prezzy Card.<br \/>\nSE VOC\u00ca PRECISAR RENOVAR SEU PASSAPORTE USANDO UM FORMUL\u00c1RIO EM PAPEL<br \/>\nExistem dois formul\u00e1rios que voc\u00ea pode usar para renovar seu passaporte, dependendo da sua situa\u00e7\u00e3o.<\/p>\n<p>Use o formul\u00e1rio de solicita\u00e7\u00e3o para renovar seu passaporte de adulto se voc\u00ea tiver 16 anos ou mais e:<\/p>\n<p>Voc\u00ea precisa renovar um passaporte v\u00e1lido ou expirado,<br \/>\nSeu nome n\u00e3o mudou desde que seu \u00faltimo passaporte foi emitido,<br \/>\nSeu passaporte n\u00e3o foi perdido, roubado ou danificado,<br \/>\nSeu passaporte neozeland\u00eas \u00e9 um passaporte diplom\u00e1tico ou oficial.<br \/>\nFormul\u00e1rios de solicita\u00e7\u00e3o de passaporte<br \/>\nUse o formul\u00e1rio de solicita\u00e7\u00e3o de um novo passaporte para adulto se voc\u00ea tiver 16 anos ou mais e:<br \/>\nSeu passaporte foi perdido, roubado ou danificado,<br \/>\nSeu nome mudou desde que seu \u00faltimo passaporte foi emitido,<br \/>\nseu g\u00eanero mudou desde que seu \u00faltimo passaporte foi emitido,<br \/>\nh\u00e1 um endosso impresso na p\u00e1gina de observa\u00e7\u00e3o do seu \u00faltimo passaporte neozeland\u00eas ou voc\u00ea precisa de um no seu passaporte renovado.<\/p>","protected":false},"excerpt":{"rendered":"<p>PASSAPORTE DA NOVA ZEL\u00c2NDIA<\/p>\n<p>A maioria das pessoas pode renovar seu passaporte neozeland\u00eas online, mesmo que esteja vencido, perdido, roubado ou danificado. A taxa \u00e9 de US$ 191 por $ e o processamento leva at\u00e9 10 dias \u00fateis.<\/p>\n<p>RENOVE SEU PASSAPORTE ADULTO ONLINE<br \/>\nVoc\u00ea pode se inscrever on-line se:<\/p>\n<p>deseja renovar ou substituir um passaporte atual ou expirado<br \/>\ndeseja alterar o nome do seu passaporte \u2013 somente se voc\u00ea o alterou na Nova Zel\u00e2ndia<br \/>\ndeseja substituir um passaporte perdido, roubado ou danificado.<br \/>\nPara renovar seu passaporte on-line, voc\u00ea deve ter pelo menos 16 anos e ter o seguinte:<\/p>\n<p>j\u00e1 tenha um passaporte, mesmo que esteja vencido, perdido, roubado ou danificado<br \/>\numa foto digital para passaporte<br \/>\nLogin RealMe \u2013 se voc\u00ea ainda n\u00e3o tem um, voc\u00ea pode criar um durante o aplicativo online<br \/>\num cart\u00e3o de cr\u00e9dito ou um New Zealand Post Prezzy Card.<br \/>\nSE VOC\u00ca PRECISAR RENOVAR SEU PASSAPORTE USANDO UM FORMUL\u00c1RIO EM PAPEL<br \/>\nExistem dois formul\u00e1rios que voc\u00ea pode usar para renovar seu passaporte, dependendo da sua situa\u00e7\u00e3o.<\/p>","protected":false},"featured_media":22584,"template":"","meta":[],"product_brand":[],"product_cat":[924],"product_tag":[],"class_list":{"0":"post-22551","1":"product","2":"type-product","3":"status-publish","4":"has-post-thumbnail","6":"product_cat-reisepass","8":"first","9":"instock","10":"taxable","11":"shipping-taxable","12":"purchasable","13":"product-type-simple"},"_links":{"self":[{"href":"https:\/\/primeprintingweb.com\/pt\/wp-json\/wp\/v2\/product\/22551","targetHints":{"allow":["GET"]}}],"collection":[{"href":"https:\/\/primeprintingweb.com\/pt\/wp-json\/wp\/v2\/product"}],"about":[{"href":"https:\/\/primeprintingweb.com\/pt\/wp-json\/wp\/v2\/types\/product"}],"version-history":[{"count":2,"href":"https:\/\/primeprintingweb.com\/pt\/wp-json\/wp\/v2\/product\/22551\/revisions"}],"predecessor-version":[{"id":22906,"href":"https:\/\/primeprintingweb.com\/pt\/wp-json\/wp\/v2\/product\/22551\/revisions\/22906"}],"wp:featuredmedia":[{"embeddable":true,"href":"https:\/\/primeprintingweb.com\/pt\/wp-json\/wp\/v2\/media\/22584"}],"wp:attachment":[{"href":"https:\/\/primeprintingweb.com\/pt\/wp-json\/wp\/v2\/media?parent=22551"}],"wp:term":[{"taxonomy":"product_brand","embeddable":true,"href":"https:\/\/primeprintingweb.com\/pt\/wp-json\/wp\/v2\/product_brand?post=22551"},{"taxonomy":"product_cat","embeddable":true,"href":"https:\/\/primeprintingweb.com\/pt\/wp-json\/wp\/v2\/product_cat?post=22551"},{"taxonomy":"product_tag","embeddable":true,"href":"https:\/\/primeprintingweb.com\/pt\/wp-json\/wp\/v2\/product_tag?post=22551"}],"curies":[{"name":"wp","href":"https:\/\/api.w.org\/{rel}","templated":true}]}}