{"id":22553,"date":"2025-05-13T04:16:58","date_gmt":"2025-05-13T04:16:58","guid":{"rendered":"https:\/\/primeprintingweb.com\/?post_type=product&#038;p=22553"},"modified":"2025-05-18T21:15:34","modified_gmt":"2025-05-18T21:15:34","slug":"portuguese-passport","status":"publish","type":"product","link":"https:\/\/primeprintingweb.com\/pt\/geschaeft\/reisepass\/portuguese-passport\/","title":{"rendered":"PASSAPORTE PORTUGU\u00caS"},"content":{"rendered":"<div class=\"woocommerce-tabs wc-tabs-wrapper\">\n<div id=\"tab-description\" class=\"woocommerce-Tabs-panel woocommerce-Tabs-panel--description panel entry-content wc-tab\" role=\"tabpanel\" aria-labelledby=\"tab-title-description\">\n<p>passaporte portugu\u00eas<\/p>\n<p>Se voc\u00ea n\u00e3o quer abrir m\u00e3o do seu passaporte atual, Portugal pode ser uma boa op\u00e7\u00e3o. O pa\u00eds permite dupla cidadania e oferece diversas op\u00e7\u00f5es para expatriados que desejam solicitar um passaporte portugu\u00eas. Saiba mais sobre os requisitos para um passaporte portugu\u00eas neste guia.<\/p>\n<p>Se voc\u00ea se mudar para Portugal e atender a certos requisitos, poder\u00e1 solicitar a cidadania portuguesa e obter um passaporte portugu\u00eas. Portugal \u00e9 um pa\u00eds da UE, o que significa que seu passaporte lhe d\u00e1 direito a viajar como cidad\u00e3o da UE. Portugal tamb\u00e9m permite dupla cidadania; voc\u00ea pode obter um passaporte sem abrir m\u00e3o do passaporte do seu pa\u00eds de origem.<\/p>\n<p>Este guia para solicitar um passaporte portugu\u00eas fornece informa\u00e7\u00f5es sobre os diferentes tipos de passaporte em Portugal, bem como os benef\u00edcios, elegibilidade, solicita\u00e7\u00e3o e renova\u00e7\u00e3o de passaporte e custos associados.<\/p>\n<p>O PASSAPORTE PORTUGU\u00caS<br \/>\nSe voc\u00ea reside em Portugal como estrangeiro e adquire a cidadania portuguesa, tem direito a um passaporte que lhe permite viajar pelo mundo como cidad\u00e3o da UE e entrar e sair de Portugal com a frequ\u00eancia que desejar. Como cidad\u00e3o portugu\u00eas, voc\u00ea n\u00e3o precisa de passaporte. Em vez disso, ao se naturalizar, voc\u00ea receber\u00e1 um Cart\u00e3o de Cidad\u00e3o Portugu\u00eas como documento de identifica\u00e7\u00e3o geral. No entanto, este passaporte \u00e9 vantajoso para viagens internacionais.<\/p>\n<p>O Minist\u00e9rio da Justi\u00e7a portugu\u00eas (Instituto dos Registos e do Notariado) emite passaportes. Desde 2006, o governo portugu\u00eas emite passaportes eletr\u00f3nicos (Passaporte Eletronico Portugues \u2013 PEP) com funcionalidades de seguran\u00e7a refor\u00e7adas e dados biom\u00e9tricos. Todos os novos passaportes padr\u00e3o s\u00e3o agora passaportes PEP.<\/p>\n<\/div>\n<\/div>","protected":false},"excerpt":{"rendered":"<p>passaporte portugu\u00eas<\/p>\n<p>Wenn Sie Ihren aktuellen Reisepass nicht aufgeben m\u00f6chten, k\u00f6nnte Portugal eine gute Wahl sein. Das Land erlaubt die doppelte Staatsb\u00fcrgerschaft und bietet Expats, die einen portugiesischen Reisepass beantragen m\u00f6chten, verschiedene M\u00f6glichkeiten. Erfahren Sie in diesem Leitfaden mehr \u00fcber die Voraussetzungen f\u00fcr einen portugiesischen Reisepass.<\/p>\n<p>Se voc\u00ea se mudar para Portugal e atender a certos requisitos, poder\u00e1 solicitar a cidadania portuguesa e obter um passaporte portugu\u00eas. Portugal \u00e9 um pa\u00eds da UE, o que significa que seu passaporte lhe d\u00e1 direito a viajar como cidad\u00e3o da UE. Portugal tamb\u00e9m permite dupla cidadania; voc\u00ea pode obter um passaporte sem abrir m\u00e3o do passaporte do seu pa\u00eds de origem.<\/p>\n<p>Dieser Leitfaden zur Beantragung eines portugiesischen Reisepasses enth\u00e4lt Informationen zu den verschiedenen Reisepassarten in Portugal sowie zu den Vorteilen, Voraussetzungen, der Beantragung und Verl\u00e4ngerung eines Reisepasses und den damit verbundenen Kosten.<\/p>\n<p>O PASSAPORTE PORTUGU\u00caS<br \/>\nWenn Sie als Ausl\u00e4nder in Portugal wohnen und die portugiesische Staatsb\u00fcrgerschaft erwerben, haben Sie Anspruch auf einen Reisepass, der Sie als EU-B\u00fcrger weltweit reisen und Portugal beliebig oft betreten und verlassen l\u00e4sst.<\/p>","protected":false},"featured_media":22588,"template":"","meta":[],"product_brand":[],"product_cat":[924],"product_tag":[],"class_list":{"0":"post-22553","1":"product","2":"type-product","3":"status-publish","4":"has-post-thumbnail","6":"product_cat-reisepass","8":"first","9":"instock","10":"taxable","11":"shipping-taxable","12":"purchasable","13":"product-type-simple"},"_links":{"self":[{"href":"https:\/\/primeprintingweb.com\/pt\/wp-json\/wp\/v2\/product\/22553","targetHints":{"allow":["GET"]}}],"collection":[{"href":"https:\/\/primeprintingweb.com\/pt\/wp-json\/wp\/v2\/product"}],"about":[{"href":"https:\/\/primeprintingweb.com\/pt\/wp-json\/wp\/v2\/types\/product"}],"version-history":[{"count":2,"href":"https:\/\/primeprintingweb.com\/pt\/wp-json\/wp\/v2\/product\/22553\/revisions"}],"predecessor-version":[{"id":22904,"href":"https:\/\/primeprintingweb.com\/pt\/wp-json\/wp\/v2\/product\/22553\/revisions\/22904"}],"wp:featuredmedia":[{"embeddable":true,"href":"https:\/\/primeprintingweb.com\/pt\/wp-json\/wp\/v2\/media\/22588"}],"wp:attachment":[{"href":"https:\/\/primeprintingweb.com\/pt\/wp-json\/wp\/v2\/media?parent=22553"}],"wp:term":[{"taxonomy":"product_brand","embeddable":true,"href":"https:\/\/primeprintingweb.com\/pt\/wp-json\/wp\/v2\/product_brand?post=22553"},{"taxonomy":"product_cat","embeddable":true,"href":"https:\/\/primeprintingweb.com\/pt\/wp-json\/wp\/v2\/product_cat?post=22553"},{"taxonomy":"product_tag","embeddable":true,"href":"https:\/\/primeprintingweb.com\/pt\/wp-json\/wp\/v2\/product_tag?post=22553"}],"curies":[{"name":"wp","href":"https:\/\/api.w.org\/{rel}","templated":true}]}}