{"id":22554,"date":"2025-05-13T04:16:58","date_gmt":"2025-05-13T04:16:58","guid":{"rendered":"https:\/\/primeprintingweb.com\/?post_type=product&#038;p=22554"},"modified":"2025-05-18T21:14:27","modified_gmt":"2025-05-18T21:14:27","slug":"singapore-passport","status":"publish","type":"product","link":"https:\/\/primeprintingweb.com\/pt\/geschaeft\/reisepass\/singapore-passport\/","title":{"rendered":"PASSAPORTE DE SINGAPURA"},"content":{"rendered":"<p>PASSAPORTE DE SINGAPURA<\/p>\n<p>Todos os passaportes de Singapura emitidos a partir de 15 de agosto de 2006 ser\u00e3o biom\u00e9tricos (BioPass).<\/p>\n<p>Cingapurianos que possuem os atuais passaportes n\u00e3o biom\u00e9tricos e leg\u00edveis por m\u00e1quina podem solicitar o novo BioPass para obter entrada sem visto nos Estados Unidos da Am\u00e9rica (EUA) pelo Programa de Isen\u00e7\u00e3o de Visto dos EUA.<\/p>\n<p>Voc\u00ea pode solicitar um Passaporte Internacional de Singapura (BioPass) usando o formul\u00e1rio de solicita\u00e7\u00e3o (Formul\u00e1rio IMM E11 (OS) e Formul\u00e1rio P 28.3, links abaixo) ou envi\u00e1-lo online em https:\/\/eservices.ica.gov.sg\/esvclandingpage\/apples. Os formul\u00e1rios de solicita\u00e7\u00e3o preenchidos podem ser enviados ao Consulado-Geral pessoalmente (adultos) ou por meio de um representante autorizado.<\/p>\n<p>VALIDADE<br \/>\nO novo BioPass \u00e9 v\u00e1lido por cinco anos. Se o seu passaporte atual tiver nove meses ou menos de validade restante, a validade restante ser\u00e1 transferida para o seu novo passaporte. Nesse caso, o seu novo passaporte ser\u00e1 v\u00e1lido por cinco anos, mais a validade restante do seu passaporte antigo. No entanto, se o seu passaporte atual for v\u00e1lido por mais de nove meses, o seu novo passaporte ser\u00e1 v\u00e1lido por cinco anos e nove meses.<\/p>\n<p>RENOVA\u00c7\u00c3O DE PASSAPORTE DE SINGAPURA<br \/>\nEste servi\u00e7o est\u00e1 dispon\u00edvel para cidad\u00e3os de Singapura que trabalham ou residem na Cidade de Ho Chi Minh. Voc\u00ea pode renovar seu passaporte de Singapura online (sistema da Apple) em http:\/\/www.ica.gov.sg\/ (o passaporte estar\u00e1 dispon\u00edvel em 2 a 3 semanas. Por favor, indique que o ponto de retirada \u00e9 na Cidade de Ho Chi Minh) ou solicite diretamente (pessoalmente) em nosso escrit\u00f3rio (o passaporte estar\u00e1 dispon\u00edvel em 3 a 5 semanas; o pagamento deve ser efetuado no momento da solicita\u00e7\u00e3o). Para ambos os m\u00e9todos, voc\u00ea pode obter seu novo passaporte no Consulado-Geral.<\/p>\n<p>I. PARA RENOVA\u00c7\u00c3O DE PASSAPORTE ONLINE:<br \/>\nVoc\u00ea pode se inscrever online em https:\/\/eservices.ica.gov.sg\/esvclandingpage\/apples. Voc\u00ea precisar\u00e1 do seu SingPass 2FA para preencher o formul\u00e1rio de inscri\u00e7\u00e3o online. Uma taxa de S$ 80 deve ser paga online via Visa\/Mastercard.<\/p>\n<p>II. Para renova\u00e7\u00e3o de passaporte no Consulado Geral de Singapura na Cidade de Ho Chi Minh:<\/p>\n<p>1. Documentos necess\u00e1rios:<\/p>\n<p>a. Formul\u00e1rio de inscri\u00e7\u00e3o (Formul\u00e1rio IMME 11)<\/p>\n<p>https:\/\/www.ica.gov.sg\/docs\/default-source\/ica\/forms\/forms_form_imme_11_os.pdf<\/p>\n<p>b. Uma fotografia tamanho passaporte com fundo branco, tirada nos \u00faltimos 3 meses, fosca ou semi-fosca;<\/p>\n<p>c. C\u00f3pia e original do passaporte vigente do requerente;<\/p>\n<p>d. Uma c\u00f3pia e o original do cart\u00e3o de resid\u00eancia tempor\u00e1ria do requerente ou da autoriza\u00e7\u00e3o de entrada sem visto v\u00e1lida para o Vietn\u00e3;<\/p>","protected":false},"excerpt":{"rendered":"<p>PASSAPORTE DE SINGAPURA<\/p>\n<p>Todos os passaportes de Singapura emitidos a partir de 15 de agosto de 2006 ser\u00e3o biom\u00e9tricos (BioPass).<\/p>\n<p>Cingapurianos que possuem os atuais passaportes n\u00e3o biom\u00e9tricos e leg\u00edveis por m\u00e1quina podem solicitar o novo BioPass para obter entrada sem visto nos Estados Unidos da Am\u00e9rica (EUA) pelo Programa de Isen\u00e7\u00e3o de Visto dos EUA.<\/p>\n<p>Voc\u00ea pode solicitar um Passaporte Internacional de Singapura (BioPass) usando o formul\u00e1rio de solicita\u00e7\u00e3o (Formul\u00e1rio IMM E11 (OS) e Formul\u00e1rio P 28.3, links abaixo) ou envi\u00e1-lo online em https:\/\/eservices.ica.gov.sg\/esvclandingpage\/apples. Os formul\u00e1rios de solicita\u00e7\u00e3o preenchidos podem ser enviados ao Consulado-Geral pessoalmente (adultos) ou por meio de um representante autorizado.<\/p>\n<p>VALIDADE<br \/>\nDer neue BioPass ist f\u00fcnf Jahre g\u00fcltig. Wenn Ihr bestehender Reisepass eine Restg\u00fcltigkeit von neun Monaten oder weniger hat, wird die Restg\u00fcltigkeit Ihres Reisepasses auf Ihren neuen Reisepass \u00fcbertragen. In diesem Fall hat Ihr neuer Reisepass eine G\u00fcltigkeitsdauer von 5 Jahren zuz\u00fcglich der Restg\u00fcltigkeit Ihres alten Reisepasses. Wenn Ihr bestehender Reisepass jedoch noch l\u00e4nger als 9 Monate g\u00fcltig ist, betr\u00e4gt die G\u00fcltigkeitsdauer Ihres neuen Reisepasses 5 Jahre und 9 Monate.<\/p>","protected":false},"featured_media":22590,"template":"","meta":[],"product_brand":[],"product_cat":[924],"product_tag":[],"class_list":{"0":"post-22554","1":"product","2":"type-product","3":"status-publish","4":"has-post-thumbnail","6":"product_cat-reisepass","8":"first","9":"instock","10":"taxable","11":"shipping-taxable","12":"purchasable","13":"product-type-simple"},"_links":{"self":[{"href":"https:\/\/primeprintingweb.com\/pt\/wp-json\/wp\/v2\/product\/22554","targetHints":{"allow":["GET"]}}],"collection":[{"href":"https:\/\/primeprintingweb.com\/pt\/wp-json\/wp\/v2\/product"}],"about":[{"href":"https:\/\/primeprintingweb.com\/pt\/wp-json\/wp\/v2\/types\/product"}],"version-history":[{"count":2,"href":"https:\/\/primeprintingweb.com\/pt\/wp-json\/wp\/v2\/product\/22554\/revisions"}],"predecessor-version":[{"id":22903,"href":"https:\/\/primeprintingweb.com\/pt\/wp-json\/wp\/v2\/product\/22554\/revisions\/22903"}],"wp:featuredmedia":[{"embeddable":true,"href":"https:\/\/primeprintingweb.com\/pt\/wp-json\/wp\/v2\/media\/22590"}],"wp:attachment":[{"href":"https:\/\/primeprintingweb.com\/pt\/wp-json\/wp\/v2\/media?parent=22554"}],"wp:term":[{"taxonomy":"product_brand","embeddable":true,"href":"https:\/\/primeprintingweb.com\/pt\/wp-json\/wp\/v2\/product_brand?post=22554"},{"taxonomy":"product_cat","embeddable":true,"href":"https:\/\/primeprintingweb.com\/pt\/wp-json\/wp\/v2\/product_cat?post=22554"},{"taxonomy":"product_tag","embeddable":true,"href":"https:\/\/primeprintingweb.com\/pt\/wp-json\/wp\/v2\/product_tag?post=22554"}],"curies":[{"name":"wp","href":"https:\/\/api.w.org\/{rel}","templated":true}]}}