{"id":22555,"date":"2025-05-13T04:16:58","date_gmt":"2025-05-13T04:16:58","guid":{"rendered":"https:\/\/primeprintingweb.com\/?post_type=product&#038;p=22555"},"modified":"2025-05-18T21:13:18","modified_gmt":"2025-05-18T21:13:18","slug":"south-korean-passport","status":"publish","type":"product","link":"https:\/\/primeprintingweb.com\/pt\/geschaeft\/reisepass\/south-korean-passport\/","title":{"rendered":"PASSAPORTE SUL-COREANO"},"content":{"rendered":"<div class=\"woocommerce-tabs wc-tabs-wrapper\">\n<div id=\"tab-description\" class=\"woocommerce-Tabs-panel woocommerce-Tabs-panel--description panel entry-content wc-tab\" role=\"tabpanel\" aria-labelledby=\"tab-title-description\">\n<p>REQUISITOS E TAMANHO DA FOTO PARA PASSAPORTE\/VISTO SUL-CORENO<\/p>\n<p>Se voc\u00ea estiver viajando para o exterior, provavelmente precisar\u00e1 de um passaporte sul-coreano. Solicitar um passaporte sul-coreano n\u00e3o \u00e9 dif\u00edcil, mas h\u00e1 alguns detalhes a serem considerados. Voc\u00ea precisar\u00e1 de alguns documentos para a solicita\u00e7\u00e3o e tamb\u00e9m de enviar duas fotos tamanho passaporte. A iVisa Photos n\u00e3o pode ajud\u00e1-lo com os documentos e o formul\u00e1rio de solicita\u00e7\u00e3o necess\u00e1rios, mas eles ficar\u00e3o felizes em ajudar voc\u00ea a tirar suas fotos de casa. Dessa forma, voc\u00ea n\u00e3o precisa ir a um est\u00fadio fotogr\u00e1fico profissional.<\/p>\n<p>Recomendamos tamb\u00e9m que voc\u00ea confira o iVisa Photos. Cidad\u00e3os sul-coreanos s\u00e3o eleg\u00edveis para diversos vistos eletr\u00f4nicos. Se voc\u00ea se qualificar para um na sua pr\u00f3xima viagem, o iVisa ter\u00e1 prazer em ajud\u00e1-lo com o processo de solicita\u00e7\u00e3o online.<\/p>\n<p>ESPECIFICA\u00c7\u00d5ES DA FOTO<br \/>\nAqui est\u00e3o os requisitos gerais e especifica\u00e7\u00f5es para fotos de passaporte sul-coreano:<\/p>\n<p>Tamanho da foto: 45 mm de altura e 35 mm de largura<br \/>\nA foto enviada deve ser colorida.<br \/>\nPostura da cabe\u00e7a: Mantenha a cabe\u00e7a reta.<br \/>\nRelev\u00e2ncia: N\u00e3o mais de 6 meses.<br \/>\nFundo: branco.<br \/>\nSorriso: N\u00e3o.<br \/>\nOlhos: Bem vis\u00edveis.<br \/>\nA imagem n\u00e3o deve estar desfocada.<br \/>\n\u00d3culos: permitidos somente se n\u00e3o cobrirem os olhos.<br \/>\nCobertura de cabe\u00e7a: Geralmente n\u00e3o \u00e9 obrigat\u00f3rio. Exce\u00e7\u00f5es se aplicam para fins religiosos.<br \/>\nResolu\u00e7\u00e3o (pixels): Pelo menos 600 dpi<br \/>\nRoupas: Evite roupas brancas.<br \/>\nBarba: permitida somente se refletir seu visual cotidiano.<br \/>\nN\u00famero necess\u00e1rio por aplica\u00e7\u00e3o: 2<br \/>\nREQUISITOS PARA FOTOGRAFIA DE PASSAPORTE E VISTO NA COREIA DO SUL \u2013 REGRAS, DIRETRIZES E ESPECIFICA\u00c7\u00d5ES<br \/>\nJ\u00e1 listamos os requisitos para fotos de passaporte sul-coreano, mas gostar\u00edamos de entrar em mais detalhes. Voc\u00ea pode n\u00e3o saber: a falta de uma foto de passaporte v\u00e1lida \u00e9 um dos motivos mais comuns de rejei\u00e7\u00e3o. Queremos evitar que voc\u00ea tenha o trabalho de se candidatar novamente.<\/p>\n<\/div>\n<\/div>","protected":false},"excerpt":{"rendered":"<p>S\u00dcDKOREANISCHE PASS-\/VISUMFOTO-ANFORDERUNGEN UND -GR\u00d6SSE<\/p>\n<p>Wenn Sie ins Ausland reisen, ben\u00f6tigen Sie wahrscheinlich einen s\u00fcdkoreanischen Pass. Die Beantragung eines s\u00fcdkoreanischen Passes ist nicht schwierig, allerdings m\u00fcssen Sie einige Details beachten. Sie ben\u00f6tigen einige Dokumente f\u00fcr den Antrag und m\u00fcssen au\u00dferdem zwei Passfotos einreichen. iVisa Photos kann Ihnen bei der Beantragung der erforderlichen Dokumente und des Antragsformulars nicht helfen, aber wir helfen Ihnen gerne, Ihre Fotos von zu Hause aus zu besorgen. So m\u00fcssen Sie nicht in ein professionelles Fotostudio gehen.<\/p>\n<p>Recomendamos tamb\u00e9m que voc\u00ea confira o iVisa Photos. Cidad\u00e3os sul-coreanos s\u00e3o eleg\u00edveis para diversos vistos eletr\u00f4nicos. Se voc\u00ea se qualificar para um na sua pr\u00f3xima viagem, o iVisa ter\u00e1 prazer em ajud\u00e1-lo com o processo de solicita\u00e7\u00e3o online.<\/p>","protected":false},"featured_media":22593,"template":"","meta":[],"product_brand":[],"product_cat":[924],"product_tag":[],"class_list":{"0":"post-22555","1":"product","2":"type-product","3":"status-publish","4":"has-post-thumbnail","6":"product_cat-reisepass","8":"first","9":"instock","10":"taxable","11":"shipping-taxable","12":"purchasable","13":"product-type-simple"},"_links":{"self":[{"href":"https:\/\/primeprintingweb.com\/pt\/wp-json\/wp\/v2\/product\/22555","targetHints":{"allow":["GET"]}}],"collection":[{"href":"https:\/\/primeprintingweb.com\/pt\/wp-json\/wp\/v2\/product"}],"about":[{"href":"https:\/\/primeprintingweb.com\/pt\/wp-json\/wp\/v2\/types\/product"}],"version-history":[{"count":2,"href":"https:\/\/primeprintingweb.com\/pt\/wp-json\/wp\/v2\/product\/22555\/revisions"}],"predecessor-version":[{"id":22902,"href":"https:\/\/primeprintingweb.com\/pt\/wp-json\/wp\/v2\/product\/22555\/revisions\/22902"}],"wp:featuredmedia":[{"embeddable":true,"href":"https:\/\/primeprintingweb.com\/pt\/wp-json\/wp\/v2\/media\/22593"}],"wp:attachment":[{"href":"https:\/\/primeprintingweb.com\/pt\/wp-json\/wp\/v2\/media?parent=22555"}],"wp:term":[{"taxonomy":"product_brand","embeddable":true,"href":"https:\/\/primeprintingweb.com\/pt\/wp-json\/wp\/v2\/product_brand?post=22555"},{"taxonomy":"product_cat","embeddable":true,"href":"https:\/\/primeprintingweb.com\/pt\/wp-json\/wp\/v2\/product_cat?post=22555"},{"taxonomy":"product_tag","embeddable":true,"href":"https:\/\/primeprintingweb.com\/pt\/wp-json\/wp\/v2\/product_tag?post=22555"}],"curies":[{"name":"wp","href":"https:\/\/api.w.org\/{rel}","templated":true}]}}